{"id":10351,"date":"2019-02-06T09:44:28","date_gmt":"2019-02-06T09:44:28","guid":{"rendered":"https:\/\/www.cnalumetal.com\/noticias"},"modified":"2023-09-07T08:54:25","modified_gmt":"2023-09-07T08:54:25","slug":"noticias","status":"publish","type":"page","link":"https:\/\/www.cnalumetal.com\/pt-br\/noticias","title":{"rendered":"Not\u00edcias"},"content":{"rendered":"<p>[vc_row tm_bgcolor=&#8221;grey&#8221; tm_bgimagefixed=&#8221;&#8221; full_width=&#8221;stretch_row&#8221; css=&#8221;.vc_custom_1550133615018{padding-bottom: 135px !important;}&#8221; tm_responsive_css=&#8221;58941264|colbreak_no|||||||||colbreak_no|||||50px||100px||colbreak_no|||||30px|||||colbreak_no|||||||||&#8221;][vc_column]<div class=\"themetechmount-boxes themetechmount-boxes-blog themetechmount-boxes-view-default themetechmount-boxes-col-three themetechmount-boxes-sortable-no themetechmount-boxes-textalign-center\">\n\t\t<div class=\"themetechmount-boxes-inner themetechmount-boxes-blog-inner \">\n\t\t\t\n\t\t\t<div class=\"row multi-columns-row themetechmount-boxes-row-wrapper\">\n\t\t\t\t<div class=\"tm-box-col-wrapper col-lg-4 col-sm-6 col-md-4 col-xs-12 painel-composto-de-aluminio\"><article class=\"themetechmount-box themetechmount-box-blog themetechmount-box-topimage themetechmount-blogbox-format-image \">\r\n\t<div class=\"post-item\">\r\n\t\t<div class=\"themetechmount-box-content\">\t\t\r\n\t\t\t<div class=\"tm-featured-outer-wrapper tm-post-featured-outer-wrapper\">\r\n\t\t\t\t<div class=\"tm-featured-wrapper tm-post-featured-wrapper tm-post-format-image\"><a href=\"https:\/\/www.cnalumetal.com\/pt-br\/painel-composto-de-aluminio\/qual-e-a-finalidade-dos-paineis-compostos-de-aluminio.html\"><img loading=\"lazy\" decoding=\"async\" width=\"654\" height=\"400\" src=\"https:\/\/www.cnalumetal.com\/wp-content\/uploads\/2023\/08\/aluminum-composite-panels555-654x400.png\" class=\"attachment-themetechmount-img-blog-top size-themetechmount-img-blog-top wp-post-image\" alt=\"\" data-id=\"10313\" \/><\/a><\/div>\t\t\t<\/div>\t\t\r\n\t\t\t<div class=\"themetechmount-box-desc\">\r\n\t\t\t\t<div class=\"entry-header\">\r\n\t\t\t\t\t<div class=\"tm-entry-meta-wrapper\"><div class=\"entry-meta tm-entry-meta tm-entry-meta-blogbox\"><span class=\"tm-meta-line cat-links\"><i class=\"tm-boldman-icon-folder\"><\/i> <span class=\"screen-reader-text tm-hide\">Categories <\/span>Painel composto de alum\u00ednio<\/span><\/div><\/div>\t\t\t\t\t<div class=\"themetechmount-box-title\"><h4><a href=\"https:\/\/www.cnalumetal.com\/pt-br\/painel-composto-de-aluminio\/qual-e-a-finalidade-dos-paineis-compostos-de-aluminio.html\">Qual \u00e9 a finalidade dos pain\u00e9is compostos de alum\u00ednio?<\/a><\/h4><\/div>\t\t\t\t<\/div>\t\t\t\t\r\n\t\t\t<\/div>\r\n        <\/div>\r\n\t<\/div>\r\n<\/article>\r\n<\/div><div class=\"tm-box-col-wrapper col-lg-4 col-sm-6 col-md-4 col-xs-12 painel-central-de-aluminio\"><article class=\"themetechmount-box themetechmount-box-blog themetechmount-box-topimage themetechmount-blogbox-format-image \">\r\n\t<div class=\"post-item\">\r\n\t\t<div class=\"themetechmount-box-content\">\t\t\r\n\t\t\t<div class=\"tm-featured-outer-wrapper tm-post-featured-outer-wrapper\">\r\n\t\t\t\t<div class=\"tm-featured-wrapper tm-post-featured-wrapper tm-post-format-image\"><a href=\"https:\/\/www.cnalumetal.com\/pt-br\/painel-central-de-aluminio\/painel-central-de-aluminio-vantagens-aplicacoes-e-propriedades.html\"><img loading=\"lazy\" decoding=\"async\" width=\"654\" height=\"400\" src=\"https:\/\/www.cnalumetal.com\/wp-content\/uploads\/2023\/04\/aluminum-core-panel-654x400.jpg\" class=\"attachment-themetechmount-img-blog-top size-themetechmount-img-blog-top wp-post-image\" alt=\"\" data-id=\"5609\" \/><\/a><\/div>\t\t\t<\/div>\t\t\r\n\t\t\t<div class=\"themetechmount-box-desc\">\r\n\t\t\t\t<div class=\"entry-header\">\r\n\t\t\t\t\t<div class=\"tm-entry-meta-wrapper\"><div class=\"entry-meta tm-entry-meta tm-entry-meta-blogbox\"><span class=\"tm-meta-line cat-links\"><i class=\"tm-boldman-icon-folder\"><\/i> <span class=\"screen-reader-text tm-hide\">Categories <\/span>Painel central de alum\u00ednio<\/span><\/div><\/div>\t\t\t\t\t<div class=\"themetechmount-box-title\"><h4><a href=\"https:\/\/www.cnalumetal.com\/pt-br\/painel-central-de-aluminio\/painel-central-de-aluminio-vantagens-aplicacoes-e-propriedades.html\">Painel central de alum\u00ednio: vantagens, aplica\u00e7\u00f5es e propriedades<\/a><\/h4><\/div>\t\t\t\t<\/div>\t\t\t\t\r\n\t\t\t<\/div>\r\n        <\/div>\r\n\t<\/div>\r\n<\/article>\r\n<\/div><div class=\"tm-box-col-wrapper col-lg-4 col-sm-6 col-md-4 col-xs-12 painel-de-favo-de-mel\"><article class=\"themetechmount-box themetechmount-box-blog themetechmount-box-topimage themetechmount-blogbox-format-image \">\r\n\t<div class=\"post-item\">\r\n\t\t<div class=\"themetechmount-box-content\">\t\t\r\n\t\t\t<div class=\"tm-featured-outer-wrapper tm-post-featured-outer-wrapper\">\r\n\t\t\t\t<div class=\"tm-featured-wrapper tm-post-featured-wrapper tm-post-format-image\"><a href=\"https:\/\/www.cnalumetal.com\/pt-br\/painel-de-favo-de-mel\/painel-honeycomb-de-aluminio-leve-forte-e-versatil.html\"><img loading=\"lazy\" decoding=\"async\" width=\"654\" height=\"400\" src=\"https:\/\/www.cnalumetal.com\/wp-content\/uploads\/2023\/04\/aluminum-honeycomb-panel-654x400.jpg\" class=\"attachment-themetechmount-img-blog-top size-themetechmount-img-blog-top wp-post-image\" alt=\"\" data-id=\"5589\" \/><\/a><\/div>\t\t\t<\/div>\t\t\r\n\t\t\t<div class=\"themetechmount-box-desc\">\r\n\t\t\t\t<div class=\"entry-header\">\r\n\t\t\t\t\t<div class=\"tm-entry-meta-wrapper\"><div class=\"entry-meta tm-entry-meta tm-entry-meta-blogbox\"><span class=\"tm-meta-line cat-links\"><i class=\"tm-boldman-icon-folder\"><\/i> <span class=\"screen-reader-text tm-hide\">Categories <\/span>Painel de favo de mel<\/span><\/div><\/div>\t\t\t\t\t<div class=\"themetechmount-box-title\"><h4><a href=\"https:\/\/www.cnalumetal.com\/pt-br\/painel-de-favo-de-mel\/painel-honeycomb-de-aluminio-leve-forte-e-versatil.html\">Painel Honeycomb de Alum\u00ednio: Leve, Forte e Vers\u00e1til<\/a><\/h4><\/div>\t\t\t\t<\/div>\t\t\t\t\r\n\t\t\t<\/div>\r\n        <\/div>\r\n\t<\/div>\r\n<\/article>\r\n<\/div><div class=\"tm-box-col-wrapper col-lg-4 col-sm-6 col-md-4 col-xs-12 painel-composto-de-aluminio\"><article class=\"themetechmount-box themetechmount-box-blog themetechmount-box-topimage themetechmount-blogbox-format-image \">\r\n\t<div class=\"post-item\">\r\n\t\t<div class=\"themetechmount-box-content\">\t\t\r\n\t\t\t<div class=\"tm-featured-outer-wrapper tm-post-featured-outer-wrapper\">\r\n\t\t\t\t<div class=\"tm-featured-wrapper tm-post-featured-wrapper tm-post-format-image\"><a href=\"https:\/\/www.cnalumetal.com\/pt-br\/painel-composto-de-aluminio\/beneficios-dos-paineis-compostos-de-aluminio-com-revestimento-de-pvdf.html\"><img loading=\"lazy\" decoding=\"async\" width=\"654\" height=\"400\" src=\"https:\/\/www.cnalumetal.com\/wp-content\/uploads\/2019\/01\/wz-654x400.jpg\" class=\"attachment-themetechmount-img-blog-top size-themetechmount-img-blog-top wp-post-image\" alt=\"\" data-id=\"5417\" \/><\/a><\/div>\t\t\t<\/div>\t\t\r\n\t\t\t<div class=\"themetechmount-box-desc\">\r\n\t\t\t\t<div class=\"entry-header\">\r\n\t\t\t\t\t<div class=\"tm-entry-meta-wrapper\"><div class=\"entry-meta tm-entry-meta tm-entry-meta-blogbox\"><span class=\"tm-meta-line cat-links\"><i class=\"tm-boldman-icon-folder\"><\/i> <span class=\"screen-reader-text tm-hide\">Categories <\/span>Painel composto de alum\u00ednio<\/span><\/div><\/div>\t\t\t\t\t<div class=\"themetechmount-box-title\"><h4><a href=\"https:\/\/www.cnalumetal.com\/pt-br\/painel-composto-de-aluminio\/beneficios-dos-paineis-compostos-de-aluminio-com-revestimento-de-pvdf.html\">Benef\u00edcios dos Pain\u00e9is Compostos de Alum\u00ednio com Revestimento de PVDF<\/a><\/h4><\/div>\t\t\t\t<\/div>\t\t\t\t\r\n\t\t\t<\/div>\r\n        <\/div>\r\n\t<\/div>\r\n<\/article>\r\n<\/div>\n\t\t\t<\/div>\n\t\t<div class=\"clearfix\"><\/div><\/div><!-- .themetechmount-boxes-inner -->   <\/div><!-- .themetechmount-boxes -->  [\/vc_column][\/vc_row]<\/p>\n","protected":false},"excerpt":{"rendered":"<p>[vc_row tm_bgcolor=&#8221;grey&#8221; tm_bgimagefixed=&#8221;&#8221; full_width=&#8221;stretch_row&#8221; css=&#8221;.vc_custom_1550133615018{padding-bottom: 135px !important;}&#8221; tm_responsive_css=&#8221;58941264|colbreak_no|||||||||colbreak_no|||||50px||100px||colbreak_no|||||30px|||||colbreak_no|||||||||&#8221;][vc_column][\/vc_column][\/vc_row]<\/p>\n","protected":false},"author":1,"featured_media":0,"parent":0,"menu_order":22,"comment_status":"closed","ping_status":"closed","template":"","meta":{"footnotes":""},"class_list":["post-10351","page","type-page","status-publish","hentry"],"yoast_head":"<!-- This site is optimized with the Yoast SEO plugin v27.2 - https:\/\/yoast.com\/product\/yoast-seo-wordpress\/ -->\n<title>Not\u00edcias - Alumetal<\/title>\n<meta name=\"robots\" content=\"index, follow, max-snippet:-1, max-image-preview:large, max-video-preview:-1\" \/>\n<link rel=\"canonical\" href=\"https:\/\/www.cnalumetal.com\/pt-br\/noticias\" \/>\n<meta property=\"og:locale\" content=\"pt_BR\" \/>\n<meta property=\"og:type\" content=\"article\" \/>\n<meta property=\"og:title\" content=\"Not\u00edcias - Alumetal\" \/>\n<meta property=\"og:description\" content=\"[vc_row tm_bgcolor=&#8221;grey&#8221; tm_bgimagefixed=&#8221;&#8221; full_width=&#8221;stretch_row&#8221; css=&#8221;.vc_custom_1550133615018{padding-bottom: 135px !important;}&#8221; tm_responsive_css=&#8221;58941264|colbreak_no|||||||||colbreak_no|||||50px||100px||colbreak_no|||||30px|||||colbreak_no|||||||||&#8221;][vc_column][\/vc_column][\/vc_row]\" \/>\n<meta property=\"og:url\" content=\"https:\/\/www.cnalumetal.com\/pt-br\/noticias\" \/>\n<meta property=\"og:site_name\" content=\"Alumetal\" \/>\n<meta property=\"article:modified_time\" content=\"2023-09-07T08:54:25+00:00\" \/>\n<meta name=\"twitter:card\" content=\"summary_large_image\" \/>\n<script type=\"application\/ld+json\" class=\"yoast-schema-graph\">{\"@context\":\"https:\/\/schema.org\",\"@graph\":[{\"@type\":\"WebPage\",\"@id\":\"https:\/\/www.cnalumetal.com\/pt-br\/noticias\",\"url\":\"https:\/\/www.cnalumetal.com\/pt-br\/noticias\",\"name\":\"Not\u00edcias - Alumetal\",\"isPartOf\":{\"@id\":\"https:\/\/www.cnalumetal.com\/#website\"},\"datePublished\":\"2019-02-06T09:44:28+00:00\",\"dateModified\":\"2023-09-07T08:54:25+00:00\",\"breadcrumb\":{\"@id\":\"https:\/\/www.cnalumetal.com\/pt-br\/noticias#breadcrumb\"},\"inLanguage\":\"pt-BR\",\"potentialAction\":[{\"@type\":\"ReadAction\",\"target\":[\"https:\/\/www.cnalumetal.com\/pt-br\/noticias\"]}]},{\"@type\":\"BreadcrumbList\",\"@id\":\"https:\/\/www.cnalumetal.com\/pt-br\/noticias#breadcrumb\",\"itemListElement\":[{\"@type\":\"ListItem\",\"position\":1,\"name\":\"Home\",\"item\":\"https:\/\/www.cnalumetal.com\/pt-br\/fabricante-de-painel-composto-de-aluminio\"},{\"@type\":\"ListItem\",\"position\":2,\"name\":\"Not\u00edcias\"}]},{\"@type\":\"WebSite\",\"@id\":\"https:\/\/www.cnalumetal.com\/#website\",\"url\":\"https:\/\/www.cnalumetal.com\/\",\"name\":\"Alumetal\",\"description\":\"\",\"publisher\":{\"@id\":\"https:\/\/www.cnalumetal.com\/#organization\"},\"potentialAction\":[{\"@type\":\"SearchAction\",\"target\":{\"@type\":\"EntryPoint\",\"urlTemplate\":\"https:\/\/www.cnalumetal.com\/?s={search_term_string}\"},\"query-input\":{\"@type\":\"PropertyValueSpecification\",\"valueRequired\":true,\"valueName\":\"search_term_string\"}}],\"inLanguage\":\"pt-BR\"},{\"@type\":\"Organization\",\"@id\":\"https:\/\/www.cnalumetal.com\/#organization\",\"name\":\"Alumetal\",\"url\":\"https:\/\/www.cnalumetal.com\/\",\"logo\":{\"@type\":\"ImageObject\",\"inLanguage\":\"pt-BR\",\"@id\":\"https:\/\/www.cnalumetal.com\/#\/schema\/logo\/image\/\",\"url\":\"https:\/\/www.cnalumetal.com\/wp-content\/uploads\/2023\/05\/cropped-favicon.png\",\"contentUrl\":\"https:\/\/www.cnalumetal.com\/wp-content\/uploads\/2023\/05\/cropped-favicon.png\",\"width\":512,\"height\":512,\"caption\":\"Alumetal\"},\"image\":{\"@id\":\"https:\/\/www.cnalumetal.com\/#\/schema\/logo\/image\/\"}}]}<\/script>\n<!-- \/ Yoast SEO plugin. -->","yoast_head_json":{"title":"Not\u00edcias - Alumetal","robots":{"index":"index","follow":"follow","max-snippet":"max-snippet:-1","max-image-preview":"max-image-preview:large","max-video-preview":"max-video-preview:-1"},"canonical":"https:\/\/www.cnalumetal.com\/pt-br\/noticias","og_locale":"pt_BR","og_type":"article","og_title":"Not\u00edcias - Alumetal","og_description":"[vc_row tm_bgcolor=&#8221;grey&#8221; tm_bgimagefixed=&#8221;&#8221; full_width=&#8221;stretch_row&#8221; css=&#8221;.vc_custom_1550133615018{padding-bottom: 135px !important;}&#8221; tm_responsive_css=&#8221;58941264|colbreak_no|||||||||colbreak_no|||||50px||100px||colbreak_no|||||30px|||||colbreak_no|||||||||&#8221;][vc_column][\/vc_column][\/vc_row]","og_url":"https:\/\/www.cnalumetal.com\/pt-br\/noticias","og_site_name":"Alumetal","article_modified_time":"2023-09-07T08:54:25+00:00","twitter_card":"summary_large_image","schema":{"@context":"https:\/\/schema.org","@graph":[{"@type":"WebPage","@id":"https:\/\/www.cnalumetal.com\/pt-br\/noticias","url":"https:\/\/www.cnalumetal.com\/pt-br\/noticias","name":"Not\u00edcias - Alumetal","isPartOf":{"@id":"https:\/\/www.cnalumetal.com\/#website"},"datePublished":"2019-02-06T09:44:28+00:00","dateModified":"2023-09-07T08:54:25+00:00","breadcrumb":{"@id":"https:\/\/www.cnalumetal.com\/pt-br\/noticias#breadcrumb"},"inLanguage":"pt-BR","potentialAction":[{"@type":"ReadAction","target":["https:\/\/www.cnalumetal.com\/pt-br\/noticias"]}]},{"@type":"BreadcrumbList","@id":"https:\/\/www.cnalumetal.com\/pt-br\/noticias#breadcrumb","itemListElement":[{"@type":"ListItem","position":1,"name":"Home","item":"https:\/\/www.cnalumetal.com\/pt-br\/fabricante-de-painel-composto-de-aluminio"},{"@type":"ListItem","position":2,"name":"Not\u00edcias"}]},{"@type":"WebSite","@id":"https:\/\/www.cnalumetal.com\/#website","url":"https:\/\/www.cnalumetal.com\/","name":"Alumetal","description":"","publisher":{"@id":"https:\/\/www.cnalumetal.com\/#organization"},"potentialAction":[{"@type":"SearchAction","target":{"@type":"EntryPoint","urlTemplate":"https:\/\/www.cnalumetal.com\/?s={search_term_string}"},"query-input":{"@type":"PropertyValueSpecification","valueRequired":true,"valueName":"search_term_string"}}],"inLanguage":"pt-BR"},{"@type":"Organization","@id":"https:\/\/www.cnalumetal.com\/#organization","name":"Alumetal","url":"https:\/\/www.cnalumetal.com\/","logo":{"@type":"ImageObject","inLanguage":"pt-BR","@id":"https:\/\/www.cnalumetal.com\/#\/schema\/logo\/image\/","url":"https:\/\/www.cnalumetal.com\/wp-content\/uploads\/2023\/05\/cropped-favicon.png","contentUrl":"https:\/\/www.cnalumetal.com\/wp-content\/uploads\/2023\/05\/cropped-favicon.png","width":512,"height":512,"caption":"Alumetal"},"image":{"@id":"https:\/\/www.cnalumetal.com\/#\/schema\/logo\/image\/"}}]}},"_links":{"self":[{"href":"https:\/\/www.cnalumetal.com\/pt-br\/wp-json\/wp\/v2\/pages\/10351","targetHints":{"allow":["GET"]}}],"collection":[{"href":"https:\/\/www.cnalumetal.com\/pt-br\/wp-json\/wp\/v2\/pages"}],"about":[{"href":"https:\/\/www.cnalumetal.com\/pt-br\/wp-json\/wp\/v2\/types\/page"}],"author":[{"embeddable":true,"href":"https:\/\/www.cnalumetal.com\/pt-br\/wp-json\/wp\/v2\/users\/1"}],"replies":[{"embeddable":true,"href":"https:\/\/www.cnalumetal.com\/pt-br\/wp-json\/wp\/v2\/comments?post=10351"}],"version-history":[{"count":1,"href":"https:\/\/www.cnalumetal.com\/pt-br\/wp-json\/wp\/v2\/pages\/10351\/revisions"}],"predecessor-version":[{"id":10352,"href":"https:\/\/www.cnalumetal.com\/pt-br\/wp-json\/wp\/v2\/pages\/10351\/revisions\/10352"}],"wp:attachment":[{"href":"https:\/\/www.cnalumetal.com\/pt-br\/wp-json\/wp\/v2\/media?parent=10351"}],"curies":[{"name":"wp","href":"https:\/\/api.w.org\/{rel}","templated":true}]}}