{"id":10347,"date":"2019-02-04T12:52:59","date_gmt":"2019-02-04T12:52:59","guid":{"rendered":"https:\/\/www.cnalumetal.com\/projeto"},"modified":"2024-02-21T09:10:18","modified_gmt":"2024-02-21T09:10:18","slug":"projeto","status":"publish","type":"page","link":"https:\/\/www.cnalumetal.com\/pt-br\/projeto","title":{"rendered":"Projeto"},"content":{"rendered":"<p>[vc_row tm_bgimagefixed=&#8221;&#8221; css=&#8221;.vc_custom_1533794482488{padding-top: 65px !important;padding-bottom: 0px !important;}&#8221;][vc_column]<h2 style=\"text-align:left;font-size:36px;line-height:46px;\" class=\"tm-custom-heading \" >Global Projects<\/h2>\n[vc_column_text]Abaixo voc\u00ea ver\u00e1 nossos melhores projetos de trabalho. Oferecemos suporte ao cliente sem fim e tamb\u00e9m garantimos um alto n\u00edvel de satisfa\u00e7\u00e3o para nossos clientes. se voc\u00ea tiver alguma d\u00favida, n\u00e3o hesite em nos enviar um e-mail para <a href=\"mailto:info@cnalumetal.com\">info@cnalumetal.com<\/a> para obter mais detalhes.[\/vc_column_text][\/vc_column][\/vc_row][vc_row tm_bgimagefixed=&#8221;&#8221; css=&#8221;.vc_custom_1550124264289{padding-top: 15px !important;padding-bottom: 100px !important;}&#8221;][vc_column]<div class=\"themetechmount-boxes themetechmount-boxes-portfolio themetechmount-boxes-view-default themetechmount-boxes-col-three themetechmount-boxes-sortable-no themetechmount-boxes-textalign-center\">\n\t\t<div class=\"themetechmount-boxes-inner themetechmount-boxes-portfolio-inner \">\n\t\t\t\n\t\t\t<div class=\"row multi-columns-row themetechmount-boxes-row-wrapper\">\n\t\t\t\t<div class=\"tm-box-col-wrapper col-lg-4 col-sm-6 col-md-4 col-xs-12 \"><article class=\"themetechmount-box themetechmount-box-portfolio themetechmount-box-view-top-image themetechmount-portfolio-box-view-top-image \">\r\n\t<div class=\"themetechmount-post-item\">\t\r\n\t\t<div class=\"themetechmount-post-item-inner\">\r\n\t\t\t<div class=\"tm-featured-wrapper tm-tm_portfolio-featured-wrapper\"><a href=\"https:\/\/www.cnalumetal.com\/pt-br\/project\/projetos-de-engenharia-no-camboja\"><img loading=\"lazy\" decoding=\"async\" width=\"740\" height=\"556\" src=\"https:\/\/www.cnalumetal.com\/wp-content\/uploads\/2023\/12\/cambodia-engineering-projects-740x556.webp\" class=\"attachment-themetechmount-img-portfolio size-themetechmount-img-portfolio wp-post-image\" alt=\"Cambodia engineering projects\" data-id=\"11466\" \/><\/a><\/div>\t\t\t<div class=\"themetechmount-box-content themetechmount-overlay\">\r\n\t\t\t\t<div class=\"themetechmount-box-content-inner\">\r\n\t\t\t\t\t<div class=\"themetechmount-icon-box themetechmount-media-link\"><a class=\"tm_prettyphoto\" title=\"Projetos de engenharia no Camboja\" href=\"https:\/\/www.cnalumetal.com\/wp-content\/uploads\/2023\/12\/cambodia-engineering-projects-jpg.webp\"><i class=\"tm-boldman-icon-search\"><\/i><\/a><a href=\" https:\/\/www.cnalumetal.com\/pt-br\/project\/projetos-de-engenharia-no-camboja\" class=\"themetechmount_pf_link\"><i class=\"tm-boldman-icon-link\"><\/i><\/a><\/div>\t\r\n\t\t\t\t<\/div>\t\t\t\r\n\t\t\t<\/div>\r\n\t\t<\/div>\r\n\t\t<div class=\"themetechmount-box-bottom-content\">\t\t\t\t\t\r\n\t\t\t<div class=\"themetechmount-box-category\"><\/div>\t\r\n\t\t\t<div class=\"themetechmount-box-title\"><h4><a href=\"https:\/\/www.cnalumetal.com\/pt-br\/project\/projetos-de-engenharia-no-camboja\">Projetos de engenharia no Camboja<\/a><\/h4><\/div>\t\t\t\r\n\t\t<\/div>\r\n\t<\/div>\r\n<\/article><\/div><div class=\"tm-box-col-wrapper col-lg-4 col-sm-6 col-md-4 col-xs-12 \"><article class=\"themetechmount-box themetechmount-box-portfolio themetechmount-box-view-top-image themetechmount-portfolio-box-view-top-image \">\r\n\t<div class=\"themetechmount-post-item\">\t\r\n\t\t<div class=\"themetechmount-post-item-inner\">\r\n\t\t\t<div class=\"tm-featured-wrapper tm-tm_portfolio-featured-wrapper\"><a href=\"https:\/\/www.cnalumetal.com\/pt-br\/project\/posto-de-servico-pertamina\"><img loading=\"lazy\" decoding=\"async\" width=\"740\" height=\"556\" src=\"https:\/\/www.cnalumetal.com\/wp-content\/uploads\/2023\/04\/gas-station-740x556.jpg\" class=\"attachment-themetechmount-img-portfolio size-themetechmount-img-portfolio wp-post-image\" alt=\"\" data-id=\"5653\" \/><\/a><\/div>\t\t\t<div class=\"themetechmount-box-content themetechmount-overlay\">\r\n\t\t\t\t<div class=\"themetechmount-box-content-inner\">\r\n\t\t\t\t\t<div class=\"themetechmount-icon-box themetechmount-media-link\"><a class=\"tm_prettyphoto\" title=\"Posto de Servi\u00e7o Pertamina\" href=\"https:\/\/www.cnalumetal.com\/wp-content\/uploads\/2023\/04\/gas-station.jpg\"><i class=\"tm-boldman-icon-search\"><\/i><\/a><a href=\" https:\/\/www.cnalumetal.com\/pt-br\/project\/posto-de-servico-pertamina\" class=\"themetechmount_pf_link\"><i class=\"tm-boldman-icon-link\"><\/i><\/a><\/div>\t\r\n\t\t\t\t<\/div>\t\t\t\r\n\t\t\t<\/div>\r\n\t\t<\/div>\r\n\t\t<div class=\"themetechmount-box-bottom-content\">\t\t\t\t\t\r\n\t\t\t<div class=\"themetechmount-box-category\"><\/div>\t\r\n\t\t\t<div class=\"themetechmount-box-title\"><h4><a href=\"https:\/\/www.cnalumetal.com\/pt-br\/project\/posto-de-servico-pertamina\">Posto de Servi\u00e7o Pertamina<\/a><\/h4><\/div>\t\t\t\r\n\t\t<\/div>\r\n\t<\/div>\r\n<\/article><\/div><div class=\"tm-box-col-wrapper col-lg-4 col-sm-6 col-md-4 col-xs-12 \"><article class=\"themetechmount-box themetechmount-box-portfolio themetechmount-box-view-top-image themetechmount-portfolio-box-view-top-image \">\r\n\t<div class=\"themetechmount-post-item\">\t\r\n\t\t<div class=\"themetechmount-post-item-inner\">\r\n\t\t\t<div class=\"tm-featured-wrapper tm-tm_portfolio-featured-wrapper\"><a href=\"https:\/\/www.cnalumetal.com\/pt-br\/project\/carro-denso\"><img loading=\"lazy\" decoding=\"async\" width=\"740\" height=\"556\" src=\"https:\/\/www.cnalumetal.com\/wp-content\/uploads\/2023\/04\/denso-automobile-740x556.jpg\" class=\"attachment-themetechmount-img-portfolio size-themetechmount-img-portfolio wp-post-image\" alt=\"\" data-id=\"5649\" \/><\/a><\/div>\t\t\t<div class=\"themetechmount-box-content themetechmount-overlay\">\r\n\t\t\t\t<div class=\"themetechmount-box-content-inner\">\r\n\t\t\t\t\t<div class=\"themetechmount-icon-box themetechmount-media-link\"><a class=\"tm_prettyphoto\" title=\"Carro denso\" href=\"https:\/\/www.cnalumetal.com\/wp-content\/uploads\/2023\/04\/denso-automobile.jpg\"><i class=\"tm-boldman-icon-search\"><\/i><\/a><a href=\" https:\/\/www.cnalumetal.com\/pt-br\/project\/carro-denso\" class=\"themetechmount_pf_link\"><i class=\"tm-boldman-icon-link\"><\/i><\/a><\/div>\t\r\n\t\t\t\t<\/div>\t\t\t\r\n\t\t\t<\/div>\r\n\t\t<\/div>\r\n\t\t<div class=\"themetechmount-box-bottom-content\">\t\t\t\t\t\r\n\t\t\t<div class=\"themetechmount-box-category\"><\/div>\t\r\n\t\t\t<div class=\"themetechmount-box-title\"><h4><a href=\"https:\/\/www.cnalumetal.com\/pt-br\/project\/carro-denso\">Carro denso<\/a><\/h4><\/div>\t\t\t\r\n\t\t<\/div>\r\n\t<\/div>\r\n<\/article><\/div><div class=\"tm-box-col-wrapper col-lg-4 col-sm-6 col-md-4 col-xs-12 \"><article class=\"themetechmount-box themetechmount-box-portfolio themetechmount-box-view-top-image themetechmount-portfolio-box-view-top-image \">\r\n\t<div class=\"themetechmount-post-item\">\t\r\n\t\t<div class=\"themetechmount-post-item-inner\">\r\n\t\t\t<div class=\"tm-featured-wrapper tm-tm_portfolio-featured-wrapper\"><a href=\"https:\/\/www.cnalumetal.com\/pt-br\/project\/carrefour\"><img loading=\"lazy\" decoding=\"async\" width=\"740\" height=\"556\" src=\"https:\/\/www.cnalumetal.com\/wp-content\/uploads\/2023\/04\/carrefour-740x556.jpg\" class=\"attachment-themetechmount-img-portfolio size-themetechmount-img-portfolio wp-post-image\" alt=\"\" data-id=\"5645\" \/><\/a><\/div>\t\t\t<div class=\"themetechmount-box-content themetechmount-overlay\">\r\n\t\t\t\t<div class=\"themetechmount-box-content-inner\">\r\n\t\t\t\t\t<div class=\"themetechmount-icon-box themetechmount-media-link\"><a class=\"tm_prettyphoto\" title=\"Carrefour\" href=\"https:\/\/www.cnalumetal.com\/wp-content\/uploads\/2023\/04\/carrefour.jpg\"><i class=\"tm-boldman-icon-search\"><\/i><\/a><a href=\" https:\/\/www.cnalumetal.com\/pt-br\/project\/carrefour\" class=\"themetechmount_pf_link\"><i class=\"tm-boldman-icon-link\"><\/i><\/a><\/div>\t\r\n\t\t\t\t<\/div>\t\t\t\r\n\t\t\t<\/div>\r\n\t\t<\/div>\r\n\t\t<div class=\"themetechmount-box-bottom-content\">\t\t\t\t\t\r\n\t\t\t<div class=\"themetechmount-box-category\"><\/div>\t\r\n\t\t\t<div class=\"themetechmount-box-title\"><h4><a href=\"https:\/\/www.cnalumetal.com\/pt-br\/project\/carrefour\">Carrefour<\/a><\/h4><\/div>\t\t\t\r\n\t\t<\/div>\r\n\t<\/div>\r\n<\/article><\/div><div class=\"tm-box-col-wrapper col-lg-4 col-sm-6 col-md-4 col-xs-12 \"><article class=\"themetechmount-box themetechmount-box-portfolio themetechmount-box-view-top-image themetechmount-portfolio-box-view-top-image \">\r\n\t<div class=\"themetechmount-post-item\">\t\r\n\t\t<div class=\"themetechmount-post-item-inner\">\r\n\t\t\t<div class=\"tm-featured-wrapper tm-tm_portfolio-featured-wrapper\"><a href=\"https:\/\/www.cnalumetal.com\/pt-br\/project\/supermercado-bonnet\"><img loading=\"lazy\" decoding=\"async\" width=\"740\" height=\"556\" src=\"https:\/\/www.cnalumetal.com\/wp-content\/uploads\/2023\/04\/bonnet-supermarket-740x556.jpg\" class=\"attachment-themetechmount-img-portfolio size-themetechmount-img-portfolio wp-post-image\" alt=\"\" data-id=\"5641\" \/><\/a><\/div>\t\t\t<div class=\"themetechmount-box-content themetechmount-overlay\">\r\n\t\t\t\t<div class=\"themetechmount-box-content-inner\">\r\n\t\t\t\t\t<div class=\"themetechmount-icon-box themetechmount-media-link\"><a class=\"tm_prettyphoto\" title=\"Supermercado Bonnet\" href=\"https:\/\/www.cnalumetal.com\/wp-content\/uploads\/2023\/04\/bonnet-supermarket.jpg\"><i class=\"tm-boldman-icon-search\"><\/i><\/a><a href=\" https:\/\/www.cnalumetal.com\/pt-br\/project\/supermercado-bonnet\" class=\"themetechmount_pf_link\"><i class=\"tm-boldman-icon-link\"><\/i><\/a><\/div>\t\r\n\t\t\t\t<\/div>\t\t\t\r\n\t\t\t<\/div>\r\n\t\t<\/div>\r\n\t\t<div class=\"themetechmount-box-bottom-content\">\t\t\t\t\t\r\n\t\t\t<div class=\"themetechmount-box-category\"><\/div>\t\r\n\t\t\t<div class=\"themetechmount-box-title\"><h4><a href=\"https:\/\/www.cnalumetal.com\/pt-br\/project\/supermercado-bonnet\">Supermercado Bonnet<\/a><\/h4><\/div>\t\t\t\r\n\t\t<\/div>\r\n\t<\/div>\r\n<\/article><\/div><div class=\"tm-box-col-wrapper col-lg-4 col-sm-6 col-md-4 col-xs-12 \"><article class=\"themetechmount-box themetechmount-box-portfolio themetechmount-box-view-top-image themetechmount-portfolio-box-view-top-image \">\r\n\t<div class=\"themetechmount-post-item\">\t\r\n\t\t<div class=\"themetechmount-post-item-inner\">\r\n\t\t\t<div class=\"tm-featured-wrapper tm-tm_portfolio-featured-wrapper\"><a href=\"https:\/\/www.cnalumetal.com\/pt-br\/project\/shopping-bangkalan\"><img loading=\"lazy\" decoding=\"async\" width=\"740\" height=\"556\" src=\"https:\/\/www.cnalumetal.com\/wp-content\/uploads\/2023\/04\/bangkalan-mall-740x556.jpg\" class=\"attachment-themetechmount-img-portfolio size-themetechmount-img-portfolio wp-post-image\" alt=\"\" data-id=\"5637\" \/><\/a><\/div>\t\t\t<div class=\"themetechmount-box-content themetechmount-overlay\">\r\n\t\t\t\t<div class=\"themetechmount-box-content-inner\">\r\n\t\t\t\t\t<div class=\"themetechmount-icon-box themetechmount-media-link\"><a class=\"tm_prettyphoto\" title=\"Shopping Bangkalan\" href=\"https:\/\/www.cnalumetal.com\/wp-content\/uploads\/2023\/04\/bangkalan-mall.jpg\"><i class=\"tm-boldman-icon-search\"><\/i><\/a><a href=\" https:\/\/www.cnalumetal.com\/pt-br\/project\/shopping-bangkalan\" class=\"themetechmount_pf_link\"><i class=\"tm-boldman-icon-link\"><\/i><\/a><\/div>\t\r\n\t\t\t\t<\/div>\t\t\t\r\n\t\t\t<\/div>\r\n\t\t<\/div>\r\n\t\t<div class=\"themetechmount-box-bottom-content\">\t\t\t\t\t\r\n\t\t\t<div class=\"themetechmount-box-category\"><\/div>\t\r\n\t\t\t<div class=\"themetechmount-box-title\"><h4><a href=\"https:\/\/www.cnalumetal.com\/pt-br\/project\/shopping-bangkalan\">Shopping Bangkalan<\/a><\/h4><\/div>\t\t\t\r\n\t\t<\/div>\r\n\t<\/div>\r\n<\/article><\/div><div class=\"tm-box-col-wrapper col-lg-4 col-sm-6 col-md-4 col-xs-12 \"><article class=\"themetechmount-box themetechmount-box-portfolio themetechmount-box-view-top-image themetechmount-portfolio-box-view-top-image \">\r\n\t<div class=\"themetechmount-post-item\">\t\r\n\t\t<div class=\"themetechmount-post-item-inner\">\r\n\t\t\t<div class=\"tm-featured-wrapper tm-tm_portfolio-featured-wrapper\"><a href=\"https:\/\/www.cnalumetal.com\/pt-br\/project\/habitacao-na-holanda\"><img loading=\"lazy\" decoding=\"async\" width=\"740\" height=\"556\" src=\"https:\/\/www.cnalumetal.com\/wp-content\/uploads\/2023\/04\/netherlands-740x556.jpg\" class=\"attachment-themetechmount-img-portfolio size-themetechmount-img-portfolio wp-post-image\" alt=\"\" data-id=\"5633\" \/><\/a><\/div>\t\t\t<div class=\"themetechmount-box-content themetechmount-overlay\">\r\n\t\t\t\t<div class=\"themetechmount-box-content-inner\">\r\n\t\t\t\t\t<div class=\"themetechmount-icon-box themetechmount-media-link\"><a class=\"tm_prettyphoto\" title=\"Habita\u00e7\u00e3o na Holanda\" href=\"https:\/\/www.cnalumetal.com\/wp-content\/uploads\/2023\/04\/netherlands.jpg\"><i class=\"tm-boldman-icon-search\"><\/i><\/a><a href=\" https:\/\/www.cnalumetal.com\/pt-br\/project\/habitacao-na-holanda\" class=\"themetechmount_pf_link\"><i class=\"tm-boldman-icon-link\"><\/i><\/a><\/div>\t\r\n\t\t\t\t<\/div>\t\t\t\r\n\t\t\t<\/div>\r\n\t\t<\/div>\r\n\t\t<div class=\"themetechmount-box-bottom-content\">\t\t\t\t\t\r\n\t\t\t<div class=\"themetechmount-box-category\"><\/div>\t\r\n\t\t\t<div class=\"themetechmount-box-title\"><h4><a href=\"https:\/\/www.cnalumetal.com\/pt-br\/project\/habitacao-na-holanda\">Habita\u00e7\u00e3o na Holanda<\/a><\/h4><\/div>\t\t\t\r\n\t\t<\/div>\r\n\t<\/div>\r\n<\/article><\/div><div class=\"tm-box-col-wrapper col-lg-4 col-sm-6 col-md-4 col-xs-12 \"><article class=\"themetechmount-box themetechmount-box-portfolio themetechmount-box-view-top-image themetechmount-portfolio-box-view-top-image \">\r\n\t<div class=\"themetechmount-post-item\">\t\r\n\t\t<div class=\"themetechmount-post-item-inner\">\r\n\t\t\t<div class=\"tm-featured-wrapper tm-tm_portfolio-featured-wrapper\"><a href=\"https:\/\/www.cnalumetal.com\/pt-br\/project\/casa-da-familia-espanha\"><img loading=\"lazy\" decoding=\"async\" width=\"740\" height=\"556\" src=\"https:\/\/www.cnalumetal.com\/wp-content\/uploads\/2023\/04\/spain-family-house-740x556.jpg\" class=\"attachment-themetechmount-img-portfolio size-themetechmount-img-portfolio wp-post-image\" alt=\"\" data-id=\"5625\" \/><\/a><\/div>\t\t\t<div class=\"themetechmount-box-content themetechmount-overlay\">\r\n\t\t\t\t<div class=\"themetechmount-box-content-inner\">\r\n\t\t\t\t\t<div class=\"themetechmount-icon-box themetechmount-media-link\"><a class=\"tm_prettyphoto\" title=\"Casa da Fam\u00edlia Espanha\" href=\"https:\/\/www.cnalumetal.com\/wp-content\/uploads\/2023\/04\/spain-family-house.jpg\"><i class=\"tm-boldman-icon-search\"><\/i><\/a><a href=\" https:\/\/www.cnalumetal.com\/pt-br\/project\/casa-da-familia-espanha\" class=\"themetechmount_pf_link\"><i class=\"tm-boldman-icon-link\"><\/i><\/a><\/div>\t\r\n\t\t\t\t<\/div>\t\t\t\r\n\t\t\t<\/div>\r\n\t\t<\/div>\r\n\t\t<div class=\"themetechmount-box-bottom-content\">\t\t\t\t\t\r\n\t\t\t<div class=\"themetechmount-box-category\"><\/div>\t\r\n\t\t\t<div class=\"themetechmount-box-title\"><h4><a href=\"https:\/\/www.cnalumetal.com\/pt-br\/project\/casa-da-familia-espanha\">Casa da Fam\u00edlia Espanha<\/a><\/h4><\/div>\t\t\t\r\n\t\t<\/div>\r\n\t<\/div>\r\n<\/article><\/div><div class=\"tm-box-col-wrapper col-lg-4 col-sm-6 col-md-4 col-xs-12 \"><article class=\"themetechmount-box themetechmount-box-portfolio themetechmount-box-view-top-image themetechmount-portfolio-box-view-top-image \">\r\n\t<div class=\"themetechmount-post-item\">\t\r\n\t\t<div class=\"themetechmount-post-item-inner\">\r\n\t\t\t<div class=\"tm-featured-wrapper tm-tm_portfolio-featured-wrapper\"><a href=\"https:\/\/www.cnalumetal.com\/pt-br\/project\/escola-secundaria-cretaro\"><img loading=\"lazy\" decoding=\"async\" width=\"740\" height=\"556\" src=\"https:\/\/www.cnalumetal.com\/wp-content\/uploads\/2023\/04\/post-three-740x556.jpg\" class=\"attachment-themetechmount-img-portfolio size-themetechmount-img-portfolio wp-post-image\" alt=\"\" data-id=\"5629\" \/><\/a><\/div>\t\t\t<div class=\"themetechmount-box-content themetechmount-overlay\">\r\n\t\t\t\t<div class=\"themetechmount-box-content-inner\">\r\n\t\t\t\t\t<div class=\"themetechmount-icon-box themetechmount-media-link\"><a class=\"tm_prettyphoto\" title=\"Escola Secund\u00e1ria Cretaro\" href=\"https:\/\/www.cnalumetal.com\/wp-content\/uploads\/2023\/04\/post-three.jpg\"><i class=\"tm-boldman-icon-search\"><\/i><\/a><a href=\" https:\/\/www.cnalumetal.com\/pt-br\/project\/escola-secundaria-cretaro\" class=\"themetechmount_pf_link\"><i class=\"tm-boldman-icon-link\"><\/i><\/a><\/div>\t\r\n\t\t\t\t<\/div>\t\t\t\r\n\t\t\t<\/div>\r\n\t\t<\/div>\r\n\t\t<div class=\"themetechmount-box-bottom-content\">\t\t\t\t\t\r\n\t\t\t<div class=\"themetechmount-box-category\"><\/div>\t\r\n\t\t\t<div class=\"themetechmount-box-title\"><h4><a href=\"https:\/\/www.cnalumetal.com\/pt-br\/project\/escola-secundaria-cretaro\">Escola Secund\u00e1ria Cretaro<\/a><\/h4><\/div>\t\t\t\r\n\t\t<\/div>\r\n\t<\/div>\r\n<\/article><\/div>\n\t\t\t<\/div>\n\t\t<\/div><!-- .themetechmount-boxes-inner -->   <\/div><!-- .themetechmount-boxes -->  [\/vc_column][\/vc_row]<\/p>\n","protected":false},"excerpt":{"rendered":"<p>[vc_row tm_bgimagefixed=&#8221;&#8221; css=&#8221;.vc_custom_1533794482488{padding-top: 65px !important;padding-bottom: 0px !important;}&#8221;][vc_column][vc_column_text]Abaixo voc\u00ea ver\u00e1 nossos melhores projetos de trabalho. Oferecemos suporte ao cliente sem fim e tamb\u00e9m garantimos um alto n\u00edvel de satisfa\u00e7\u00e3o para nossos clientes. se voc\u00ea tiver alguma d\u00favida, n\u00e3o hesite em nos enviar um e-mail para info@cnalumetal.com para obter mais detalhes.[\/vc_column_text][\/vc_column][\/vc_row][vc_row tm_bgimagefixed=&#8221;&#8221; css=&#8221;.vc_custom_1550124264289{padding-top: 15px !important;padding-bottom: 100px !important;}&#8221;][vc_column][\/vc_column][\/vc_row]<\/p>\n","protected":false},"author":1,"featured_media":0,"parent":0,"menu_order":20,"comment_status":"closed","ping_status":"closed","template":"","meta":{"footnotes":""},"class_list":["post-10347","page","type-page","status-publish","hentry"],"yoast_head":"<!-- This site is optimized with the Yoast SEO plugin v27.2 - https:\/\/yoast.com\/product\/yoast-seo-wordpress\/ -->\n<title>Projeto - Alumetal<\/title>\n<meta name=\"robots\" content=\"index, follow, max-snippet:-1, max-image-preview:large, max-video-preview:-1\" \/>\n<link rel=\"canonical\" href=\"https:\/\/www.cnalumetal.com\/pt-br\/projeto\" \/>\n<meta property=\"og:locale\" content=\"pt_BR\" \/>\n<meta property=\"og:type\" content=\"article\" \/>\n<meta property=\"og:title\" content=\"Projeto - Alumetal\" \/>\n<meta property=\"og:description\" content=\"[vc_row tm_bgimagefixed=&#8221;&#8221; css=&#8221;.vc_custom_1533794482488{padding-top: 65px !important;padding-bottom: 0px !important;}&#8221;][vc_column][vc_column_text]Abaixo voc\u00ea ver\u00e1 nossos melhores projetos de trabalho. Oferecemos suporte ao cliente sem fim e tamb\u00e9m garantimos um alto n\u00edvel de satisfa\u00e7\u00e3o para nossos clientes. se voc\u00ea tiver alguma d\u00favida, n\u00e3o hesite em nos enviar um e-mail para info@cnalumetal.com para obter mais detalhes.[\/vc_column_text][\/vc_column][\/vc_row][vc_row tm_bgimagefixed=&#8221;&#8221; css=&#8221;.vc_custom_1550124264289{padding-top: 15px !important;padding-bottom: 100px !important;}&#8221;][vc_column][\/vc_column][\/vc_row]\" \/>\n<meta property=\"og:url\" content=\"https:\/\/www.cnalumetal.com\/pt-br\/projeto\" \/>\n<meta property=\"og:site_name\" content=\"Alumetal\" \/>\n<meta property=\"article:modified_time\" content=\"2024-02-21T09:10:18+00:00\" \/>\n<meta name=\"twitter:card\" content=\"summary_large_image\" \/>\n<meta name=\"twitter:label1\" content=\"Est. tempo de leitura\" \/>\n\t<meta name=\"twitter:data1\" content=\"1 minuto\" \/>\n<script type=\"application\/ld+json\" class=\"yoast-schema-graph\">{\"@context\":\"https:\/\/schema.org\",\"@graph\":[{\"@type\":\"WebPage\",\"@id\":\"https:\/\/www.cnalumetal.com\/pt-br\/projeto\",\"url\":\"https:\/\/www.cnalumetal.com\/pt-br\/projeto\",\"name\":\"Projeto - Alumetal\",\"isPartOf\":{\"@id\":\"https:\/\/www.cnalumetal.com\/#website\"},\"datePublished\":\"2019-02-04T12:52:59+00:00\",\"dateModified\":\"2024-02-21T09:10:18+00:00\",\"breadcrumb\":{\"@id\":\"https:\/\/www.cnalumetal.com\/pt-br\/projeto#breadcrumb\"},\"inLanguage\":\"pt-BR\",\"potentialAction\":[{\"@type\":\"ReadAction\",\"target\":[\"https:\/\/www.cnalumetal.com\/pt-br\/projeto\"]}]},{\"@type\":\"BreadcrumbList\",\"@id\":\"https:\/\/www.cnalumetal.com\/pt-br\/projeto#breadcrumb\",\"itemListElement\":[{\"@type\":\"ListItem\",\"position\":1,\"name\":\"Home\",\"item\":\"https:\/\/www.cnalumetal.com\/pt-br\/fabricante-de-painel-composto-de-aluminio\"},{\"@type\":\"ListItem\",\"position\":2,\"name\":\"Projeto\"}]},{\"@type\":\"WebSite\",\"@id\":\"https:\/\/www.cnalumetal.com\/#website\",\"url\":\"https:\/\/www.cnalumetal.com\/\",\"name\":\"Alumetal\",\"description\":\"\",\"publisher\":{\"@id\":\"https:\/\/www.cnalumetal.com\/#organization\"},\"potentialAction\":[{\"@type\":\"SearchAction\",\"target\":{\"@type\":\"EntryPoint\",\"urlTemplate\":\"https:\/\/www.cnalumetal.com\/?s={search_term_string}\"},\"query-input\":{\"@type\":\"PropertyValueSpecification\",\"valueRequired\":true,\"valueName\":\"search_term_string\"}}],\"inLanguage\":\"pt-BR\"},{\"@type\":\"Organization\",\"@id\":\"https:\/\/www.cnalumetal.com\/#organization\",\"name\":\"Alumetal\",\"url\":\"https:\/\/www.cnalumetal.com\/\",\"logo\":{\"@type\":\"ImageObject\",\"inLanguage\":\"pt-BR\",\"@id\":\"https:\/\/www.cnalumetal.com\/#\/schema\/logo\/image\/\",\"url\":\"https:\/\/www.cnalumetal.com\/wp-content\/uploads\/2023\/05\/cropped-favicon.png\",\"contentUrl\":\"https:\/\/www.cnalumetal.com\/wp-content\/uploads\/2023\/05\/cropped-favicon.png\",\"width\":512,\"height\":512,\"caption\":\"Alumetal\"},\"image\":{\"@id\":\"https:\/\/www.cnalumetal.com\/#\/schema\/logo\/image\/\"}}]}<\/script>\n<!-- \/ Yoast SEO plugin. -->","yoast_head_json":{"title":"Projeto - Alumetal","robots":{"index":"index","follow":"follow","max-snippet":"max-snippet:-1","max-image-preview":"max-image-preview:large","max-video-preview":"max-video-preview:-1"},"canonical":"https:\/\/www.cnalumetal.com\/pt-br\/projeto","og_locale":"pt_BR","og_type":"article","og_title":"Projeto - Alumetal","og_description":"[vc_row tm_bgimagefixed=&#8221;&#8221; css=&#8221;.vc_custom_1533794482488{padding-top: 65px !important;padding-bottom: 0px !important;}&#8221;][vc_column][vc_column_text]Abaixo voc\u00ea ver\u00e1 nossos melhores projetos de trabalho. Oferecemos suporte ao cliente sem fim e tamb\u00e9m garantimos um alto n\u00edvel de satisfa\u00e7\u00e3o para nossos clientes. se voc\u00ea tiver alguma d\u00favida, n\u00e3o hesite em nos enviar um e-mail para info@cnalumetal.com para obter mais detalhes.[\/vc_column_text][\/vc_column][\/vc_row][vc_row tm_bgimagefixed=&#8221;&#8221; css=&#8221;.vc_custom_1550124264289{padding-top: 15px !important;padding-bottom: 100px !important;}&#8221;][vc_column][\/vc_column][\/vc_row]","og_url":"https:\/\/www.cnalumetal.com\/pt-br\/projeto","og_site_name":"Alumetal","article_modified_time":"2024-02-21T09:10:18+00:00","twitter_card":"summary_large_image","twitter_misc":{"Est. tempo de leitura":"1 minuto"},"schema":{"@context":"https:\/\/schema.org","@graph":[{"@type":"WebPage","@id":"https:\/\/www.cnalumetal.com\/pt-br\/projeto","url":"https:\/\/www.cnalumetal.com\/pt-br\/projeto","name":"Projeto - Alumetal","isPartOf":{"@id":"https:\/\/www.cnalumetal.com\/#website"},"datePublished":"2019-02-04T12:52:59+00:00","dateModified":"2024-02-21T09:10:18+00:00","breadcrumb":{"@id":"https:\/\/www.cnalumetal.com\/pt-br\/projeto#breadcrumb"},"inLanguage":"pt-BR","potentialAction":[{"@type":"ReadAction","target":["https:\/\/www.cnalumetal.com\/pt-br\/projeto"]}]},{"@type":"BreadcrumbList","@id":"https:\/\/www.cnalumetal.com\/pt-br\/projeto#breadcrumb","itemListElement":[{"@type":"ListItem","position":1,"name":"Home","item":"https:\/\/www.cnalumetal.com\/pt-br\/fabricante-de-painel-composto-de-aluminio"},{"@type":"ListItem","position":2,"name":"Projeto"}]},{"@type":"WebSite","@id":"https:\/\/www.cnalumetal.com\/#website","url":"https:\/\/www.cnalumetal.com\/","name":"Alumetal","description":"","publisher":{"@id":"https:\/\/www.cnalumetal.com\/#organization"},"potentialAction":[{"@type":"SearchAction","target":{"@type":"EntryPoint","urlTemplate":"https:\/\/www.cnalumetal.com\/?s={search_term_string}"},"query-input":{"@type":"PropertyValueSpecification","valueRequired":true,"valueName":"search_term_string"}}],"inLanguage":"pt-BR"},{"@type":"Organization","@id":"https:\/\/www.cnalumetal.com\/#organization","name":"Alumetal","url":"https:\/\/www.cnalumetal.com\/","logo":{"@type":"ImageObject","inLanguage":"pt-BR","@id":"https:\/\/www.cnalumetal.com\/#\/schema\/logo\/image\/","url":"https:\/\/www.cnalumetal.com\/wp-content\/uploads\/2023\/05\/cropped-favicon.png","contentUrl":"https:\/\/www.cnalumetal.com\/wp-content\/uploads\/2023\/05\/cropped-favicon.png","width":512,"height":512,"caption":"Alumetal"},"image":{"@id":"https:\/\/www.cnalumetal.com\/#\/schema\/logo\/image\/"}}]}},"_links":{"self":[{"href":"https:\/\/www.cnalumetal.com\/pt-br\/wp-json\/wp\/v2\/pages\/10347","targetHints":{"allow":["GET"]}}],"collection":[{"href":"https:\/\/www.cnalumetal.com\/pt-br\/wp-json\/wp\/v2\/pages"}],"about":[{"href":"https:\/\/www.cnalumetal.com\/pt-br\/wp-json\/wp\/v2\/types\/page"}],"author":[{"embeddable":true,"href":"https:\/\/www.cnalumetal.com\/pt-br\/wp-json\/wp\/v2\/users\/1"}],"replies":[{"embeddable":true,"href":"https:\/\/www.cnalumetal.com\/pt-br\/wp-json\/wp\/v2\/comments?post=10347"}],"version-history":[{"count":9,"href":"https:\/\/www.cnalumetal.com\/pt-br\/wp-json\/wp\/v2\/pages\/10347\/revisions"}],"predecessor-version":[{"id":11878,"href":"https:\/\/www.cnalumetal.com\/pt-br\/wp-json\/wp\/v2\/pages\/10347\/revisions\/11878"}],"wp:attachment":[{"href":"https:\/\/www.cnalumetal.com\/pt-br\/wp-json\/wp\/v2\/media?parent=10347"}],"curies":[{"name":"wp","href":"https:\/\/api.w.org\/{rel}","templated":true}]}}