{"id":10344,"date":"2019-02-04T12:55:48","date_gmt":"2019-02-04T12:55:48","guid":{"rendered":"https:\/\/www.cnalumetal.com\/perguntas-frequentes"},"modified":"2023-09-07T08:49:57","modified_gmt":"2023-09-07T08:49:57","slug":"perguntas-frequentes","status":"publish","type":"page","link":"https:\/\/www.cnalumetal.com\/pt-br\/perguntas-frequentes","title":{"rendered":"Perguntas Frequentes"},"content":{"rendered":"<p>[vc_row tm_bgimagefixed=&#8221;&#8221; full_width=&#8221;stretch_row&#8221; css=&#8221;.vc_custom_1550138683203{padding-bottom: 15px !important;}&#8221; tm_responsive_css=&#8221;41477175|colbreak_no|||||||||colbreak_no|||||60px||||colbreak_no||||||||||colbreak_no|||||||||&#8221;][vc_column]<div class=\"tm-element-heading-wrapper tm-heading-inner tm-element-align-center tm-seperator-solid tm-heading-style-vertical \"><section class=\"tm-vc_cta3-container\"><div class=\"tm-vc_general tm-vc_cta3 tm-cta3-only tm-vc_cta3-style-classic tm-vc_cta3-shape-rounded tm-vc_cta3-align-center tm-vc_cta3-color-transparent tm-vc_cta3-icon-size-md tm-vc_cta3-actions-no tm-cta3-with-desc\"><div class=\"tm-vc_cta3_content-container\"><div class=\"tm-vc_cta3-content\"><header class=\"tm-vc_cta3-content-header tm-wrap\"><div class=\"tm-vc_cta3-headers tm-wrap-cell\"><h2 class=\"tm-custom-heading \" >Do you have Questions?<\/h2>\n<\/div><\/header><div class=\"tm-cta3-content-wrapper\"><p>Se voc\u00ea tiver alguma d\u00favida ou estiver interessado em nossos produtos, n\u00e3o hesite em nos contatar!<\/p><\/div><\/div><\/div><\/div><\/section><\/div> <!-- .tm-element-heading-wrapper container --> [\/vc_column][\/vc_row][vc_row tm_bgimagefixed=&#8221;&#8221; full_width=&#8221;stretch_row&#8221; css=&#8221;.vc_custom_1550138834634{padding-top: 0px !important;padding-bottom: 60px !important;}&#8221; tm_responsive_css=&#8221;10979502|colbreak_no|||||||||colbreak_no|||||||40px||colbreak_no|||||||20px|||colbreak_no|||||||||&#8221;][vc_column width=&#8221;1\/2&#8243;][vc_single_image image=&#8221;4463&#8243; img_size=&#8221;full&#8221; style=&#8221;vc_box_rounded&#8221;][vc_row_inner][vc_column_inner css=&#8221;.vc_custom_1549016098192{margin-top: -270px !important;}&#8221;]<div class=\"tm-vc_icon_element tm-vc_icon_element-outer tm-vc_icon_element-align-center  tm-vc_icon_element-have-style tm_prettyphoto\"><div class=\"tm-vc_icon_element-inner  tm-vc_icon_element-have-style-inner tm-vc_icon_element-color-white tm-vc_icon_element-size-md tm-vc_icon_element-style-rounded tm-vc_icon_element-background tm-vc_icon_element-background-color-skincolor\" ><span class=\"tm-vc_icon_element-icon themifyicon ti-control-play\" ><\/span><a class=\"tm-vc_icon_element-link\" href=\"https:\/\/youtu.be\/qhMgiN7wQik\" title=\"\" target=\"_self\"><\/a><\/div><\/div>[\/vc_column_inner][\/vc_row_inner][\/vc_column][vc_column width=&#8221;1\/2&#8243;][vc_tta_accordion style=&#8221;outline&#8221; color=&#8221;grey&#8221; gap=&#8221;15&#8243; c_position=&#8221;right&#8221; active_section=&#8221;1&#8243;][vc_tta_section title=&#8221;Voc\u00ea oferece amostra?&#8221; tab_id=&#8221;1549004535827-b3afa67a-3a5e&#8221;][vc_column_text]Sim, amostras est\u00e3o dispon\u00edveis se voc\u00ea estiver interessado em nosso produto[\/vc_column_text][\/vc_tta_section][vc_tta_section title=&#8221;Qual \u00e9 o seu principal produto?&#8221; tab_id=&#8221;1682328609383-cbc612f4-c6b4&#8243;][vc_column_text]Nossos produtos incluem: Painel composto de alum\u00ednio de poli\u00e9ster (PE), Painel composto de alum\u00ednio de fluorocarbono (PVDF), Painel composto de alum\u00ednio resistente ao fogo, Pain\u00e9is compostos de nano-alum\u00ednio autolimpantes, Painel composto de alum\u00ednio Spectrum, Painel composto de alum\u00ednio espelhado, Painel composto de alum\u00ednio escovado , Placa de gr\u00e3os de madeira, Placa de gr\u00e3os de granito, Painel composto de alum\u00ednio para publicidade de sinaliza\u00e7\u00e3o, Painel composto de alum\u00ednio em relevo e bobinas de alum\u00ednio revestidas, folhas de alum\u00ednio.[\/vc_column_text][\/vc_tta_section][vc_tta_section title=&#8221;Qual \u00e9 o tamanho e espessura do painel dispon\u00edvel?&#8221; tab_id=&#8221;1549005508759-77cb3376-8b04&#8243;][vc_column_text]1. Largura: 1000-1575mm; 1220 mm, 1250 mm, 1500 mm s\u00e3o recomendados.<br \/>\n2. Comprimento: aceite comprimento personalizado, recomende 2.440 mm, 3.050 mm, 4.050 mm, 5.000 mm<br \/>\n3. Espessura do painel: 2 mm-6 mm; recomendo 3,4mm<br \/>\n4. Espessura do alum\u00ednio: 0,05-0,5 mm[\/vc_column_text][\/vc_tta_section][vc_tta_section title=&#8221;Voc\u00ea atende OEM?&#8221; tab_id=&#8221;1549005507765-5cdb0b8d-161b&#8221;][vc_column_text]Sim, OEM aceita. S\u00f3 precisa nos fornecer o seu logotipo, enviaremos algum design de pel\u00edcula protetora para sua escolha.[\/vc_column_text][\/vc_tta_section][vc_tta_section title=&#8221;Voc\u00ea tem algum certificado de teste?&#8221; tab_id=&#8221;1549005502002-bb6438ce-15a8&#8243;][vc_column_text]Sim, uma boa qualidade est\u00e1vel \u00e9 a chave para uma coopera\u00e7\u00e3o comercial de longo prazo.<br \/>\nA f\u00e1brica passou ISO9001: CE SGS, etc.[\/vc_column_text][\/vc_tta_section][vc_tta_section title=&#8221;Qual \u00e9 o seu MOQ, prazo de entrega, pagamento?&#8221; tab_id=&#8221;1549005500042-c476fcc6-1db8&#8243;][vc_column_text]1. MOQ (Quantidade M\u00ednima de Pedido): 500m\u00b2 mas pode ser menor se tivermos estoques<br \/>\n2. Prazo de entrega: dentro de 15 dias ap\u00f3s o recebimento do dep\u00f3sito<br \/>\n3. Pagamento: 30% TT adiantado, 70% contra BL de c\u00f3pia ou LC[\/vc_column_text][\/vc_tta_section][\/vc_tta_accordion][\/vc_column][\/vc_row][vc_row tm_bgimagefixed=&#8221;&#8221; full_width=&#8221;stretch_row&#8221; css=&#8221;.vc_custom_1550138816892{padding-top: 0px !important;padding-bottom: 95px !important;}&#8221; tm_responsive_css=&#8221;71539727|colbreak_no|||||||||colbreak_no|||||||65px||colbreak_no|||||||40px|||colbreak_no|||||||||&#8221;][vc_column width=&#8221;1\/3&#8243;]<div class=\"tm-sbox tm-sbox-iconalign-left-spacing none tm-sbox-bgcolor-white tm-bgcolor-white tm-sbox-textcolor- tm-textcolor- tm-sbox-isize-lg tm-sbox-isize-lg tm-sbox-istyle-none vc_custom_1682675139528 tm-bgcolor-yes tm-sbox-heading-only\"><section class=\"tm-vc_cta3-container\"><div class=\"tm-vc_general tm-vc_cta3 tm-vc_cta3-align-left tm-vc_cta3-icon-size-lg tm-vc_cta3-icons-left tm-vc_cta3-actions-no\"><div class=\"tm-vc_cta3-icons tm-wrap-cell\"><div class=\"tm-vc_icon_element tm-vc_icon_element-outer tm-vc_icon_element-align-left \"><div class=\"tm-vc_icon_element-inner  tm-vc_icon_element-color-skincolor tm-vc_icon_element-size-lg tm-vc_icon_element-style-none tm-vc_icon_element-background-color-grey\" ><span class=\"tm-vc_icon_element-icon themifyicon ti-user\" ><\/span><\/div><\/div><\/div><div class=\"tm-vc_cta3_content-container\"><div class=\"tm-vc_cta3-content\"><div class=\"tm-vc_cta3-content-header tm-wrap\"><div class=\"tm-vc_cta3-headers tm-wrap-cell\"><h2 class=\"tm-custom-heading \" >Alumetal Customers<\/h2>\n<\/div><\/div><\/div><div class=\"tm-cta3-desc-btn-wrapper\"><div class=\"tm-cta3-description\"><div class=\"tm-cta3-content-wrapper\"><p>Temos grandes clientes na Europa, Austr\u00e1lia, Sudeste Asi\u00e1tico, Oriente M\u00e9dio, Am\u00e9rica do Sul e \u00c1frica.<\/p><\/div><\/div><\/div><\/div><\/div><\/section><\/div>[\/vc_column][vc_column width=&#8221;1\/3&#8243;]<div class=\"tm-sbox tm-sbox-iconalign-left-spacing none tm-sbox-bgcolor-white tm-bgcolor-white tm-sbox-textcolor- tm-textcolor- tm-sbox-isize-lg tm-sbox-isize-lg tm-sbox-istyle-none vc_custom_1682674593211 tm-bgcolor-yes tm-sbox-heading-only\"><section class=\"tm-vc_cta3-container\"><div class=\"tm-vc_general tm-vc_cta3 tm-vc_cta3-align-left tm-vc_cta3-icon-size-lg tm-vc_cta3-icons-left tm-vc_cta3-actions-no\"><div class=\"tm-vc_cta3-icons tm-wrap-cell\"><div class=\"tm-vc_icon_element tm-vc_icon_element-outer tm-vc_icon_element-align-left \"><div class=\"tm-vc_icon_element-inner  tm-vc_icon_element-color-skincolor tm-vc_icon_element-size-lg tm-vc_icon_element-style-none tm-vc_icon_element-background-color-grey\" ><span class=\"tm-vc_icon_element-icon vc_li vc_li-world\" ><\/span><\/div><\/div><\/div><div class=\"tm-vc_cta3_content-container\"><div class=\"tm-vc_cta3-content\"><div class=\"tm-vc_cta3-content-header tm-wrap\"><div class=\"tm-vc_cta3-headers tm-wrap-cell\"><h2 class=\"tm-custom-heading \" >Alumetal Service<\/h2>\n<\/div><\/div><\/div><div class=\"tm-cta3-desc-btn-wrapper\"><div class=\"tm-cta3-description\"><div class=\"tm-cta3-content-wrapper\"><p>Constru\u00edmos uma rede de vendas e organiza\u00e7\u00e3o de servi\u00e7os na China e em muitos outros pa\u00edses<\/p><\/div><\/div><\/div><\/div><\/div><\/section><\/div>[\/vc_column][vc_column width=&#8221;1\/3&#8243;]<div class=\"tm-sbox tm-sbox-iconalign-left-spacing none tm-sbox-bgcolor-white tm-bgcolor-white tm-sbox-textcolor- tm-textcolor- tm-sbox-isize-lg tm-sbox-isize-lg tm-sbox-istyle-none vc_custom_1682674927317 tm-bgcolor-yes tm-sbox-heading-only\"><section class=\"tm-vc_cta3-container\"><div class=\"tm-vc_general tm-vc_cta3 tm-vc_cta3-align-left tm-vc_cta3-icon-size-lg tm-vc_cta3-icons-left tm-vc_cta3-actions-no\"><div class=\"tm-vc_cta3-icons tm-wrap-cell\"><div class=\"tm-vc_icon_element tm-vc_icon_element-outer tm-vc_icon_element-align-left \"><div class=\"tm-vc_icon_element-inner  tm-vc_icon_element-color-skincolor tm-vc_icon_element-size-lg tm-vc_icon_element-style-none tm-vc_icon_element-background-color-grey\" ><span class=\"tm-vc_icon_element-icon fa fa-thumbs-o-up\" ><\/span><\/div><\/div><\/div><div class=\"tm-vc_cta3_content-container\"><div class=\"tm-vc_cta3-content\"><div class=\"tm-vc_cta3-content-header tm-wrap\"><div class=\"tm-vc_cta3-headers tm-wrap-cell\"><h2 class=\"tm-custom-heading \" >Alumetal Quality<\/h2>\n<\/div><\/div><\/div><div class=\"tm-cta3-desc-btn-wrapper\"><div class=\"tm-cta3-description\"><div class=\"tm-cta3-content-wrapper\"><p>Passamos pela certifica\u00e7\u00e3o de qualidade e ambiental da ISO 9001:2000 e ISO 14001:2004.<\/p><\/div><\/div><\/div><\/div><\/div><\/section><\/div>[\/vc_column][\/vc_row][vc_row tm_bgcolor=&#8221;skincolor&#8221; tm_bgimagefixed=&#8221;&#8221; break_in_responsive=&#8221;991&#8243; full_width=&#8221;stretch_row&#8221; css=&#8221;.vc_custom_1550059090456{padding-top: 35px !important;padding-bottom: 65px !important;}&#8221; el_class=&#8221;tm-reset-content-center-991&#8243; tm_responsive_css=&#8221;82034059|colbreak_no|||||||||colbreak_no|||||||83px||colbreak_no||||||||||colbreak_no|||||||||&#8221;][vc_column width=&#8221;2\/3&#8243; css=&#8221;.vc_custom_1550138617472{padding-top: 7px !important;padding-right: 22px !important;}&#8221; tm_responsive_css=&#8221;96228052|colbreak_no|||||||||colbreak_no||||||15px|||colbreak_no||||||||||colbreak_no|||||||||&#8221;]<h2 style=\"text-align:right;font-size:25px;line-height:38px;font-family:'Abril Fatface',Arial,Helvetica;font-weight:400;\" class=\"tm-custom-heading \" >Capacite seu projeto de painel composto de alum\u00ednio hoje mesmo<\/h2>\n[\/vc_column][vc_column width=&#8221;1\/3&#8243; css=&#8221;.vc_custom_1550138602616{padding-left: 23px !important;}&#8221; tm_responsive_css=&#8221;13898235|colbreak_no|||||||||colbreak_no||||||||15px|colbreak_no||||||||||colbreak_no|||||||||&#8221;]\n\t\t<div class=\"tm-vc_btn3-container tm-vc_btn3-left\"><a class=\"tm-vc_general tm-vc_btn3 tm-vc_btn3-size-md tm-vc_btn3-shape-square tm-vc_btn3-style-outline tm-vc_btn3-weight-no tm-vc_btn3-color-white\" href=\"https:\/\/www.cnalumetal.com\/contact-us\/\" title=\"\">Contate-nos<\/a><\/div>[\/vc_column][\/vc_row]<\/p>\n","protected":false},"excerpt":{"rendered":"<p>[vc_row tm_bgimagefixed=&#8221;&#8221; full_width=&#8221;stretch_row&#8221; css=&#8221;.vc_custom_1550138683203{padding-bottom: 15px !important;}&#8221; tm_responsive_css=&#8221;41477175|colbreak_no|||||||||colbreak_no|||||60px||||colbreak_no||||||||||colbreak_no|||||||||&#8221;][vc_column][\/vc_column][\/vc_row][vc_row tm_bgimagefixed=&#8221;&#8221; full_width=&#8221;stretch_row&#8221; css=&#8221;.vc_custom_1550138834634{padding-top: 0px !important;padding-bottom: 60px !important;}&#8221; tm_responsive_css=&#8221;10979502|colbreak_no|||||||||colbreak_no|||||||40px||colbreak_no|||||||20px|||colbreak_no|||||||||&#8221;][vc_column width=&#8221;1\/2&#8243;][vc_single_image image=&#8221;4463&#8243; img_size=&#8221;full&#8221; style=&#8221;vc_box_rounded&#8221;][vc_row_inner][vc_column_inner css=&#8221;.vc_custom_1549016098192{margin-top: -270px !important;}&#8221;][\/vc_column_inner][\/vc_row_inner][\/vc_column][vc_column width=&#8221;1\/2&#8243;][vc_tta_accordion style=&#8221;outline&#8221; color=&#8221;grey&#8221; gap=&#8221;15&#8243; c_position=&#8221;right&#8221; active_section=&#8221;1&#8243;][vc_tta_section title=&#8221;Voc\u00ea oferece amostra?&#8221; tab_id=&#8221;1549004535827-b3afa67a-3a5e&#8221;][vc_column_text]Sim, amostras est\u00e3o dispon\u00edveis se voc\u00ea estiver interessado em nosso produto[\/vc_column_text][\/vc_tta_section][vc_tta_section title=&#8221;Qual \u00e9 o seu principal produto?&#8221; tab_id=&#8221;1682328609383-cbc612f4-c6b4&#8243;][vc_column_text]Nossos produtos incluem: Painel composto de alum\u00ednio &hellip; <a href=\"https:\/\/www.cnalumetal.com\/pt-br\/perguntas-frequentes\" class=\"more-link\">Continue reading <span class=\"screen-reader-text\">Perguntas Frequentes<\/span><\/a><\/p>\n","protected":false},"author":1,"featured_media":0,"parent":0,"menu_order":16,"comment_status":"closed","ping_status":"closed","template":"","meta":{"footnotes":""},"class_list":["post-10344","page","type-page","status-publish","hentry"],"yoast_head":"<!-- This site is optimized with the Yoast SEO plugin v27.2 - https:\/\/yoast.com\/product\/yoast-seo-wordpress\/ -->\n<title>Perguntas Frequentes - Alumetal<\/title>\n<meta name=\"robots\" content=\"index, follow, max-snippet:-1, max-image-preview:large, max-video-preview:-1\" \/>\n<link rel=\"canonical\" href=\"https:\/\/www.cnalumetal.com\/pt-br\/perguntas-frequentes\" \/>\n<meta property=\"og:locale\" content=\"pt_BR\" \/>\n<meta property=\"og:type\" content=\"article\" \/>\n<meta property=\"og:title\" content=\"Perguntas Frequentes - Alumetal\" \/>\n<meta property=\"og:description\" content=\"[vc_row tm_bgimagefixed=&#8221;&#8221; full_width=&#8221;stretch_row&#8221; css=&#8221;.vc_custom_1550138683203{padding-bottom: 15px !important;}&#8221; tm_responsive_css=&#8221;41477175|colbreak_no|||||||||colbreak_no|||||60px||||colbreak_no||||||||||colbreak_no|||||||||&#8221;][vc_column][\/vc_column][\/vc_row][vc_row tm_bgimagefixed=&#8221;&#8221; full_width=&#8221;stretch_row&#8221; css=&#8221;.vc_custom_1550138834634{padding-top: 0px !important;padding-bottom: 60px !important;}&#8221; tm_responsive_css=&#8221;10979502|colbreak_no|||||||||colbreak_no|||||||40px||colbreak_no|||||||20px|||colbreak_no|||||||||&#8221;][vc_column width=&#8221;1\/2&#8243;][vc_single_image image=&#8221;4463&#8243; img_size=&#8221;full&#8221; style=&#8221;vc_box_rounded&#8221;][vc_row_inner][vc_column_inner css=&#8221;.vc_custom_1549016098192{margin-top: -270px !important;}&#8221;][\/vc_column_inner][\/vc_row_inner][\/vc_column][vc_column width=&#8221;1\/2&#8243;][vc_tta_accordion style=&#8221;outline&#8221; color=&#8221;grey&#8221; gap=&#8221;15&#8243; c_position=&#8221;right&#8221; active_section=&#8221;1&#8243;][vc_tta_section title=&#8221;Voc\u00ea oferece amostra?&#8221; tab_id=&#8221;1549004535827-b3afa67a-3a5e&#8221;][vc_column_text]Sim, amostras est\u00e3o dispon\u00edveis se voc\u00ea estiver interessado em nosso produto[\/vc_column_text][\/vc_tta_section][vc_tta_section title=&#8221;Qual \u00e9 o seu principal produto?&#8221; tab_id=&#8221;1682328609383-cbc612f4-c6b4&#8243;][vc_column_text]Nossos produtos incluem: Painel composto de alum\u00ednio &hellip; Continue reading Perguntas Frequentes\" \/>\n<meta property=\"og:url\" content=\"https:\/\/www.cnalumetal.com\/pt-br\/perguntas-frequentes\" \/>\n<meta property=\"og:site_name\" content=\"Alumetal\" \/>\n<meta property=\"article:modified_time\" content=\"2023-09-07T08:49:57+00:00\" \/>\n<meta name=\"twitter:card\" content=\"summary_large_image\" \/>\n<meta name=\"twitter:label1\" content=\"Est. tempo de leitura\" \/>\n\t<meta name=\"twitter:data1\" content=\"5 minutos\" \/>\n<script type=\"application\/ld+json\" class=\"yoast-schema-graph\">{\"@context\":\"https:\/\/schema.org\",\"@graph\":[{\"@type\":\"WebPage\",\"@id\":\"https:\/\/www.cnalumetal.com\/pt-br\/perguntas-frequentes\",\"url\":\"https:\/\/www.cnalumetal.com\/pt-br\/perguntas-frequentes\",\"name\":\"Perguntas Frequentes - Alumetal\",\"isPartOf\":{\"@id\":\"https:\/\/www.cnalumetal.com\/#website\"},\"datePublished\":\"2019-02-04T12:55:48+00:00\",\"dateModified\":\"2023-09-07T08:49:57+00:00\",\"breadcrumb\":{\"@id\":\"https:\/\/www.cnalumetal.com\/pt-br\/perguntas-frequentes#breadcrumb\"},\"inLanguage\":\"pt-BR\",\"potentialAction\":[{\"@type\":\"ReadAction\",\"target\":[\"https:\/\/www.cnalumetal.com\/pt-br\/perguntas-frequentes\"]}]},{\"@type\":\"BreadcrumbList\",\"@id\":\"https:\/\/www.cnalumetal.com\/pt-br\/perguntas-frequentes#breadcrumb\",\"itemListElement\":[{\"@type\":\"ListItem\",\"position\":1,\"name\":\"Home\",\"item\":\"https:\/\/www.cnalumetal.com\/pt-br\/fabricante-de-painel-composto-de-aluminio\"},{\"@type\":\"ListItem\",\"position\":2,\"name\":\"Perguntas Frequentes\"}]},{\"@type\":\"WebSite\",\"@id\":\"https:\/\/www.cnalumetal.com\/#website\",\"url\":\"https:\/\/www.cnalumetal.com\/\",\"name\":\"Alumetal\",\"description\":\"\",\"publisher\":{\"@id\":\"https:\/\/www.cnalumetal.com\/#organization\"},\"potentialAction\":[{\"@type\":\"SearchAction\",\"target\":{\"@type\":\"EntryPoint\",\"urlTemplate\":\"https:\/\/www.cnalumetal.com\/?s={search_term_string}\"},\"query-input\":{\"@type\":\"PropertyValueSpecification\",\"valueRequired\":true,\"valueName\":\"search_term_string\"}}],\"inLanguage\":\"pt-BR\"},{\"@type\":\"Organization\",\"@id\":\"https:\/\/www.cnalumetal.com\/#organization\",\"name\":\"Alumetal\",\"url\":\"https:\/\/www.cnalumetal.com\/\",\"logo\":{\"@type\":\"ImageObject\",\"inLanguage\":\"pt-BR\",\"@id\":\"https:\/\/www.cnalumetal.com\/#\/schema\/logo\/image\/\",\"url\":\"https:\/\/www.cnalumetal.com\/wp-content\/uploads\/2023\/05\/cropped-favicon.png\",\"contentUrl\":\"https:\/\/www.cnalumetal.com\/wp-content\/uploads\/2023\/05\/cropped-favicon.png\",\"width\":512,\"height\":512,\"caption\":\"Alumetal\"},\"image\":{\"@id\":\"https:\/\/www.cnalumetal.com\/#\/schema\/logo\/image\/\"}}]}<\/script>\n<!-- \/ Yoast SEO plugin. -->","yoast_head_json":{"title":"Perguntas Frequentes - Alumetal","robots":{"index":"index","follow":"follow","max-snippet":"max-snippet:-1","max-image-preview":"max-image-preview:large","max-video-preview":"max-video-preview:-1"},"canonical":"https:\/\/www.cnalumetal.com\/pt-br\/perguntas-frequentes","og_locale":"pt_BR","og_type":"article","og_title":"Perguntas Frequentes - Alumetal","og_description":"[vc_row tm_bgimagefixed=&#8221;&#8221; full_width=&#8221;stretch_row&#8221; css=&#8221;.vc_custom_1550138683203{padding-bottom: 15px !important;}&#8221; tm_responsive_css=&#8221;41477175|colbreak_no|||||||||colbreak_no|||||60px||||colbreak_no||||||||||colbreak_no|||||||||&#8221;][vc_column][\/vc_column][\/vc_row][vc_row tm_bgimagefixed=&#8221;&#8221; full_width=&#8221;stretch_row&#8221; css=&#8221;.vc_custom_1550138834634{padding-top: 0px !important;padding-bottom: 60px !important;}&#8221; tm_responsive_css=&#8221;10979502|colbreak_no|||||||||colbreak_no|||||||40px||colbreak_no|||||||20px|||colbreak_no|||||||||&#8221;][vc_column width=&#8221;1\/2&#8243;][vc_single_image image=&#8221;4463&#8243; img_size=&#8221;full&#8221; style=&#8221;vc_box_rounded&#8221;][vc_row_inner][vc_column_inner css=&#8221;.vc_custom_1549016098192{margin-top: -270px !important;}&#8221;][\/vc_column_inner][\/vc_row_inner][\/vc_column][vc_column width=&#8221;1\/2&#8243;][vc_tta_accordion style=&#8221;outline&#8221; color=&#8221;grey&#8221; gap=&#8221;15&#8243; c_position=&#8221;right&#8221; active_section=&#8221;1&#8243;][vc_tta_section title=&#8221;Voc\u00ea oferece amostra?&#8221; tab_id=&#8221;1549004535827-b3afa67a-3a5e&#8221;][vc_column_text]Sim, amostras est\u00e3o dispon\u00edveis se voc\u00ea estiver interessado em nosso produto[\/vc_column_text][\/vc_tta_section][vc_tta_section title=&#8221;Qual \u00e9 o seu principal produto?&#8221; tab_id=&#8221;1682328609383-cbc612f4-c6b4&#8243;][vc_column_text]Nossos produtos incluem: Painel composto de alum\u00ednio &hellip; Continue reading Perguntas Frequentes","og_url":"https:\/\/www.cnalumetal.com\/pt-br\/perguntas-frequentes","og_site_name":"Alumetal","article_modified_time":"2023-09-07T08:49:57+00:00","twitter_card":"summary_large_image","twitter_misc":{"Est. tempo de leitura":"5 minutos"},"schema":{"@context":"https:\/\/schema.org","@graph":[{"@type":"WebPage","@id":"https:\/\/www.cnalumetal.com\/pt-br\/perguntas-frequentes","url":"https:\/\/www.cnalumetal.com\/pt-br\/perguntas-frequentes","name":"Perguntas Frequentes - Alumetal","isPartOf":{"@id":"https:\/\/www.cnalumetal.com\/#website"},"datePublished":"2019-02-04T12:55:48+00:00","dateModified":"2023-09-07T08:49:57+00:00","breadcrumb":{"@id":"https:\/\/www.cnalumetal.com\/pt-br\/perguntas-frequentes#breadcrumb"},"inLanguage":"pt-BR","potentialAction":[{"@type":"ReadAction","target":["https:\/\/www.cnalumetal.com\/pt-br\/perguntas-frequentes"]}]},{"@type":"BreadcrumbList","@id":"https:\/\/www.cnalumetal.com\/pt-br\/perguntas-frequentes#breadcrumb","itemListElement":[{"@type":"ListItem","position":1,"name":"Home","item":"https:\/\/www.cnalumetal.com\/pt-br\/fabricante-de-painel-composto-de-aluminio"},{"@type":"ListItem","position":2,"name":"Perguntas Frequentes"}]},{"@type":"WebSite","@id":"https:\/\/www.cnalumetal.com\/#website","url":"https:\/\/www.cnalumetal.com\/","name":"Alumetal","description":"","publisher":{"@id":"https:\/\/www.cnalumetal.com\/#organization"},"potentialAction":[{"@type":"SearchAction","target":{"@type":"EntryPoint","urlTemplate":"https:\/\/www.cnalumetal.com\/?s={search_term_string}"},"query-input":{"@type":"PropertyValueSpecification","valueRequired":true,"valueName":"search_term_string"}}],"inLanguage":"pt-BR"},{"@type":"Organization","@id":"https:\/\/www.cnalumetal.com\/#organization","name":"Alumetal","url":"https:\/\/www.cnalumetal.com\/","logo":{"@type":"ImageObject","inLanguage":"pt-BR","@id":"https:\/\/www.cnalumetal.com\/#\/schema\/logo\/image\/","url":"https:\/\/www.cnalumetal.com\/wp-content\/uploads\/2023\/05\/cropped-favicon.png","contentUrl":"https:\/\/www.cnalumetal.com\/wp-content\/uploads\/2023\/05\/cropped-favicon.png","width":512,"height":512,"caption":"Alumetal"},"image":{"@id":"https:\/\/www.cnalumetal.com\/#\/schema\/logo\/image\/"}}]}},"_links":{"self":[{"href":"https:\/\/www.cnalumetal.com\/pt-br\/wp-json\/wp\/v2\/pages\/10344","targetHints":{"allow":["GET"]}}],"collection":[{"href":"https:\/\/www.cnalumetal.com\/pt-br\/wp-json\/wp\/v2\/pages"}],"about":[{"href":"https:\/\/www.cnalumetal.com\/pt-br\/wp-json\/wp\/v2\/types\/page"}],"author":[{"embeddable":true,"href":"https:\/\/www.cnalumetal.com\/pt-br\/wp-json\/wp\/v2\/users\/1"}],"replies":[{"embeddable":true,"href":"https:\/\/www.cnalumetal.com\/pt-br\/wp-json\/wp\/v2\/comments?post=10344"}],"version-history":[{"count":2,"href":"https:\/\/www.cnalumetal.com\/pt-br\/wp-json\/wp\/v2\/pages\/10344\/revisions"}],"predecessor-version":[{"id":10346,"href":"https:\/\/www.cnalumetal.com\/pt-br\/wp-json\/wp\/v2\/pages\/10344\/revisions\/10346"}],"wp:attachment":[{"href":"https:\/\/www.cnalumetal.com\/pt-br\/wp-json\/wp\/v2\/media?parent=10344"}],"curies":[{"name":"wp","href":"https:\/\/api.w.org\/{rel}","templated":true}]}}