{"id":10337,"date":"2019-02-02T04:30:18","date_gmt":"2019-02-02T04:30:18","guid":{"rendered":"https:\/\/www.cnalumetal.com\/produtos"},"modified":"2023-09-07T08:42:58","modified_gmt":"2023-09-07T08:42:58","slug":"produtos","status":"publish","type":"page","link":"https:\/\/www.cnalumetal.com\/pt-br\/produtos","title":{"rendered":"Produtos"},"content":{"rendered":"<p>[vc_row][vc_column]<div class=\"themetechmount-boxes themetechmount-boxes-service themetechmount-boxes-view-default themetechmount-boxes-col-three themetechmount-boxes-sortable-no themetechmount-boxes-textalign-center tm-cta3-rev-heading\">\n\t\t<div class=\"themetechmount-boxes-inner themetechmount-boxes-service-inner \"><div class=\"themetechmount-box-heading-wrapper tm-element-align-center\"><div class=\"tm-element-heading-wrapper tm-heading-inner tm-element-align-center tm-seperator-solid tm-heading-style-vertical \"><section class=\"tm-vc_cta3-container\"><div class=\"tm-vc_general tm-vc_cta3 tm-cta3-only tm-vc_cta3-style-classic tm-vc_cta3-shape-rounded tm-vc_cta3-align-center tm-vc_cta3-color-transparent tm-vc_cta3-icon-size-md tm-vc_cta3-actions-no tm-cta3-without-desc\"><div class=\"tm-vc_cta3_content-container\"><div class=\"tm-vc_cta3-content\"><header class=\"tm-vc_cta3-content-header tm-wrap\"><div class=\"tm-vc_cta3-headers tm-wrap-cell\"><h4 class=\"tm-custom-heading \" >Alumetal<\/h4>\n<h2 class=\"tm-custom-heading \" >Our Products<\/h2>\n<\/div><\/header><\/div><\/div><\/div><\/section><\/div> <!-- .tm-element-heading-wrapper container --> <\/div> <!-- .tm-element-heading-wrapper container --> \n\t\t\t\n\t\t\t<div class=\"row multi-columns-row themetechmount-boxes-row-wrapper\">\n\t\t\t\t<div class=\"tm-box-col-wrapper col-lg-4 col-sm-6 col-md-4 col-xs-12 painel-composto-de-aluminio\"><article class=\"themetechmount-box themetechmount-box-service themetechmount-box-view-top-image themetechmount-service-box-view-top-image \">\r\n\t<div class=\"themetechmount-post-item\">\t\r\n\t\t<div class=\"themetechmount-post-item-inner\">\r\n\t\t\t<div class=\"tm-featured-wrapper tm-tm_service-featured-wrapper\"><a href=\"https:\/\/www.cnalumetal.com\/pt-br\/products\/pvdf-painel-composto-de-aluminio\"><img loading=\"lazy\" decoding=\"async\" width=\"654\" height=\"494\" src=\"https:\/\/www.cnalumetal.com\/wp-content\/uploads\/2023\/04\/pvdf-aluminum-composite-panel-654x494.jpg\" class=\"attachment-themetechmount-img-blog-top size-themetechmount-img-blog-top wp-post-image\" alt=\"\" data-id=\"5061\" \/><\/a><\/div>\t\t<\/div>\t\t\r\n\t\t<div class=\"themetechmount-box-bottom-content\">\t\t\r\n\t\t\t<div class=\"themetechmount-box-title\"><h4><a href=\"https:\/\/www.cnalumetal.com\/pt-br\/products\/pvdf-painel-composto-de-aluminio\">PVDF Painel Composto de Alum\u00ednio<\/a><\/h4><\/div>\t\t\t<div class=\"themetechmount-box-desc\">\r\n\t\t\t\t\t\t\t\t<div class=\"tm-short-desc\">\r\n\t\t\t\t\tAlumetal 2-6mm de espessura do painel composto de alum\u00ednio ACM\t\t\t\t<\/div>\r\n\t\t\t\t\t\t<\/div> \r\n\t\t\t<div class=\"themetechmount-serviceboxbox-readmore\">\r\n\t\t\t\t<a href=\"https:\/\/www.cnalumetal.com\/pt-br\/products\/pvdf-painel-composto-de-aluminio\">LEARN MORE<\/a>\t\t\t<\/div>\r\n\t\t<\/div>\r\n\t<\/div>\r\n<\/article><\/div><div class=\"tm-box-col-wrapper col-lg-4 col-sm-6 col-md-4 col-xs-12 painel-de-favo-de-mel\"><article class=\"themetechmount-box themetechmount-box-service themetechmount-box-view-top-image themetechmount-service-box-view-top-image \">\r\n\t<div class=\"themetechmount-post-item\">\t\r\n\t\t<div class=\"themetechmount-post-item-inner\">\r\n\t\t\t<div class=\"tm-featured-wrapper tm-tm_service-featured-wrapper\"><a href=\"https:\/\/www.cnalumetal.com\/pt-br\/products\/painel-de-favo-de-mel-de-aluminio\"><img loading=\"lazy\" decoding=\"async\" width=\"654\" height=\"494\" src=\"https:\/\/www.cnalumetal.com\/wp-content\/uploads\/2019\/02\/01-2-654x494.jpg\" class=\"attachment-themetechmount-img-blog-top size-themetechmount-img-blog-top wp-post-image\" alt=\"\" data-id=\"5117\" \/><\/a><\/div>\t\t<\/div>\t\t\r\n\t\t<div class=\"themetechmount-box-bottom-content\">\t\t\r\n\t\t\t<div class=\"themetechmount-box-title\"><h4><a href=\"https:\/\/www.cnalumetal.com\/pt-br\/products\/painel-de-favo-de-mel-de-aluminio\">Painel de favo de mel de alum\u00ednio<\/a><\/h4><\/div>\t\t\t<div class=\"themetechmount-box-desc\">\r\n\t\t\t\t\t\t\t\t<div class=\"tm-short-desc\">\r\n\t\t\t\t\taplica\u00e7\u00f5es, como revestimento de paredes externas e internas, teto, cobertura, divis\u00f3rias, portas e m\u00f3veis.\t\t\t\t<\/div>\r\n\t\t\t\t\t\t<\/div> \r\n\t\t\t<div class=\"themetechmount-serviceboxbox-readmore\">\r\n\t\t\t\t<a href=\"https:\/\/www.cnalumetal.com\/pt-br\/products\/painel-de-favo-de-mel-de-aluminio\">LEARN MORE<\/a>\t\t\t<\/div>\r\n\t\t<\/div>\r\n\t<\/div>\r\n<\/article><\/div><div class=\"tm-box-col-wrapper col-lg-4 col-sm-6 col-md-4 col-xs-12 bobina-de-aluminio-revestido\"><article class=\"themetechmount-box themetechmount-box-service themetechmount-box-view-top-image themetechmount-service-box-view-top-image \">\r\n\t<div class=\"themetechmount-post-item\">\t\r\n\t\t<div class=\"themetechmount-post-item-inner\">\r\n\t\t\t<div class=\"tm-featured-wrapper tm-tm_service-featured-wrapper\"><a href=\"https:\/\/www.cnalumetal.com\/pt-br\/products\/bobina-de-aluminio-revestido\"><img loading=\"lazy\" decoding=\"async\" width=\"654\" height=\"494\" src=\"https:\/\/www.cnalumetal.com\/wp-content\/uploads\/2023\/05\/01-654x494.jpg\" class=\"attachment-themetechmount-img-blog-top size-themetechmount-img-blog-top wp-post-image\" alt=\"\" data-id=\"5685\" \/><\/a><\/div>\t\t<\/div>\t\t\r\n\t\t<div class=\"themetechmount-box-bottom-content\">\t\t\r\n\t\t\t<div class=\"themetechmount-box-title\"><h4><a href=\"https:\/\/www.cnalumetal.com\/pt-br\/products\/bobina-de-aluminio-revestido\">Bobina de Alum\u00ednio Revestido<\/a><\/h4><\/div>\t\t\t<div class=\"themetechmount-box-desc\">\r\n\t\t\t\t\t\t\t\t<div class=\"tm-short-desc\">\r\n\t\t\t\t\tProdutos de alum\u00ednio revestido de alta qualidade s\u00e3o amplamente utilizados em decora\u00e7\u00e3o interior e exterior.\t\t\t\t<\/div>\r\n\t\t\t\t\t\t<\/div> \r\n\t\t\t<div class=\"themetechmount-serviceboxbox-readmore\">\r\n\t\t\t\t<a href=\"https:\/\/www.cnalumetal.com\/pt-br\/products\/bobina-de-aluminio-revestido\">LEARN MORE<\/a>\t\t\t<\/div>\r\n\t\t<\/div>\r\n\t<\/div>\r\n<\/article><\/div><div class=\"tm-box-col-wrapper col-lg-4 col-sm-6 col-md-4 col-xs-12 chapa-de-aluminio\"><article class=\"themetechmount-box themetechmount-box-service themetechmount-box-view-top-image themetechmount-service-box-view-top-image \">\r\n\t<div class=\"themetechmount-post-item\">\t\r\n\t\t<div class=\"themetechmount-post-item-inner\">\r\n\t\t\t<div class=\"tm-featured-wrapper tm-tm_service-featured-wrapper\"><a href=\"https:\/\/www.cnalumetal.com\/pt-br\/products\/chapa-de-aluminio-pintada\"><img loading=\"lazy\" decoding=\"async\" width=\"654\" height=\"494\" src=\"https:\/\/www.cnalumetal.com\/wp-content\/uploads\/2023\/05\/01-2-654x494.jpg\" class=\"attachment-themetechmount-img-blog-top size-themetechmount-img-blog-top wp-post-image\" alt=\"\" data-id=\"10366\" \/><\/a><\/div>\t\t<\/div>\t\t\r\n\t\t<div class=\"themetechmount-box-bottom-content\">\t\t\r\n\t\t\t<div class=\"themetechmount-box-title\"><h4><a href=\"https:\/\/www.cnalumetal.com\/pt-br\/products\/chapa-de-aluminio-pintada\">Chapa de Alum\u00ednio Pintada<\/a><\/h4><\/div>\t\t\t<div class=\"themetechmount-box-desc\">\r\n\t\t\t\t\t\t\t\t<div class=\"tm-short-desc\">\r\n\t\t\t\t\tChapa de Alum\u00ednio para Sublima\u00e7\u00e3o, Painel Perfurado de Alum\u00ednio, Chapa de Alum\u00ednio Revestida\t\t\t\t<\/div>\r\n\t\t\t\t\t\t<\/div> \r\n\t\t\t<div class=\"themetechmount-serviceboxbox-readmore\">\r\n\t\t\t\t<a href=\"https:\/\/www.cnalumetal.com\/pt-br\/products\/chapa-de-aluminio-pintada\">LEARN MORE<\/a>\t\t\t<\/div>\r\n\t\t<\/div>\r\n\t<\/div>\r\n<\/article><\/div><div class=\"tm-box-col-wrapper col-lg-4 col-sm-6 col-md-4 col-xs-12 painel-de-aluminio-corrugado\"><article class=\"themetechmount-box themetechmount-box-service themetechmount-box-view-top-image themetechmount-service-box-view-top-image \">\r\n\t<div class=\"themetechmount-post-item\">\t\r\n\t\t<div class=\"themetechmount-post-item-inner\">\r\n\t\t\t<div class=\"tm-featured-wrapper tm-tm_service-featured-wrapper\"><a href=\"https:\/\/www.cnalumetal.com\/pt-br\/products\/painel-corrugado-de-aluminio\"><img loading=\"lazy\" decoding=\"async\" width=\"654\" height=\"494\" src=\"https:\/\/www.cnalumetal.com\/wp-content\/uploads\/2023\/05\/1-1-654x494.jpg\" class=\"attachment-themetechmount-img-blog-top size-themetechmount-img-blog-top wp-post-image\" alt=\"\" data-id=\"10379\" \/><\/a><\/div>\t\t<\/div>\t\t\r\n\t\t<div class=\"themetechmount-box-bottom-content\">\t\t\r\n\t\t\t<div class=\"themetechmount-box-title\"><h4><a href=\"https:\/\/www.cnalumetal.com\/pt-br\/products\/painel-corrugado-de-aluminio\">Painel Corrugado de Alum\u00ednio<\/a><\/h4><\/div>\t\t\t<div class=\"themetechmount-box-desc\">\r\n\t\t\t\t\t\t\t\t<div class=\"tm-short-desc\">\r\n\t\t\t\t\tPainel Corrugado de Alum\u00ednio Revestido com ACP PVDF \u00e0 Prova de Fogo Classe B1 A2\t\t\t\t<\/div>\r\n\t\t\t\t\t\t<\/div> \r\n\t\t\t<div class=\"themetechmount-serviceboxbox-readmore\">\r\n\t\t\t\t<a href=\"https:\/\/www.cnalumetal.com\/pt-br\/products\/painel-corrugado-de-aluminio\">LEARN MORE<\/a>\t\t\t<\/div>\r\n\t\t<\/div>\r\n\t<\/div>\r\n<\/article><\/div><div class=\"tm-box-col-wrapper col-lg-4 col-sm-6 col-md-4 col-xs-12 painel-composto-de-aluminio\"><article class=\"themetechmount-box themetechmount-box-service themetechmount-box-view-top-image themetechmount-service-box-view-top-image \">\r\n\t<div class=\"themetechmount-post-item\">\t\r\n\t\t<div class=\"themetechmount-post-item-inner\">\r\n\t\t\t<div class=\"tm-featured-wrapper tm-tm_service-featured-wrapper\"><a href=\"https:\/\/www.cnalumetal.com\/pt-br\/products\/painel-composto-de-aluminio-escovado\"><img loading=\"lazy\" decoding=\"async\" width=\"654\" height=\"494\" src=\"https:\/\/www.cnalumetal.com\/wp-content\/uploads\/2023\/04\/1-5-654x494.jpg\" class=\"attachment-themetechmount-img-blog-top size-themetechmount-img-blog-top wp-post-image\" alt=\"\" data-id=\"5441\" \/><\/a><\/div>\t\t<\/div>\t\t\r\n\t\t<div class=\"themetechmount-box-bottom-content\">\t\t\r\n\t\t\t<div class=\"themetechmount-box-title\"><h4><a href=\"https:\/\/www.cnalumetal.com\/pt-br\/products\/painel-composto-de-aluminio-escovado\">Painel composto de alum\u00ednio escovado<\/a><\/h4><\/div>\t\t\t<div class=\"themetechmount-box-desc\">\r\n\t\t\t\t\t\t\t\t<div class=\"tm-short-desc\">\r\n\t\t\t\t\tPainel Composto de Alum\u00ednio Escovado de 0,15mm a 6mm N\u00facleo de PVC ou PE\t\t\t\t<\/div>\r\n\t\t\t\t\t\t<\/div> \r\n\t\t\t<div class=\"themetechmount-serviceboxbox-readmore\">\r\n\t\t\t\t<a href=\"https:\/\/www.cnalumetal.com\/pt-br\/products\/painel-composto-de-aluminio-escovado\">LEARN MORE<\/a>\t\t\t<\/div>\r\n\t\t<\/div>\r\n\t<\/div>\r\n<\/article><\/div><div class=\"tm-box-col-wrapper col-lg-4 col-sm-6 col-md-4 col-xs-12 painel-composto-de-aluminio\"><article class=\"themetechmount-box themetechmount-box-service themetechmount-box-view-top-image themetechmount-service-box-view-top-image \">\r\n\t<div class=\"themetechmount-post-item\">\t\r\n\t\t<div class=\"themetechmount-post-item-inner\">\r\n\t\t\t<div class=\"tm-featured-wrapper tm-tm_service-featured-wrapper\"><a href=\"https:\/\/www.cnalumetal.com\/pt-br\/products\/painel-composto-de-aluminio-espelhado\"><img loading=\"lazy\" decoding=\"async\" width=\"654\" height=\"494\" src=\"https:\/\/www.cnalumetal.com\/wp-content\/uploads\/2023\/04\/01-2-654x494.jpg\" class=\"attachment-themetechmount-img-blog-top size-themetechmount-img-blog-top wp-post-image\" alt=\"\" data-id=\"5501\" \/><\/a><\/div>\t\t<\/div>\t\t\r\n\t\t<div class=\"themetechmount-box-bottom-content\">\t\t\r\n\t\t\t<div class=\"themetechmount-box-title\"><h4><a href=\"https:\/\/www.cnalumetal.com\/pt-br\/products\/painel-composto-de-aluminio-espelhado\">Painel composto de alum\u00ednio espelhado<\/a><\/h4><\/div>\t\t\t<div class=\"themetechmount-box-desc\">\r\n\t\t\t\t\t\t\t\t<div class=\"tm-short-desc\">\r\n\t\t\t\t\tPainel composto de alum\u00ednio espelhado de alta reflex\u00e3o \u00e0 prova de fogo\t\t\t\t<\/div>\r\n\t\t\t\t\t\t<\/div> \r\n\t\t\t<div class=\"themetechmount-serviceboxbox-readmore\">\r\n\t\t\t\t<a href=\"https:\/\/www.cnalumetal.com\/pt-br\/products\/painel-composto-de-aluminio-espelhado\">LEARN MORE<\/a>\t\t\t<\/div>\r\n\t\t<\/div>\r\n\t<\/div>\r\n<\/article><\/div><div class=\"tm-box-col-wrapper col-lg-4 col-sm-6 col-md-4 col-xs-12 painel-composto-de-metal\"><article class=\"themetechmount-box themetechmount-box-service themetechmount-box-view-top-image themetechmount-service-box-view-top-image \">\r\n\t<div class=\"themetechmount-post-item\">\t\r\n\t\t<div class=\"themetechmount-post-item-inner\">\r\n\t\t\t<div class=\"tm-featured-wrapper tm-tm_service-featured-wrapper\"><a href=\"https:\/\/www.cnalumetal.com\/pt-br\/products\/painel-composto-de-metal\"><img loading=\"lazy\" decoding=\"async\" width=\"654\" height=\"494\" src=\"https:\/\/www.cnalumetal.com\/wp-content\/uploads\/2023\/04\/01-4-654x494.jpg\" class=\"attachment-themetechmount-img-blog-top size-themetechmount-img-blog-top wp-post-image\" alt=\"\" data-id=\"5577\" \/><\/a><\/div>\t\t<\/div>\t\t\r\n\t\t<div class=\"themetechmount-box-bottom-content\">\t\t\r\n\t\t\t<div class=\"themetechmount-box-title\"><h4><a href=\"https:\/\/www.cnalumetal.com\/pt-br\/products\/painel-composto-de-metal\">Painel Composto de Metal<\/a><\/h4><\/div>\t\t\t<div class=\"themetechmount-box-desc\">\r\n\t\t\t\t\t\t\t\t<div class=\"tm-short-desc\">\r\n\t\t\t\t\tque pode ser feito de uma variedade de materiais, incluindo polietileno, n\u00facleo mineral retardador de fogo ou outros materiais.\t\t\t\t<\/div>\r\n\t\t\t\t\t\t<\/div> \r\n\t\t\t<div class=\"themetechmount-serviceboxbox-readmore\">\r\n\t\t\t\t<a href=\"https:\/\/www.cnalumetal.com\/pt-br\/products\/painel-composto-de-metal\">LEARN MORE<\/a>\t\t\t<\/div>\r\n\t\t<\/div>\r\n\t<\/div>\r\n<\/article><\/div><div class=\"tm-box-col-wrapper col-lg-4 col-sm-6 col-md-4 col-xs-12 painel-composto-de-aluminio\"><article class=\"themetechmount-box themetechmount-box-service themetechmount-box-view-top-image themetechmount-service-box-view-top-image \">\r\n\t<div class=\"themetechmount-post-item\">\t\r\n\t\t<div class=\"themetechmount-post-item-inner\">\r\n\t\t\t<div class=\"tm-featured-wrapper tm-tm_service-featured-wrapper\"><a href=\"https:\/\/www.cnalumetal.com\/pt-br\/products\/painel-composto-de-aluminio-pe\"><img loading=\"lazy\" decoding=\"async\" width=\"654\" height=\"494\" src=\"https:\/\/www.cnalumetal.com\/wp-content\/uploads\/2019\/02\/01-654x494.jpg\" class=\"attachment-themetechmount-img-blog-top size-themetechmount-img-blog-top wp-post-image\" alt=\"\" data-id=\"5065\" \/><\/a><\/div>\t\t<\/div>\t\t\r\n\t\t<div class=\"themetechmount-box-bottom-content\">\t\t\r\n\t\t\t<div class=\"themetechmount-box-title\"><h4><a href=\"https:\/\/www.cnalumetal.com\/pt-br\/products\/painel-composto-de-aluminio-pe\">Painel composto de alum\u00ednio PE<\/a><\/h4><\/div>\t\t\t<div class=\"themetechmount-box-desc\">\r\n\t\t\t\t\t\t\t\t<div class=\"tm-short-desc\">\r\n\t\t\t\t\tPlaca de sandu\u00edche composta de alum\u00ednio do painel do PE Nano \u00e0 prova de fogo\t\t\t\t<\/div>\r\n\t\t\t\t\t\t<\/div> \r\n\t\t\t<div class=\"themetechmount-serviceboxbox-readmore\">\r\n\t\t\t\t<a href=\"https:\/\/www.cnalumetal.com\/pt-br\/products\/painel-composto-de-aluminio-pe\">LEARN MORE<\/a>\t\t\t<\/div>\r\n\t\t<\/div>\r\n\t<\/div>\r\n<\/article><\/div><div class=\"tm-box-col-wrapper col-lg-4 col-sm-6 col-md-4 col-xs-12 painel-composto-de-aluminio\"><article class=\"themetechmount-box themetechmount-box-service themetechmount-box-view-top-image themetechmount-service-box-view-top-image \">\r\n\t<div class=\"themetechmount-post-item\">\t\r\n\t\t<div class=\"themetechmount-post-item-inner\">\r\n\t\t\t<div class=\"tm-featured-wrapper tm-tm_service-featured-wrapper\"><a href=\"https:\/\/www.cnalumetal.com\/pt-br\/products\/painel-composto-de-aluminio-a-prova-de-fogo\"><img loading=\"lazy\" decoding=\"async\" width=\"654\" height=\"494\" src=\"https:\/\/www.cnalumetal.com\/wp-content\/uploads\/2019\/02\/01-3-654x494.jpg\" class=\"attachment-themetechmount-img-blog-top size-themetechmount-img-blog-top wp-post-image\" alt=\"\" data-id=\"5157\" \/><\/a><\/div>\t\t<\/div>\t\t\r\n\t\t<div class=\"themetechmount-box-bottom-content\">\t\t\r\n\t\t\t<div class=\"themetechmount-box-title\"><h4><a href=\"https:\/\/www.cnalumetal.com\/pt-br\/products\/painel-composto-de-aluminio-a-prova-de-fogo\">Painel Composto de Alum\u00ednio \u00e0 Prova de Fogo<\/a><\/h4><\/div>\t\t\t<div class=\"themetechmount-box-desc\">\r\n\t\t\t\t\t\t\t\t<div class=\"tm-short-desc\">\r\n\t\t\t\t\tPainel Composto de Alum\u00ednio \u00e0 Prova de Fogo Alumetal B1 A2\t\t\t\t<\/div>\r\n\t\t\t\t\t\t<\/div> \r\n\t\t\t<div class=\"themetechmount-serviceboxbox-readmore\">\r\n\t\t\t\t<a href=\"https:\/\/www.cnalumetal.com\/pt-br\/products\/painel-composto-de-aluminio-a-prova-de-fogo\">LEARN MORE<\/a>\t\t\t<\/div>\r\n\t\t<\/div>\r\n\t<\/div>\r\n<\/article><\/div><div class=\"tm-box-col-wrapper col-lg-4 col-sm-6 col-md-4 col-xs-12 painel-composto-de-aluminio\"><article class=\"themetechmount-box themetechmount-box-service themetechmount-box-view-top-image themetechmount-service-box-view-top-image \">\r\n\t<div class=\"themetechmount-post-item\">\t\r\n\t\t<div class=\"themetechmount-post-item-inner\">\r\n\t\t\t<div class=\"tm-featured-wrapper tm-tm_service-featured-wrapper\"><a href=\"https:\/\/www.cnalumetal.com\/pt-br\/products\/painel-composto-de-aluminio-de-madeira\"><img loading=\"lazy\" decoding=\"async\" width=\"654\" height=\"494\" src=\"https:\/\/www.cnalumetal.com\/wp-content\/uploads\/2024\/05\/wooden-aluminum-composite-panel0001-654x494.webp\" class=\"attachment-themetechmount-img-blog-top size-themetechmount-img-blog-top wp-post-image\" alt=\"wooden-aluminum-composite-panel\" data-id=\"12061\" \/><\/a><\/div>\t\t<\/div>\t\t\r\n\t\t<div class=\"themetechmount-box-bottom-content\">\t\t\r\n\t\t\t<div class=\"themetechmount-box-title\"><h4><a href=\"https:\/\/www.cnalumetal.com\/pt-br\/products\/painel-composto-de-aluminio-de-madeira\">Painel composto de alum\u00ednio de madeira<\/a><\/h4><\/div>\t\t\t<div class=\"themetechmount-box-desc\">\r\n\t\t\t\t\t\t\t\t<div class=\"tm-short-desc\">\r\n\t\t\t\t\tPainel composto de alum\u00ednio ACP \/ ACM de madeira de 3-6 mm\t\t\t\t<\/div>\r\n\t\t\t\t\t\t<\/div> \r\n\t\t\t<div class=\"themetechmount-serviceboxbox-readmore\">\r\n\t\t\t\t<a href=\"https:\/\/www.cnalumetal.com\/pt-br\/products\/painel-composto-de-aluminio-de-madeira\">LEARN MORE<\/a>\t\t\t<\/div>\r\n\t\t<\/div>\r\n\t<\/div>\r\n<\/article><\/div><div class=\"tm-box-col-wrapper col-lg-4 col-sm-6 col-md-4 col-xs-12 painel-composto-de-aluminio\"><article class=\"themetechmount-box themetechmount-box-service themetechmount-box-view-top-image themetechmount-service-box-view-top-image \">\r\n\t<div class=\"themetechmount-post-item\">\t\r\n\t\t<div class=\"themetechmount-post-item-inner\">\r\n\t\t\t<div class=\"tm-featured-wrapper tm-tm_service-featured-wrapper\"><a href=\"https:\/\/www.cnalumetal.com\/pt-br\/products\/painel-composto-de-aluminio-com-aparencia-de-marmore\"><img loading=\"lazy\" decoding=\"async\" width=\"654\" height=\"494\" src=\"https:\/\/www.cnalumetal.com\/wp-content\/uploads\/2023\/04\/01-3-654x494.jpg\" class=\"attachment-themetechmount-img-blog-top size-themetechmount-img-blog-top wp-post-image\" alt=\"\" data-id=\"5545\" \/><\/a><\/div>\t\t<\/div>\t\t\r\n\t\t<div class=\"themetechmount-box-bottom-content\">\t\t\r\n\t\t\t<div class=\"themetechmount-box-title\"><h4><a href=\"https:\/\/www.cnalumetal.com\/pt-br\/products\/painel-composto-de-aluminio-com-aparencia-de-marmore\">Painel Composto de Alum\u00ednio com Apar\u00eancia de M\u00e1rmore<\/a><\/h4><\/div>\t\t\t<div class=\"themetechmount-box-desc\">\r\n\t\t\t\t\t\t\t\t<div class=\"tm-short-desc\">\r\n\t\t\t\t\tPainel Composto Decorativo com Apar\u00eancia de M\u00e1rmore Antiest\u00e1tico\t\t\t\t<\/div>\r\n\t\t\t\t\t\t<\/div> \r\n\t\t\t<div class=\"themetechmount-serviceboxbox-readmore\">\r\n\t\t\t\t<a href=\"https:\/\/www.cnalumetal.com\/pt-br\/products\/painel-composto-de-aluminio-com-aparencia-de-marmore\">LEARN MORE<\/a>\t\t\t<\/div>\r\n\t\t<\/div>\r\n\t<\/div>\r\n<\/article><\/div>\n\t\t\t<\/div>\n\t\t<div class=\"clearfix\"><\/div><\/div><!-- .themetechmount-boxes-inner -->   <\/div><!-- .themetechmount-boxes -->  [\/vc_column][\/vc_row]<\/p>\n","protected":false},"excerpt":{"rendered":"<p>[vc_row][vc_column][\/vc_column][\/vc_row]<\/p>\n","protected":false},"author":1,"featured_media":0,"parent":0,"menu_order":12,"comment_status":"closed","ping_status":"closed","template":"","meta":{"footnotes":""},"class_list":["post-10337","page","type-page","status-publish","hentry"],"yoast_head":"<!-- This site is optimized with the Yoast SEO plugin v27.2 - https:\/\/yoast.com\/product\/yoast-seo-wordpress\/ -->\n<title>Produtos - Alumetal<\/title>\n<meta name=\"robots\" content=\"index, follow, max-snippet:-1, max-image-preview:large, max-video-preview:-1\" \/>\n<link rel=\"canonical\" href=\"https:\/\/www.cnalumetal.com\/pt-br\/produtos\" \/>\n<meta property=\"og:locale\" content=\"pt_BR\" \/>\n<meta property=\"og:type\" content=\"article\" \/>\n<meta property=\"og:title\" content=\"Produtos - Alumetal\" \/>\n<meta property=\"og:description\" content=\"[vc_row][vc_column][\/vc_column][\/vc_row]\" \/>\n<meta property=\"og:url\" content=\"https:\/\/www.cnalumetal.com\/pt-br\/produtos\" \/>\n<meta property=\"og:site_name\" content=\"Alumetal\" \/>\n<meta property=\"article:modified_time\" content=\"2023-09-07T08:42:58+00:00\" \/>\n<meta name=\"twitter:card\" content=\"summary_large_image\" \/>\n<script type=\"application\/ld+json\" class=\"yoast-schema-graph\">{\"@context\":\"https:\/\/schema.org\",\"@graph\":[{\"@type\":\"WebPage\",\"@id\":\"https:\/\/www.cnalumetal.com\/pt-br\/produtos\",\"url\":\"https:\/\/www.cnalumetal.com\/pt-br\/produtos\",\"name\":\"Produtos - Alumetal\",\"isPartOf\":{\"@id\":\"https:\/\/www.cnalumetal.com\/#website\"},\"datePublished\":\"2019-02-02T04:30:18+00:00\",\"dateModified\":\"2023-09-07T08:42:58+00:00\",\"breadcrumb\":{\"@id\":\"https:\/\/www.cnalumetal.com\/pt-br\/produtos#breadcrumb\"},\"inLanguage\":\"pt-BR\",\"potentialAction\":[{\"@type\":\"ReadAction\",\"target\":[\"https:\/\/www.cnalumetal.com\/pt-br\/produtos\"]}]},{\"@type\":\"BreadcrumbList\",\"@id\":\"https:\/\/www.cnalumetal.com\/pt-br\/produtos#breadcrumb\",\"itemListElement\":[{\"@type\":\"ListItem\",\"position\":1,\"name\":\"Home\",\"item\":\"https:\/\/www.cnalumetal.com\/pt-br\/fabricante-de-painel-composto-de-aluminio\"},{\"@type\":\"ListItem\",\"position\":2,\"name\":\"Produtos\"}]},{\"@type\":\"WebSite\",\"@id\":\"https:\/\/www.cnalumetal.com\/#website\",\"url\":\"https:\/\/www.cnalumetal.com\/\",\"name\":\"Alumetal\",\"description\":\"\",\"publisher\":{\"@id\":\"https:\/\/www.cnalumetal.com\/#organization\"},\"potentialAction\":[{\"@type\":\"SearchAction\",\"target\":{\"@type\":\"EntryPoint\",\"urlTemplate\":\"https:\/\/www.cnalumetal.com\/?s={search_term_string}\"},\"query-input\":{\"@type\":\"PropertyValueSpecification\",\"valueRequired\":true,\"valueName\":\"search_term_string\"}}],\"inLanguage\":\"pt-BR\"},{\"@type\":\"Organization\",\"@id\":\"https:\/\/www.cnalumetal.com\/#organization\",\"name\":\"Alumetal\",\"url\":\"https:\/\/www.cnalumetal.com\/\",\"logo\":{\"@type\":\"ImageObject\",\"inLanguage\":\"pt-BR\",\"@id\":\"https:\/\/www.cnalumetal.com\/#\/schema\/logo\/image\/\",\"url\":\"https:\/\/www.cnalumetal.com\/wp-content\/uploads\/2023\/05\/cropped-favicon.png\",\"contentUrl\":\"https:\/\/www.cnalumetal.com\/wp-content\/uploads\/2023\/05\/cropped-favicon.png\",\"width\":512,\"height\":512,\"caption\":\"Alumetal\"},\"image\":{\"@id\":\"https:\/\/www.cnalumetal.com\/#\/schema\/logo\/image\/\"}}]}<\/script>\n<!-- \/ Yoast SEO plugin. -->","yoast_head_json":{"title":"Produtos - Alumetal","robots":{"index":"index","follow":"follow","max-snippet":"max-snippet:-1","max-image-preview":"max-image-preview:large","max-video-preview":"max-video-preview:-1"},"canonical":"https:\/\/www.cnalumetal.com\/pt-br\/produtos","og_locale":"pt_BR","og_type":"article","og_title":"Produtos - Alumetal","og_description":"[vc_row][vc_column][\/vc_column][\/vc_row]","og_url":"https:\/\/www.cnalumetal.com\/pt-br\/produtos","og_site_name":"Alumetal","article_modified_time":"2023-09-07T08:42:58+00:00","twitter_card":"summary_large_image","schema":{"@context":"https:\/\/schema.org","@graph":[{"@type":"WebPage","@id":"https:\/\/www.cnalumetal.com\/pt-br\/produtos","url":"https:\/\/www.cnalumetal.com\/pt-br\/produtos","name":"Produtos - Alumetal","isPartOf":{"@id":"https:\/\/www.cnalumetal.com\/#website"},"datePublished":"2019-02-02T04:30:18+00:00","dateModified":"2023-09-07T08:42:58+00:00","breadcrumb":{"@id":"https:\/\/www.cnalumetal.com\/pt-br\/produtos#breadcrumb"},"inLanguage":"pt-BR","potentialAction":[{"@type":"ReadAction","target":["https:\/\/www.cnalumetal.com\/pt-br\/produtos"]}]},{"@type":"BreadcrumbList","@id":"https:\/\/www.cnalumetal.com\/pt-br\/produtos#breadcrumb","itemListElement":[{"@type":"ListItem","position":1,"name":"Home","item":"https:\/\/www.cnalumetal.com\/pt-br\/fabricante-de-painel-composto-de-aluminio"},{"@type":"ListItem","position":2,"name":"Produtos"}]},{"@type":"WebSite","@id":"https:\/\/www.cnalumetal.com\/#website","url":"https:\/\/www.cnalumetal.com\/","name":"Alumetal","description":"","publisher":{"@id":"https:\/\/www.cnalumetal.com\/#organization"},"potentialAction":[{"@type":"SearchAction","target":{"@type":"EntryPoint","urlTemplate":"https:\/\/www.cnalumetal.com\/?s={search_term_string}"},"query-input":{"@type":"PropertyValueSpecification","valueRequired":true,"valueName":"search_term_string"}}],"inLanguage":"pt-BR"},{"@type":"Organization","@id":"https:\/\/www.cnalumetal.com\/#organization","name":"Alumetal","url":"https:\/\/www.cnalumetal.com\/","logo":{"@type":"ImageObject","inLanguage":"pt-BR","@id":"https:\/\/www.cnalumetal.com\/#\/schema\/logo\/image\/","url":"https:\/\/www.cnalumetal.com\/wp-content\/uploads\/2023\/05\/cropped-favicon.png","contentUrl":"https:\/\/www.cnalumetal.com\/wp-content\/uploads\/2023\/05\/cropped-favicon.png","width":512,"height":512,"caption":"Alumetal"},"image":{"@id":"https:\/\/www.cnalumetal.com\/#\/schema\/logo\/image\/"}}]}},"_links":{"self":[{"href":"https:\/\/www.cnalumetal.com\/pt-br\/wp-json\/wp\/v2\/pages\/10337","targetHints":{"allow":["GET"]}}],"collection":[{"href":"https:\/\/www.cnalumetal.com\/pt-br\/wp-json\/wp\/v2\/pages"}],"about":[{"href":"https:\/\/www.cnalumetal.com\/pt-br\/wp-json\/wp\/v2\/types\/page"}],"author":[{"embeddable":true,"href":"https:\/\/www.cnalumetal.com\/pt-br\/wp-json\/wp\/v2\/users\/1"}],"replies":[{"embeddable":true,"href":"https:\/\/www.cnalumetal.com\/pt-br\/wp-json\/wp\/v2\/comments?post=10337"}],"version-history":[{"count":1,"href":"https:\/\/www.cnalumetal.com\/pt-br\/wp-json\/wp\/v2\/pages\/10337\/revisions"}],"predecessor-version":[{"id":10338,"href":"https:\/\/www.cnalumetal.com\/pt-br\/wp-json\/wp\/v2\/pages\/10337\/revisions\/10338"}],"wp:attachment":[{"href":"https:\/\/www.cnalumetal.com\/pt-br\/wp-json\/wp\/v2\/media?parent=10337"}],"curies":[{"name":"wp","href":"https:\/\/api.w.org\/{rel}","templated":true}]}}