{"id":10331,"date":"2023-06-27T06:52:58","date_gmt":"2023-06-27T06:52:58","guid":{"rendered":"https:\/\/www.cnalumetal.com\/video"},"modified":"2023-09-07T08:26:36","modified_gmt":"2023-09-07T08:26:36","slug":"video","status":"publish","type":"page","link":"https:\/\/www.cnalumetal.com\/pt-br\/video","title":{"rendered":"v\u00eddeo"},"content":{"rendered":"<p>[vc_row tm_bgimagefixed=&#8221;&#8221; full_width=&#8221;stretch_row_content&#8221;][vc_column][vc_tta_tabs style=&#8221;modern&#8221; spacing=&#8221;10&#8243; alignment=&#8221;center&#8221; active_section=&#8221;1&#8243;][vc_tta_section title=&#8221;Produtos&#8221; tab_id=&#8221;1687836006362-5d492962-615f&#8221;][vc_row_inner css=&#8221;.vc_custom_1687853120939{padding-top: 30px !important;}&#8221; tm_responsive_css=&#8221;41109036|colbreak_no|||||||||colbreak_no|||||||||colbreak_no||||||||||colbreak_no|||||||||&#8221;][vc_column_inner width=&#8221;1\/4&#8243;][vc_video link=&#8221;https:\/\/youtu.be\/8-OQLJ1U6TI&#8221;][vc_video link=&#8221;https:\/\/youtu.be\/9Yu-R-lv8O8&#8243;][vc_video link=&#8221;https:\/\/youtu.be\/iLDshVf8Ocw&#8221;][\/vc_column_inner][vc_column_inner width=&#8221;1\/4&#8243;][vc_video link=&#8221;https:\/\/youtu.be\/7n3H80M4rSw&#8221;][vc_video link=&#8221;https:\/\/youtu.be\/pLq-gCU18vQ&#8221;][vc_video link=&#8221;https:\/\/youtu.be\/dICy31zGBX8&#8243;][\/vc_column_inner][vc_column_inner width=&#8221;1\/4&#8243;][vc_video link=&#8221;https:\/\/youtu.be\/SBYvCqWtwAQ&#8221;][vc_video link=&#8221;https:\/\/youtu.be\/GHb_yDDwsVU&#8221;][vc_video link=&#8221;https:\/\/youtu.be\/8V_SAWnJsQA&#8221;][\/vc_column_inner][vc_column_inner width=&#8221;1\/4&#8243;][vc_video link=&#8221;https:\/\/youtu.be\/vU9I0KNxQeU&#8221;][vc_video link=&#8221;https:\/\/youtu.be\/F2OjTB4vBWw&#8221;][vc_video link=&#8221;https:\/\/youtu.be\/z_9VXDyuzrg&#8221;][\/vc_column_inner][\/vc_row_inner][\/vc_tta_section][vc_tta_section title=&#8221;Tecnologia&#8221; tab_id=&#8221;1687836056002-e0e6d570-b12f&#8221;][vc_row_inner css=&#8221;.vc_custom_1687853736957{padding-top: 30px !important;}&#8221; tm_responsive_css=&#8221;73912485|colbreak_no|||||||||colbreak_no|||||||||colbreak_no||||||||||colbreak_no|||||||||&#8221;][vc_column_inner width=&#8221;1\/4&#8243;][vc_video link=&#8221;https:\/\/youtu.be\/KP_JMvmJPFA&#8221;][vc_video link=&#8221;https:\/\/youtu.be\/-KwXNgnCQJw&#8221;][vc_video link=&#8221;https:\/\/youtu.be\/3d9KiyZoqbw&#8221;][\/vc_column_inner][vc_column_inner width=&#8221;1\/4&#8243;][vc_video link=&#8221;https:\/\/youtu.be\/2pJTPZolvBQ&#8221;][vc_video link=&#8221;https:\/\/youtu.be\/q6xQTQAHAHE&#8221;][vc_video link=&#8221;https:\/\/youtu.be\/Z5c6daEjUr8&#8243;][\/vc_column_inner][vc_column_inner width=&#8221;1\/4&#8243;][vc_video link=&#8221;https:\/\/youtu.be\/6Fm5RDy86J0&#8243;][vc_video link=&#8221;https:\/\/youtu.be\/mm1s5-4ZjB0&#8243;][vc_video link=&#8221;https:\/\/youtu.be\/LT33PPNSbpo&#8221;][\/vc_column_inner][vc_column_inner width=&#8221;1\/4&#8243;][vc_video link=&#8221;https:\/\/youtu.be\/-wZ1f4HJamQ&#8221;][vc_video link=&#8221;https:\/\/youtu.be\/78QKdfTq-fY&#8221;][vc_video link=&#8221;https:\/\/youtu.be\/buVdwpees8o&#8221;][\/vc_column_inner][\/vc_row_inner][\/vc_tta_section][vc_tta_section title=&#8221;Casos e Aplica\u00e7\u00e3o&#8221; tab_id=&#8221;1687836089599-65f8d9c3-b575&#8243;][vc_row_inner css=&#8221;.vc_custom_1687853817244{padding-top: 30px !important;}&#8221; tm_responsive_css=&#8221;60869732|colbreak_no|||||||||colbreak_no|||||||||colbreak_no||||||||||colbreak_no|||||||||&#8221;][vc_column_inner width=&#8221;1\/4&#8243;][vc_video link=&#8221;https:\/\/youtu.be\/KJlhgxg9lFY&#8221;][vc_video link=&#8221;https:\/\/youtu.be\/3sNr0d0Co6Q&#8221;][\/vc_column_inner][vc_column_inner width=&#8221;1\/4&#8243;][vc_video link=&#8221;https:\/\/youtu.be\/6c5HUdvUKjQ&#8221;][vc_video link=&#8221;https:\/\/youtu.be\/buVdwpees8o&#8221;][\/vc_column_inner][vc_column_inner width=&#8221;1\/4&#8243;][vc_video link=&#8221;https:\/\/youtu.be\/F2OjTB4vBWw&#8221;][vc_video link=&#8221;https:\/\/youtu.be\/uZq5g6Di1EI&#8221;][\/vc_column_inner][vc_column_inner width=&#8221;1\/4&#8243;][vc_video link=&#8221;https:\/\/youtu.be\/pLq-gCU18vQ&#8221;][vc_video link=&#8221;https:\/\/youtu.be\/-KwXNgnCQJw&#8221;][\/vc_column_inner][\/vc_row_inner][\/vc_tta_section][vc_tta_section title=&#8221;Teste&#8221; tab_id=&#8221;1687843322530-9b0834d2-81eb&#8221;][vc_row_inner css=&#8221;.vc_custom_1687853831211{padding-top: 30px !important;}&#8221; tm_responsive_css=&#8221;63679532|colbreak_no|||||||||colbreak_no|||||||||colbreak_no||||||||||colbreak_no|||||||||&#8221;][vc_column_inner width=&#8221;1\/4&#8243;][vc_video link=&#8221;https:\/\/youtu.be\/nCtpn9JZ1sU&#8221;][vc_video link=&#8221;https:\/\/youtu.be\/yXRwZ2LxAnM&#8221;][\/vc_column_inner][vc_column_inner width=&#8221;1\/4&#8243;][vc_video link=&#8221;https:\/\/youtu.be\/fA6zvcJ9A58&#8243;][vc_video link=&#8221;https:\/\/youtu.be\/pLq-gCU18vQ&#8221;][\/vc_column_inner][vc_column_inner width=&#8221;1\/4&#8243;][vc_video link=&#8221;https:\/\/youtu.be\/V4Z10G463RI&#8221;][vc_video link=&#8221;https:\/\/youtu.be\/GHb_yDDwsVU&#8221;][\/vc_column_inner][vc_column_inner width=&#8221;1\/4&#8243;][vc_video link=&#8221;https:\/\/youtu.be\/kLscPJrYbYY&#8221;][\/vc_column_inner][\/vc_row_inner][\/vc_tta_section][vc_tta_section title=&#8221;Empresa e F\u00e1brica&#8221; tab_id=&#8221;1687836072447-646a20f2-9e1d&#8221;][vc_row_inner css=&#8221;.vc_custom_1687853848291{padding-top: 30px !important;}&#8221; tm_responsive_css=&#8221;11391879|colbreak_no|||||||||colbreak_no|||||||||colbreak_no||||||||||colbreak_no|||||||||&#8221;][vc_column_inner width=&#8221;1\/4&#8243;][vc_video link=&#8221;https:\/\/youtu.be\/qhMgiN7wQik&#8221;][vc_video link=&#8221;https:\/\/youtu.be\/mm1s5-4ZjB0&#8243;][\/vc_column_inner][vc_column_inner width=&#8221;1\/4&#8243;][vc_video link=&#8221;https:\/\/youtu.be\/p2fqfmXJvlM&#8221;][vc_video link=&#8221;https:\/\/youtu.be\/q6zAbEw4Tj4&#8243;][\/vc_column_inner][vc_column_inner width=&#8221;1\/4&#8243;][vc_video link=&#8221;https:\/\/youtu.be\/WRg-FMfRQvY&#8221;][vc_video link=&#8221;https:\/\/youtu.be\/qUziIXj-9Pk&#8221;][\/vc_column_inner][vc_column_inner width=&#8221;1\/4&#8243;][vc_video link=&#8221;https:\/\/youtu.be\/KP_JMvmJPFA&#8221;][vc_video link=&#8221;https:\/\/youtu.be\/KP_JMvmJPFA&#8221;][\/vc_column_inner][\/vc_row_inner][\/vc_tta_section][\/vc_tta_tabs][vc_row_inner][vc_column_inner width=&#8221;1\/2&#8243;]<h2 style=\"text-align:left;\" class=\"tm-custom-heading \" >Alumetal\u00ae | Factory Journey<\/h2>\n[vc_column_text]A f\u00e1brica de pain\u00e9is compostos de alum\u00ednio Alumetal tem mais de 20 anos de experi\u00eancia. Bem-vindo a visitar nossa f\u00e1brica de pain\u00e9is compostos de alum\u00ednio.<\/p>\n<p>Nossos produtos incluem: Painel composto de alum\u00ednio de poli\u00e9ster (PE), Painel composto de alum\u00ednio de fluorocarbono (PVDF), Painel composto de alum\u00ednio resistente ao fogo, Pain\u00e9is compostos de nano-alum\u00ednio autolimpantes, Painel composto de alum\u00ednio Spectrum, Painel composto de alum\u00ednio espelhado, Painel composto de alum\u00ednio escovado , Placa de gr\u00e3os de madeira, Placa de gr\u00e3os de granito, Painel composto de alum\u00ednio para publicidade de sinaliza\u00e7\u00e3o, Painel composto de alum\u00ednio em relevo e bobinas de alum\u00ednio revestidas, folhas de alum\u00ednio, com capacidade de produ\u00e7\u00e3o anual de mais de 10 milh\u00f5es de metros quadrados.<\/p>\n<p><strong>E-mail: <\/strong><a href=\"mailto:info@cnalumetal.com\">info@cnalumetal.com<\/a>[\/vc_column_text][vc_btn title=&#8221;Contate-nos&#8221; color=&#8221;primary&#8221; i_icon_fontawesome=&#8221;fas fa-envelope&#8221; add_icon=&#8221;true&#8221; link=&#8221;url:https%3A%2F%2Fwww.cnalumetal.com%2Fcontact-us|rel:nofollow|&#8221;][\/vc_column_inner][vc_column_inner width=&#8221;1\/2&#8243;][vc_video link=&#8221;https:\/\/youtu.be\/qhMgiN7wQik&#8221;][\/vc_column_inner][\/vc_row_inner][\/vc_column][\/vc_row][vc_row tm_bgimagefixed=&#8221;&#8221; full_width=&#8221;stretch_row_content&#8221; css=&#8221;.vc_custom_1687853197230{background-color: #e5e5e5 !important;}&#8221;][vc_column width=&#8221;1\/2&#8243;][vc_video link=&#8221;https:\/\/youtu.be\/ZPhD_NpRPPg&#8221;][\/vc_column][vc_column width=&#8221;1\/2&#8243;]<h2 style=\"text-align:left;\" class=\"tm-custom-heading \" >Alumetal\u00ae\ufe0f | Alumetal composite panel showroom<\/h2>\n[vc_column_text]A f\u00e1brica de pain\u00e9is compostos de alum\u00ednio Alumetal tem mais de 20 anos de experi\u00eancia. Bem-vindo a visitar nosso showroom acp.<\/p>\n<p><strong>E-mail: <\/strong><a href=\"mailto:info@cnalumetal.com\">info@cnalumetal.com<\/a><br \/>\n<strong>Whatsapp:<\/strong> +86 13167203909[\/vc_column_text][vc_btn title=&#8221;Contate-nos&#8221; color=&#8221;primary&#8221; i_icon_fontawesome=&#8221;fas fa-envelope&#8221; add_icon=&#8221;true&#8221; link=&#8221;url:https%3A%2F%2Fwww.cnalumetal.com%2Fcontact-us|rel:nofollow|&#8221;][\/vc_column][\/vc_row]<\/p>\n","protected":false},"excerpt":{"rendered":"<p>[vc_row tm_bgimagefixed=&#8221;&#8221; full_width=&#8221;stretch_row_content&#8221;][vc_column][vc_tta_tabs style=&#8221;modern&#8221; spacing=&#8221;10&#8243; alignment=&#8221;center&#8221; active_section=&#8221;1&#8243;][vc_tta_section title=&#8221;Produtos&#8221; tab_id=&#8221;1687836006362-5d492962-615f&#8221;][vc_row_inner css=&#8221;.vc_custom_1687853120939{padding-top: 30px !important;}&#8221; tm_responsive_css=&#8221;41109036|colbreak_no|||||||||colbreak_no|||||||||colbreak_no||||||||||colbreak_no|||||||||&#8221;][vc_column_inner width=&#8221;1\/4&#8243;][vc_video link=&#8221;https:\/\/youtu.be\/8-OQLJ1U6TI&#8221;][vc_video link=&#8221;https:\/\/youtu.be\/9Yu-R-lv8O8&#8243;][vc_video link=&#8221;https:\/\/youtu.be\/iLDshVf8Ocw&#8221;][\/vc_column_inner][vc_column_inner width=&#8221;1\/4&#8243;][vc_video link=&#8221;https:\/\/youtu.be\/7n3H80M4rSw&#8221;][vc_video link=&#8221;https:\/\/youtu.be\/pLq-gCU18vQ&#8221;][vc_video link=&#8221;https:\/\/youtu.be\/dICy31zGBX8&#8243;][\/vc_column_inner][vc_column_inner width=&#8221;1\/4&#8243;][vc_video link=&#8221;https:\/\/youtu.be\/SBYvCqWtwAQ&#8221;][vc_video link=&#8221;https:\/\/youtu.be\/GHb_yDDwsVU&#8221;][vc_video link=&#8221;https:\/\/youtu.be\/8V_SAWnJsQA&#8221;][\/vc_column_inner][vc_column_inner width=&#8221;1\/4&#8243;][vc_video link=&#8221;https:\/\/youtu.be\/vU9I0KNxQeU&#8221;][vc_video link=&#8221;https:\/\/youtu.be\/F2OjTB4vBWw&#8221;][vc_video link=&#8221;https:\/\/youtu.be\/z_9VXDyuzrg&#8221;][\/vc_column_inner][\/vc_row_inner][\/vc_tta_section][vc_tta_section title=&#8221;Tecnologia&#8221; tab_id=&#8221;1687836056002-e0e6d570-b12f&#8221;][vc_row_inner css=&#8221;.vc_custom_1687853736957{padding-top: 30px !important;}&#8221; tm_responsive_css=&#8221;73912485|colbreak_no|||||||||colbreak_no|||||||||colbreak_no||||||||||colbreak_no|||||||||&#8221;][vc_column_inner width=&#8221;1\/4&#8243;][vc_video link=&#8221;https:\/\/youtu.be\/KP_JMvmJPFA&#8221;][vc_video link=&#8221;https:\/\/youtu.be\/-KwXNgnCQJw&#8221;][vc_video link=&#8221;https:\/\/youtu.be\/3d9KiyZoqbw&#8221;][\/vc_column_inner][vc_column_inner width=&#8221;1\/4&#8243;][vc_video link=&#8221;https:\/\/youtu.be\/2pJTPZolvBQ&#8221;][vc_video link=&#8221;https:\/\/youtu.be\/q6xQTQAHAHE&#8221;][vc_video link=&#8221;https:\/\/youtu.be\/Z5c6daEjUr8&#8243;][\/vc_column_inner][vc_column_inner width=&#8221;1\/4&#8243;][vc_video link=&#8221;https:\/\/youtu.be\/6Fm5RDy86J0&#8243;][vc_video link=&#8221;https:\/\/youtu.be\/mm1s5-4ZjB0&#8243;][vc_video link=&#8221;https:\/\/youtu.be\/LT33PPNSbpo&#8221;][\/vc_column_inner][vc_column_inner width=&#8221;1\/4&#8243;][vc_video link=&#8221;https:\/\/youtu.be\/-wZ1f4HJamQ&#8221;][vc_video link=&#8221;https:\/\/youtu.be\/78QKdfTq-fY&#8221;][vc_video link=&#8221;https:\/\/youtu.be\/buVdwpees8o&#8221;][\/vc_column_inner][\/vc_row_inner][\/vc_tta_section][vc_tta_section title=&#8221;Casos e Aplica\u00e7\u00e3o&#8221; tab_id=&#8221;1687836089599-65f8d9c3-b575&#8243;][vc_row_inner &hellip; <a href=\"https:\/\/www.cnalumetal.com\/pt-br\/video\" class=\"more-link\">Continue reading <span class=\"screen-reader-text\">v\u00eddeo<\/span><\/a><\/p>\n","protected":false},"author":1,"featured_media":0,"parent":0,"menu_order":0,"comment_status":"closed","ping_status":"closed","template":"","meta":{"footnotes":""},"class_list":["post-10331","page","type-page","status-publish","hentry"],"yoast_head":"<!-- This site is optimized with the Yoast SEO plugin v27.2 - https:\/\/yoast.com\/product\/yoast-seo-wordpress\/ -->\n<title>Aluminum composite panel v\u00eddeo - Alumetal<\/title>\n<meta name=\"robots\" content=\"index, follow, max-snippet:-1, max-image-preview:large, max-video-preview:-1\" \/>\n<link rel=\"canonical\" href=\"https:\/\/www.cnalumetal.com\/pt-br\/video\" \/>\n<meta property=\"og:locale\" content=\"pt_BR\" \/>\n<meta property=\"og:type\" content=\"article\" \/>\n<meta property=\"og:title\" content=\"Aluminum composite panel v\u00eddeo - Alumetal\" \/>\n<meta property=\"og:description\" content=\"[vc_row tm_bgimagefixed=&#8221;&#8221; full_width=&#8221;stretch_row_content&#8221;][vc_column][vc_tta_tabs style=&#8221;modern&#8221; spacing=&#8221;10&#8243; alignment=&#8221;center&#8221; active_section=&#8221;1&#8243;][vc_tta_section title=&#8221;Produtos&#8221; tab_id=&#8221;1687836006362-5d492962-615f&#8221;][vc_row_inner css=&#8221;.vc_custom_1687853120939{padding-top: 30px !important;}&#8221; tm_responsive_css=&#8221;41109036|colbreak_no|||||||||colbreak_no|||||||||colbreak_no||||||||||colbreak_no|||||||||&#8221;][vc_column_inner width=&#8221;1\/4&#8243;][vc_video link=&#8221;https:\/\/youtu.be\/8-OQLJ1U6TI&#8221;][vc_video link=&#8221;https:\/\/youtu.be\/9Yu-R-lv8O8&#8243;][vc_video link=&#8221;https:\/\/youtu.be\/iLDshVf8Ocw&#8221;][\/vc_column_inner][vc_column_inner width=&#8221;1\/4&#8243;][vc_video link=&#8221;https:\/\/youtu.be\/7n3H80M4rSw&#8221;][vc_video link=&#8221;https:\/\/youtu.be\/pLq-gCU18vQ&#8221;][vc_video link=&#8221;https:\/\/youtu.be\/dICy31zGBX8&#8243;][\/vc_column_inner][vc_column_inner width=&#8221;1\/4&#8243;][vc_video link=&#8221;https:\/\/youtu.be\/SBYvCqWtwAQ&#8221;][vc_video link=&#8221;https:\/\/youtu.be\/GHb_yDDwsVU&#8221;][vc_video link=&#8221;https:\/\/youtu.be\/8V_SAWnJsQA&#8221;][\/vc_column_inner][vc_column_inner width=&#8221;1\/4&#8243;][vc_video link=&#8221;https:\/\/youtu.be\/vU9I0KNxQeU&#8221;][vc_video link=&#8221;https:\/\/youtu.be\/F2OjTB4vBWw&#8221;][vc_video link=&#8221;https:\/\/youtu.be\/z_9VXDyuzrg&#8221;][\/vc_column_inner][\/vc_row_inner][\/vc_tta_section][vc_tta_section title=&#8221;Tecnologia&#8221; tab_id=&#8221;1687836056002-e0e6d570-b12f&#8221;][vc_row_inner css=&#8221;.vc_custom_1687853736957{padding-top: 30px !important;}&#8221; tm_responsive_css=&#8221;73912485|colbreak_no|||||||||colbreak_no|||||||||colbreak_no||||||||||colbreak_no|||||||||&#8221;][vc_column_inner width=&#8221;1\/4&#8243;][vc_video link=&#8221;https:\/\/youtu.be\/KP_JMvmJPFA&#8221;][vc_video link=&#8221;https:\/\/youtu.be\/-KwXNgnCQJw&#8221;][vc_video link=&#8221;https:\/\/youtu.be\/3d9KiyZoqbw&#8221;][\/vc_column_inner][vc_column_inner width=&#8221;1\/4&#8243;][vc_video link=&#8221;https:\/\/youtu.be\/2pJTPZolvBQ&#8221;][vc_video link=&#8221;https:\/\/youtu.be\/q6xQTQAHAHE&#8221;][vc_video link=&#8221;https:\/\/youtu.be\/Z5c6daEjUr8&#8243;][\/vc_column_inner][vc_column_inner width=&#8221;1\/4&#8243;][vc_video link=&#8221;https:\/\/youtu.be\/6Fm5RDy86J0&#8243;][vc_video link=&#8221;https:\/\/youtu.be\/mm1s5-4ZjB0&#8243;][vc_video link=&#8221;https:\/\/youtu.be\/LT33PPNSbpo&#8221;][\/vc_column_inner][vc_column_inner width=&#8221;1\/4&#8243;][vc_video link=&#8221;https:\/\/youtu.be\/-wZ1f4HJamQ&#8221;][vc_video link=&#8221;https:\/\/youtu.be\/78QKdfTq-fY&#8221;][vc_video link=&#8221;https:\/\/youtu.be\/buVdwpees8o&#8221;][\/vc_column_inner][\/vc_row_inner][\/vc_tta_section][vc_tta_section title=&#8221;Casos e Aplica\u00e7\u00e3o&#8221; tab_id=&#8221;1687836089599-65f8d9c3-b575&#8243;][vc_row_inner &hellip; Continue reading v\u00eddeo\" \/>\n<meta property=\"og:url\" content=\"https:\/\/www.cnalumetal.com\/pt-br\/video\" \/>\n<meta property=\"og:site_name\" content=\"Alumetal\" \/>\n<meta property=\"article:modified_time\" content=\"2023-09-07T08:26:36+00:00\" \/>\n<meta name=\"twitter:card\" content=\"summary_large_image\" \/>\n<meta name=\"twitter:label1\" content=\"Est. tempo de leitura\" \/>\n\t<meta name=\"twitter:data1\" content=\"5 minutos\" \/>\n<script type=\"application\/ld+json\" class=\"yoast-schema-graph\">{\"@context\":\"https:\/\/schema.org\",\"@graph\":[{\"@type\":\"WebPage\",\"@id\":\"https:\/\/www.cnalumetal.com\/pt-br\/video\",\"url\":\"https:\/\/www.cnalumetal.com\/pt-br\/video\",\"name\":\"Aluminum composite panel v\u00eddeo - Alumetal\",\"isPartOf\":{\"@id\":\"https:\/\/www.cnalumetal.com\/#website\"},\"datePublished\":\"2023-06-27T06:52:58+00:00\",\"dateModified\":\"2023-09-07T08:26:36+00:00\",\"breadcrumb\":{\"@id\":\"https:\/\/www.cnalumetal.com\/pt-br\/video#breadcrumb\"},\"inLanguage\":\"pt-BR\",\"potentialAction\":[{\"@type\":\"ReadAction\",\"target\":[\"https:\/\/www.cnalumetal.com\/pt-br\/video\"]}]},{\"@type\":\"BreadcrumbList\",\"@id\":\"https:\/\/www.cnalumetal.com\/pt-br\/video#breadcrumb\",\"itemListElement\":[{\"@type\":\"ListItem\",\"position\":1,\"name\":\"Home\",\"item\":\"https:\/\/www.cnalumetal.com\/pt-br\/fabricante-de-painel-composto-de-aluminio\"},{\"@type\":\"ListItem\",\"position\":2,\"name\":\"v\u00eddeo\"}]},{\"@type\":\"WebSite\",\"@id\":\"https:\/\/www.cnalumetal.com\/#website\",\"url\":\"https:\/\/www.cnalumetal.com\/\",\"name\":\"Alumetal\",\"description\":\"\",\"publisher\":{\"@id\":\"https:\/\/www.cnalumetal.com\/#organization\"},\"potentialAction\":[{\"@type\":\"SearchAction\",\"target\":{\"@type\":\"EntryPoint\",\"urlTemplate\":\"https:\/\/www.cnalumetal.com\/?s={search_term_string}\"},\"query-input\":{\"@type\":\"PropertyValueSpecification\",\"valueRequired\":true,\"valueName\":\"search_term_string\"}}],\"inLanguage\":\"pt-BR\"},{\"@type\":\"Organization\",\"@id\":\"https:\/\/www.cnalumetal.com\/#organization\",\"name\":\"Alumetal\",\"url\":\"https:\/\/www.cnalumetal.com\/\",\"logo\":{\"@type\":\"ImageObject\",\"inLanguage\":\"pt-BR\",\"@id\":\"https:\/\/www.cnalumetal.com\/#\/schema\/logo\/image\/\",\"url\":\"https:\/\/www.cnalumetal.com\/wp-content\/uploads\/2023\/05\/cropped-favicon.png\",\"contentUrl\":\"https:\/\/www.cnalumetal.com\/wp-content\/uploads\/2023\/05\/cropped-favicon.png\",\"width\":512,\"height\":512,\"caption\":\"Alumetal\"},\"image\":{\"@id\":\"https:\/\/www.cnalumetal.com\/#\/schema\/logo\/image\/\"}}]}<\/script>\n<!-- \/ Yoast SEO plugin. -->","yoast_head_json":{"title":"Aluminum composite panel v\u00eddeo - Alumetal","robots":{"index":"index","follow":"follow","max-snippet":"max-snippet:-1","max-image-preview":"max-image-preview:large","max-video-preview":"max-video-preview:-1"},"canonical":"https:\/\/www.cnalumetal.com\/pt-br\/video","og_locale":"pt_BR","og_type":"article","og_title":"Aluminum composite panel v\u00eddeo - Alumetal","og_description":"[vc_row tm_bgimagefixed=&#8221;&#8221; full_width=&#8221;stretch_row_content&#8221;][vc_column][vc_tta_tabs style=&#8221;modern&#8221; spacing=&#8221;10&#8243; alignment=&#8221;center&#8221; active_section=&#8221;1&#8243;][vc_tta_section title=&#8221;Produtos&#8221; tab_id=&#8221;1687836006362-5d492962-615f&#8221;][vc_row_inner css=&#8221;.vc_custom_1687853120939{padding-top: 30px !important;}&#8221; tm_responsive_css=&#8221;41109036|colbreak_no|||||||||colbreak_no|||||||||colbreak_no||||||||||colbreak_no|||||||||&#8221;][vc_column_inner width=&#8221;1\/4&#8243;][vc_video link=&#8221;https:\/\/youtu.be\/8-OQLJ1U6TI&#8221;][vc_video link=&#8221;https:\/\/youtu.be\/9Yu-R-lv8O8&#8243;][vc_video link=&#8221;https:\/\/youtu.be\/iLDshVf8Ocw&#8221;][\/vc_column_inner][vc_column_inner width=&#8221;1\/4&#8243;][vc_video link=&#8221;https:\/\/youtu.be\/7n3H80M4rSw&#8221;][vc_video link=&#8221;https:\/\/youtu.be\/pLq-gCU18vQ&#8221;][vc_video link=&#8221;https:\/\/youtu.be\/dICy31zGBX8&#8243;][\/vc_column_inner][vc_column_inner width=&#8221;1\/4&#8243;][vc_video link=&#8221;https:\/\/youtu.be\/SBYvCqWtwAQ&#8221;][vc_video link=&#8221;https:\/\/youtu.be\/GHb_yDDwsVU&#8221;][vc_video link=&#8221;https:\/\/youtu.be\/8V_SAWnJsQA&#8221;][\/vc_column_inner][vc_column_inner width=&#8221;1\/4&#8243;][vc_video link=&#8221;https:\/\/youtu.be\/vU9I0KNxQeU&#8221;][vc_video link=&#8221;https:\/\/youtu.be\/F2OjTB4vBWw&#8221;][vc_video link=&#8221;https:\/\/youtu.be\/z_9VXDyuzrg&#8221;][\/vc_column_inner][\/vc_row_inner][\/vc_tta_section][vc_tta_section title=&#8221;Tecnologia&#8221; tab_id=&#8221;1687836056002-e0e6d570-b12f&#8221;][vc_row_inner css=&#8221;.vc_custom_1687853736957{padding-top: 30px !important;}&#8221; tm_responsive_css=&#8221;73912485|colbreak_no|||||||||colbreak_no|||||||||colbreak_no||||||||||colbreak_no|||||||||&#8221;][vc_column_inner width=&#8221;1\/4&#8243;][vc_video link=&#8221;https:\/\/youtu.be\/KP_JMvmJPFA&#8221;][vc_video link=&#8221;https:\/\/youtu.be\/-KwXNgnCQJw&#8221;][vc_video link=&#8221;https:\/\/youtu.be\/3d9KiyZoqbw&#8221;][\/vc_column_inner][vc_column_inner width=&#8221;1\/4&#8243;][vc_video link=&#8221;https:\/\/youtu.be\/2pJTPZolvBQ&#8221;][vc_video link=&#8221;https:\/\/youtu.be\/q6xQTQAHAHE&#8221;][vc_video link=&#8221;https:\/\/youtu.be\/Z5c6daEjUr8&#8243;][\/vc_column_inner][vc_column_inner width=&#8221;1\/4&#8243;][vc_video link=&#8221;https:\/\/youtu.be\/6Fm5RDy86J0&#8243;][vc_video link=&#8221;https:\/\/youtu.be\/mm1s5-4ZjB0&#8243;][vc_video link=&#8221;https:\/\/youtu.be\/LT33PPNSbpo&#8221;][\/vc_column_inner][vc_column_inner width=&#8221;1\/4&#8243;][vc_video link=&#8221;https:\/\/youtu.be\/-wZ1f4HJamQ&#8221;][vc_video link=&#8221;https:\/\/youtu.be\/78QKdfTq-fY&#8221;][vc_video link=&#8221;https:\/\/youtu.be\/buVdwpees8o&#8221;][\/vc_column_inner][\/vc_row_inner][\/vc_tta_section][vc_tta_section title=&#8221;Casos e Aplica\u00e7\u00e3o&#8221; tab_id=&#8221;1687836089599-65f8d9c3-b575&#8243;][vc_row_inner &hellip; Continue reading v\u00eddeo","og_url":"https:\/\/www.cnalumetal.com\/pt-br\/video","og_site_name":"Alumetal","article_modified_time":"2023-09-07T08:26:36+00:00","twitter_card":"summary_large_image","twitter_misc":{"Est. tempo de leitura":"5 minutos"},"schema":{"@context":"https:\/\/schema.org","@graph":[{"@type":"WebPage","@id":"https:\/\/www.cnalumetal.com\/pt-br\/video","url":"https:\/\/www.cnalumetal.com\/pt-br\/video","name":"Aluminum composite panel v\u00eddeo - Alumetal","isPartOf":{"@id":"https:\/\/www.cnalumetal.com\/#website"},"datePublished":"2023-06-27T06:52:58+00:00","dateModified":"2023-09-07T08:26:36+00:00","breadcrumb":{"@id":"https:\/\/www.cnalumetal.com\/pt-br\/video#breadcrumb"},"inLanguage":"pt-BR","potentialAction":[{"@type":"ReadAction","target":["https:\/\/www.cnalumetal.com\/pt-br\/video"]}]},{"@type":"BreadcrumbList","@id":"https:\/\/www.cnalumetal.com\/pt-br\/video#breadcrumb","itemListElement":[{"@type":"ListItem","position":1,"name":"Home","item":"https:\/\/www.cnalumetal.com\/pt-br\/fabricante-de-painel-composto-de-aluminio"},{"@type":"ListItem","position":2,"name":"v\u00eddeo"}]},{"@type":"WebSite","@id":"https:\/\/www.cnalumetal.com\/#website","url":"https:\/\/www.cnalumetal.com\/","name":"Alumetal","description":"","publisher":{"@id":"https:\/\/www.cnalumetal.com\/#organization"},"potentialAction":[{"@type":"SearchAction","target":{"@type":"EntryPoint","urlTemplate":"https:\/\/www.cnalumetal.com\/?s={search_term_string}"},"query-input":{"@type":"PropertyValueSpecification","valueRequired":true,"valueName":"search_term_string"}}],"inLanguage":"pt-BR"},{"@type":"Organization","@id":"https:\/\/www.cnalumetal.com\/#organization","name":"Alumetal","url":"https:\/\/www.cnalumetal.com\/","logo":{"@type":"ImageObject","inLanguage":"pt-BR","@id":"https:\/\/www.cnalumetal.com\/#\/schema\/logo\/image\/","url":"https:\/\/www.cnalumetal.com\/wp-content\/uploads\/2023\/05\/cropped-favicon.png","contentUrl":"https:\/\/www.cnalumetal.com\/wp-content\/uploads\/2023\/05\/cropped-favicon.png","width":512,"height":512,"caption":"Alumetal"},"image":{"@id":"https:\/\/www.cnalumetal.com\/#\/schema\/logo\/image\/"}}]}},"_links":{"self":[{"href":"https:\/\/www.cnalumetal.com\/pt-br\/wp-json\/wp\/v2\/pages\/10331","targetHints":{"allow":["GET"]}}],"collection":[{"href":"https:\/\/www.cnalumetal.com\/pt-br\/wp-json\/wp\/v2\/pages"}],"about":[{"href":"https:\/\/www.cnalumetal.com\/pt-br\/wp-json\/wp\/v2\/types\/page"}],"author":[{"embeddable":true,"href":"https:\/\/www.cnalumetal.com\/pt-br\/wp-json\/wp\/v2\/users\/1"}],"replies":[{"embeddable":true,"href":"https:\/\/www.cnalumetal.com\/pt-br\/wp-json\/wp\/v2\/comments?post=10331"}],"version-history":[{"count":2,"href":"https:\/\/www.cnalumetal.com\/pt-br\/wp-json\/wp\/v2\/pages\/10331\/revisions"}],"predecessor-version":[{"id":10333,"href":"https:\/\/www.cnalumetal.com\/pt-br\/wp-json\/wp\/v2\/pages\/10331\/revisions\/10333"}],"wp:attachment":[{"href":"https:\/\/www.cnalumetal.com\/pt-br\/wp-json\/wp\/v2\/media?parent=10331"}],"curies":[{"name":"wp","href":"https:\/\/api.w.org\/{rel}","templated":true}]}}