{"id":10329,"date":"2023-04-15T12:27:34","date_gmt":"2023-04-15T12:27:34","guid":{"rendered":"https:\/\/www.cnalumetal.com\/politica-de-privacidade"},"modified":"2023-09-07T08:18:34","modified_gmt":"2023-09-07T08:18:34","slug":"politica-de-privacidade","status":"publish","type":"page","link":"https:\/\/www.cnalumetal.com\/pt-br\/politica-de-privacidade","title":{"rendered":"Pol\u00edtica de Privacidade"},"content":{"rendered":"<p>[vc_row][vc_column][vc_column_text]<\/p>\n<h2>Pol\u00edtica de Privacidade<\/h2>\n<p>Obrigado por visitar o cnalumetal.com Levamos sua privacidade muito a s\u00e9rio e protegemos e respeitamos sua privacidade pessoal. Esta pol\u00edtica de privacidade detalha nossa pol\u00edtica de coleta, uso, divulga\u00e7\u00e3o e prote\u00e7\u00e3o das suas informa\u00e7\u00f5es pessoais.<\/p>\n<h2>Coleta e Uso de Informa\u00e7\u00f5es<\/h2>\n<p>Quando voc\u00ea visita o Website, podemos coletar algumas de suas informa\u00e7\u00f5es pessoais. Essas informa\u00e7\u00f5es podem incluir seu nome, endere\u00e7o de e-mail, n\u00famero de telefone, nome da empresa e endere\u00e7o. Usaremos essas informa\u00e7\u00f5es apenas para responder \u00e0s suas d\u00favidas, fornecer produtos e servi\u00e7os, processar pedidos, enviar notifica\u00e7\u00f5es relevantes, atualizar as informa\u00e7\u00f5es da sua conta e para outros fins leg\u00edtimos. N\u00e3o venderemos, alugaremos ou divulgaremos suas informa\u00e7\u00f5es pessoais a terceiros.<\/p>\n<p>Usaremos suas informa\u00e7\u00f5es dentro do escopo das informa\u00e7\u00f5es pessoais que voc\u00ea fornecer. Poderemos coletar e analisar informa\u00e7\u00f5es sobre seu uso, comportamento de navega\u00e7\u00e3o e outras informa\u00e7\u00f5es por meio de cookies e outras tecnologias. Estas informa\u00e7\u00f5es ser\u00e3o utilizadas para melhorar a funcionalidade e os servi\u00e7os do Site, a fim de melhor atend\u00ea-lo.<\/p>\n<h2>Prote\u00e7\u00e3o e Processamento de Informa\u00e7\u00f5es Pessoais<\/h2>\n<p>Tomaremos medidas de seguran\u00e7a razo\u00e1veis para proteger suas informa\u00e7\u00f5es pessoais contra acesso, uso, divulga\u00e7\u00e3o, altera\u00e7\u00e3o, dano ou perda n\u00e3o autorizados. Limitaremos o n\u00famero de funcion\u00e1rios que t\u00eam acesso \u00e0s suas informa\u00e7\u00f5es pessoais e garantiremos que esse pessoal mantenha as suas informa\u00e7\u00f5es confidenciais.<\/p>\n<p>Poderemos divulgar suas informa\u00e7\u00f5es pessoais conforme exigido por lei, como quando recebemos intima\u00e7\u00f5es de tribunais ou solicita\u00e7\u00f5es de ag\u00eancias governamentais. Tamb\u00e9m poderemos divulgar suas informa\u00e7\u00f5es pessoais nos seguintes casos:<\/p>\n<ul>\n<li>Para proteger nossos direitos ou propriedade;<\/li>\n<li>Proteger os interesses p\u00fablicos em situa\u00e7\u00f5es de emerg\u00eancia;<\/li>\n<li>Para cumprir as leis, regulamentos ou padr\u00f5es do setor aplic\u00e1veis.<\/li>\n<\/ul>\n<h2>Contate-nos<\/h2>\n<p>Se voc\u00ea tiver alguma d\u00favida ou coment\u00e1rio sobre nossa pol\u00edtica de privacidade, entre em contato conosco. Responderemos prontamente \u00e0s suas perguntas e coment\u00e1rios e forneceremos suporte e assist\u00eancia.<\/p>\n<h2>Altera\u00e7\u00f5es nesta Pol\u00edtica de Privacidade<\/h2>\n<p>Reservamo-nos o direito de modificar esta pol\u00edtica de privacidade conforme necess\u00e1rio. Recomendamos que voc\u00ea verifique regularmente esta p\u00e1gina para atualiza\u00e7\u00f5es de nossa pol\u00edtica de privacidade. Poderemos notific\u00e1-lo sobre tais altera\u00e7\u00f5es por e-mail, mensagens internas, avisos no site ou outros meios.<\/p>\n<p>[\/vc_column_text][\/vc_column][\/vc_row]<\/p>\n","protected":false},"excerpt":{"rendered":"<p>[vc_row][vc_column][vc_column_text] Pol\u00edtica de Privacidade Obrigado por visitar o cnalumetal.com Levamos sua privacidade muito a s\u00e9rio e protegemos e respeitamos sua privacidade pessoal. Esta pol\u00edtica de privacidade detalha nossa pol\u00edtica de coleta, uso, divulga\u00e7\u00e3o e prote\u00e7\u00e3o das suas informa\u00e7\u00f5es pessoais. Coleta e Uso de Informa\u00e7\u00f5es Quando voc\u00ea visita o Website, podemos coletar algumas de suas informa\u00e7\u00f5es &hellip; <a href=\"https:\/\/www.cnalumetal.com\/pt-br\/politica-de-privacidade\" class=\"more-link\">Continue reading <span class=\"screen-reader-text\">Pol\u00edtica de Privacidade<\/span><\/a><\/p>\n","protected":false},"author":1,"featured_media":0,"parent":0,"menu_order":0,"comment_status":"closed","ping_status":"open","template":"","meta":{"footnotes":""},"class_list":["post-10329","page","type-page","status-publish","hentry"],"yoast_head":"<!-- This site is optimized with the Yoast SEO plugin v27.2 - https:\/\/yoast.com\/product\/yoast-seo-wordpress\/ -->\n<title>Pol\u00edtica de Privacidade - Alumetal<\/title>\n<meta name=\"robots\" content=\"index, follow, max-snippet:-1, max-image-preview:large, max-video-preview:-1\" \/>\n<link rel=\"canonical\" href=\"https:\/\/www.cnalumetal.com\/pt-br\/politica-de-privacidade\" \/>\n<meta property=\"og:locale\" content=\"pt_BR\" \/>\n<meta property=\"og:type\" content=\"article\" \/>\n<meta property=\"og:title\" content=\"Pol\u00edtica de Privacidade - Alumetal\" \/>\n<meta property=\"og:description\" content=\"[vc_row][vc_column][vc_column_text] Pol\u00edtica de Privacidade Obrigado por visitar o cnalumetal.com Levamos sua privacidade muito a s\u00e9rio e protegemos e respeitamos sua privacidade pessoal. Esta pol\u00edtica de privacidade detalha nossa pol\u00edtica de coleta, uso, divulga\u00e7\u00e3o e prote\u00e7\u00e3o das suas informa\u00e7\u00f5es pessoais. Coleta e Uso de Informa\u00e7\u00f5es Quando voc\u00ea visita o Website, podemos coletar algumas de suas informa\u00e7\u00f5es &hellip; Continue reading Pol\u00edtica de Privacidade\" \/>\n<meta property=\"og:url\" content=\"https:\/\/www.cnalumetal.com\/pt-br\/politica-de-privacidade\" \/>\n<meta property=\"og:site_name\" content=\"Alumetal\" \/>\n<meta property=\"article:modified_time\" content=\"2023-09-07T08:18:34+00:00\" \/>\n<meta name=\"twitter:card\" content=\"summary_large_image\" \/>\n<meta name=\"twitter:label1\" content=\"Est. tempo de leitura\" \/>\n\t<meta name=\"twitter:data1\" content=\"2 minutos\" \/>\n<script type=\"application\/ld+json\" class=\"yoast-schema-graph\">{\"@context\":\"https:\/\/schema.org\",\"@graph\":[{\"@type\":\"WebPage\",\"@id\":\"https:\/\/www.cnalumetal.com\/pt-br\/politica-de-privacidade\",\"url\":\"https:\/\/www.cnalumetal.com\/pt-br\/politica-de-privacidade\",\"name\":\"Pol\u00edtica de Privacidade - Alumetal\",\"isPartOf\":{\"@id\":\"https:\/\/www.cnalumetal.com\/#website\"},\"datePublished\":\"2023-04-15T12:27:34+00:00\",\"dateModified\":\"2023-09-07T08:18:34+00:00\",\"breadcrumb\":{\"@id\":\"https:\/\/www.cnalumetal.com\/pt-br\/politica-de-privacidade#breadcrumb\"},\"inLanguage\":\"pt-BR\",\"potentialAction\":[{\"@type\":\"ReadAction\",\"target\":[\"https:\/\/www.cnalumetal.com\/pt-br\/politica-de-privacidade\"]}]},{\"@type\":\"BreadcrumbList\",\"@id\":\"https:\/\/www.cnalumetal.com\/pt-br\/politica-de-privacidade#breadcrumb\",\"itemListElement\":[{\"@type\":\"ListItem\",\"position\":1,\"name\":\"Home\",\"item\":\"https:\/\/www.cnalumetal.com\/pt-br\/fabricante-de-painel-composto-de-aluminio\"},{\"@type\":\"ListItem\",\"position\":2,\"name\":\"Pol\u00edtica de Privacidade\"}]},{\"@type\":\"WebSite\",\"@id\":\"https:\/\/www.cnalumetal.com\/#website\",\"url\":\"https:\/\/www.cnalumetal.com\/\",\"name\":\"Alumetal\",\"description\":\"\",\"publisher\":{\"@id\":\"https:\/\/www.cnalumetal.com\/#organization\"},\"potentialAction\":[{\"@type\":\"SearchAction\",\"target\":{\"@type\":\"EntryPoint\",\"urlTemplate\":\"https:\/\/www.cnalumetal.com\/?s={search_term_string}\"},\"query-input\":{\"@type\":\"PropertyValueSpecification\",\"valueRequired\":true,\"valueName\":\"search_term_string\"}}],\"inLanguage\":\"pt-BR\"},{\"@type\":\"Organization\",\"@id\":\"https:\/\/www.cnalumetal.com\/#organization\",\"name\":\"Alumetal\",\"url\":\"https:\/\/www.cnalumetal.com\/\",\"logo\":{\"@type\":\"ImageObject\",\"inLanguage\":\"pt-BR\",\"@id\":\"https:\/\/www.cnalumetal.com\/#\/schema\/logo\/image\/\",\"url\":\"https:\/\/www.cnalumetal.com\/wp-content\/uploads\/2023\/05\/cropped-favicon.png\",\"contentUrl\":\"https:\/\/www.cnalumetal.com\/wp-content\/uploads\/2023\/05\/cropped-favicon.png\",\"width\":512,\"height\":512,\"caption\":\"Alumetal\"},\"image\":{\"@id\":\"https:\/\/www.cnalumetal.com\/#\/schema\/logo\/image\/\"}}]}<\/script>\n<!-- \/ Yoast SEO plugin. -->","yoast_head_json":{"title":"Pol\u00edtica de Privacidade - Alumetal","robots":{"index":"index","follow":"follow","max-snippet":"max-snippet:-1","max-image-preview":"max-image-preview:large","max-video-preview":"max-video-preview:-1"},"canonical":"https:\/\/www.cnalumetal.com\/pt-br\/politica-de-privacidade","og_locale":"pt_BR","og_type":"article","og_title":"Pol\u00edtica de Privacidade - Alumetal","og_description":"[vc_row][vc_column][vc_column_text] Pol\u00edtica de Privacidade Obrigado por visitar o cnalumetal.com Levamos sua privacidade muito a s\u00e9rio e protegemos e respeitamos sua privacidade pessoal. Esta pol\u00edtica de privacidade detalha nossa pol\u00edtica de coleta, uso, divulga\u00e7\u00e3o e prote\u00e7\u00e3o das suas informa\u00e7\u00f5es pessoais. Coleta e Uso de Informa\u00e7\u00f5es Quando voc\u00ea visita o Website, podemos coletar algumas de suas informa\u00e7\u00f5es &hellip; Continue reading Pol\u00edtica de Privacidade","og_url":"https:\/\/www.cnalumetal.com\/pt-br\/politica-de-privacidade","og_site_name":"Alumetal","article_modified_time":"2023-09-07T08:18:34+00:00","twitter_card":"summary_large_image","twitter_misc":{"Est. tempo de leitura":"2 minutos"},"schema":{"@context":"https:\/\/schema.org","@graph":[{"@type":"WebPage","@id":"https:\/\/www.cnalumetal.com\/pt-br\/politica-de-privacidade","url":"https:\/\/www.cnalumetal.com\/pt-br\/politica-de-privacidade","name":"Pol\u00edtica de Privacidade - Alumetal","isPartOf":{"@id":"https:\/\/www.cnalumetal.com\/#website"},"datePublished":"2023-04-15T12:27:34+00:00","dateModified":"2023-09-07T08:18:34+00:00","breadcrumb":{"@id":"https:\/\/www.cnalumetal.com\/pt-br\/politica-de-privacidade#breadcrumb"},"inLanguage":"pt-BR","potentialAction":[{"@type":"ReadAction","target":["https:\/\/www.cnalumetal.com\/pt-br\/politica-de-privacidade"]}]},{"@type":"BreadcrumbList","@id":"https:\/\/www.cnalumetal.com\/pt-br\/politica-de-privacidade#breadcrumb","itemListElement":[{"@type":"ListItem","position":1,"name":"Home","item":"https:\/\/www.cnalumetal.com\/pt-br\/fabricante-de-painel-composto-de-aluminio"},{"@type":"ListItem","position":2,"name":"Pol\u00edtica de Privacidade"}]},{"@type":"WebSite","@id":"https:\/\/www.cnalumetal.com\/#website","url":"https:\/\/www.cnalumetal.com\/","name":"Alumetal","description":"","publisher":{"@id":"https:\/\/www.cnalumetal.com\/#organization"},"potentialAction":[{"@type":"SearchAction","target":{"@type":"EntryPoint","urlTemplate":"https:\/\/www.cnalumetal.com\/?s={search_term_string}"},"query-input":{"@type":"PropertyValueSpecification","valueRequired":true,"valueName":"search_term_string"}}],"inLanguage":"pt-BR"},{"@type":"Organization","@id":"https:\/\/www.cnalumetal.com\/#organization","name":"Alumetal","url":"https:\/\/www.cnalumetal.com\/","logo":{"@type":"ImageObject","inLanguage":"pt-BR","@id":"https:\/\/www.cnalumetal.com\/#\/schema\/logo\/image\/","url":"https:\/\/www.cnalumetal.com\/wp-content\/uploads\/2023\/05\/cropped-favicon.png","contentUrl":"https:\/\/www.cnalumetal.com\/wp-content\/uploads\/2023\/05\/cropped-favicon.png","width":512,"height":512,"caption":"Alumetal"},"image":{"@id":"https:\/\/www.cnalumetal.com\/#\/schema\/logo\/image\/"}}]}},"_links":{"self":[{"href":"https:\/\/www.cnalumetal.com\/pt-br\/wp-json\/wp\/v2\/pages\/10329","targetHints":{"allow":["GET"]}}],"collection":[{"href":"https:\/\/www.cnalumetal.com\/pt-br\/wp-json\/wp\/v2\/pages"}],"about":[{"href":"https:\/\/www.cnalumetal.com\/pt-br\/wp-json\/wp\/v2\/types\/page"}],"author":[{"embeddable":true,"href":"https:\/\/www.cnalumetal.com\/pt-br\/wp-json\/wp\/v2\/users\/1"}],"replies":[{"embeddable":true,"href":"https:\/\/www.cnalumetal.com\/pt-br\/wp-json\/wp\/v2\/comments?post=10329"}],"version-history":[{"count":1,"href":"https:\/\/www.cnalumetal.com\/pt-br\/wp-json\/wp\/v2\/pages\/10329\/revisions"}],"predecessor-version":[{"id":10330,"href":"https:\/\/www.cnalumetal.com\/pt-br\/wp-json\/wp\/v2\/pages\/10329\/revisions\/10330"}],"wp:attachment":[{"href":"https:\/\/www.cnalumetal.com\/pt-br\/wp-json\/wp\/v2\/media?parent=10329"}],"curies":[{"name":"wp","href":"https:\/\/api.w.org\/{rel}","templated":true}]}}