{"id":10326,"date":"2023-04-24T09:12:41","date_gmt":"2023-04-24T09:12:41","guid":{"rendered":"https:\/\/www.cnalumetal.com\/nossa-oficina"},"modified":"2023-09-07T08:00:14","modified_gmt":"2023-09-07T08:00:14","slug":"nossa-oficina","status":"publish","type":"page","link":"https:\/\/www.cnalumetal.com\/pt-br\/nossa-oficina","title":{"rendered":"Nossa oficina"},"content":{"rendered":"<p>[vc_row tm_bgimagefixed=&#8221;&#8221; full_width=&#8221;stretch_row&#8221;][vc_column][vc_row_inner][vc_column_inner width=&#8221;1\/2&#8243;][vc_single_image image=&#8221;4257&#8243; img_size=&#8221;full&#8221;][\/vc_column_inner][vc_column_inner width=&#8221;1\/2&#8243;]<div class=\"tm-element-heading-wrapper tm-heading-inner tm-element-align-left tm-seperator-solid tm-heading-style-vertical \"><section class=\"tm-vc_cta3-container\"><div class=\"tm-vc_general tm-vc_cta3 tm-cta3-only tm-vc_cta3-style-classic tm-vc_cta3-shape-rounded tm-vc_cta3-align-left tm-vc_cta3-color-transparent tm-vc_cta3-icon-size-md tm-vc_cta3-actions-no tm-cta3-with-desc\"><div class=\"tm-vc_cta3_content-container\"><div class=\"tm-vc_cta3-content\"><header class=\"tm-vc_cta3-content-header tm-wrap\"><div class=\"tm-vc_cta3-headers tm-wrap-cell\"><h2 class=\"tm-custom-heading \" >Alumetal Workshop<\/h2>\n<\/div><\/header><div class=\"tm-cta3-content-wrapper\"><p>China Aluminum Composite Panel Manufacturer<\/p><\/div><\/div><\/div><\/div><\/section><\/div> <!-- .tm-element-heading-wrapper container --> [vc_column_text]Shanghai Alumetal Decoration Material Co., Ltd., produz painel composto de alum\u00ednio h\u00e1 mais de 20 anos, agora temos 12 linhas de produ\u00e7\u00e3o de painel composto de alum\u00ednio-pl\u00e1stico para fabrica\u00e7\u00e3o de painel composto de alum\u00ednio e 3 linhas de produ\u00e7\u00e3o de revestimento pr\u00f3prias.<\/p>\n<p>Durante estes anos, insistimos na escolha de mat\u00e9rias-primas de elevada qualidade, dedicando-nos \u00e0 inova\u00e7\u00e3o tecnol\u00f3gica e ao controlo de qualidade, insistindo nos princ\u00edpios \u2013 \u201cmoda com praticidade, amigo do ambiente com tecnologia, individualidade com cultura\u201d, para que sejamos certificados com ISO9001: 2000 em Sistemas de Gest\u00e3o da Qualidade, IS014001:2004 em Sistemas de Gest\u00e3o Ambiental. Os produtos tamb\u00e9m foram aprovados no CTC (Certifica\u00e7\u00e3o de Materiais de Constru\u00e7\u00e3o da China) e no Atestado CE da Uni\u00e3o Europeia. Ap\u00f3s testes e certifica\u00e7\u00e3o pela SGS, a qualidade est\u00e1 em conformidade com os padr\u00f5es ASTM-E84, EN13501-1 e BS-476.[\/vc_column_text][\/vc_column_inner][\/vc_row_inner][\/vc_column][\/vc_row][vc_row tm_bgimagefixed=&#8221;&#8221; full_width=&#8221;stretch_row&#8221; css=&#8221;.vc_custom_1682327557126{background-color: #e5e5e5 !important;}&#8221;][vc_column]<div class=\"tm-element-heading-wrapper tm-heading-inner tm-element-align-center tm-seperator-solid tm-heading-style-vertical \"><section class=\"tm-vc_cta3-container\"><div class=\"tm-vc_general tm-vc_cta3 tm-cta3-only tm-vc_cta3-style-classic tm-vc_cta3-shape-rounded tm-vc_cta3-align-center tm-vc_cta3-color-transparent tm-vc_cta3-icon-size-md tm-vc_cta3-actions-no tm-cta3-with-desc\"><div class=\"tm-vc_cta3_content-container\"><div class=\"tm-vc_cta3-content\"><header class=\"tm-vc_cta3-content-header tm-wrap\"><div class=\"tm-vc_cta3-headers tm-wrap-cell\"><h2 class=\"tm-custom-heading \" >Production Environment<\/h2>\n<\/div><\/header><div class=\"tm-cta3-content-wrapper\"><p>A highly efficient, reliable, and secure production space equipped with state-of-the-art manufacturing equipment.<\/p><\/div><\/div><\/div><\/div><\/section><\/div> <!-- .tm-element-heading-wrapper container --> [vc_images_carousel images=&#8221;4244,4245,4246,4247&#8243; img_size=&#8221;full&#8221; onclick=&#8221;link_no&#8221; slides_per_view=&#8221;4&#8243; hide_pagination_control=&#8221;yes&#8221; hide_prev_next_buttons=&#8221;yes&#8221;][vc_images_carousel images=&#8221;4238,4239,4240,4241&#8243; img_size=&#8221;full&#8221; onclick=&#8221;link_no&#8221; slides_per_view=&#8221;4&#8243; hide_pagination_control=&#8221;yes&#8221; hide_prev_next_buttons=&#8221;yes&#8221;][\/vc_column][\/vc_row][vc_row tm_bgimagefixed=&#8221;&#8221;][vc_column][vc_row_inner][vc_column_inner width=&#8221;1\/2&#8243;]<div class=\"tm-element-heading-wrapper tm-heading-inner tm-element-align-left tm-seperator-solid tm-heading-style-vertical \"><section class=\"tm-vc_cta3-container\"><div class=\"tm-vc_general tm-vc_cta3 tm-cta3-only tm-vc_cta3-style-classic tm-vc_cta3-shape-rounded tm-vc_cta3-align-left tm-vc_cta3-color-transparent tm-vc_cta3-icon-size-md tm-vc_cta3-actions-no tm-cta3-with-desc\"><div class=\"tm-vc_cta3_content-container\"><div class=\"tm-vc_cta3-content\"><header class=\"tm-vc_cta3-content-header tm-wrap\"><div class=\"tm-vc_cta3-headers tm-wrap-cell\"><h2 class=\"tm-custom-heading \" >Production Line<\/h2>\n<\/div><\/header><div class=\"tm-cta3-content-wrapper\"><p>Ensuring quality and quantity, in compliance with international quality standards.<\/p><\/div><\/div><\/div><\/div><\/section><\/div> <!-- .tm-element-heading-wrapper container --> [vc_column_text]Nossa f\u00e1brica possui mais de 20 anos de hist\u00f3ria de fabrica\u00e7\u00e3o, garantindo qualidade e quantidade. Temos produtos profissionais de alta qualidade, bem como linhas de produtos e equipamentos avan\u00e7ados. Todos os produtos atendem aos padr\u00f5es internacionais de qualidade e s\u00e3o muito apreciados em diversos mercados em todo o mundo. Junto com as crescentes demandas do mercado, satisfazemos continuamente os clientes atualizando produtos para melhorar os sistemas de produ\u00e7\u00e3o e melhorar a qualidade.[\/vc_column_text][\/vc_column_inner][vc_column_inner width=&#8221;1\/2&#8243;][vc_video link=&#8221;https:\/\/youtu.be\/qUziIXj-9Pk&#8221;][\/vc_column_inner][\/vc_row_inner][\/vc_column][\/vc_row]<\/p>\n","protected":false},"excerpt":{"rendered":"<p>[vc_row tm_bgimagefixed=&#8221;&#8221; full_width=&#8221;stretch_row&#8221;][vc_column][vc_row_inner][vc_column_inner width=&#8221;1\/2&#8243;][vc_single_image image=&#8221;4257&#8243; img_size=&#8221;full&#8221;][\/vc_column_inner][vc_column_inner width=&#8221;1\/2&#8243;][vc_column_text]Shanghai Alumetal Decoration Material Co., Ltd., produz painel composto de alum\u00ednio h\u00e1 mais de 20 anos, agora temos 12 linhas de produ\u00e7\u00e3o de painel composto de alum\u00ednio-pl\u00e1stico para fabrica\u00e7\u00e3o de painel composto de alum\u00ednio e 3 linhas de produ\u00e7\u00e3o de revestimento pr\u00f3prias. Durante estes anos, insistimos na escolha de &hellip; <a href=\"https:\/\/www.cnalumetal.com\/pt-br\/nossa-oficina\" class=\"more-link\">Continue reading <span class=\"screen-reader-text\">Nossa oficina<\/span><\/a><\/p>\n","protected":false},"author":1,"featured_media":0,"parent":0,"menu_order":0,"comment_status":"closed","ping_status":"closed","template":"","meta":{"footnotes":""},"class_list":["post-10326","page","type-page","status-publish","hentry"],"yoast_head":"<!-- This site is optimized with the Yoast SEO plugin v27.2 - https:\/\/yoast.com\/product\/yoast-seo-wordpress\/ -->\n<title>Nossa oficina - Alumetal<\/title>\n<meta name=\"robots\" content=\"index, follow, max-snippet:-1, max-image-preview:large, max-video-preview:-1\" \/>\n<link rel=\"canonical\" href=\"https:\/\/www.cnalumetal.com\/pt-br\/nossa-oficina\" \/>\n<meta property=\"og:locale\" content=\"pt_BR\" \/>\n<meta property=\"og:type\" content=\"article\" \/>\n<meta property=\"og:title\" content=\"Nossa oficina - Alumetal\" \/>\n<meta property=\"og:description\" content=\"[vc_row tm_bgimagefixed=&#8221;&#8221; full_width=&#8221;stretch_row&#8221;][vc_column][vc_row_inner][vc_column_inner width=&#8221;1\/2&#8243;][vc_single_image image=&#8221;4257&#8243; img_size=&#8221;full&#8221;][\/vc_column_inner][vc_column_inner width=&#8221;1\/2&#8243;][vc_column_text]Shanghai Alumetal Decoration Material Co., Ltd., produz painel composto de alum\u00ednio h\u00e1 mais de 20 anos, agora temos 12 linhas de produ\u00e7\u00e3o de painel composto de alum\u00ednio-pl\u00e1stico para fabrica\u00e7\u00e3o de painel composto de alum\u00ednio e 3 linhas de produ\u00e7\u00e3o de revestimento pr\u00f3prias. Durante estes anos, insistimos na escolha de &hellip; Continue reading Nossa oficina\" \/>\n<meta property=\"og:url\" content=\"https:\/\/www.cnalumetal.com\/pt-br\/nossa-oficina\" \/>\n<meta property=\"og:site_name\" content=\"Alumetal\" \/>\n<meta property=\"article:modified_time\" content=\"2023-09-07T08:00:14+00:00\" \/>\n<meta name=\"twitter:card\" content=\"summary_large_image\" \/>\n<meta name=\"twitter:label1\" content=\"Est. tempo de leitura\" \/>\n\t<meta name=\"twitter:data1\" content=\"2 minutos\" \/>\n<script type=\"application\/ld+json\" class=\"yoast-schema-graph\">{\"@context\":\"https:\/\/schema.org\",\"@graph\":[{\"@type\":\"WebPage\",\"@id\":\"https:\/\/www.cnalumetal.com\/pt-br\/nossa-oficina\",\"url\":\"https:\/\/www.cnalumetal.com\/pt-br\/nossa-oficina\",\"name\":\"Nossa oficina - Alumetal\",\"isPartOf\":{\"@id\":\"https:\/\/www.cnalumetal.com\/#website\"},\"datePublished\":\"2023-04-24T09:12:41+00:00\",\"dateModified\":\"2023-09-07T08:00:14+00:00\",\"breadcrumb\":{\"@id\":\"https:\/\/www.cnalumetal.com\/pt-br\/nossa-oficina#breadcrumb\"},\"inLanguage\":\"pt-BR\",\"potentialAction\":[{\"@type\":\"ReadAction\",\"target\":[\"https:\/\/www.cnalumetal.com\/pt-br\/nossa-oficina\"]}]},{\"@type\":\"BreadcrumbList\",\"@id\":\"https:\/\/www.cnalumetal.com\/pt-br\/nossa-oficina#breadcrumb\",\"itemListElement\":[{\"@type\":\"ListItem\",\"position\":1,\"name\":\"Home\",\"item\":\"https:\/\/www.cnalumetal.com\/pt-br\/fabricante-de-painel-composto-de-aluminio\"},{\"@type\":\"ListItem\",\"position\":2,\"name\":\"Nossa oficina\"}]},{\"@type\":\"WebSite\",\"@id\":\"https:\/\/www.cnalumetal.com\/#website\",\"url\":\"https:\/\/www.cnalumetal.com\/\",\"name\":\"Alumetal\",\"description\":\"\",\"publisher\":{\"@id\":\"https:\/\/www.cnalumetal.com\/#organization\"},\"potentialAction\":[{\"@type\":\"SearchAction\",\"target\":{\"@type\":\"EntryPoint\",\"urlTemplate\":\"https:\/\/www.cnalumetal.com\/?s={search_term_string}\"},\"query-input\":{\"@type\":\"PropertyValueSpecification\",\"valueRequired\":true,\"valueName\":\"search_term_string\"}}],\"inLanguage\":\"pt-BR\"},{\"@type\":\"Organization\",\"@id\":\"https:\/\/www.cnalumetal.com\/#organization\",\"name\":\"Alumetal\",\"url\":\"https:\/\/www.cnalumetal.com\/\",\"logo\":{\"@type\":\"ImageObject\",\"inLanguage\":\"pt-BR\",\"@id\":\"https:\/\/www.cnalumetal.com\/#\/schema\/logo\/image\/\",\"url\":\"https:\/\/www.cnalumetal.com\/wp-content\/uploads\/2023\/05\/cropped-favicon.png\",\"contentUrl\":\"https:\/\/www.cnalumetal.com\/wp-content\/uploads\/2023\/05\/cropped-favicon.png\",\"width\":512,\"height\":512,\"caption\":\"Alumetal\"},\"image\":{\"@id\":\"https:\/\/www.cnalumetal.com\/#\/schema\/logo\/image\/\"}}]}<\/script>\n<!-- \/ Yoast SEO plugin. -->","yoast_head_json":{"title":"Nossa oficina - Alumetal","robots":{"index":"index","follow":"follow","max-snippet":"max-snippet:-1","max-image-preview":"max-image-preview:large","max-video-preview":"max-video-preview:-1"},"canonical":"https:\/\/www.cnalumetal.com\/pt-br\/nossa-oficina","og_locale":"pt_BR","og_type":"article","og_title":"Nossa oficina - Alumetal","og_description":"[vc_row tm_bgimagefixed=&#8221;&#8221; full_width=&#8221;stretch_row&#8221;][vc_column][vc_row_inner][vc_column_inner width=&#8221;1\/2&#8243;][vc_single_image image=&#8221;4257&#8243; img_size=&#8221;full&#8221;][\/vc_column_inner][vc_column_inner width=&#8221;1\/2&#8243;][vc_column_text]Shanghai Alumetal Decoration Material Co., Ltd., produz painel composto de alum\u00ednio h\u00e1 mais de 20 anos, agora temos 12 linhas de produ\u00e7\u00e3o de painel composto de alum\u00ednio-pl\u00e1stico para fabrica\u00e7\u00e3o de painel composto de alum\u00ednio e 3 linhas de produ\u00e7\u00e3o de revestimento pr\u00f3prias. Durante estes anos, insistimos na escolha de &hellip; Continue reading Nossa oficina","og_url":"https:\/\/www.cnalumetal.com\/pt-br\/nossa-oficina","og_site_name":"Alumetal","article_modified_time":"2023-09-07T08:00:14+00:00","twitter_card":"summary_large_image","twitter_misc":{"Est. tempo de leitura":"2 minutos"},"schema":{"@context":"https:\/\/schema.org","@graph":[{"@type":"WebPage","@id":"https:\/\/www.cnalumetal.com\/pt-br\/nossa-oficina","url":"https:\/\/www.cnalumetal.com\/pt-br\/nossa-oficina","name":"Nossa oficina - Alumetal","isPartOf":{"@id":"https:\/\/www.cnalumetal.com\/#website"},"datePublished":"2023-04-24T09:12:41+00:00","dateModified":"2023-09-07T08:00:14+00:00","breadcrumb":{"@id":"https:\/\/www.cnalumetal.com\/pt-br\/nossa-oficina#breadcrumb"},"inLanguage":"pt-BR","potentialAction":[{"@type":"ReadAction","target":["https:\/\/www.cnalumetal.com\/pt-br\/nossa-oficina"]}]},{"@type":"BreadcrumbList","@id":"https:\/\/www.cnalumetal.com\/pt-br\/nossa-oficina#breadcrumb","itemListElement":[{"@type":"ListItem","position":1,"name":"Home","item":"https:\/\/www.cnalumetal.com\/pt-br\/fabricante-de-painel-composto-de-aluminio"},{"@type":"ListItem","position":2,"name":"Nossa oficina"}]},{"@type":"WebSite","@id":"https:\/\/www.cnalumetal.com\/#website","url":"https:\/\/www.cnalumetal.com\/","name":"Alumetal","description":"","publisher":{"@id":"https:\/\/www.cnalumetal.com\/#organization"},"potentialAction":[{"@type":"SearchAction","target":{"@type":"EntryPoint","urlTemplate":"https:\/\/www.cnalumetal.com\/?s={search_term_string}"},"query-input":{"@type":"PropertyValueSpecification","valueRequired":true,"valueName":"search_term_string"}}],"inLanguage":"pt-BR"},{"@type":"Organization","@id":"https:\/\/www.cnalumetal.com\/#organization","name":"Alumetal","url":"https:\/\/www.cnalumetal.com\/","logo":{"@type":"ImageObject","inLanguage":"pt-BR","@id":"https:\/\/www.cnalumetal.com\/#\/schema\/logo\/image\/","url":"https:\/\/www.cnalumetal.com\/wp-content\/uploads\/2023\/05\/cropped-favicon.png","contentUrl":"https:\/\/www.cnalumetal.com\/wp-content\/uploads\/2023\/05\/cropped-favicon.png","width":512,"height":512,"caption":"Alumetal"},"image":{"@id":"https:\/\/www.cnalumetal.com\/#\/schema\/logo\/image\/"}}]}},"_links":{"self":[{"href":"https:\/\/www.cnalumetal.com\/pt-br\/wp-json\/wp\/v2\/pages\/10326","targetHints":{"allow":["GET"]}}],"collection":[{"href":"https:\/\/www.cnalumetal.com\/pt-br\/wp-json\/wp\/v2\/pages"}],"about":[{"href":"https:\/\/www.cnalumetal.com\/pt-br\/wp-json\/wp\/v2\/types\/page"}],"author":[{"embeddable":true,"href":"https:\/\/www.cnalumetal.com\/pt-br\/wp-json\/wp\/v2\/users\/1"}],"replies":[{"embeddable":true,"href":"https:\/\/www.cnalumetal.com\/pt-br\/wp-json\/wp\/v2\/comments?post=10326"}],"version-history":[{"count":2,"href":"https:\/\/www.cnalumetal.com\/pt-br\/wp-json\/wp\/v2\/pages\/10326\/revisions"}],"predecessor-version":[{"id":10328,"href":"https:\/\/www.cnalumetal.com\/pt-br\/wp-json\/wp\/v2\/pages\/10326\/revisions\/10328"}],"wp:attachment":[{"href":"https:\/\/www.cnalumetal.com\/pt-br\/wp-json\/wp\/v2\/media?parent=10326"}],"curies":[{"name":"wp","href":"https:\/\/api.w.org\/{rel}","templated":true}]}}