{"id":10279,"date":"2023-04-23T09:28:31","date_gmt":"2023-04-23T09:28:31","guid":{"rendered":"https:\/\/www.cnalumetal.com\/certificados"},"modified":"2023-09-13T05:39:36","modified_gmt":"2023-09-13T05:39:36","slug":"certificados","status":"publish","type":"page","link":"https:\/\/www.cnalumetal.com\/pt-br\/certificados","title":{"rendered":"Certificados"},"content":{"rendered":"<p>[vc_row][vc_column]<div class=\"tm-element-heading-wrapper tm-heading-inner tm-element-align-center tm-seperator-solid tm-heading-style-vertical \"><section class=\"tm-vc_cta3-container\"><div class=\"tm-vc_general tm-vc_cta3 tm-cta3-only tm-vc_cta3-style-classic tm-vc_cta3-shape-rounded tm-vc_cta3-align-center tm-vc_cta3-color-transparent tm-vc_cta3-icon-size-md tm-vc_cta3-actions-no tm-cta3-without-desc\"><div class=\"tm-vc_cta3_content-container\"><div class=\"tm-vc_cta3-content\"><header class=\"tm-vc_cta3-content-header tm-wrap\"><div class=\"tm-vc_cta3-headers tm-wrap-cell\"><h2 class=\"tm-custom-heading \" >Certificates<\/h2>\n<\/div><\/header><\/div><\/div><\/div><\/section><\/div> <!-- .tm-element-heading-wrapper container --> [vc_row_inner][vc_column_inner width=&#8221;1\/2&#8243;][vc_images_carousel images=&#8221;4115,4116,4117,4118,4119,4137,4138,4139,4140,4141,4142,4143,4144,4145,4146&#8243; img_size=&#8221;full&#8221; slides_per_view=&#8221;3&#8243; hide_pagination_control=&#8221;yes&#8221;][\/vc_column_inner][vc_column_inner width=&#8221;1\/2&#8243;][vc_column_text]<\/p>\n<h4>Tested by International Laboratories<\/h4>\n<p>Our quality system covers all details a great product needs and is fully integrated with our overall business management systems. With these principles we acquire several certifications:<\/p>\n<ul>\n<li><i class=\"fas fa-square-full\"><\/i>We anticipate customers&#8217; needs and expectations.<\/li>\n<li><i class=\"fas fa-square-full\"><\/i>We safeguard our customers by regulatory compliance.<\/li>\n<li><i class=\"fas fa-square-full\"><\/i>We provide marketing, technical and support information that is readily accessible and easy to understand.<\/li>\n<\/ul>\n<p>[\/vc_column_text][\/vc_column_inner][\/vc_row_inner][\/vc_column][\/vc_row][vc_row tm_bgimagefixed=&#8221;&#8221; full_width=&#8221;stretch_row&#8221; css=&#8221;.vc_custom_1682238388456{background-color: #0080d7 !important;}&#8221;][vc_column tm_textcolor=&#8221;white&#8221;]<div class=\"tm-element-heading-wrapper tm-heading-inner tm-element-align-center tm-seperator-solid tm-heading-style-vertical \"><section class=\"tm-vc_cta3-container\"><div class=\"tm-vc_general tm-vc_cta3 tm-cta3-only tm-vc_cta3-style-classic tm-vc_cta3-shape-rounded tm-vc_cta3-align-center tm-vc_cta3-color-transparent tm-vc_cta3-icon-size-md tm-vc_cta3-actions-no tm-cta3-without-desc\"><div class=\"tm-vc_cta3_content-container\"><div class=\"tm-vc_cta3-content\"><header class=\"tm-vc_cta3-content-header tm-wrap\"><div class=\"tm-vc_cta3-headers tm-wrap-cell\"><h2 class=\"tm-custom-heading \" >Quality Control System<\/h2>\n<\/div><\/header><\/div><\/div><\/div><\/section><\/div> <!-- .tm-element-heading-wrapper container --> [vc_row_inner][vc_column_inner tm_textcolor=&#8221;dark&#8221; width=&#8221;1\/3&#8243;]<section class=\"tm-vc_cta3-container\"><div class=\"tm-vc_general tm-vc_cta3 tm-cta3-only tm-vc_cta3-style-classic tm-vc_cta3-shape-rounded tm-vc_cta3-align-left tm-vc_cta3-color-grey tm-vc_cta3-icon-size-md tm-cta3-with-desc\"><div class=\"tm-vc_cta3_content-container\"><div class=\"tm-vc_cta3-content\"><header class=\"tm-vc_cta3-content-header tm-wrap\"><div class=\"tm-vc_cta3-headers tm-wrap-cell\"><\/div><\/header><div class=\"tm-cta3-content-wrapper\"><p>Thorough in-line inspection of the entire production process.<\/p><\/div><\/div><\/div><\/div><\/section><section class=\"tm-vc_cta3-container\"><div class=\"tm-vc_general tm-vc_cta3 tm-cta3-only tm-vc_cta3-style-classic tm-vc_cta3-shape-rounded tm-vc_cta3-align-left tm-vc_cta3-color-white tm-vc_cta3-icon-size-md tm-cta3-with-desc\"><div class=\"tm-vc_cta3_content-container\"><div class=\"tm-vc_cta3-content\"><header class=\"tm-vc_cta3-content-header tm-wrap\"><div class=\"tm-vc_cta3-headers tm-wrap-cell\"><\/div><\/header><div class=\"tm-cta3-content-wrapper\"><p>Continuous thermal and impact testing of random sample products.<\/p><\/div><\/div><\/div><\/div><\/section>[\/vc_column_inner][vc_column_inner tm_textcolor=&#8221;dark&#8221; width=&#8221;1\/3&#8243;]<section class=\"tm-vc_cta3-container\"><div class=\"tm-vc_general tm-vc_cta3 tm-cta3-only tm-vc_cta3-style-classic tm-vc_cta3-shape-rounded tm-vc_cta3-align-left tm-vc_cta3-color-white tm-vc_cta3-icon-size-md tm-cta3-with-desc\"><div class=\"tm-vc_cta3_content-container\"><div class=\"tm-vc_cta3-content\"><header class=\"tm-vc_cta3-content-header tm-wrap\"><div class=\"tm-vc_cta3-headers tm-wrap-cell\"><\/div><\/header><div class=\"tm-cta3-content-wrapper\"><p>Final inspection of the completed product before shipment to the client.<\/p><\/div><\/div><\/div><\/div><\/section><section class=\"tm-vc_cta3-container\"><div class=\"tm-vc_general tm-vc_cta3 tm-cta3-only tm-vc_cta3-style-classic tm-vc_cta3-shape-rounded tm-vc_cta3-align-left tm-vc_cta3-color-white tm-vc_cta3-icon-size-md tm-cta3-with-desc\"><div class=\"tm-vc_cta3_content-container\"><div class=\"tm-vc_cta3-content\"><header class=\"tm-vc_cta3-content-header tm-wrap\"><div class=\"tm-vc_cta3-headers tm-wrap-cell\"><\/div><\/header><div class=\"tm-cta3-content-wrapper\"><p>Closed quality loop to allow for effective process and design adjustments.<\/p><\/div><\/div><\/div><\/div><\/section>[\/vc_column_inner][vc_column_inner tm_textcolor=&#8221;dark&#8221; width=&#8221;1\/3&#8243;]<section class=\"tm-vc_cta3-container\"><div class=\"tm-vc_general tm-vc_cta3 tm-cta3-only tm-vc_cta3-style-classic tm-vc_cta3-shape-rounded tm-vc_cta3-align-left tm-vc_cta3-color-white tm-vc_cta3-icon-size-md tm-cta3-with-desc\"><div class=\"tm-vc_cta3_content-container\"><div class=\"tm-vc_cta3-content\"><header class=\"tm-vc_cta3-content-header tm-wrap\"><div class=\"tm-vc_cta3-headers tm-wrap-cell\"><\/div><\/header><div class=\"tm-cta3-content-wrapper\"><p>Consistent reporting and tracking of deficiencies and corrections.<\/p><\/div><\/div><\/div><\/div><\/section><section class=\"tm-vc_cta3-container\"><div class=\"tm-vc_general tm-vc_cta3 tm-cta3-only tm-vc_cta3-style-classic tm-vc_cta3-shape-rounded tm-vc_cta3-align-left tm-vc_cta3-color-white tm-vc_cta3-icon-size-md tm-cta3-with-desc\"><div class=\"tm-vc_cta3_content-container\"><div class=\"tm-vc_cta3-content\"><header class=\"tm-vc_cta3-content-header tm-wrap\"><div class=\"tm-vc_cta3-headers tm-wrap-cell\"><\/div><\/header><div class=\"tm-cta3-content-wrapper\"><p>Production supervisor feedbacks regularly at quality update meetings.<\/p><\/div><\/div><\/div><\/div><\/section>[\/vc_column_inner][\/vc_row_inner][\/vc_column][\/vc_row][vc_row][vc_column]<div class=\"tm-element-heading-wrapper tm-heading-inner tm-element-align-center tm-seperator-solid tm-heading-style-vertical \"><section class=\"tm-vc_cta3-container\"><div class=\"tm-vc_general tm-vc_cta3 tm-cta3-only tm-vc_cta3-style-classic tm-vc_cta3-shape-rounded tm-vc_cta3-align-center tm-vc_cta3-color-transparent tm-vc_cta3-icon-size-md tm-vc_cta3-actions-no tm-cta3-without-desc\"><div class=\"tm-vc_cta3_content-container\"><div class=\"tm-vc_cta3-content\"><header class=\"tm-vc_cta3-content-header tm-wrap\"><div class=\"tm-vc_cta3-headers tm-wrap-cell\"><h2 class=\"tm-custom-heading \" >Inspection Center<\/h2>\n<\/div><\/header><\/div><\/div><\/div><\/section><\/div> <!-- .tm-element-heading-wrapper container --> [vc_row_inner][vc_column_inner width=&#8221;1\/2&#8243;][vc_column_text]Our company has set up a first-rate inspection center in china and developed information based management subsystems like quality management, test management, quality inspection, measuring control and management of physical and chemical analyses to meet our requirements for the high-quality management level.[\/vc_column_text][\/vc_column_inner][vc_column_inner width=&#8221;1\/2&#8243;][vc_single_image image=&#8221;4171&#8243; img_size=&#8221;full&#8221;][\/vc_column_inner][\/vc_row_inner][vc_row_inner][vc_column_inner width=&#8221;1\/2&#8243;][vc_images_carousel images=&#8221;4178,4180,4181,4182,4183,4184,4185&#8243; img_size=&#8221;full&#8221; onclick=&#8221;link_no&#8221; slides_per_view=&#8221;2&#8243; autoplay=&#8221;yes&#8221; hide_pagination_control=&#8221;yes&#8221; wrap=&#8221;yes&#8221;][\/vc_column_inner][vc_column_inner width=&#8221;1\/2&#8243;][vc_column_text]<span class=\"text11pxheight140\">Nosso centro de inspe\u00e7\u00e3o oferece fun\u00e7\u00f5es como testes, pesquisa e desenvolvimento para v\u00e1rios produtos. \u00c9 equipado com medidor de brilho de display espelhado, testador de dureza de arranh\u00f5es de l\u00e1pis de revestimento de filme, testador de tens\u00e3o eletr\u00f4nico de display digital, comparador visual de cores, equil\u00edbrio anal\u00edtico, instrumento de impacto de revestimento, instrumento de manchas resistente a solventes, ader\u00f4metro, c\u00e2mara de teste de envelhecimento acelerado por UV, c\u00e2mara de teste de n\u00e9voa salina e breve. Todos n\u00f3s, desde cada l\u00edder de alto n\u00edvel at\u00e9 cada <\/span><span class=\"text11pxheight140\">funcion\u00e1rio, atribu\u00edmos import\u00e2ncia ao conceito de melhoria cont\u00ednua da qualidade para construir a cultura de &#8220;n\u00facleo de qualidade&#8221; da nossa empresa<\/span>[\/vc_column_text][\/vc_column_inner][\/vc_row_inner][\/vc_column][\/vc_row]<\/p>\n","protected":false},"excerpt":{"rendered":"<p>[vc_row][vc_column][vc_row_inner][vc_column_inner width=&#8221;1\/2&#8243;][vc_images_carousel images=&#8221;4115,4116,4117,4118,4119,4137,4138,4139,4140,4141,4142,4143,4144,4145,4146&#8243; img_size=&#8221;full&#8221; slides_per_view=&#8221;3&#8243; hide_pagination_control=&#8221;yes&#8221;][\/vc_column_inner][vc_column_inner width=&#8221;1\/2&#8243;][vc_column_text] Tested by International Laboratories Our quality system covers all details a great product needs and is fully integrated with our overall business management systems. With these principles we acquire several certifications: We anticipate customers&#8217; needs and expectations. We safeguard our customers by regulatory compliance. We provide marketing, technical &hellip; <a href=\"https:\/\/www.cnalumetal.com\/pt-br\/certificados\" class=\"more-link\">Continue reading <span class=\"screen-reader-text\">Certificados<\/span><\/a><\/p>\n","protected":false},"author":1,"featured_media":0,"parent":0,"menu_order":0,"comment_status":"closed","ping_status":"closed","template":"","meta":{"footnotes":""},"class_list":["post-10279","page","type-page","status-publish","hentry"],"yoast_head":"<!-- This site is optimized with the Yoast SEO plugin v27.2 - https:\/\/yoast.com\/product\/yoast-seo-wordpress\/ -->\n<title>Certificados - Alumetal<\/title>\n<meta name=\"robots\" content=\"index, follow, max-snippet:-1, max-image-preview:large, max-video-preview:-1\" \/>\n<link rel=\"canonical\" href=\"https:\/\/www.cnalumetal.com\/certificates\" \/>\n<meta property=\"og:locale\" content=\"pt_BR\" \/>\n<meta property=\"og:type\" content=\"article\" \/>\n<meta property=\"og:title\" content=\"Certificados - Alumetal\" \/>\n<meta property=\"og:description\" content=\"[vc_row][vc_column][vc_row_inner][vc_column_inner width=&#8221;1\/2&#8243;][vc_images_carousel images=&#8221;4115,4116,4117,4118,4119,4137,4138,4139,4140,4141,4142,4143,4144,4145,4146&#8243; img_size=&#8221;full&#8221; slides_per_view=&#8221;3&#8243; hide_pagination_control=&#8221;yes&#8221;][\/vc_column_inner][vc_column_inner width=&#8221;1\/2&#8243;][vc_column_text] Tested by International Laboratories Our quality system covers all details a great product needs and is fully integrated with our overall business management systems. With these principles we acquire several certifications: We anticipate customers&#8217; needs and expectations. We safeguard our customers by regulatory compliance. We provide marketing, technical &hellip; Continue reading Certificados\" \/>\n<meta property=\"og:url\" content=\"https:\/\/www.cnalumetal.com\/certificates\" \/>\n<meta property=\"og:site_name\" content=\"Alumetal\" \/>\n<meta property=\"article:modified_time\" content=\"2023-09-13T05:39:36+00:00\" \/>\n<meta name=\"twitter:card\" content=\"summary_large_image\" \/>\n<meta name=\"twitter:label1\" content=\"Est. tempo de leitura\" \/>\n\t<meta name=\"twitter:data1\" content=\"3 minutos\" \/>\n<script type=\"application\/ld+json\" class=\"yoast-schema-graph\">{\"@context\":\"https:\/\/schema.org\",\"@graph\":[{\"@type\":\"WebPage\",\"@id\":\"https:\/\/www.cnalumetal.com\/certificates\",\"url\":\"https:\/\/www.cnalumetal.com\/certificates\",\"name\":\"Certificados - Alumetal\",\"isPartOf\":{\"@id\":\"https:\/\/www.cnalumetal.com\/#website\"},\"datePublished\":\"2023-04-23T09:28:31+00:00\",\"dateModified\":\"2023-09-13T05:39:36+00:00\",\"breadcrumb\":{\"@id\":\"https:\/\/www.cnalumetal.com\/certificates#breadcrumb\"},\"inLanguage\":\"pt-BR\",\"potentialAction\":[{\"@type\":\"ReadAction\",\"target\":[\"https:\/\/www.cnalumetal.com\/certificates\"]}]},{\"@type\":\"BreadcrumbList\",\"@id\":\"https:\/\/www.cnalumetal.com\/certificates#breadcrumb\",\"itemListElement\":[{\"@type\":\"ListItem\",\"position\":1,\"name\":\"Home\",\"item\":\"https:\/\/www.cnalumetal.com\/pt-br\/fabricante-de-painel-composto-de-aluminio\"},{\"@type\":\"ListItem\",\"position\":2,\"name\":\"Certificados\"}]},{\"@type\":\"WebSite\",\"@id\":\"https:\/\/www.cnalumetal.com\/#website\",\"url\":\"https:\/\/www.cnalumetal.com\/\",\"name\":\"Alumetal\",\"description\":\"\",\"publisher\":{\"@id\":\"https:\/\/www.cnalumetal.com\/#organization\"},\"potentialAction\":[{\"@type\":\"SearchAction\",\"target\":{\"@type\":\"EntryPoint\",\"urlTemplate\":\"https:\/\/www.cnalumetal.com\/?s={search_term_string}\"},\"query-input\":{\"@type\":\"PropertyValueSpecification\",\"valueRequired\":true,\"valueName\":\"search_term_string\"}}],\"inLanguage\":\"pt-BR\"},{\"@type\":\"Organization\",\"@id\":\"https:\/\/www.cnalumetal.com\/#organization\",\"name\":\"Alumetal\",\"url\":\"https:\/\/www.cnalumetal.com\/\",\"logo\":{\"@type\":\"ImageObject\",\"inLanguage\":\"pt-BR\",\"@id\":\"https:\/\/www.cnalumetal.com\/#\/schema\/logo\/image\/\",\"url\":\"https:\/\/www.cnalumetal.com\/wp-content\/uploads\/2023\/05\/cropped-favicon.png\",\"contentUrl\":\"https:\/\/www.cnalumetal.com\/wp-content\/uploads\/2023\/05\/cropped-favicon.png\",\"width\":512,\"height\":512,\"caption\":\"Alumetal\"},\"image\":{\"@id\":\"https:\/\/www.cnalumetal.com\/#\/schema\/logo\/image\/\"}}]}<\/script>\n<!-- \/ Yoast SEO plugin. -->","yoast_head_json":{"title":"Certificados - Alumetal","robots":{"index":"index","follow":"follow","max-snippet":"max-snippet:-1","max-image-preview":"max-image-preview:large","max-video-preview":"max-video-preview:-1"},"canonical":"https:\/\/www.cnalumetal.com\/certificates","og_locale":"pt_BR","og_type":"article","og_title":"Certificados - Alumetal","og_description":"[vc_row][vc_column][vc_row_inner][vc_column_inner width=&#8221;1\/2&#8243;][vc_images_carousel images=&#8221;4115,4116,4117,4118,4119,4137,4138,4139,4140,4141,4142,4143,4144,4145,4146&#8243; img_size=&#8221;full&#8221; slides_per_view=&#8221;3&#8243; hide_pagination_control=&#8221;yes&#8221;][\/vc_column_inner][vc_column_inner width=&#8221;1\/2&#8243;][vc_column_text] Tested by International Laboratories Our quality system covers all details a great product needs and is fully integrated with our overall business management systems. With these principles we acquire several certifications: We anticipate customers&#8217; needs and expectations. We safeguard our customers by regulatory compliance. We provide marketing, technical &hellip; Continue reading Certificados","og_url":"https:\/\/www.cnalumetal.com\/certificates","og_site_name":"Alumetal","article_modified_time":"2023-09-13T05:39:36+00:00","twitter_card":"summary_large_image","twitter_misc":{"Est. tempo de leitura":"3 minutos"},"schema":{"@context":"https:\/\/schema.org","@graph":[{"@type":"WebPage","@id":"https:\/\/www.cnalumetal.com\/certificates","url":"https:\/\/www.cnalumetal.com\/certificates","name":"Certificados - Alumetal","isPartOf":{"@id":"https:\/\/www.cnalumetal.com\/#website"},"datePublished":"2023-04-23T09:28:31+00:00","dateModified":"2023-09-13T05:39:36+00:00","breadcrumb":{"@id":"https:\/\/www.cnalumetal.com\/certificates#breadcrumb"},"inLanguage":"pt-BR","potentialAction":[{"@type":"ReadAction","target":["https:\/\/www.cnalumetal.com\/certificates"]}]},{"@type":"BreadcrumbList","@id":"https:\/\/www.cnalumetal.com\/certificates#breadcrumb","itemListElement":[{"@type":"ListItem","position":1,"name":"Home","item":"https:\/\/www.cnalumetal.com\/pt-br\/fabricante-de-painel-composto-de-aluminio"},{"@type":"ListItem","position":2,"name":"Certificados"}]},{"@type":"WebSite","@id":"https:\/\/www.cnalumetal.com\/#website","url":"https:\/\/www.cnalumetal.com\/","name":"Alumetal","description":"","publisher":{"@id":"https:\/\/www.cnalumetal.com\/#organization"},"potentialAction":[{"@type":"SearchAction","target":{"@type":"EntryPoint","urlTemplate":"https:\/\/www.cnalumetal.com\/?s={search_term_string}"},"query-input":{"@type":"PropertyValueSpecification","valueRequired":true,"valueName":"search_term_string"}}],"inLanguage":"pt-BR"},{"@type":"Organization","@id":"https:\/\/www.cnalumetal.com\/#organization","name":"Alumetal","url":"https:\/\/www.cnalumetal.com\/","logo":{"@type":"ImageObject","inLanguage":"pt-BR","@id":"https:\/\/www.cnalumetal.com\/#\/schema\/logo\/image\/","url":"https:\/\/www.cnalumetal.com\/wp-content\/uploads\/2023\/05\/cropped-favicon.png","contentUrl":"https:\/\/www.cnalumetal.com\/wp-content\/uploads\/2023\/05\/cropped-favicon.png","width":512,"height":512,"caption":"Alumetal"},"image":{"@id":"https:\/\/www.cnalumetal.com\/#\/schema\/logo\/image\/"}}]}},"_links":{"self":[{"href":"https:\/\/www.cnalumetal.com\/pt-br\/wp-json\/wp\/v2\/pages\/10279","targetHints":{"allow":["GET"]}}],"collection":[{"href":"https:\/\/www.cnalumetal.com\/pt-br\/wp-json\/wp\/v2\/pages"}],"about":[{"href":"https:\/\/www.cnalumetal.com\/pt-br\/wp-json\/wp\/v2\/types\/page"}],"author":[{"embeddable":true,"href":"https:\/\/www.cnalumetal.com\/pt-br\/wp-json\/wp\/v2\/users\/1"}],"replies":[{"embeddable":true,"href":"https:\/\/www.cnalumetal.com\/pt-br\/wp-json\/wp\/v2\/comments?post=10279"}],"version-history":[{"count":5,"href":"https:\/\/www.cnalumetal.com\/pt-br\/wp-json\/wp\/v2\/pages\/10279\/revisions"}],"predecessor-version":[{"id":11355,"href":"https:\/\/www.cnalumetal.com\/pt-br\/wp-json\/wp\/v2\/pages\/10279\/revisions\/11355"}],"wp:attachment":[{"href":"https:\/\/www.cnalumetal.com\/pt-br\/wp-json\/wp\/v2\/media?parent=10279"}],"curies":[{"name":"wp","href":"https:\/\/api.w.org\/{rel}","templated":true}]}}