{"id":11320,"date":"2019-02-04T12:52:59","date_gmt":"2019-02-04T12:52:59","guid":{"rendered":"https:\/\/www.cnalumetal.com\/proyecto"},"modified":"2024-02-21T09:11:55","modified_gmt":"2024-02-21T09:11:55","slug":"proyecto","status":"publish","type":"page","link":"https:\/\/www.cnalumetal.com\/es\/proyecto","title":{"rendered":"Proyecto"},"content":{"rendered":"<p>[vc_row tm_bgimagefixed=\u00bb\u00bb css=\u00bb.vc_custom_1533794482488{padding-top: 65px !important;padding-bottom: 0px !important;}\u00bb][vc_column]<h2 style=\"text-align:left;font-size:36px;line-height:46px;\" class=\"tm-custom-heading \" >Global Projects<\/h2>\n[vc_column_text]A continuaci\u00f3n ver\u00e1 nuestros mejores proyectos en funcionamiento. Brindamos atenci\u00f3n al cliente interminable y tambi\u00e9n garantizamos un nivel muy alto de satisfacci\u00f3n para nuestros clientes. Si tiene alguna pregunta, no dude en enviarnos un correo electr\u00f3nico a <a href=\"mailto:info@cnalumetal.com\">info@cnalumetal.com<\/a> para obtener m\u00e1s detalles.[\/vc_column_text][\/vc_column][\/vc_row][vc_row tm_bgimagefixed=\u00bb\u00bb css=\u00bb.vc_custom_1550124264289{padding-top: 15px !important;padding-bottom: 100px !important;}\u00bb][vc_column]<div class=\"themetechmount-boxes themetechmount-boxes-portfolio themetechmount-boxes-view-default themetechmount-boxes-col-three themetechmount-boxes-sortable-no themetechmount-boxes-textalign-center\">\n\t\t<div class=\"themetechmount-boxes-inner themetechmount-boxes-portfolio-inner \">\n\t\t\t\n\t\t\t<div class=\"row multi-columns-row themetechmount-boxes-row-wrapper\">\n\t\t\t\t<div class=\"tm-box-col-wrapper col-lg-4 col-sm-6 col-md-4 col-xs-12 \"><article class=\"themetechmount-box themetechmount-box-portfolio themetechmount-box-view-top-image themetechmount-portfolio-box-view-top-image \">\r\n\t<div class=\"themetechmount-post-item\">\t\r\n\t\t<div class=\"themetechmount-post-item-inner\">\r\n\t\t\t<div class=\"tm-featured-wrapper tm-tm_portfolio-featured-wrapper\"><a href=\"https:\/\/www.cnalumetal.com\/es\/project\/proyectos-de-ingenieria-en-camboya\"><img loading=\"lazy\" decoding=\"async\" width=\"740\" height=\"556\" src=\"https:\/\/www.cnalumetal.com\/wp-content\/uploads\/2023\/12\/cambodia-engineering-projects-740x556.webp\" class=\"attachment-themetechmount-img-portfolio size-themetechmount-img-portfolio wp-post-image\" alt=\"Cambodia engineering projects\" data-id=\"11467\" \/><\/a><\/div>\t\t\t<div class=\"themetechmount-box-content themetechmount-overlay\">\r\n\t\t\t\t<div class=\"themetechmount-box-content-inner\">\r\n\t\t\t\t\t<div class=\"themetechmount-icon-box themetechmount-media-link\"><a class=\"tm_prettyphoto\" title=\"Proyectos de ingenier\u00eda en Camboya.\" href=\"https:\/\/www.cnalumetal.com\/wp-content\/uploads\/2023\/12\/cambodia-engineering-projects-jpg.webp\"><i class=\"tm-boldman-icon-search\"><\/i><\/a><a href=\" https:\/\/www.cnalumetal.com\/es\/project\/proyectos-de-ingenieria-en-camboya\" class=\"themetechmount_pf_link\"><i class=\"tm-boldman-icon-link\"><\/i><\/a><\/div>\t\r\n\t\t\t\t<\/div>\t\t\t\r\n\t\t\t<\/div>\r\n\t\t<\/div>\r\n\t\t<div class=\"themetechmount-box-bottom-content\">\t\t\t\t\t\r\n\t\t\t<div class=\"themetechmount-box-category\"><\/div>\t\r\n\t\t\t<div class=\"themetechmount-box-title\"><h4><a href=\"https:\/\/www.cnalumetal.com\/es\/project\/proyectos-de-ingenieria-en-camboya\">Proyectos de ingenier\u00eda en Camboya.<\/a><\/h4><\/div>\t\t\t\r\n\t\t<\/div>\r\n\t<\/div>\r\n<\/article><\/div><div class=\"tm-box-col-wrapper col-lg-4 col-sm-6 col-md-4 col-xs-12 \"><article class=\"themetechmount-box themetechmount-box-portfolio themetechmount-box-view-top-image themetechmount-portfolio-box-view-top-image \">\r\n\t<div class=\"themetechmount-post-item\">\t\r\n\t\t<div class=\"themetechmount-post-item-inner\">\r\n\t\t\t<div class=\"tm-featured-wrapper tm-tm_portfolio-featured-wrapper\"><a href=\"https:\/\/www.cnalumetal.com\/es\/project\/gasolinera-pertamina\"><img loading=\"lazy\" decoding=\"async\" width=\"740\" height=\"556\" src=\"https:\/\/www.cnalumetal.com\/wp-content\/uploads\/2023\/04\/gas-station-740x556.jpg\" class=\"attachment-themetechmount-img-portfolio size-themetechmount-img-portfolio wp-post-image\" alt=\"\" data-id=\"11249\" \/><\/a><\/div>\t\t\t<div class=\"themetechmount-box-content themetechmount-overlay\">\r\n\t\t\t\t<div class=\"themetechmount-box-content-inner\">\r\n\t\t\t\t\t<div class=\"themetechmount-icon-box themetechmount-media-link\"><a class=\"tm_prettyphoto\" title=\"gasolinera pertamina\" href=\"https:\/\/www.cnalumetal.com\/wp-content\/uploads\/2023\/04\/gas-station.jpg\"><i class=\"tm-boldman-icon-search\"><\/i><\/a><a href=\" https:\/\/www.cnalumetal.com\/es\/project\/gasolinera-pertamina\" class=\"themetechmount_pf_link\"><i class=\"tm-boldman-icon-link\"><\/i><\/a><\/div>\t\r\n\t\t\t\t<\/div>\t\t\t\r\n\t\t\t<\/div>\r\n\t\t<\/div>\r\n\t\t<div class=\"themetechmount-box-bottom-content\">\t\t\t\t\t\r\n\t\t\t<div class=\"themetechmount-box-category\"><\/div>\t\r\n\t\t\t<div class=\"themetechmount-box-title\"><h4><a href=\"https:\/\/www.cnalumetal.com\/es\/project\/gasolinera-pertamina\">gasolinera pertamina<\/a><\/h4><\/div>\t\t\t\r\n\t\t<\/div>\r\n\t<\/div>\r\n<\/article><\/div><div class=\"tm-box-col-wrapper col-lg-4 col-sm-6 col-md-4 col-xs-12 \"><article class=\"themetechmount-box themetechmount-box-portfolio themetechmount-box-view-top-image themetechmount-portfolio-box-view-top-image \">\r\n\t<div class=\"themetechmount-post-item\">\t\r\n\t\t<div class=\"themetechmount-post-item-inner\">\r\n\t\t\t<div class=\"tm-featured-wrapper tm-tm_portfolio-featured-wrapper\"><a href=\"https:\/\/www.cnalumetal.com\/es\/project\/coche-denso\"><img loading=\"lazy\" decoding=\"async\" width=\"740\" height=\"556\" src=\"https:\/\/www.cnalumetal.com\/wp-content\/uploads\/2023\/04\/denso-automobile-740x556.jpg\" class=\"attachment-themetechmount-img-portfolio size-themetechmount-img-portfolio wp-post-image\" alt=\"\" data-id=\"11248\" \/><\/a><\/div>\t\t\t<div class=\"themetechmount-box-content themetechmount-overlay\">\r\n\t\t\t\t<div class=\"themetechmount-box-content-inner\">\r\n\t\t\t\t\t<div class=\"themetechmount-icon-box themetechmount-media-link\"><a class=\"tm_prettyphoto\" title=\"coche denso\" href=\"https:\/\/www.cnalumetal.com\/wp-content\/uploads\/2023\/04\/denso-automobile.jpg\"><i class=\"tm-boldman-icon-search\"><\/i><\/a><a href=\" https:\/\/www.cnalumetal.com\/es\/project\/coche-denso\" class=\"themetechmount_pf_link\"><i class=\"tm-boldman-icon-link\"><\/i><\/a><\/div>\t\r\n\t\t\t\t<\/div>\t\t\t\r\n\t\t\t<\/div>\r\n\t\t<\/div>\r\n\t\t<div class=\"themetechmount-box-bottom-content\">\t\t\t\t\t\r\n\t\t\t<div class=\"themetechmount-box-category\"><\/div>\t\r\n\t\t\t<div class=\"themetechmount-box-title\"><h4><a href=\"https:\/\/www.cnalumetal.com\/es\/project\/coche-denso\">coche denso<\/a><\/h4><\/div>\t\t\t\r\n\t\t<\/div>\r\n\t<\/div>\r\n<\/article><\/div><div class=\"tm-box-col-wrapper col-lg-4 col-sm-6 col-md-4 col-xs-12 \"><article class=\"themetechmount-box themetechmount-box-portfolio themetechmount-box-view-top-image themetechmount-portfolio-box-view-top-image \">\r\n\t<div class=\"themetechmount-post-item\">\t\r\n\t\t<div class=\"themetechmount-post-item-inner\">\r\n\t\t\t<div class=\"tm-featured-wrapper tm-tm_portfolio-featured-wrapper\"><a href=\"https:\/\/www.cnalumetal.com\/es\/project\/carrefour\"><img loading=\"lazy\" decoding=\"async\" width=\"740\" height=\"556\" src=\"https:\/\/www.cnalumetal.com\/wp-content\/uploads\/2023\/04\/carrefour-740x556.jpg\" class=\"attachment-themetechmount-img-portfolio size-themetechmount-img-portfolio wp-post-image\" alt=\"\" data-id=\"11247\" \/><\/a><\/div>\t\t\t<div class=\"themetechmount-box-content themetechmount-overlay\">\r\n\t\t\t\t<div class=\"themetechmount-box-content-inner\">\r\n\t\t\t\t\t<div class=\"themetechmount-icon-box themetechmount-media-link\"><a class=\"tm_prettyphoto\" title=\"Carrefour\" href=\"https:\/\/www.cnalumetal.com\/wp-content\/uploads\/2023\/04\/carrefour.jpg\"><i class=\"tm-boldman-icon-search\"><\/i><\/a><a href=\" https:\/\/www.cnalumetal.com\/es\/project\/carrefour\" class=\"themetechmount_pf_link\"><i class=\"tm-boldman-icon-link\"><\/i><\/a><\/div>\t\r\n\t\t\t\t<\/div>\t\t\t\r\n\t\t\t<\/div>\r\n\t\t<\/div>\r\n\t\t<div class=\"themetechmount-box-bottom-content\">\t\t\t\t\t\r\n\t\t\t<div class=\"themetechmount-box-category\"><\/div>\t\r\n\t\t\t<div class=\"themetechmount-box-title\"><h4><a href=\"https:\/\/www.cnalumetal.com\/es\/project\/carrefour\">Carrefour<\/a><\/h4><\/div>\t\t\t\r\n\t\t<\/div>\r\n\t<\/div>\r\n<\/article><\/div><div class=\"tm-box-col-wrapper col-lg-4 col-sm-6 col-md-4 col-xs-12 \"><article class=\"themetechmount-box themetechmount-box-portfolio themetechmount-box-view-top-image themetechmount-portfolio-box-view-top-image \">\r\n\t<div class=\"themetechmount-post-item\">\t\r\n\t\t<div class=\"themetechmount-post-item-inner\">\r\n\t\t\t<div class=\"tm-featured-wrapper tm-tm_portfolio-featured-wrapper\"><a href=\"https:\/\/www.cnalumetal.com\/es\/project\/supermercado-bonnet\"><img loading=\"lazy\" decoding=\"async\" width=\"740\" height=\"556\" src=\"https:\/\/www.cnalumetal.com\/wp-content\/uploads\/2023\/04\/bonnet-supermarket-740x556.jpg\" class=\"attachment-themetechmount-img-portfolio size-themetechmount-img-portfolio wp-post-image\" alt=\"\" data-id=\"11246\" \/><\/a><\/div>\t\t\t<div class=\"themetechmount-box-content themetechmount-overlay\">\r\n\t\t\t\t<div class=\"themetechmount-box-content-inner\">\r\n\t\t\t\t\t<div class=\"themetechmount-icon-box themetechmount-media-link\"><a class=\"tm_prettyphoto\" title=\"Supermercado Bonnet\" href=\"https:\/\/www.cnalumetal.com\/wp-content\/uploads\/2023\/04\/bonnet-supermarket.jpg\"><i class=\"tm-boldman-icon-search\"><\/i><\/a><a href=\" https:\/\/www.cnalumetal.com\/es\/project\/supermercado-bonnet\" class=\"themetechmount_pf_link\"><i class=\"tm-boldman-icon-link\"><\/i><\/a><\/div>\t\r\n\t\t\t\t<\/div>\t\t\t\r\n\t\t\t<\/div>\r\n\t\t<\/div>\r\n\t\t<div class=\"themetechmount-box-bottom-content\">\t\t\t\t\t\r\n\t\t\t<div class=\"themetechmount-box-category\"><\/div>\t\r\n\t\t\t<div class=\"themetechmount-box-title\"><h4><a href=\"https:\/\/www.cnalumetal.com\/es\/project\/supermercado-bonnet\">Supermercado Bonnet<\/a><\/h4><\/div>\t\t\t\r\n\t\t<\/div>\r\n\t<\/div>\r\n<\/article><\/div><div class=\"tm-box-col-wrapper col-lg-4 col-sm-6 col-md-4 col-xs-12 \"><article class=\"themetechmount-box themetechmount-box-portfolio themetechmount-box-view-top-image themetechmount-portfolio-box-view-top-image \">\r\n\t<div class=\"themetechmount-post-item\">\t\r\n\t\t<div class=\"themetechmount-post-item-inner\">\r\n\t\t\t<div class=\"tm-featured-wrapper tm-tm_portfolio-featured-wrapper\"><a href=\"https:\/\/www.cnalumetal.com\/es\/project\/centro-comercial-bangkalan\"><img loading=\"lazy\" decoding=\"async\" width=\"740\" height=\"556\" src=\"https:\/\/www.cnalumetal.com\/wp-content\/uploads\/2023\/04\/bangkalan-mall-740x556.jpg\" class=\"attachment-themetechmount-img-portfolio size-themetechmount-img-portfolio wp-post-image\" alt=\"\" data-id=\"11245\" \/><\/a><\/div>\t\t\t<div class=\"themetechmount-box-content themetechmount-overlay\">\r\n\t\t\t\t<div class=\"themetechmount-box-content-inner\">\r\n\t\t\t\t\t<div class=\"themetechmount-icon-box themetechmount-media-link\"><a class=\"tm_prettyphoto\" title=\"Centro comercial Bangkalan\" href=\"https:\/\/www.cnalumetal.com\/wp-content\/uploads\/2023\/04\/bangkalan-mall.jpg\"><i class=\"tm-boldman-icon-search\"><\/i><\/a><a href=\" https:\/\/www.cnalumetal.com\/es\/project\/centro-comercial-bangkalan\" class=\"themetechmount_pf_link\"><i class=\"tm-boldman-icon-link\"><\/i><\/a><\/div>\t\r\n\t\t\t\t<\/div>\t\t\t\r\n\t\t\t<\/div>\r\n\t\t<\/div>\r\n\t\t<div class=\"themetechmount-box-bottom-content\">\t\t\t\t\t\r\n\t\t\t<div class=\"themetechmount-box-category\"><\/div>\t\r\n\t\t\t<div class=\"themetechmount-box-title\"><h4><a href=\"https:\/\/www.cnalumetal.com\/es\/project\/centro-comercial-bangkalan\">Centro comercial Bangkalan<\/a><\/h4><\/div>\t\t\t\r\n\t\t<\/div>\r\n\t<\/div>\r\n<\/article><\/div><div class=\"tm-box-col-wrapper col-lg-4 col-sm-6 col-md-4 col-xs-12 \"><article class=\"themetechmount-box themetechmount-box-portfolio themetechmount-box-view-top-image themetechmount-portfolio-box-view-top-image \">\r\n\t<div class=\"themetechmount-post-item\">\t\r\n\t\t<div class=\"themetechmount-post-item-inner\">\r\n\t\t\t<div class=\"tm-featured-wrapper tm-tm_portfolio-featured-wrapper\"><a href=\"https:\/\/www.cnalumetal.com\/es\/project\/vivienda-en-paises-bajos\"><img loading=\"lazy\" decoding=\"async\" width=\"740\" height=\"556\" src=\"https:\/\/www.cnalumetal.com\/wp-content\/uploads\/2023\/04\/netherlands-740x556.jpg\" class=\"attachment-themetechmount-img-portfolio size-themetechmount-img-portfolio wp-post-image\" alt=\"\" data-id=\"11244\" \/><\/a><\/div>\t\t\t<div class=\"themetechmount-box-content themetechmount-overlay\">\r\n\t\t\t\t<div class=\"themetechmount-box-content-inner\">\r\n\t\t\t\t\t<div class=\"themetechmount-icon-box themetechmount-media-link\"><a class=\"tm_prettyphoto\" title=\"Vivienda en Pa\u00edses Bajos\" href=\"https:\/\/www.cnalumetal.com\/wp-content\/uploads\/2023\/04\/netherlands.jpg\"><i class=\"tm-boldman-icon-search\"><\/i><\/a><a href=\" https:\/\/www.cnalumetal.com\/es\/project\/vivienda-en-paises-bajos\" class=\"themetechmount_pf_link\"><i class=\"tm-boldman-icon-link\"><\/i><\/a><\/div>\t\r\n\t\t\t\t<\/div>\t\t\t\r\n\t\t\t<\/div>\r\n\t\t<\/div>\r\n\t\t<div class=\"themetechmount-box-bottom-content\">\t\t\t\t\t\r\n\t\t\t<div class=\"themetechmount-box-category\"><\/div>\t\r\n\t\t\t<div class=\"themetechmount-box-title\"><h4><a href=\"https:\/\/www.cnalumetal.com\/es\/project\/vivienda-en-paises-bajos\">Vivienda en Pa\u00edses Bajos<\/a><\/h4><\/div>\t\t\t\r\n\t\t<\/div>\r\n\t<\/div>\r\n<\/article><\/div><div class=\"tm-box-col-wrapper col-lg-4 col-sm-6 col-md-4 col-xs-12 \"><article class=\"themetechmount-box themetechmount-box-portfolio themetechmount-box-view-top-image themetechmount-portfolio-box-view-top-image \">\r\n\t<div class=\"themetechmount-post-item\">\t\r\n\t\t<div class=\"themetechmount-post-item-inner\">\r\n\t\t\t<div class=\"tm-featured-wrapper tm-tm_portfolio-featured-wrapper\"><a href=\"https:\/\/www.cnalumetal.com\/es\/project\/espana-casa-familiar\"><img loading=\"lazy\" decoding=\"async\" width=\"740\" height=\"556\" src=\"https:\/\/www.cnalumetal.com\/wp-content\/uploads\/2023\/04\/spain-family-house-740x556.jpg\" class=\"attachment-themetechmount-img-portfolio size-themetechmount-img-portfolio wp-post-image\" alt=\"\" data-id=\"11242\" \/><\/a><\/div>\t\t\t<div class=\"themetechmount-box-content themetechmount-overlay\">\r\n\t\t\t\t<div class=\"themetechmount-box-content-inner\">\r\n\t\t\t\t\t<div class=\"themetechmount-icon-box themetechmount-media-link\"><a class=\"tm_prettyphoto\" title=\"Espa\u00f1a Casa Familiar\" href=\"https:\/\/www.cnalumetal.com\/wp-content\/uploads\/2023\/04\/spain-family-house.jpg\"><i class=\"tm-boldman-icon-search\"><\/i><\/a><a href=\" https:\/\/www.cnalumetal.com\/es\/project\/espana-casa-familiar\" class=\"themetechmount_pf_link\"><i class=\"tm-boldman-icon-link\"><\/i><\/a><\/div>\t\r\n\t\t\t\t<\/div>\t\t\t\r\n\t\t\t<\/div>\r\n\t\t<\/div>\r\n\t\t<div class=\"themetechmount-box-bottom-content\">\t\t\t\t\t\r\n\t\t\t<div class=\"themetechmount-box-category\"><\/div>\t\r\n\t\t\t<div class=\"themetechmount-box-title\"><h4><a href=\"https:\/\/www.cnalumetal.com\/es\/project\/espana-casa-familiar\">Espa\u00f1a Casa Familiar<\/a><\/h4><\/div>\t\t\t\r\n\t\t<\/div>\r\n\t<\/div>\r\n<\/article><\/div><div class=\"tm-box-col-wrapper col-lg-4 col-sm-6 col-md-4 col-xs-12 \"><article class=\"themetechmount-box themetechmount-box-portfolio themetechmount-box-view-top-image themetechmount-portfolio-box-view-top-image \">\r\n\t<div class=\"themetechmount-post-item\">\t\r\n\t\t<div class=\"themetechmount-post-item-inner\">\r\n\t\t\t<div class=\"tm-featured-wrapper tm-tm_portfolio-featured-wrapper\"><a href=\"https:\/\/www.cnalumetal.com\/es\/project\/escuela-secundaria-cretaro\"><img loading=\"lazy\" decoding=\"async\" width=\"740\" height=\"556\" src=\"https:\/\/www.cnalumetal.com\/wp-content\/uploads\/2023\/04\/post-three-740x556.jpg\" class=\"attachment-themetechmount-img-portfolio size-themetechmount-img-portfolio wp-post-image\" alt=\"\" data-id=\"11243\" \/><\/a><\/div>\t\t\t<div class=\"themetechmount-box-content themetechmount-overlay\">\r\n\t\t\t\t<div class=\"themetechmount-box-content-inner\">\r\n\t\t\t\t\t<div class=\"themetechmount-icon-box themetechmount-media-link\"><a class=\"tm_prettyphoto\" title=\"Escuela Secundaria Cretaro\" href=\"https:\/\/www.cnalumetal.com\/wp-content\/uploads\/2023\/04\/post-three.jpg\"><i class=\"tm-boldman-icon-search\"><\/i><\/a><a href=\" https:\/\/www.cnalumetal.com\/es\/project\/escuela-secundaria-cretaro\" class=\"themetechmount_pf_link\"><i class=\"tm-boldman-icon-link\"><\/i><\/a><\/div>\t\r\n\t\t\t\t<\/div>\t\t\t\r\n\t\t\t<\/div>\r\n\t\t<\/div>\r\n\t\t<div class=\"themetechmount-box-bottom-content\">\t\t\t\t\t\r\n\t\t\t<div class=\"themetechmount-box-category\"><\/div>\t\r\n\t\t\t<div class=\"themetechmount-box-title\"><h4><a href=\"https:\/\/www.cnalumetal.com\/es\/project\/escuela-secundaria-cretaro\">Escuela Secundaria Cretaro<\/a><\/h4><\/div>\t\t\t\r\n\t\t<\/div>\r\n\t<\/div>\r\n<\/article><\/div>\n\t\t\t<\/div>\n\t\t<\/div><!-- .themetechmount-boxes-inner -->   <\/div><!-- .themetechmount-boxes -->  [\/vc_column][\/vc_row]<\/p>\n","protected":false},"excerpt":{"rendered":"<p>[vc_row tm_bgimagefixed=\u00bb\u00bb css=\u00bb.vc_custom_1533794482488{padding-top: 65px !important;padding-bottom: 0px !important;}\u00bb][vc_column][vc_column_text]A continuaci\u00f3n ver\u00e1 nuestros mejores proyectos en funcionamiento. Brindamos atenci\u00f3n al cliente interminable y tambi\u00e9n garantizamos un nivel muy alto de satisfacci\u00f3n para nuestros clientes. Si tiene alguna pregunta, no dude en enviarnos un correo electr\u00f3nico a info@cnalumetal.com para obtener m\u00e1s detalles.[\/vc_column_text][\/vc_column][\/vc_row][vc_row tm_bgimagefixed=\u00bb\u00bb css=\u00bb.vc_custom_1550124264289{padding-top: 15px !important;padding-bottom: 100px !important;}\u00bb][vc_column][\/vc_column][\/vc_row]<\/p>\n","protected":false},"author":1,"featured_media":0,"parent":0,"menu_order":20,"comment_status":"closed","ping_status":"closed","template":"","meta":{"footnotes":""},"class_list":["post-11320","page","type-page","status-publish","hentry"],"yoast_head":"<!-- This site is optimized with the Yoast SEO plugin v27.2 - https:\/\/yoast.com\/product\/yoast-seo-wordpress\/ -->\n<title>Proyecto - Alumetal<\/title>\n<meta name=\"robots\" content=\"index, follow, max-snippet:-1, max-image-preview:large, max-video-preview:-1\" \/>\n<link rel=\"canonical\" href=\"https:\/\/www.cnalumetal.com\/es\/proyecto\" \/>\n<meta property=\"og:locale\" content=\"es_ES\" \/>\n<meta property=\"og:type\" content=\"article\" \/>\n<meta property=\"og:title\" content=\"Proyecto - Alumetal\" \/>\n<meta property=\"og:description\" content=\"[vc_row tm_bgimagefixed=\u00bb\u00bb css=\u00bb.vc_custom_1533794482488{padding-top: 65px !important;padding-bottom: 0px !important;}\u00bb][vc_column][vc_column_text]A continuaci\u00f3n ver\u00e1 nuestros mejores proyectos en funcionamiento. Brindamos atenci\u00f3n al cliente interminable y tambi\u00e9n garantizamos un nivel muy alto de satisfacci\u00f3n para nuestros clientes. Si tiene alguna pregunta, no dude en enviarnos un correo electr\u00f3nico a info@cnalumetal.com para obtener m\u00e1s detalles.[\/vc_column_text][\/vc_column][\/vc_row][vc_row tm_bgimagefixed=\u00bb\u00bb css=\u00bb.vc_custom_1550124264289{padding-top: 15px !important;padding-bottom: 100px !important;}\u00bb][vc_column][\/vc_column][\/vc_row]\" \/>\n<meta property=\"og:url\" content=\"https:\/\/www.cnalumetal.com\/es\/proyecto\" \/>\n<meta property=\"og:site_name\" content=\"Alumetal\" \/>\n<meta property=\"article:modified_time\" content=\"2024-02-21T09:11:55+00:00\" \/>\n<meta name=\"twitter:card\" content=\"summary_large_image\" \/>\n<meta name=\"twitter:label1\" content=\"Tiempo de lectura\" \/>\n\t<meta name=\"twitter:data1\" content=\"1 minuto\" \/>\n<script type=\"application\/ld+json\" class=\"yoast-schema-graph\">{\"@context\":\"https:\/\/schema.org\",\"@graph\":[{\"@type\":\"WebPage\",\"@id\":\"https:\/\/www.cnalumetal.com\/es\/proyecto\",\"url\":\"https:\/\/www.cnalumetal.com\/es\/proyecto\",\"name\":\"Proyecto - Alumetal\",\"isPartOf\":{\"@id\":\"https:\/\/www.cnalumetal.com\/#website\"},\"datePublished\":\"2019-02-04T12:52:59+00:00\",\"dateModified\":\"2024-02-21T09:11:55+00:00\",\"breadcrumb\":{\"@id\":\"https:\/\/www.cnalumetal.com\/es\/proyecto#breadcrumb\"},\"inLanguage\":\"es\",\"potentialAction\":[{\"@type\":\"ReadAction\",\"target\":[\"https:\/\/www.cnalumetal.com\/es\/proyecto\"]}]},{\"@type\":\"BreadcrumbList\",\"@id\":\"https:\/\/www.cnalumetal.com\/es\/proyecto#breadcrumb\",\"itemListElement\":[{\"@type\":\"ListItem\",\"position\":1,\"name\":\"Home\",\"item\":\"https:\/\/www.cnalumetal.com\/es\/fabricante-de-paneles-compuestos-de-aluminio\"},{\"@type\":\"ListItem\",\"position\":2,\"name\":\"Proyecto\"}]},{\"@type\":\"WebSite\",\"@id\":\"https:\/\/www.cnalumetal.com\/#website\",\"url\":\"https:\/\/www.cnalumetal.com\/\",\"name\":\"Alumetal\",\"description\":\"\",\"publisher\":{\"@id\":\"https:\/\/www.cnalumetal.com\/#organization\"},\"potentialAction\":[{\"@type\":\"SearchAction\",\"target\":{\"@type\":\"EntryPoint\",\"urlTemplate\":\"https:\/\/www.cnalumetal.com\/?s={search_term_string}\"},\"query-input\":{\"@type\":\"PropertyValueSpecification\",\"valueRequired\":true,\"valueName\":\"search_term_string\"}}],\"inLanguage\":\"es\"},{\"@type\":\"Organization\",\"@id\":\"https:\/\/www.cnalumetal.com\/#organization\",\"name\":\"Alumetal\",\"url\":\"https:\/\/www.cnalumetal.com\/\",\"logo\":{\"@type\":\"ImageObject\",\"inLanguage\":\"es\",\"@id\":\"https:\/\/www.cnalumetal.com\/#\/schema\/logo\/image\/\",\"url\":\"https:\/\/www.cnalumetal.com\/wp-content\/uploads\/2023\/05\/cropped-favicon.png\",\"contentUrl\":\"https:\/\/www.cnalumetal.com\/wp-content\/uploads\/2023\/05\/cropped-favicon.png\",\"width\":512,\"height\":512,\"caption\":\"Alumetal\"},\"image\":{\"@id\":\"https:\/\/www.cnalumetal.com\/#\/schema\/logo\/image\/\"}}]}<\/script>\n<!-- \/ Yoast SEO plugin. -->","yoast_head_json":{"title":"Proyecto - Alumetal","robots":{"index":"index","follow":"follow","max-snippet":"max-snippet:-1","max-image-preview":"max-image-preview:large","max-video-preview":"max-video-preview:-1"},"canonical":"https:\/\/www.cnalumetal.com\/es\/proyecto","og_locale":"es_ES","og_type":"article","og_title":"Proyecto - Alumetal","og_description":"[vc_row tm_bgimagefixed=\u00bb\u00bb css=\u00bb.vc_custom_1533794482488{padding-top: 65px !important;padding-bottom: 0px !important;}\u00bb][vc_column][vc_column_text]A continuaci\u00f3n ver\u00e1 nuestros mejores proyectos en funcionamiento. Brindamos atenci\u00f3n al cliente interminable y tambi\u00e9n garantizamos un nivel muy alto de satisfacci\u00f3n para nuestros clientes. Si tiene alguna pregunta, no dude en enviarnos un correo electr\u00f3nico a info@cnalumetal.com para obtener m\u00e1s detalles.[\/vc_column_text][\/vc_column][\/vc_row][vc_row tm_bgimagefixed=\u00bb\u00bb css=\u00bb.vc_custom_1550124264289{padding-top: 15px !important;padding-bottom: 100px !important;}\u00bb][vc_column][\/vc_column][\/vc_row]","og_url":"https:\/\/www.cnalumetal.com\/es\/proyecto","og_site_name":"Alumetal","article_modified_time":"2024-02-21T09:11:55+00:00","twitter_card":"summary_large_image","twitter_misc":{"Tiempo de lectura":"1 minuto"},"schema":{"@context":"https:\/\/schema.org","@graph":[{"@type":"WebPage","@id":"https:\/\/www.cnalumetal.com\/es\/proyecto","url":"https:\/\/www.cnalumetal.com\/es\/proyecto","name":"Proyecto - Alumetal","isPartOf":{"@id":"https:\/\/www.cnalumetal.com\/#website"},"datePublished":"2019-02-04T12:52:59+00:00","dateModified":"2024-02-21T09:11:55+00:00","breadcrumb":{"@id":"https:\/\/www.cnalumetal.com\/es\/proyecto#breadcrumb"},"inLanguage":"es","potentialAction":[{"@type":"ReadAction","target":["https:\/\/www.cnalumetal.com\/es\/proyecto"]}]},{"@type":"BreadcrumbList","@id":"https:\/\/www.cnalumetal.com\/es\/proyecto#breadcrumb","itemListElement":[{"@type":"ListItem","position":1,"name":"Home","item":"https:\/\/www.cnalumetal.com\/es\/fabricante-de-paneles-compuestos-de-aluminio"},{"@type":"ListItem","position":2,"name":"Proyecto"}]},{"@type":"WebSite","@id":"https:\/\/www.cnalumetal.com\/#website","url":"https:\/\/www.cnalumetal.com\/","name":"Alumetal","description":"","publisher":{"@id":"https:\/\/www.cnalumetal.com\/#organization"},"potentialAction":[{"@type":"SearchAction","target":{"@type":"EntryPoint","urlTemplate":"https:\/\/www.cnalumetal.com\/?s={search_term_string}"},"query-input":{"@type":"PropertyValueSpecification","valueRequired":true,"valueName":"search_term_string"}}],"inLanguage":"es"},{"@type":"Organization","@id":"https:\/\/www.cnalumetal.com\/#organization","name":"Alumetal","url":"https:\/\/www.cnalumetal.com\/","logo":{"@type":"ImageObject","inLanguage":"es","@id":"https:\/\/www.cnalumetal.com\/#\/schema\/logo\/image\/","url":"https:\/\/www.cnalumetal.com\/wp-content\/uploads\/2023\/05\/cropped-favicon.png","contentUrl":"https:\/\/www.cnalumetal.com\/wp-content\/uploads\/2023\/05\/cropped-favicon.png","width":512,"height":512,"caption":"Alumetal"},"image":{"@id":"https:\/\/www.cnalumetal.com\/#\/schema\/logo\/image\/"}}]}},"_links":{"self":[{"href":"https:\/\/www.cnalumetal.com\/es\/wp-json\/wp\/v2\/pages\/11320","targetHints":{"allow":["GET"]}}],"collection":[{"href":"https:\/\/www.cnalumetal.com\/es\/wp-json\/wp\/v2\/pages"}],"about":[{"href":"https:\/\/www.cnalumetal.com\/es\/wp-json\/wp\/v2\/types\/page"}],"author":[{"embeddable":true,"href":"https:\/\/www.cnalumetal.com\/es\/wp-json\/wp\/v2\/users\/1"}],"replies":[{"embeddable":true,"href":"https:\/\/www.cnalumetal.com\/es\/wp-json\/wp\/v2\/comments?post=11320"}],"version-history":[{"count":6,"href":"https:\/\/www.cnalumetal.com\/es\/wp-json\/wp\/v2\/pages\/11320\/revisions"}],"predecessor-version":[{"id":11880,"href":"https:\/\/www.cnalumetal.com\/es\/wp-json\/wp\/v2\/pages\/11320\/revisions\/11880"}],"wp:attachment":[{"href":"https:\/\/www.cnalumetal.com\/es\/wp-json\/wp\/v2\/media?parent=11320"}],"curies":[{"name":"wp","href":"https:\/\/api.w.org\/{rel}","templated":true}]}}