{"id":11317,"date":"2019-02-04T12:55:48","date_gmt":"2019-02-04T12:55:48","guid":{"rendered":"https:\/\/www.cnalumetal.com\/preguntas-mas-frecuentes"},"modified":"2023-09-12T09:27:05","modified_gmt":"2023-09-12T09:27:05","slug":"preguntas-mas-frecuentes","status":"publish","type":"page","link":"https:\/\/www.cnalumetal.com\/es\/preguntas-mas-frecuentes","title":{"rendered":"Preguntas m\u00e1s frecuentes"},"content":{"rendered":"<p>[vc_row tm_bgimagefixed=\u00bb\u00bb full_width=\u00bbstretch_row\u00bb css=\u00bb.vc_custom_1550138683203{padding-bottom: 15px !important;}\u00bb tm_responsive_css=\u00bb41477175|colbreak_no|||||||||colbreak_no|||||60px||||colbreak_no||||||||||colbreak_no|||||||||\u00bb][vc_column]<div class=\"tm-element-heading-wrapper tm-heading-inner tm-element-align-center tm-seperator-solid tm-heading-style-vertical \"><section class=\"tm-vc_cta3-container\"><div class=\"tm-vc_general tm-vc_cta3 tm-cta3-only tm-vc_cta3-style-classic tm-vc_cta3-shape-rounded tm-vc_cta3-align-center tm-vc_cta3-color-transparent tm-vc_cta3-icon-size-md tm-vc_cta3-actions-no tm-cta3-with-desc\"><div class=\"tm-vc_cta3_content-container\"><div class=\"tm-vc_cta3-content\"><header class=\"tm-vc_cta3-content-header tm-wrap\"><div class=\"tm-vc_cta3-headers tm-wrap-cell\"><h2 class=\"tm-custom-heading \" >Do you have Questions?<\/h2>\n<\/div><\/header><div class=\"tm-cta3-content-wrapper\"><p>Si tiene alguna pregunta o est\u00e1 interesado en nuestros productos, \u00a1no dude en contactarnos!<\/p><\/div><\/div><\/div><\/div><\/section><\/div> <!-- .tm-element-heading-wrapper container --> [\/vc_column][\/vc_row][vc_row tm_bgimagefixed=\u00bb\u00bb full_width=\u00bbstretch_row\u00bb css=\u00bb.vc_custom_1550138834634{padding-top: 0px !important;padding-bottom: 60px !important;}\u00bb tm_responsive_css=\u00bb10979502|colbreak_no|||||||||colbreak_no|||||||40px||colbreak_no|||||||20px|||colbreak_no|||||||||\u00bb][vc_column width=\u00bb1\/2&#8243;][vc_single_image image=\u00bb4463&#8243; img_size=\u00bbfull\u00bb style=\u00bbvc_box_rounded\u00bb][vc_row_inner][vc_column_inner css=\u00bb.vc_custom_1549016098192{margin-top: -270px !important;}\u00bb]<div class=\"tm-vc_icon_element tm-vc_icon_element-outer tm-vc_icon_element-align-center  tm-vc_icon_element-have-style tm_prettyphoto\"><div class=\"tm-vc_icon_element-inner  tm-vc_icon_element-have-style-inner tm-vc_icon_element-color-white tm-vc_icon_element-size-md tm-vc_icon_element-style-rounded tm-vc_icon_element-background tm-vc_icon_element-background-color-skincolor\" ><span class=\"tm-vc_icon_element-icon themifyicon ti-control-play\" ><\/span><a class=\"tm-vc_icon_element-link\" href=\"https:\/\/youtu.be\/qhMgiN7wQik\" title=\"\" target=\"_self\"><\/a><\/div><\/div>[\/vc_column_inner][\/vc_row_inner][\/vc_column][vc_column width=\u00bb1\/2&#8243;][vc_tta_accordion style=\u00bboutline\u00bb color=\u00bbgrey\u00bb gap=\u00bb15&#8243; c_position=\u00bbright\u00bb active_section=\u00bb1&#8243;][vc_tta_section title=\u00bb\u00bfOfrecen muestra?\u00bb tab_id=\u00bb1549004535827-b3afa67a-3a5e\u00bb][vc_column_text]S\u00ed, hay muestras disponibles si est\u00e1 interesado en nuestro producto.[\/vc_column_text][\/vc_tta_section][vc_tta_section title=\u00bb\u00bfCu\u00e1l es su producto principal?\u00bb tab_id=\u00bb1682328609383-cbc612f4-c6b4&#8243;][vc_column_text]Nuestros productos incluyen: Panel compuesto de aluminio de poli\u00e9ster (PE), Panel compuesto de aluminio de fluorocarbono (PVDF), Panel compuesto de aluminio resistente al fuego, Panel compuesto de nanoaluminio autolimpiante, Panel compuesto de aluminio Spectrum, Panel compuesto de aluminio tipo espejo, Panel compuesto de aluminio cepillado , Tablero de fibra de madera, Tablero de fibra de granito, Panel compuesto de aluminio para publicidad de se\u00f1alizaci\u00f3n, Panel compuesto de aluminio en relieve y bobinas de aluminio revestidas, l\u00e1minas de aluminio.[\/vc_column_text][\/vc_tta_section][vc_tta_section title=\u00bb\u00bfCu\u00e1l es el tama\u00f1o y espesor del panel disponible?\u00bb tab_id=\u00bb1549005508759-77cb3376-8b04&#8243;][vc_column_text]1. Ancho: 1000-1575 mm; Se recomiendan 1220 mm, 1250 mm, 1500 mm.<br \/>\n2. Longitud: acepte longitud personalizada, recomiende 2440 mm, 3050 mm, 4050 mm, 5000 mm<br \/>\n3. Grosor del panel: 2 mm-6 mm; recomendar 3,4mm<br \/>\n4. Espesor del aluminio: 0,05-0,5 mm.[\/vc_column_text][\/vc_tta_section][vc_tta_section title=\u00bb\u00bfDa servicio a OEM?\u00bb tab_id=\u00bb1549005507765-5cdb0b8d-161b\u00bb][vc_column_text]S\u00ed, el OEM acepta. Solo necesita darnos su logotipo, le enviaremos alg\u00fan dise\u00f1o de pel\u00edcula protectora para su elecci\u00f3n.[\/vc_column_text][\/vc_tta_section][vc_tta_section title=\u00bb\u00bfTiene alg\u00fan certificado de prueba?\u00bb tab_id=\u00bb1549005502002-bb6438ce-15a8&#8243;][vc_column_text]S\u00ed, una buena calidad estable es clave para una cooperaci\u00f3n comercial a largo plazo.<br \/>\nLa f\u00e1brica ha pasado ISO9001:CE SGS, etc.[\/vc_column_text][\/vc_tta_section][vc_tta_section title=\u00bb\u00bfCu\u00e1l es su MOQ, tiempo de entrega y pago?\u00bb tab_id=\u00bb1549005500042-c476fcc6-1db8&#8243;][vc_column_text]1. MOQ (cantidad m\u00ednima de pedido): 500 m\u00b2 pero puede ser menor si tenemos existencias<br \/>\n2. Plazo de entrega: dentro de los 15 d\u00edas posteriores a la recepci\u00f3n del dep\u00f3sito<br \/>\n3. Pago: 30% TT por adelantado, 70% contra BL de copia o LC[\/vc_column_text][\/vc_tta_section][\/vc_tta_accordion][\/vc_column][\/vc_row][vc_row tm_bgimagefixed=\u00bb\u00bb full_width=\u00bbstretch_row\u00bb css=\u00bb.vc_custom_1550138816892{padding-top: 0px !important;padding-bottom: 95px !important;}\u00bb tm_responsive_css=\u00bb71539727|colbreak_no|||||||||colbreak_no|||||||65px||colbreak_no|||||||40px|||colbreak_no|||||||||\u00bb][vc_column width=\u00bb1\/3&#8243;]<div class=\"tm-sbox tm-sbox-iconalign-left-spacing none tm-sbox-bgcolor-white tm-bgcolor-white tm-sbox-textcolor- tm-textcolor- tm-sbox-isize-lg tm-sbox-isize-lg tm-sbox-istyle-none vc_custom_1682675139528 tm-bgcolor-yes tm-sbox-heading-only\"><section class=\"tm-vc_cta3-container\"><div class=\"tm-vc_general tm-vc_cta3 tm-vc_cta3-align-left tm-vc_cta3-icon-size-lg tm-vc_cta3-icons-left tm-vc_cta3-actions-no\"><div class=\"tm-vc_cta3-icons tm-wrap-cell\"><div class=\"tm-vc_icon_element tm-vc_icon_element-outer tm-vc_icon_element-align-left \"><div class=\"tm-vc_icon_element-inner  tm-vc_icon_element-color-skincolor tm-vc_icon_element-size-lg tm-vc_icon_element-style-none tm-vc_icon_element-background-color-grey\" ><span class=\"tm-vc_icon_element-icon themifyicon ti-user\" ><\/span><\/div><\/div><\/div><div class=\"tm-vc_cta3_content-container\"><div class=\"tm-vc_cta3-content\"><div class=\"tm-vc_cta3-content-header tm-wrap\"><div class=\"tm-vc_cta3-headers tm-wrap-cell\"><h2 class=\"tm-custom-heading \" >Alumetal Customers<\/h2>\n<\/div><\/div><\/div><div class=\"tm-cta3-desc-btn-wrapper\"><div class=\"tm-cta3-description\"><div class=\"tm-cta3-content-wrapper\"><p>Tenemos importantes clientes en Europa, Australia, el Sudeste Asi\u00e1tico, Medio Oriente, Am\u00e9rica del Sur y \u00c1frica.<\/p><\/div><\/div><\/div><\/div><\/div><\/section><\/div>[\/vc_column][vc_column width=\u00bb1\/3&#8243;]<div class=\"tm-sbox tm-sbox-iconalign-left-spacing none tm-sbox-bgcolor-white tm-bgcolor-white tm-sbox-textcolor- tm-textcolor- tm-sbox-isize-lg tm-sbox-isize-lg tm-sbox-istyle-none vc_custom_1682674593211 tm-bgcolor-yes tm-sbox-heading-only\"><section class=\"tm-vc_cta3-container\"><div class=\"tm-vc_general tm-vc_cta3 tm-vc_cta3-align-left tm-vc_cta3-icon-size-lg tm-vc_cta3-icons-left tm-vc_cta3-actions-no\"><div class=\"tm-vc_cta3-icons tm-wrap-cell\"><div class=\"tm-vc_icon_element tm-vc_icon_element-outer tm-vc_icon_element-align-left \"><div class=\"tm-vc_icon_element-inner  tm-vc_icon_element-color-skincolor tm-vc_icon_element-size-lg tm-vc_icon_element-style-none tm-vc_icon_element-background-color-grey\" ><span class=\"tm-vc_icon_element-icon vc_li vc_li-world\" ><\/span><\/div><\/div><\/div><div class=\"tm-vc_cta3_content-container\"><div class=\"tm-vc_cta3-content\"><div class=\"tm-vc_cta3-content-header tm-wrap\"><div class=\"tm-vc_cta3-headers tm-wrap-cell\"><h2 class=\"tm-custom-heading \" >Alumetal Service<\/h2>\n<\/div><\/div><\/div><div class=\"tm-cta3-desc-btn-wrapper\"><div class=\"tm-cta3-description\"><div class=\"tm-cta3-content-wrapper\"><p>Hemos creado una red de ventas y una organizaci\u00f3n de servicios en China y muchos otros pa\u00edses.<\/p><\/div><\/div><\/div><\/div><\/div><\/section><\/div>[\/vc_column][vc_column width=\u00bb1\/3&#8243;]<div class=\"tm-sbox tm-sbox-iconalign-left-spacing none tm-sbox-bgcolor-white tm-bgcolor-white tm-sbox-textcolor- tm-textcolor- tm-sbox-isize-lg tm-sbox-isize-lg tm-sbox-istyle-none vc_custom_1682674927317 tm-bgcolor-yes tm-sbox-heading-only\"><section class=\"tm-vc_cta3-container\"><div class=\"tm-vc_general tm-vc_cta3 tm-vc_cta3-align-left tm-vc_cta3-icon-size-lg tm-vc_cta3-icons-left tm-vc_cta3-actions-no\"><div class=\"tm-vc_cta3-icons tm-wrap-cell\"><div class=\"tm-vc_icon_element tm-vc_icon_element-outer tm-vc_icon_element-align-left \"><div class=\"tm-vc_icon_element-inner  tm-vc_icon_element-color-skincolor tm-vc_icon_element-size-lg tm-vc_icon_element-style-none tm-vc_icon_element-background-color-grey\" ><span class=\"tm-vc_icon_element-icon fa fa-thumbs-o-up\" ><\/span><\/div><\/div><\/div><div class=\"tm-vc_cta3_content-container\"><div class=\"tm-vc_cta3-content\"><div class=\"tm-vc_cta3-content-header tm-wrap\"><div class=\"tm-vc_cta3-headers tm-wrap-cell\"><h2 class=\"tm-custom-heading \" >Alumetal Quality<\/h2>\n<\/div><\/div><\/div><div class=\"tm-cta3-desc-btn-wrapper\"><div class=\"tm-cta3-description\"><div class=\"tm-cta3-content-wrapper\"><p>Hemos superado la certificaci\u00f3n de calidad y medio ambiente de ISO 9001:2000 e ISO 14001:2004.<\/p><\/div><\/div><\/div><\/div><\/div><\/section><\/div>[\/vc_column][\/vc_row][vc_row tm_bgcolor=\u00bbskincolor\u00bb tm_bgimagefixed=\u00bb\u00bb break_in_responsive=\u00bb991&#8243; full_width=\u00bbstretch_row\u00bb css=\u00bb.vc_custom_1550059090456{padding-top: 35px !important;padding-bottom: 65px !important;}\u00bb el_class=\u00bbtm-reset-content-center-991&#8243; tm_responsive_css=\u00bb82034059|colbreak_no|||||||||colbreak_no|||||||83px||colbreak_no||||||||||colbreak_no|||||||||\u00bb][vc_column width=\u00bb2\/3&#8243; css=\u00bb.vc_custom_1550138617472{padding-top: 7px !important;padding-right: 22px !important;}\u00bb tm_responsive_css=\u00bb96228052|colbreak_no|||||||||colbreak_no||||||15px|||colbreak_no||||||||||colbreak_no|||||||||\u00bb]<h2 style=\"text-align:right;font-size:25px;line-height:38px;font-family:'Abril Fatface',Arial,Helvetica;font-weight:400;\" class=\"tm-custom-heading \" >Potencia tu proyecto de panel compuesto de aluminio hoy<\/h2>\n[\/vc_column][vc_column width=\u00bb1\/3&#8243; css=\u00bb.vc_custom_1550138602616{padding-left: 23px !important;}\u00bb tm_responsive_css=\u00bb13898235|colbreak_no|||||||||colbreak_no||||||||15px|colbreak_no||||||||||colbreak_no|||||||||\u00bb]\n\t\t<div class=\"tm-vc_btn3-container tm-vc_btn3-left\"><a class=\"tm-vc_general tm-vc_btn3 tm-vc_btn3-size-md tm-vc_btn3-shape-square tm-vc_btn3-style-outline tm-vc_btn3-weight-no tm-vc_btn3-color-white\" href=\"https:\/\/www.cnalumetal.com\/contact-us\/\" title=\"\">Contacta con nosotras<\/a><\/div>[\/vc_column][\/vc_row]<\/p>\n","protected":false},"excerpt":{"rendered":"<p>[vc_row tm_bgimagefixed=\u00bb\u00bb full_width=\u00bbstretch_row\u00bb css=\u00bb.vc_custom_1550138683203{padding-bottom: 15px !important;}\u00bb tm_responsive_css=\u00bb41477175|colbreak_no|||||||||colbreak_no|||||60px||||colbreak_no||||||||||colbreak_no|||||||||\u00bb][vc_column][\/vc_column][\/vc_row][vc_row tm_bgimagefixed=\u00bb\u00bb full_width=\u00bbstretch_row\u00bb css=\u00bb.vc_custom_1550138834634{padding-top: 0px !important;padding-bottom: 60px !important;}\u00bb tm_responsive_css=\u00bb10979502|colbreak_no|||||||||colbreak_no|||||||40px||colbreak_no|||||||20px|||colbreak_no|||||||||\u00bb][vc_column width=\u00bb1\/2&#8243;][vc_single_image image=\u00bb4463&#8243; img_size=\u00bbfull\u00bb style=\u00bbvc_box_rounded\u00bb][vc_row_inner][vc_column_inner css=\u00bb.vc_custom_1549016098192{margin-top: -270px !important;}\u00bb][\/vc_column_inner][\/vc_row_inner][\/vc_column][vc_column width=\u00bb1\/2&#8243;][vc_tta_accordion style=\u00bboutline\u00bb color=\u00bbgrey\u00bb gap=\u00bb15&#8243; c_position=\u00bbright\u00bb active_section=\u00bb1&#8243;][vc_tta_section title=\u00bb\u00bfOfrecen muestra?\u00bb tab_id=\u00bb1549004535827-b3afa67a-3a5e\u00bb][vc_column_text]S\u00ed, hay muestras disponibles si est\u00e1 interesado en nuestro producto.[\/vc_column_text][\/vc_tta_section][vc_tta_section title=\u00bb\u00bfCu\u00e1l es su producto principal?\u00bb tab_id=\u00bb1682328609383-cbc612f4-c6b4&#8243;][vc_column_text]Nuestros productos incluyen: Panel compuesto de aluminio de poli\u00e9ster (PE), &hellip; <a href=\"https:\/\/www.cnalumetal.com\/es\/preguntas-mas-frecuentes\" class=\"more-link\">Continue reading <span class=\"screen-reader-text\">Preguntas m\u00e1s frecuentes<\/span><\/a><\/p>\n","protected":false},"author":1,"featured_media":0,"parent":0,"menu_order":16,"comment_status":"closed","ping_status":"closed","template":"","meta":{"footnotes":""},"class_list":["post-11317","page","type-page","status-publish","hentry"],"yoast_head":"<!-- This site is optimized with the Yoast SEO plugin v27.2 - https:\/\/yoast.com\/product\/yoast-seo-wordpress\/ -->\n<title>Preguntas m\u00e1s frecuentes - Alumetal<\/title>\n<meta name=\"robots\" content=\"index, follow, max-snippet:-1, max-image-preview:large, max-video-preview:-1\" \/>\n<link rel=\"canonical\" href=\"https:\/\/www.cnalumetal.com\/es\/preguntas-mas-frecuentes\" \/>\n<meta property=\"og:locale\" content=\"es_ES\" \/>\n<meta property=\"og:type\" content=\"article\" \/>\n<meta property=\"og:title\" content=\"Preguntas m\u00e1s frecuentes - Alumetal\" \/>\n<meta property=\"og:description\" content=\"[vc_row tm_bgimagefixed=\u00bb\u00bb full_width=\u00bbstretch_row\u00bb css=\u00bb.vc_custom_1550138683203{padding-bottom: 15px !important;}\u00bb tm_responsive_css=\u00bb41477175|colbreak_no|||||||||colbreak_no|||||60px||||colbreak_no||||||||||colbreak_no|||||||||\u00bb][vc_column][\/vc_column][\/vc_row][vc_row tm_bgimagefixed=\u00bb\u00bb full_width=\u00bbstretch_row\u00bb css=\u00bb.vc_custom_1550138834634{padding-top: 0px !important;padding-bottom: 60px !important;}\u00bb tm_responsive_css=\u00bb10979502|colbreak_no|||||||||colbreak_no|||||||40px||colbreak_no|||||||20px|||colbreak_no|||||||||\u00bb][vc_column width=\u00bb1\/2&#8243;][vc_single_image image=\u00bb4463&#8243; img_size=\u00bbfull\u00bb style=\u00bbvc_box_rounded\u00bb][vc_row_inner][vc_column_inner css=\u00bb.vc_custom_1549016098192{margin-top: -270px !important;}\u00bb][\/vc_column_inner][\/vc_row_inner][\/vc_column][vc_column width=\u00bb1\/2&#8243;][vc_tta_accordion style=\u00bboutline\u00bb color=\u00bbgrey\u00bb gap=\u00bb15&#8243; c_position=\u00bbright\u00bb active_section=\u00bb1&#8243;][vc_tta_section title=\u00bb\u00bfOfrecen muestra?\u00bb tab_id=\u00bb1549004535827-b3afa67a-3a5e\u00bb][vc_column_text]S\u00ed, hay muestras disponibles si est\u00e1 interesado en nuestro producto.[\/vc_column_text][\/vc_tta_section][vc_tta_section title=\u00bb\u00bfCu\u00e1l es su producto principal?\u00bb tab_id=\u00bb1682328609383-cbc612f4-c6b4&#8243;][vc_column_text]Nuestros productos incluyen: Panel compuesto de aluminio de poli\u00e9ster (PE), &hellip; Continue reading Preguntas m\u00e1s frecuentes\" \/>\n<meta property=\"og:url\" content=\"https:\/\/www.cnalumetal.com\/es\/preguntas-mas-frecuentes\" \/>\n<meta property=\"og:site_name\" content=\"Alumetal\" \/>\n<meta property=\"article:modified_time\" content=\"2023-09-12T09:27:05+00:00\" \/>\n<meta name=\"twitter:card\" content=\"summary_large_image\" \/>\n<meta name=\"twitter:label1\" content=\"Tiempo de lectura\" \/>\n\t<meta name=\"twitter:data1\" content=\"5 minutos\" \/>\n<script type=\"application\/ld+json\" class=\"yoast-schema-graph\">{\"@context\":\"https:\/\/schema.org\",\"@graph\":[{\"@type\":\"WebPage\",\"@id\":\"https:\/\/www.cnalumetal.com\/es\/preguntas-mas-frecuentes\",\"url\":\"https:\/\/www.cnalumetal.com\/es\/preguntas-mas-frecuentes\",\"name\":\"Preguntas m\u00e1s frecuentes - Alumetal\",\"isPartOf\":{\"@id\":\"https:\/\/www.cnalumetal.com\/#website\"},\"datePublished\":\"2019-02-04T12:55:48+00:00\",\"dateModified\":\"2023-09-12T09:27:05+00:00\",\"breadcrumb\":{\"@id\":\"https:\/\/www.cnalumetal.com\/es\/preguntas-mas-frecuentes#breadcrumb\"},\"inLanguage\":\"es\",\"potentialAction\":[{\"@type\":\"ReadAction\",\"target\":[\"https:\/\/www.cnalumetal.com\/es\/preguntas-mas-frecuentes\"]}]},{\"@type\":\"BreadcrumbList\",\"@id\":\"https:\/\/www.cnalumetal.com\/es\/preguntas-mas-frecuentes#breadcrumb\",\"itemListElement\":[{\"@type\":\"ListItem\",\"position\":1,\"name\":\"Home\",\"item\":\"https:\/\/www.cnalumetal.com\/es\/fabricante-de-paneles-compuestos-de-aluminio\"},{\"@type\":\"ListItem\",\"position\":2,\"name\":\"Preguntas m\u00e1s frecuentes\"}]},{\"@type\":\"WebSite\",\"@id\":\"https:\/\/www.cnalumetal.com\/#website\",\"url\":\"https:\/\/www.cnalumetal.com\/\",\"name\":\"Alumetal\",\"description\":\"\",\"publisher\":{\"@id\":\"https:\/\/www.cnalumetal.com\/#organization\"},\"potentialAction\":[{\"@type\":\"SearchAction\",\"target\":{\"@type\":\"EntryPoint\",\"urlTemplate\":\"https:\/\/www.cnalumetal.com\/?s={search_term_string}\"},\"query-input\":{\"@type\":\"PropertyValueSpecification\",\"valueRequired\":true,\"valueName\":\"search_term_string\"}}],\"inLanguage\":\"es\"},{\"@type\":\"Organization\",\"@id\":\"https:\/\/www.cnalumetal.com\/#organization\",\"name\":\"Alumetal\",\"url\":\"https:\/\/www.cnalumetal.com\/\",\"logo\":{\"@type\":\"ImageObject\",\"inLanguage\":\"es\",\"@id\":\"https:\/\/www.cnalumetal.com\/#\/schema\/logo\/image\/\",\"url\":\"https:\/\/www.cnalumetal.com\/wp-content\/uploads\/2023\/05\/cropped-favicon.png\",\"contentUrl\":\"https:\/\/www.cnalumetal.com\/wp-content\/uploads\/2023\/05\/cropped-favicon.png\",\"width\":512,\"height\":512,\"caption\":\"Alumetal\"},\"image\":{\"@id\":\"https:\/\/www.cnalumetal.com\/#\/schema\/logo\/image\/\"}}]}<\/script>\n<!-- \/ Yoast SEO plugin. -->","yoast_head_json":{"title":"Preguntas m\u00e1s frecuentes - Alumetal","robots":{"index":"index","follow":"follow","max-snippet":"max-snippet:-1","max-image-preview":"max-image-preview:large","max-video-preview":"max-video-preview:-1"},"canonical":"https:\/\/www.cnalumetal.com\/es\/preguntas-mas-frecuentes","og_locale":"es_ES","og_type":"article","og_title":"Preguntas m\u00e1s frecuentes - Alumetal","og_description":"[vc_row tm_bgimagefixed=\u00bb\u00bb full_width=\u00bbstretch_row\u00bb css=\u00bb.vc_custom_1550138683203{padding-bottom: 15px !important;}\u00bb tm_responsive_css=\u00bb41477175|colbreak_no|||||||||colbreak_no|||||60px||||colbreak_no||||||||||colbreak_no|||||||||\u00bb][vc_column][\/vc_column][\/vc_row][vc_row tm_bgimagefixed=\u00bb\u00bb full_width=\u00bbstretch_row\u00bb css=\u00bb.vc_custom_1550138834634{padding-top: 0px !important;padding-bottom: 60px !important;}\u00bb tm_responsive_css=\u00bb10979502|colbreak_no|||||||||colbreak_no|||||||40px||colbreak_no|||||||20px|||colbreak_no|||||||||\u00bb][vc_column width=\u00bb1\/2&#8243;][vc_single_image image=\u00bb4463&#8243; img_size=\u00bbfull\u00bb style=\u00bbvc_box_rounded\u00bb][vc_row_inner][vc_column_inner css=\u00bb.vc_custom_1549016098192{margin-top: -270px !important;}\u00bb][\/vc_column_inner][\/vc_row_inner][\/vc_column][vc_column width=\u00bb1\/2&#8243;][vc_tta_accordion style=\u00bboutline\u00bb color=\u00bbgrey\u00bb gap=\u00bb15&#8243; c_position=\u00bbright\u00bb active_section=\u00bb1&#8243;][vc_tta_section title=\u00bb\u00bfOfrecen muestra?\u00bb tab_id=\u00bb1549004535827-b3afa67a-3a5e\u00bb][vc_column_text]S\u00ed, hay muestras disponibles si est\u00e1 interesado en nuestro producto.[\/vc_column_text][\/vc_tta_section][vc_tta_section title=\u00bb\u00bfCu\u00e1l es su producto principal?\u00bb tab_id=\u00bb1682328609383-cbc612f4-c6b4&#8243;][vc_column_text]Nuestros productos incluyen: Panel compuesto de aluminio de poli\u00e9ster (PE), &hellip; Continue reading Preguntas m\u00e1s frecuentes","og_url":"https:\/\/www.cnalumetal.com\/es\/preguntas-mas-frecuentes","og_site_name":"Alumetal","article_modified_time":"2023-09-12T09:27:05+00:00","twitter_card":"summary_large_image","twitter_misc":{"Tiempo de lectura":"5 minutos"},"schema":{"@context":"https:\/\/schema.org","@graph":[{"@type":"WebPage","@id":"https:\/\/www.cnalumetal.com\/es\/preguntas-mas-frecuentes","url":"https:\/\/www.cnalumetal.com\/es\/preguntas-mas-frecuentes","name":"Preguntas m\u00e1s frecuentes - Alumetal","isPartOf":{"@id":"https:\/\/www.cnalumetal.com\/#website"},"datePublished":"2019-02-04T12:55:48+00:00","dateModified":"2023-09-12T09:27:05+00:00","breadcrumb":{"@id":"https:\/\/www.cnalumetal.com\/es\/preguntas-mas-frecuentes#breadcrumb"},"inLanguage":"es","potentialAction":[{"@type":"ReadAction","target":["https:\/\/www.cnalumetal.com\/es\/preguntas-mas-frecuentes"]}]},{"@type":"BreadcrumbList","@id":"https:\/\/www.cnalumetal.com\/es\/preguntas-mas-frecuentes#breadcrumb","itemListElement":[{"@type":"ListItem","position":1,"name":"Home","item":"https:\/\/www.cnalumetal.com\/es\/fabricante-de-paneles-compuestos-de-aluminio"},{"@type":"ListItem","position":2,"name":"Preguntas m\u00e1s frecuentes"}]},{"@type":"WebSite","@id":"https:\/\/www.cnalumetal.com\/#website","url":"https:\/\/www.cnalumetal.com\/","name":"Alumetal","description":"","publisher":{"@id":"https:\/\/www.cnalumetal.com\/#organization"},"potentialAction":[{"@type":"SearchAction","target":{"@type":"EntryPoint","urlTemplate":"https:\/\/www.cnalumetal.com\/?s={search_term_string}"},"query-input":{"@type":"PropertyValueSpecification","valueRequired":true,"valueName":"search_term_string"}}],"inLanguage":"es"},{"@type":"Organization","@id":"https:\/\/www.cnalumetal.com\/#organization","name":"Alumetal","url":"https:\/\/www.cnalumetal.com\/","logo":{"@type":"ImageObject","inLanguage":"es","@id":"https:\/\/www.cnalumetal.com\/#\/schema\/logo\/image\/","url":"https:\/\/www.cnalumetal.com\/wp-content\/uploads\/2023\/05\/cropped-favicon.png","contentUrl":"https:\/\/www.cnalumetal.com\/wp-content\/uploads\/2023\/05\/cropped-favicon.png","width":512,"height":512,"caption":"Alumetal"},"image":{"@id":"https:\/\/www.cnalumetal.com\/#\/schema\/logo\/image\/"}}]}},"_links":{"self":[{"href":"https:\/\/www.cnalumetal.com\/es\/wp-json\/wp\/v2\/pages\/11317","targetHints":{"allow":["GET"]}}],"collection":[{"href":"https:\/\/www.cnalumetal.com\/es\/wp-json\/wp\/v2\/pages"}],"about":[{"href":"https:\/\/www.cnalumetal.com\/es\/wp-json\/wp\/v2\/types\/page"}],"author":[{"embeddable":true,"href":"https:\/\/www.cnalumetal.com\/es\/wp-json\/wp\/v2\/users\/1"}],"replies":[{"embeddable":true,"href":"https:\/\/www.cnalumetal.com\/es\/wp-json\/wp\/v2\/comments?post=11317"}],"version-history":[{"count":2,"href":"https:\/\/www.cnalumetal.com\/es\/wp-json\/wp\/v2\/pages\/11317\/revisions"}],"predecessor-version":[{"id":11319,"href":"https:\/\/www.cnalumetal.com\/es\/wp-json\/wp\/v2\/pages\/11317\/revisions\/11319"}],"wp:attachment":[{"href":"https:\/\/www.cnalumetal.com\/es\/wp-json\/wp\/v2\/media?parent=11317"}],"curies":[{"name":"wp","href":"https:\/\/api.w.org\/{rel}","templated":true}]}}