{"id":11301,"date":"2023-06-27T06:52:58","date_gmt":"2023-06-27T06:52:58","guid":{"rendered":"https:\/\/www.cnalumetal.com\/video"},"modified":"2023-09-12T07:18:54","modified_gmt":"2023-09-12T07:18:54","slug":"video","status":"publish","type":"page","link":"https:\/\/www.cnalumetal.com\/es\/video","title":{"rendered":"video"},"content":{"rendered":"<p>[vc_row tm_bgimagefixed=\u00bb\u00bb full_width=\u00bbstretch_row_content\u00bb][vc_column][vc_tta_tabs style=\u00bbmodern\u00bb spacing=\u00bb10&#8243; alignment=\u00bbcenter\u00bb active_section=\u00bb1&#8243;][vc_tta_section title=\u00bbProductos\u00bb tab_id=\u00bb1687836006362-5d492962-615f\u00bb][vc_row_inner css=\u00bb.vc_custom_1687853120939{padding-top: 30px !important;}\u00bb tm_responsive_css=\u00bb41109036|colbreak_no|||||||||colbreak_no|||||||||colbreak_no||||||||||colbreak_no|||||||||\u00bb][vc_column_inner width=\u00bb1\/4&#8243;][vc_video link=\u00bbhttps:\/\/youtu.be\/8-OQLJ1U6TI\u00bb][vc_video link=\u00bbhttps:\/\/youtu.be\/9Yu-R-lv8O8&#8243;][vc_video link=\u00bbhttps:\/\/youtu.be\/iLDshVf8Ocw\u00bb][\/vc_column_inner][vc_column_inner width=\u00bb1\/4&#8243;][vc_video link=\u00bbhttps:\/\/youtu.be\/7n3H80M4rSw\u00bb][vc_video link=\u00bbhttps:\/\/youtu.be\/pLq-gCU18vQ\u00bb][vc_video link=\u00bbhttps:\/\/youtu.be\/dICy31zGBX8&#8243;][\/vc_column_inner][vc_column_inner width=\u00bb1\/4&#8243;][vc_video link=\u00bbhttps:\/\/youtu.be\/SBYvCqWtwAQ\u00bb][vc_video link=\u00bbhttps:\/\/youtu.be\/GHb_yDDwsVU\u00bb][vc_video link=\u00bbhttps:\/\/youtu.be\/8V_SAWnJsQA\u00bb][\/vc_column_inner][vc_column_inner width=\u00bb1\/4&#8243;][vc_video link=\u00bbhttps:\/\/youtu.be\/vU9I0KNxQeU\u00bb][vc_video link=\u00bbhttps:\/\/youtu.be\/F2OjTB4vBWw\u00bb][vc_video link=\u00bbhttps:\/\/youtu.be\/z_9VXDyuzrg\u00bb][\/vc_column_inner][\/vc_row_inner][\/vc_tta_section][vc_tta_section title=\u00bbTecnolog\u00eda\u00bb tab_id=\u00bb1687836056002-e0e6d570-b12f\u00bb][vc_row_inner css=\u00bb.vc_custom_1687853736957{padding-top: 30px !important;}\u00bb tm_responsive_css=\u00bb73912485|colbreak_no|||||||||colbreak_no|||||||||colbreak_no||||||||||colbreak_no|||||||||\u00bb][vc_column_inner width=\u00bb1\/4&#8243;][vc_video link=\u00bbhttps:\/\/youtu.be\/KP_JMvmJPFA\u00bb][vc_video link=\u00bbhttps:\/\/youtu.be\/-KwXNgnCQJw\u00bb][vc_video link=\u00bbhttps:\/\/youtu.be\/3d9KiyZoqbw\u00bb][\/vc_column_inner][vc_column_inner width=\u00bb1\/4&#8243;][vc_video link=\u00bbhttps:\/\/youtu.be\/2pJTPZolvBQ\u00bb][vc_video link=\u00bbhttps:\/\/youtu.be\/q6xQTQAHAHE\u00bb][vc_video link=\u00bbhttps:\/\/youtu.be\/Z5c6daEjUr8&#8243;][\/vc_column_inner][vc_column_inner width=\u00bb1\/4&#8243;][vc_video link=\u00bbhttps:\/\/youtu.be\/6Fm5RDy86J0&#8243;][vc_video link=\u00bbhttps:\/\/youtu.be\/mm1s5-4ZjB0&#8243;][vc_video link=\u00bbhttps:\/\/youtu.be\/LT33PPNSbpo\u00bb][\/vc_column_inner][vc_column_inner width=\u00bb1\/4&#8243;][vc_video link=\u00bbhttps:\/\/youtu.be\/-wZ1f4HJamQ\u00bb][vc_video link=\u00bbhttps:\/\/youtu.be\/78QKdfTq-fY\u00bb][vc_video link=\u00bbhttps:\/\/youtu.be\/buVdwpees8o\u00bb][\/vc_column_inner][\/vc_row_inner][\/vc_tta_section][vc_tta_section title=\u00bbCasos y aplicaciones\u00bb tab_id=\u00bb1687836089599-65f8d9c3-b575&#8243;][vc_row_inner css=\u00bb.vc_custom_1687853817244{padding-top: 30px !important;}\u00bb tm_responsive_css=\u00bb60869732|colbreak_no|||||||||colbreak_no|||||||||colbreak_no||||||||||colbreak_no|||||||||\u00bb][vc_column_inner width=\u00bb1\/4&#8243;][vc_video link=\u00bbhttps:\/\/youtu.be\/KJlhgxg9lFY\u00bb][vc_video link=\u00bbhttps:\/\/youtu.be\/3sNr0d0Co6Q\u00bb][\/vc_column_inner][vc_column_inner width=\u00bb1\/4&#8243;][vc_video link=\u00bbhttps:\/\/youtu.be\/6c5HUdvUKjQ\u00bb][vc_video link=\u00bbhttps:\/\/youtu.be\/buVdwpees8o\u00bb][\/vc_column_inner][vc_column_inner width=\u00bb1\/4&#8243;][vc_video link=\u00bbhttps:\/\/youtu.be\/F2OjTB4vBWw\u00bb][vc_video link=\u00bbhttps:\/\/youtu.be\/uZq5g6Di1EI\u00bb][\/vc_column_inner][vc_column_inner width=\u00bb1\/4&#8243;][vc_video link=\u00bbhttps:\/\/youtu.be\/pLq-gCU18vQ\u00bb][vc_video link=\u00bbhttps:\/\/youtu.be\/-KwXNgnCQJw\u00bb][\/vc_column_inner][\/vc_row_inner][\/vc_tta_section][vc_tta_section title=\u00bbPruebas\u00bb tab_id=\u00bb1687843322530-9b0834d2-81eb\u00bb][vc_row_inner css=\u00bb.vc_custom_1687853831211{padding-top: 30px !important;}\u00bb tm_responsive_css=\u00bb63679532|colbreak_no|||||||||colbreak_no|||||||||colbreak_no||||||||||colbreak_no|||||||||\u00bb][vc_column_inner width=\u00bb1\/4&#8243;][vc_video link=\u00bbhttps:\/\/youtu.be\/nCtpn9JZ1sU\u00bb][vc_video link=\u00bbhttps:\/\/youtu.be\/yXRwZ2LxAnM\u00bb][\/vc_column_inner][vc_column_inner width=\u00bb1\/4&#8243;][vc_video link=\u00bbhttps:\/\/youtu.be\/fA6zvcJ9A58&#8243;][vc_video link=\u00bbhttps:\/\/youtu.be\/pLq-gCU18vQ\u00bb][\/vc_column_inner][vc_column_inner width=\u00bb1\/4&#8243;][vc_video link=\u00bbhttps:\/\/youtu.be\/V4Z10G463RI\u00bb][vc_video link=\u00bbhttps:\/\/youtu.be\/GHb_yDDwsVU\u00bb][\/vc_column_inner][vc_column_inner width=\u00bb1\/4&#8243;][vc_video link=\u00bbhttps:\/\/youtu.be\/kLscPJrYbYY\u00bb][\/vc_column_inner][\/vc_row_inner][\/vc_tta_section][vc_tta_section title=\u00bbEmpresa y f\u00e1brica\u00bb tab_id=\u00bb1687836072447-646a20f2-9e1d\u00bb][vc_row_inner css=\u00bb.vc_custom_1687853848291{padding-top: 30px !important;}\u00bb tm_responsive_css=\u00bb11391879|colbreak_no|||||||||colbreak_no|||||||||colbreak_no||||||||||colbreak_no|||||||||\u00bb][vc_column_inner width=\u00bb1\/4&#8243;][vc_video link=\u00bbhttps:\/\/youtu.be\/qhMgiN7wQik\u00bb][vc_video link=\u00bbhttps:\/\/youtu.be\/mm1s5-4ZjB0&#8243;][\/vc_column_inner][vc_column_inner width=\u00bb1\/4&#8243;][vc_video link=\u00bbhttps:\/\/youtu.be\/p2fqfmXJvlM\u00bb][vc_video link=\u00bbhttps:\/\/youtu.be\/q6zAbEw4Tj4&#8243;][\/vc_column_inner][vc_column_inner width=\u00bb1\/4&#8243;][vc_video link=\u00bbhttps:\/\/youtu.be\/WRg-FMfRQvY\u00bb][vc_video link=\u00bbhttps:\/\/youtu.be\/qUziIXj-9Pk\u00bb][\/vc_column_inner][vc_column_inner width=\u00bb1\/4&#8243;][vc_video link=\u00bbhttps:\/\/youtu.be\/KP_JMvmJPFA\u00bb][vc_video link=\u00bbhttps:\/\/youtu.be\/KP_JMvmJPFA\u00bb][\/vc_column_inner][\/vc_row_inner][\/vc_tta_section][\/vc_tta_tabs][vc_row_inner][vc_column_inner width=\u00bb1\/2&#8243;]<h2 style=\"text-align:left;\" class=\"tm-custom-heading \" >Alumetal\u00ae | Factory Journey<\/h2>\n[vc_column_text]La f\u00e1brica de paneles compuestos de aluminio Alumetal tiene m\u00e1s de 20 a\u00f1os de experiencia. Bienvenido a visitar nuestra f\u00e1brica de paneles compuestos de aluminio.<\/p>\n<p>Nuestros productos incluyen: Panel compuesto de aluminio de poli\u00e9ster (PE), Panel compuesto de aluminio de fluorocarbono (PVDF), Panel compuesto de aluminio resistente al fuego, Panel compuesto de nanoaluminio autolimpiante, Panel compuesto de aluminio Spectrum, Panel compuesto de aluminio tipo espejo, Panel compuesto de aluminio cepillado , Tablero de fibra de madera, Tablero de fibra de granito, Panel compuesto de aluminio para publicidad de se\u00f1alizaci\u00f3n, Panel compuesto de aluminio en relieve y bobinas de aluminio recubiertas, l\u00e1minas de aluminio, con una capacidad de producci\u00f3n anual de m\u00e1s de 10 millones de metros cuadrados.<\/p>\n<p><strong>Correo electr\u00f3nico: <\/strong><a href=\"mailto:info@cnalumetal.com\">info@cnalumetal.com<\/a>[\/vc_column_text][vc_btn title=\u00bbContacta con nosotras\u00bb color=\u00bbprimary\u00bb i_icon_fontawesome=\u00bbfas fa-envelope\u00bb add_icon=\u00bbtrue\u00bb link=\u00bburl:https%3A%2F%2Fwww.cnalumetal.com%2Fcontact-us|rel:nofollow|\u00bb][\/vc_column_inner][vc_column_inner width=\u00bb1\/2&#8243;][vc_video link=\u00bbhttps:\/\/youtu.be\/qhMgiN7wQik\u00bb][\/vc_column_inner][\/vc_row_inner][\/vc_column][\/vc_row][vc_row tm_bgimagefixed=\u00bb\u00bb full_width=\u00bbstretch_row_content\u00bb css=\u00bb.vc_custom_1687853197230{background-color: #e5e5e5 !important;}\u00bb][vc_column width=\u00bb1\/2&#8243;][vc_video link=\u00bbhttps:\/\/youtu.be\/ZPhD_NpRPPg\u00bb][\/vc_column][vc_column width=\u00bb1\/2&#8243;]<h2 style=\"text-align:left;\" class=\"tm-custom-heading \" >Alumetal\u00ae\ufe0f | Alumetal composite panel showroom<\/h2>\n[vc_column_text]La f\u00e1brica de paneles compuestos de aluminio Alumetal tiene m\u00e1s de 20 a\u00f1os de experiencia. Bienvenido a visitar nuestra sala de exposici\u00f3n de acp.<\/p>\n<p><strong>Correo electr\u00f3nico: <\/strong><a href=\"mailto:info@cnalumetal.com\">info@cnalumetal.com<\/a><br \/>\n<strong>Whatsapp:<\/strong> +86 13167203909[\/vc_column_text][vc_btn title=\u00bbContacta con nosotras\u00bb color=\u00bbprimary\u00bb i_icon_fontawesome=\u00bbfas fa-envelope\u00bb add_icon=\u00bbtrue\u00bb link=\u00bburl:https%3A%2F%2Fwww.cnalumetal.com%2Fcontact-us|rel:nofollow|\u00bb][\/vc_column][\/vc_row]<\/p>\n","protected":false},"excerpt":{"rendered":"<p>[vc_row tm_bgimagefixed=\u00bb\u00bb full_width=\u00bbstretch_row_content\u00bb][vc_column][vc_tta_tabs style=\u00bbmodern\u00bb spacing=\u00bb10&#8243; alignment=\u00bbcenter\u00bb active_section=\u00bb1&#8243;][vc_tta_section title=\u00bbProductos\u00bb tab_id=\u00bb1687836006362-5d492962-615f\u00bb][vc_row_inner css=\u00bb.vc_custom_1687853120939{padding-top: 30px !important;}\u00bb tm_responsive_css=\u00bb41109036|colbreak_no|||||||||colbreak_no|||||||||colbreak_no||||||||||colbreak_no|||||||||\u00bb][vc_column_inner width=\u00bb1\/4&#8243;][vc_video link=\u00bbhttps:\/\/youtu.be\/8-OQLJ1U6TI\u00bb][vc_video link=\u00bbhttps:\/\/youtu.be\/9Yu-R-lv8O8&#8243;][vc_video link=\u00bbhttps:\/\/youtu.be\/iLDshVf8Ocw\u00bb][\/vc_column_inner][vc_column_inner width=\u00bb1\/4&#8243;][vc_video link=\u00bbhttps:\/\/youtu.be\/7n3H80M4rSw\u00bb][vc_video link=\u00bbhttps:\/\/youtu.be\/pLq-gCU18vQ\u00bb][vc_video link=\u00bbhttps:\/\/youtu.be\/dICy31zGBX8&#8243;][\/vc_column_inner][vc_column_inner width=\u00bb1\/4&#8243;][vc_video link=\u00bbhttps:\/\/youtu.be\/SBYvCqWtwAQ\u00bb][vc_video link=\u00bbhttps:\/\/youtu.be\/GHb_yDDwsVU\u00bb][vc_video link=\u00bbhttps:\/\/youtu.be\/8V_SAWnJsQA\u00bb][\/vc_column_inner][vc_column_inner width=\u00bb1\/4&#8243;][vc_video link=\u00bbhttps:\/\/youtu.be\/vU9I0KNxQeU\u00bb][vc_video link=\u00bbhttps:\/\/youtu.be\/F2OjTB4vBWw\u00bb][vc_video link=\u00bbhttps:\/\/youtu.be\/z_9VXDyuzrg\u00bb][\/vc_column_inner][\/vc_row_inner][\/vc_tta_section][vc_tta_section title=\u00bbTecnolog\u00eda\u00bb tab_id=\u00bb1687836056002-e0e6d570-b12f\u00bb][vc_row_inner css=\u00bb.vc_custom_1687853736957{padding-top: 30px !important;}\u00bb tm_responsive_css=\u00bb73912485|colbreak_no|||||||||colbreak_no|||||||||colbreak_no||||||||||colbreak_no|||||||||\u00bb][vc_column_inner width=\u00bb1\/4&#8243;][vc_video link=\u00bbhttps:\/\/youtu.be\/KP_JMvmJPFA\u00bb][vc_video link=\u00bbhttps:\/\/youtu.be\/-KwXNgnCQJw\u00bb][vc_video link=\u00bbhttps:\/\/youtu.be\/3d9KiyZoqbw\u00bb][\/vc_column_inner][vc_column_inner width=\u00bb1\/4&#8243;][vc_video link=\u00bbhttps:\/\/youtu.be\/2pJTPZolvBQ\u00bb][vc_video link=\u00bbhttps:\/\/youtu.be\/q6xQTQAHAHE\u00bb][vc_video link=\u00bbhttps:\/\/youtu.be\/Z5c6daEjUr8&#8243;][\/vc_column_inner][vc_column_inner width=\u00bb1\/4&#8243;][vc_video link=\u00bbhttps:\/\/youtu.be\/6Fm5RDy86J0&#8243;][vc_video link=\u00bbhttps:\/\/youtu.be\/mm1s5-4ZjB0&#8243;][vc_video link=\u00bbhttps:\/\/youtu.be\/LT33PPNSbpo\u00bb][\/vc_column_inner][vc_column_inner width=\u00bb1\/4&#8243;][vc_video link=\u00bbhttps:\/\/youtu.be\/-wZ1f4HJamQ\u00bb][vc_video link=\u00bbhttps:\/\/youtu.be\/78QKdfTq-fY\u00bb][vc_video link=\u00bbhttps:\/\/youtu.be\/buVdwpees8o\u00bb][\/vc_column_inner][\/vc_row_inner][\/vc_tta_section][vc_tta_section title=\u00bbCasos y aplicaciones\u00bb tab_id=\u00bb1687836089599-65f8d9c3-b575&#8243;][vc_row_inner &hellip; <a href=\"https:\/\/www.cnalumetal.com\/es\/video\" class=\"more-link\">Continue reading <span class=\"screen-reader-text\">video<\/span><\/a><\/p>\n","protected":false},"author":1,"featured_media":0,"parent":0,"menu_order":0,"comment_status":"closed","ping_status":"closed","template":"","meta":{"footnotes":""},"class_list":["post-11301","page","type-page","status-publish","hentry"],"yoast_head":"<!-- This site is optimized with the Yoast SEO plugin v27.2 - https:\/\/yoast.com\/product\/yoast-seo-wordpress\/ -->\n<title>Panel compuesto de aluminio video - Alumetal<\/title>\n<meta name=\"robots\" content=\"index, follow, max-snippet:-1, max-image-preview:large, max-video-preview:-1\" \/>\n<link rel=\"canonical\" href=\"https:\/\/www.cnalumetal.com\/es\/video\" \/>\n<meta property=\"og:locale\" content=\"es_ES\" \/>\n<meta property=\"og:type\" content=\"article\" \/>\n<meta property=\"og:title\" content=\"Panel compuesto de aluminio video - Alumetal\" \/>\n<meta property=\"og:description\" content=\"[vc_row tm_bgimagefixed=\u00bb\u00bb full_width=\u00bbstretch_row_content\u00bb][vc_column][vc_tta_tabs style=\u00bbmodern\u00bb spacing=\u00bb10&#8243; alignment=\u00bbcenter\u00bb active_section=\u00bb1&#8243;][vc_tta_section title=\u00bbProductos\u00bb tab_id=\u00bb1687836006362-5d492962-615f\u00bb][vc_row_inner css=\u00bb.vc_custom_1687853120939{padding-top: 30px !important;}\u00bb tm_responsive_css=\u00bb41109036|colbreak_no|||||||||colbreak_no|||||||||colbreak_no||||||||||colbreak_no|||||||||\u00bb][vc_column_inner width=\u00bb1\/4&#8243;][vc_video link=\u00bbhttps:\/\/youtu.be\/8-OQLJ1U6TI\u00bb][vc_video link=\u00bbhttps:\/\/youtu.be\/9Yu-R-lv8O8&#8243;][vc_video link=\u00bbhttps:\/\/youtu.be\/iLDshVf8Ocw\u00bb][\/vc_column_inner][vc_column_inner width=\u00bb1\/4&#8243;][vc_video link=\u00bbhttps:\/\/youtu.be\/7n3H80M4rSw\u00bb][vc_video link=\u00bbhttps:\/\/youtu.be\/pLq-gCU18vQ\u00bb][vc_video link=\u00bbhttps:\/\/youtu.be\/dICy31zGBX8&#8243;][\/vc_column_inner][vc_column_inner width=\u00bb1\/4&#8243;][vc_video link=\u00bbhttps:\/\/youtu.be\/SBYvCqWtwAQ\u00bb][vc_video link=\u00bbhttps:\/\/youtu.be\/GHb_yDDwsVU\u00bb][vc_video link=\u00bbhttps:\/\/youtu.be\/8V_SAWnJsQA\u00bb][\/vc_column_inner][vc_column_inner width=\u00bb1\/4&#8243;][vc_video link=\u00bbhttps:\/\/youtu.be\/vU9I0KNxQeU\u00bb][vc_video link=\u00bbhttps:\/\/youtu.be\/F2OjTB4vBWw\u00bb][vc_video link=\u00bbhttps:\/\/youtu.be\/z_9VXDyuzrg\u00bb][\/vc_column_inner][\/vc_row_inner][\/vc_tta_section][vc_tta_section title=\u00bbTecnolog\u00eda\u00bb tab_id=\u00bb1687836056002-e0e6d570-b12f\u00bb][vc_row_inner css=\u00bb.vc_custom_1687853736957{padding-top: 30px !important;}\u00bb tm_responsive_css=\u00bb73912485|colbreak_no|||||||||colbreak_no|||||||||colbreak_no||||||||||colbreak_no|||||||||\u00bb][vc_column_inner width=\u00bb1\/4&#8243;][vc_video link=\u00bbhttps:\/\/youtu.be\/KP_JMvmJPFA\u00bb][vc_video link=\u00bbhttps:\/\/youtu.be\/-KwXNgnCQJw\u00bb][vc_video link=\u00bbhttps:\/\/youtu.be\/3d9KiyZoqbw\u00bb][\/vc_column_inner][vc_column_inner width=\u00bb1\/4&#8243;][vc_video link=\u00bbhttps:\/\/youtu.be\/2pJTPZolvBQ\u00bb][vc_video link=\u00bbhttps:\/\/youtu.be\/q6xQTQAHAHE\u00bb][vc_video link=\u00bbhttps:\/\/youtu.be\/Z5c6daEjUr8&#8243;][\/vc_column_inner][vc_column_inner width=\u00bb1\/4&#8243;][vc_video link=\u00bbhttps:\/\/youtu.be\/6Fm5RDy86J0&#8243;][vc_video link=\u00bbhttps:\/\/youtu.be\/mm1s5-4ZjB0&#8243;][vc_video link=\u00bbhttps:\/\/youtu.be\/LT33PPNSbpo\u00bb][\/vc_column_inner][vc_column_inner width=\u00bb1\/4&#8243;][vc_video link=\u00bbhttps:\/\/youtu.be\/-wZ1f4HJamQ\u00bb][vc_video link=\u00bbhttps:\/\/youtu.be\/78QKdfTq-fY\u00bb][vc_video link=\u00bbhttps:\/\/youtu.be\/buVdwpees8o\u00bb][\/vc_column_inner][\/vc_row_inner][\/vc_tta_section][vc_tta_section title=\u00bbCasos y aplicaciones\u00bb tab_id=\u00bb1687836089599-65f8d9c3-b575&#8243;][vc_row_inner &hellip; Continue reading video\" \/>\n<meta property=\"og:url\" content=\"https:\/\/www.cnalumetal.com\/es\/video\" \/>\n<meta property=\"og:site_name\" content=\"Alumetal\" \/>\n<meta property=\"article:modified_time\" content=\"2023-09-12T07:18:54+00:00\" \/>\n<meta name=\"twitter:card\" content=\"summary_large_image\" \/>\n<meta name=\"twitter:label1\" content=\"Tiempo de lectura\" \/>\n\t<meta name=\"twitter:data1\" content=\"5 minutos\" \/>\n<script type=\"application\/ld+json\" class=\"yoast-schema-graph\">{\"@context\":\"https:\/\/schema.org\",\"@graph\":[{\"@type\":\"WebPage\",\"@id\":\"https:\/\/www.cnalumetal.com\/es\/video\",\"url\":\"https:\/\/www.cnalumetal.com\/es\/video\",\"name\":\"Panel compuesto de aluminio video - Alumetal\",\"isPartOf\":{\"@id\":\"https:\/\/www.cnalumetal.com\/#website\"},\"datePublished\":\"2023-06-27T06:52:58+00:00\",\"dateModified\":\"2023-09-12T07:18:54+00:00\",\"breadcrumb\":{\"@id\":\"https:\/\/www.cnalumetal.com\/es\/video#breadcrumb\"},\"inLanguage\":\"es\",\"potentialAction\":[{\"@type\":\"ReadAction\",\"target\":[\"https:\/\/www.cnalumetal.com\/es\/video\"]}]},{\"@type\":\"BreadcrumbList\",\"@id\":\"https:\/\/www.cnalumetal.com\/es\/video#breadcrumb\",\"itemListElement\":[{\"@type\":\"ListItem\",\"position\":1,\"name\":\"Home\",\"item\":\"https:\/\/www.cnalumetal.com\/es\/fabricante-de-paneles-compuestos-de-aluminio\"},{\"@type\":\"ListItem\",\"position\":2,\"name\":\"video\"}]},{\"@type\":\"WebSite\",\"@id\":\"https:\/\/www.cnalumetal.com\/#website\",\"url\":\"https:\/\/www.cnalumetal.com\/\",\"name\":\"Alumetal\",\"description\":\"\",\"publisher\":{\"@id\":\"https:\/\/www.cnalumetal.com\/#organization\"},\"potentialAction\":[{\"@type\":\"SearchAction\",\"target\":{\"@type\":\"EntryPoint\",\"urlTemplate\":\"https:\/\/www.cnalumetal.com\/?s={search_term_string}\"},\"query-input\":{\"@type\":\"PropertyValueSpecification\",\"valueRequired\":true,\"valueName\":\"search_term_string\"}}],\"inLanguage\":\"es\"},{\"@type\":\"Organization\",\"@id\":\"https:\/\/www.cnalumetal.com\/#organization\",\"name\":\"Alumetal\",\"url\":\"https:\/\/www.cnalumetal.com\/\",\"logo\":{\"@type\":\"ImageObject\",\"inLanguage\":\"es\",\"@id\":\"https:\/\/www.cnalumetal.com\/#\/schema\/logo\/image\/\",\"url\":\"https:\/\/www.cnalumetal.com\/wp-content\/uploads\/2023\/05\/cropped-favicon.png\",\"contentUrl\":\"https:\/\/www.cnalumetal.com\/wp-content\/uploads\/2023\/05\/cropped-favicon.png\",\"width\":512,\"height\":512,\"caption\":\"Alumetal\"},\"image\":{\"@id\":\"https:\/\/www.cnalumetal.com\/#\/schema\/logo\/image\/\"}}]}<\/script>\n<!-- \/ Yoast SEO plugin. -->","yoast_head_json":{"title":"Panel compuesto de aluminio video - Alumetal","robots":{"index":"index","follow":"follow","max-snippet":"max-snippet:-1","max-image-preview":"max-image-preview:large","max-video-preview":"max-video-preview:-1"},"canonical":"https:\/\/www.cnalumetal.com\/es\/video","og_locale":"es_ES","og_type":"article","og_title":"Panel compuesto de aluminio video - Alumetal","og_description":"[vc_row tm_bgimagefixed=\u00bb\u00bb full_width=\u00bbstretch_row_content\u00bb][vc_column][vc_tta_tabs style=\u00bbmodern\u00bb spacing=\u00bb10&#8243; alignment=\u00bbcenter\u00bb active_section=\u00bb1&#8243;][vc_tta_section title=\u00bbProductos\u00bb tab_id=\u00bb1687836006362-5d492962-615f\u00bb][vc_row_inner css=\u00bb.vc_custom_1687853120939{padding-top: 30px !important;}\u00bb tm_responsive_css=\u00bb41109036|colbreak_no|||||||||colbreak_no|||||||||colbreak_no||||||||||colbreak_no|||||||||\u00bb][vc_column_inner width=\u00bb1\/4&#8243;][vc_video link=\u00bbhttps:\/\/youtu.be\/8-OQLJ1U6TI\u00bb][vc_video link=\u00bbhttps:\/\/youtu.be\/9Yu-R-lv8O8&#8243;][vc_video link=\u00bbhttps:\/\/youtu.be\/iLDshVf8Ocw\u00bb][\/vc_column_inner][vc_column_inner width=\u00bb1\/4&#8243;][vc_video link=\u00bbhttps:\/\/youtu.be\/7n3H80M4rSw\u00bb][vc_video link=\u00bbhttps:\/\/youtu.be\/pLq-gCU18vQ\u00bb][vc_video link=\u00bbhttps:\/\/youtu.be\/dICy31zGBX8&#8243;][\/vc_column_inner][vc_column_inner width=\u00bb1\/4&#8243;][vc_video link=\u00bbhttps:\/\/youtu.be\/SBYvCqWtwAQ\u00bb][vc_video link=\u00bbhttps:\/\/youtu.be\/GHb_yDDwsVU\u00bb][vc_video link=\u00bbhttps:\/\/youtu.be\/8V_SAWnJsQA\u00bb][\/vc_column_inner][vc_column_inner width=\u00bb1\/4&#8243;][vc_video link=\u00bbhttps:\/\/youtu.be\/vU9I0KNxQeU\u00bb][vc_video link=\u00bbhttps:\/\/youtu.be\/F2OjTB4vBWw\u00bb][vc_video link=\u00bbhttps:\/\/youtu.be\/z_9VXDyuzrg\u00bb][\/vc_column_inner][\/vc_row_inner][\/vc_tta_section][vc_tta_section title=\u00bbTecnolog\u00eda\u00bb tab_id=\u00bb1687836056002-e0e6d570-b12f\u00bb][vc_row_inner css=\u00bb.vc_custom_1687853736957{padding-top: 30px !important;}\u00bb tm_responsive_css=\u00bb73912485|colbreak_no|||||||||colbreak_no|||||||||colbreak_no||||||||||colbreak_no|||||||||\u00bb][vc_column_inner width=\u00bb1\/4&#8243;][vc_video link=\u00bbhttps:\/\/youtu.be\/KP_JMvmJPFA\u00bb][vc_video link=\u00bbhttps:\/\/youtu.be\/-KwXNgnCQJw\u00bb][vc_video link=\u00bbhttps:\/\/youtu.be\/3d9KiyZoqbw\u00bb][\/vc_column_inner][vc_column_inner width=\u00bb1\/4&#8243;][vc_video link=\u00bbhttps:\/\/youtu.be\/2pJTPZolvBQ\u00bb][vc_video link=\u00bbhttps:\/\/youtu.be\/q6xQTQAHAHE\u00bb][vc_video link=\u00bbhttps:\/\/youtu.be\/Z5c6daEjUr8&#8243;][\/vc_column_inner][vc_column_inner width=\u00bb1\/4&#8243;][vc_video link=\u00bbhttps:\/\/youtu.be\/6Fm5RDy86J0&#8243;][vc_video link=\u00bbhttps:\/\/youtu.be\/mm1s5-4ZjB0&#8243;][vc_video link=\u00bbhttps:\/\/youtu.be\/LT33PPNSbpo\u00bb][\/vc_column_inner][vc_column_inner width=\u00bb1\/4&#8243;][vc_video link=\u00bbhttps:\/\/youtu.be\/-wZ1f4HJamQ\u00bb][vc_video link=\u00bbhttps:\/\/youtu.be\/78QKdfTq-fY\u00bb][vc_video link=\u00bbhttps:\/\/youtu.be\/buVdwpees8o\u00bb][\/vc_column_inner][\/vc_row_inner][\/vc_tta_section][vc_tta_section title=\u00bbCasos y aplicaciones\u00bb tab_id=\u00bb1687836089599-65f8d9c3-b575&#8243;][vc_row_inner &hellip; Continue reading video","og_url":"https:\/\/www.cnalumetal.com\/es\/video","og_site_name":"Alumetal","article_modified_time":"2023-09-12T07:18:54+00:00","twitter_card":"summary_large_image","twitter_misc":{"Tiempo de lectura":"5 minutos"},"schema":{"@context":"https:\/\/schema.org","@graph":[{"@type":"WebPage","@id":"https:\/\/www.cnalumetal.com\/es\/video","url":"https:\/\/www.cnalumetal.com\/es\/video","name":"Panel compuesto de aluminio video - Alumetal","isPartOf":{"@id":"https:\/\/www.cnalumetal.com\/#website"},"datePublished":"2023-06-27T06:52:58+00:00","dateModified":"2023-09-12T07:18:54+00:00","breadcrumb":{"@id":"https:\/\/www.cnalumetal.com\/es\/video#breadcrumb"},"inLanguage":"es","potentialAction":[{"@type":"ReadAction","target":["https:\/\/www.cnalumetal.com\/es\/video"]}]},{"@type":"BreadcrumbList","@id":"https:\/\/www.cnalumetal.com\/es\/video#breadcrumb","itemListElement":[{"@type":"ListItem","position":1,"name":"Home","item":"https:\/\/www.cnalumetal.com\/es\/fabricante-de-paneles-compuestos-de-aluminio"},{"@type":"ListItem","position":2,"name":"video"}]},{"@type":"WebSite","@id":"https:\/\/www.cnalumetal.com\/#website","url":"https:\/\/www.cnalumetal.com\/","name":"Alumetal","description":"","publisher":{"@id":"https:\/\/www.cnalumetal.com\/#organization"},"potentialAction":[{"@type":"SearchAction","target":{"@type":"EntryPoint","urlTemplate":"https:\/\/www.cnalumetal.com\/?s={search_term_string}"},"query-input":{"@type":"PropertyValueSpecification","valueRequired":true,"valueName":"search_term_string"}}],"inLanguage":"es"},{"@type":"Organization","@id":"https:\/\/www.cnalumetal.com\/#organization","name":"Alumetal","url":"https:\/\/www.cnalumetal.com\/","logo":{"@type":"ImageObject","inLanguage":"es","@id":"https:\/\/www.cnalumetal.com\/#\/schema\/logo\/image\/","url":"https:\/\/www.cnalumetal.com\/wp-content\/uploads\/2023\/05\/cropped-favicon.png","contentUrl":"https:\/\/www.cnalumetal.com\/wp-content\/uploads\/2023\/05\/cropped-favicon.png","width":512,"height":512,"caption":"Alumetal"},"image":{"@id":"https:\/\/www.cnalumetal.com\/#\/schema\/logo\/image\/"}}]}},"_links":{"self":[{"href":"https:\/\/www.cnalumetal.com\/es\/wp-json\/wp\/v2\/pages\/11301","targetHints":{"allow":["GET"]}}],"collection":[{"href":"https:\/\/www.cnalumetal.com\/es\/wp-json\/wp\/v2\/pages"}],"about":[{"href":"https:\/\/www.cnalumetal.com\/es\/wp-json\/wp\/v2\/types\/page"}],"author":[{"embeddable":true,"href":"https:\/\/www.cnalumetal.com\/es\/wp-json\/wp\/v2\/users\/1"}],"replies":[{"embeddable":true,"href":"https:\/\/www.cnalumetal.com\/es\/wp-json\/wp\/v2\/comments?post=11301"}],"version-history":[{"count":2,"href":"https:\/\/www.cnalumetal.com\/es\/wp-json\/wp\/v2\/pages\/11301\/revisions"}],"predecessor-version":[{"id":11303,"href":"https:\/\/www.cnalumetal.com\/es\/wp-json\/wp\/v2\/pages\/11301\/revisions\/11303"}],"wp:attachment":[{"href":"https:\/\/www.cnalumetal.com\/es\/wp-json\/wp\/v2\/media?parent=11301"}],"curies":[{"name":"wp","href":"https:\/\/api.w.org\/{rel}","templated":true}]}}