{"id":11299,"date":"2023-04-15T12:27:34","date_gmt":"2023-04-15T12:27:34","guid":{"rendered":"https:\/\/www.cnalumetal.com\/politica-de-privacidad"},"modified":"2023-09-12T07:14:45","modified_gmt":"2023-09-12T07:14:45","slug":"politica-de-privacidad","status":"publish","type":"page","link":"https:\/\/www.cnalumetal.com\/es\/politica-de-privacidad","title":{"rendered":"pol\u00edtica de privacidad"},"content":{"rendered":"<p>[vc_row][vc_column][vc_column_text]<\/p>\n<h2>pol\u00edtica de privacidad<\/h2>\n<p>Gracias por visitar cnalumetal.com. Nos tomamos muy en serio su privacidad y protegemos y respetamos su privacidad personal. Esta pol\u00edtica de privacidad describe nuestra pol\u00edtica sobre la recopilaci\u00f3n, el uso, la divulgaci\u00f3n y la protecci\u00f3n de su informaci\u00f3n personal.<\/p>\n<h2>Recopilaci\u00f3n y uso de informaci\u00f3n<\/h2>\n<p>Cuando visita el sitio web, podemos recopilar parte de su informaci\u00f3n personal. Esta informaci\u00f3n puede incluir su nombre, direcci\u00f3n de correo electr\u00f3nico, n\u00famero de tel\u00e9fono, nombre de la empresa y direcci\u00f3n. Solo usaremos esta informaci\u00f3n para responder a sus consultas, proporcionar productos y servicios, procesar pedidos, enviar notificaciones relevantes, actualizar la informaci\u00f3n de su cuenta y para otros fines leg\u00edtimos. No venderemos, alquilaremos ni divulgaremos su informaci\u00f3n personal a ning\u00fan tercero.<\/p>\n<p>Utilizaremos su informaci\u00f3n dentro del alcance de la informaci\u00f3n personal que usted proporcione. Podemos recopilar y analizar informaci\u00f3n sobre su uso, comportamiento de navegaci\u00f3n y otra informaci\u00f3n a trav\u00e9s de cookies y otras tecnolog\u00edas. Esta informaci\u00f3n se utilizar\u00e1 para mejorar la funcionalidad y los servicios del sitio web, con el fin de brindarle un mejor servicio.<\/p>\n<h2>Protecci\u00f3n y Procesamiento de Informaci\u00f3n Personal<\/h2>\n<p>Tomaremos medidas de seguridad razonables para proteger su informaci\u00f3n personal del acceso, uso, divulgaci\u00f3n, alteraci\u00f3n, da\u00f1o o p\u00e9rdida no autorizados. Limitaremos el n\u00famero de personal que tiene acceso a su informaci\u00f3n personal y nos aseguraremos de que este personal mantenga su informaci\u00f3n confidencial.<\/p>\n<p>Podemos divulgar su informaci\u00f3n personal seg\u00fan lo exige la ley, como cuando recibimos citaciones de tribunales o solicitudes de agencias gubernamentales. Tambi\u00e9n podemos revelar su informaci\u00f3n personal en los siguientes casos:<\/p>\n<ul>\n<li>Para proteger nuestros derechos o propiedad;<\/li>\n<li>Proteger los intereses p\u00fablicos en situaciones de emergencia;<\/li>\n<li>Para cumplir con las leyes, regulaciones o est\u00e1ndares de la industria aplicables.<\/li>\n<\/ul>\n<h2>Contacta con nosotras<\/h2>\n<p>Si tiene alguna pregunta o comentario sobre nuestra pol\u00edtica de privacidad, por favor cont\u00e1ctenos. Responderemos a sus preguntas y comentarios con prontitud y le brindaremos apoyo y asistencia.<\/p>\n<h2>Cambios a esta Pol\u00edtica de Privacidad<\/h2>\n<p>Nos reservamos el derecho de modificar esta pol\u00edtica de privacidad seg\u00fan sea necesario. Le recomendamos que consulte peri\u00f3dicamente esta p\u00e1gina para obtener actualizaciones de nuestra pol\u00edtica de privacidad. Podemos notificarle dichos cambios a trav\u00e9s de correo electr\u00f3nico, mensajes internos, avisos del sitio web u otros medios.<\/p>\n<p>[\/vc_column_text][\/vc_column][\/vc_row]<\/p>\n","protected":false},"excerpt":{"rendered":"<p>[vc_row][vc_column][vc_column_text] pol\u00edtica de privacidad Gracias por visitar cnalumetal.com. Nos tomamos muy en serio su privacidad y protegemos y respetamos su privacidad personal. Esta pol\u00edtica de privacidad describe nuestra pol\u00edtica sobre la recopilaci\u00f3n, el uso, la divulgaci\u00f3n y la protecci\u00f3n de su informaci\u00f3n personal. Recopilaci\u00f3n y uso de informaci\u00f3n Cuando visita el sitio web, podemos recopilar &hellip; <a href=\"https:\/\/www.cnalumetal.com\/es\/politica-de-privacidad\" class=\"more-link\">Continue reading <span class=\"screen-reader-text\">pol\u00edtica de privacidad<\/span><\/a><\/p>\n","protected":false},"author":1,"featured_media":0,"parent":0,"menu_order":0,"comment_status":"closed","ping_status":"open","template":"","meta":{"footnotes":""},"class_list":["post-11299","page","type-page","status-publish","hentry"],"yoast_head":"<!-- This site is optimized with the Yoast SEO plugin v27.2 - https:\/\/yoast.com\/product\/yoast-seo-wordpress\/ -->\n<title>pol\u00edtica de privacidad - Alumetal<\/title>\n<meta name=\"robots\" content=\"index, follow, max-snippet:-1, max-image-preview:large, max-video-preview:-1\" \/>\n<link rel=\"canonical\" href=\"https:\/\/www.cnalumetal.com\/es\/politica-de-privacidad\" \/>\n<meta property=\"og:locale\" content=\"es_ES\" \/>\n<meta property=\"og:type\" content=\"article\" \/>\n<meta property=\"og:title\" content=\"pol\u00edtica de privacidad - Alumetal\" \/>\n<meta property=\"og:description\" content=\"[vc_row][vc_column][vc_column_text] pol\u00edtica de privacidad Gracias por visitar cnalumetal.com. Nos tomamos muy en serio su privacidad y protegemos y respetamos su privacidad personal. Esta pol\u00edtica de privacidad describe nuestra pol\u00edtica sobre la recopilaci\u00f3n, el uso, la divulgaci\u00f3n y la protecci\u00f3n de su informaci\u00f3n personal. Recopilaci\u00f3n y uso de informaci\u00f3n Cuando visita el sitio web, podemos recopilar &hellip; Continue reading pol\u00edtica de privacidad\" \/>\n<meta property=\"og:url\" content=\"https:\/\/www.cnalumetal.com\/es\/politica-de-privacidad\" \/>\n<meta property=\"og:site_name\" content=\"Alumetal\" \/>\n<meta property=\"article:modified_time\" content=\"2023-09-12T07:14:45+00:00\" \/>\n<meta name=\"twitter:card\" content=\"summary_large_image\" \/>\n<meta name=\"twitter:label1\" content=\"Tiempo de lectura\" \/>\n\t<meta name=\"twitter:data1\" content=\"2 minutos\" \/>\n<script type=\"application\/ld+json\" class=\"yoast-schema-graph\">{\"@context\":\"https:\/\/schema.org\",\"@graph\":[{\"@type\":\"WebPage\",\"@id\":\"https:\/\/www.cnalumetal.com\/es\/politica-de-privacidad\",\"url\":\"https:\/\/www.cnalumetal.com\/es\/politica-de-privacidad\",\"name\":\"pol\u00edtica de privacidad - Alumetal\",\"isPartOf\":{\"@id\":\"https:\/\/www.cnalumetal.com\/#website\"},\"datePublished\":\"2023-04-15T12:27:34+00:00\",\"dateModified\":\"2023-09-12T07:14:45+00:00\",\"breadcrumb\":{\"@id\":\"https:\/\/www.cnalumetal.com\/es\/politica-de-privacidad#breadcrumb\"},\"inLanguage\":\"es\",\"potentialAction\":[{\"@type\":\"ReadAction\",\"target\":[\"https:\/\/www.cnalumetal.com\/es\/politica-de-privacidad\"]}]},{\"@type\":\"BreadcrumbList\",\"@id\":\"https:\/\/www.cnalumetal.com\/es\/politica-de-privacidad#breadcrumb\",\"itemListElement\":[{\"@type\":\"ListItem\",\"position\":1,\"name\":\"Home\",\"item\":\"https:\/\/www.cnalumetal.com\/es\/fabricante-de-paneles-compuestos-de-aluminio\"},{\"@type\":\"ListItem\",\"position\":2,\"name\":\"pol\u00edtica de privacidad\"}]},{\"@type\":\"WebSite\",\"@id\":\"https:\/\/www.cnalumetal.com\/#website\",\"url\":\"https:\/\/www.cnalumetal.com\/\",\"name\":\"Alumetal\",\"description\":\"\",\"publisher\":{\"@id\":\"https:\/\/www.cnalumetal.com\/#organization\"},\"potentialAction\":[{\"@type\":\"SearchAction\",\"target\":{\"@type\":\"EntryPoint\",\"urlTemplate\":\"https:\/\/www.cnalumetal.com\/?s={search_term_string}\"},\"query-input\":{\"@type\":\"PropertyValueSpecification\",\"valueRequired\":true,\"valueName\":\"search_term_string\"}}],\"inLanguage\":\"es\"},{\"@type\":\"Organization\",\"@id\":\"https:\/\/www.cnalumetal.com\/#organization\",\"name\":\"Alumetal\",\"url\":\"https:\/\/www.cnalumetal.com\/\",\"logo\":{\"@type\":\"ImageObject\",\"inLanguage\":\"es\",\"@id\":\"https:\/\/www.cnalumetal.com\/#\/schema\/logo\/image\/\",\"url\":\"https:\/\/www.cnalumetal.com\/wp-content\/uploads\/2023\/05\/cropped-favicon.png\",\"contentUrl\":\"https:\/\/www.cnalumetal.com\/wp-content\/uploads\/2023\/05\/cropped-favicon.png\",\"width\":512,\"height\":512,\"caption\":\"Alumetal\"},\"image\":{\"@id\":\"https:\/\/www.cnalumetal.com\/#\/schema\/logo\/image\/\"}}]}<\/script>\n<!-- \/ Yoast SEO plugin. -->","yoast_head_json":{"title":"pol\u00edtica de privacidad - Alumetal","robots":{"index":"index","follow":"follow","max-snippet":"max-snippet:-1","max-image-preview":"max-image-preview:large","max-video-preview":"max-video-preview:-1"},"canonical":"https:\/\/www.cnalumetal.com\/es\/politica-de-privacidad","og_locale":"es_ES","og_type":"article","og_title":"pol\u00edtica de privacidad - Alumetal","og_description":"[vc_row][vc_column][vc_column_text] pol\u00edtica de privacidad Gracias por visitar cnalumetal.com. Nos tomamos muy en serio su privacidad y protegemos y respetamos su privacidad personal. Esta pol\u00edtica de privacidad describe nuestra pol\u00edtica sobre la recopilaci\u00f3n, el uso, la divulgaci\u00f3n y la protecci\u00f3n de su informaci\u00f3n personal. Recopilaci\u00f3n y uso de informaci\u00f3n Cuando visita el sitio web, podemos recopilar &hellip; Continue reading pol\u00edtica de privacidad","og_url":"https:\/\/www.cnalumetal.com\/es\/politica-de-privacidad","og_site_name":"Alumetal","article_modified_time":"2023-09-12T07:14:45+00:00","twitter_card":"summary_large_image","twitter_misc":{"Tiempo de lectura":"2 minutos"},"schema":{"@context":"https:\/\/schema.org","@graph":[{"@type":"WebPage","@id":"https:\/\/www.cnalumetal.com\/es\/politica-de-privacidad","url":"https:\/\/www.cnalumetal.com\/es\/politica-de-privacidad","name":"pol\u00edtica de privacidad - Alumetal","isPartOf":{"@id":"https:\/\/www.cnalumetal.com\/#website"},"datePublished":"2023-04-15T12:27:34+00:00","dateModified":"2023-09-12T07:14:45+00:00","breadcrumb":{"@id":"https:\/\/www.cnalumetal.com\/es\/politica-de-privacidad#breadcrumb"},"inLanguage":"es","potentialAction":[{"@type":"ReadAction","target":["https:\/\/www.cnalumetal.com\/es\/politica-de-privacidad"]}]},{"@type":"BreadcrumbList","@id":"https:\/\/www.cnalumetal.com\/es\/politica-de-privacidad#breadcrumb","itemListElement":[{"@type":"ListItem","position":1,"name":"Home","item":"https:\/\/www.cnalumetal.com\/es\/fabricante-de-paneles-compuestos-de-aluminio"},{"@type":"ListItem","position":2,"name":"pol\u00edtica de privacidad"}]},{"@type":"WebSite","@id":"https:\/\/www.cnalumetal.com\/#website","url":"https:\/\/www.cnalumetal.com\/","name":"Alumetal","description":"","publisher":{"@id":"https:\/\/www.cnalumetal.com\/#organization"},"potentialAction":[{"@type":"SearchAction","target":{"@type":"EntryPoint","urlTemplate":"https:\/\/www.cnalumetal.com\/?s={search_term_string}"},"query-input":{"@type":"PropertyValueSpecification","valueRequired":true,"valueName":"search_term_string"}}],"inLanguage":"es"},{"@type":"Organization","@id":"https:\/\/www.cnalumetal.com\/#organization","name":"Alumetal","url":"https:\/\/www.cnalumetal.com\/","logo":{"@type":"ImageObject","inLanguage":"es","@id":"https:\/\/www.cnalumetal.com\/#\/schema\/logo\/image\/","url":"https:\/\/www.cnalumetal.com\/wp-content\/uploads\/2023\/05\/cropped-favicon.png","contentUrl":"https:\/\/www.cnalumetal.com\/wp-content\/uploads\/2023\/05\/cropped-favicon.png","width":512,"height":512,"caption":"Alumetal"},"image":{"@id":"https:\/\/www.cnalumetal.com\/#\/schema\/logo\/image\/"}}]}},"_links":{"self":[{"href":"https:\/\/www.cnalumetal.com\/es\/wp-json\/wp\/v2\/pages\/11299","targetHints":{"allow":["GET"]}}],"collection":[{"href":"https:\/\/www.cnalumetal.com\/es\/wp-json\/wp\/v2\/pages"}],"about":[{"href":"https:\/\/www.cnalumetal.com\/es\/wp-json\/wp\/v2\/types\/page"}],"author":[{"embeddable":true,"href":"https:\/\/www.cnalumetal.com\/es\/wp-json\/wp\/v2\/users\/1"}],"replies":[{"embeddable":true,"href":"https:\/\/www.cnalumetal.com\/es\/wp-json\/wp\/v2\/comments?post=11299"}],"version-history":[{"count":1,"href":"https:\/\/www.cnalumetal.com\/es\/wp-json\/wp\/v2\/pages\/11299\/revisions"}],"predecessor-version":[{"id":11300,"href":"https:\/\/www.cnalumetal.com\/es\/wp-json\/wp\/v2\/pages\/11299\/revisions\/11300"}],"wp:attachment":[{"href":"https:\/\/www.cnalumetal.com\/es\/wp-json\/wp\/v2\/media?parent=11299"}],"curies":[{"name":"wp","href":"https:\/\/api.w.org\/{rel}","templated":true}]}}