{"id":11296,"date":"2023-04-24T09:12:41","date_gmt":"2023-04-24T09:12:41","guid":{"rendered":"https:\/\/www.cnalumetal.com\/nuestro-taller"},"modified":"2023-09-12T07:08:56","modified_gmt":"2023-09-12T07:08:56","slug":"nuestro-taller","status":"publish","type":"page","link":"https:\/\/www.cnalumetal.com\/es\/nuestro-taller","title":{"rendered":"Nuestro taller"},"content":{"rendered":"<p>[vc_row tm_bgimagefixed=\u00bb\u00bb full_width=\u00bbstretch_row\u00bb][vc_column][vc_row_inner][vc_column_inner width=\u00bb1\/2&#8243;][vc_single_image image=\u00bb4257&#8243; img_size=\u00bbfull\u00bb][\/vc_column_inner][vc_column_inner width=\u00bb1\/2&#8243;]<div class=\"tm-element-heading-wrapper tm-heading-inner tm-element-align-left tm-seperator-solid tm-heading-style-vertical \"><section class=\"tm-vc_cta3-container\"><div class=\"tm-vc_general tm-vc_cta3 tm-cta3-only tm-vc_cta3-style-classic tm-vc_cta3-shape-rounded tm-vc_cta3-align-left tm-vc_cta3-color-transparent tm-vc_cta3-icon-size-md tm-vc_cta3-actions-no tm-cta3-with-desc\"><div class=\"tm-vc_cta3_content-container\"><div class=\"tm-vc_cta3-content\"><header class=\"tm-vc_cta3-content-header tm-wrap\"><div class=\"tm-vc_cta3-headers tm-wrap-cell\"><h2 class=\"tm-custom-heading \" >Alumetal Workshop<\/h2>\n<\/div><\/header><div class=\"tm-cta3-content-wrapper\"><p>China Aluminum Composite Panel Manufacturer<\/p><\/div><\/div><\/div><\/div><\/section><\/div> <!-- .tm-element-heading-wrapper container --> [vc_column_text]Shanghai Alumetal Decorative Material Co., Ltd., ha producido paneles compuestos de aluminio durante m\u00e1s de 20 a\u00f1os, ahora tenemos 12 l\u00edneas de producci\u00f3n de paneles compuestos de aluminio y pl\u00e1stico para la fabricaci\u00f3n de paneles compuestos de aluminio y 3 l\u00edneas de producci\u00f3n de revestimiento propias.<\/p>\n<p>Durante estos a\u00f1os, insistimos en elegir materias primas de alta calidad, dedicarnos a la innovaci\u00f3n tecnol\u00f3gica y al control de calidad, insistiendo en los principios: \u00abmoda con practicidad, amigable con el medio ambiente con tecnolog\u00eda, individualidad con cultura\u00bb, por lo que estamos certificados con ISO9001: 2000 en Sistemas de Gesti\u00f3n de Calidad, IS014001:2004 en Sistemas de Gesti\u00f3n Ambiental. Los productos tambi\u00e9n pasaron la certificaci\u00f3n CTC (Certificaci\u00f3n de materiales de construcci\u00f3n de China) y la certificaci\u00f3n CE de la Uni\u00f3n Europea. Despu\u00e9s de las pruebas y la certificaci\u00f3n de SGS, la calidad se ajusta a los est\u00e1ndares ASTM-E84, EN13501-1 y BS-476.[\/vc_column_text][\/vc_column_inner][\/vc_row_inner][\/vc_column][\/vc_row][vc_row tm_bgimagefixed=\u00bb\u00bb full_width=\u00bbstretch_row\u00bb css=\u00bb.vc_custom_1682327557126{background-color: #e5e5e5 !important;}\u00bb][vc_column]<div class=\"tm-element-heading-wrapper tm-heading-inner tm-element-align-center tm-seperator-solid tm-heading-style-vertical \"><section class=\"tm-vc_cta3-container\"><div class=\"tm-vc_general tm-vc_cta3 tm-cta3-only tm-vc_cta3-style-classic tm-vc_cta3-shape-rounded tm-vc_cta3-align-center tm-vc_cta3-color-transparent tm-vc_cta3-icon-size-md tm-vc_cta3-actions-no tm-cta3-with-desc\"><div class=\"tm-vc_cta3_content-container\"><div class=\"tm-vc_cta3-content\"><header class=\"tm-vc_cta3-content-header tm-wrap\"><div class=\"tm-vc_cta3-headers tm-wrap-cell\"><h2 class=\"tm-custom-heading \" >Production Environment<\/h2>\n<\/div><\/header><div class=\"tm-cta3-content-wrapper\"><p>A highly efficient, reliable, and secure production space equipped with state-of-the-art manufacturing equipment.<\/p><\/div><\/div><\/div><\/div><\/section><\/div> <!-- .tm-element-heading-wrapper container --> [vc_images_carousel images=\u00bb4244,4245,4246,4247&#8243; img_size=\u00bbfull\u00bb onclick=\u00bblink_no\u00bb slides_per_view=\u00bb4&#8243; hide_pagination_control=\u00bbyes\u00bb hide_prev_next_buttons=\u00bbyes\u00bb][vc_images_carousel images=\u00bb4238,4239,4240,4241&#8243; img_size=\u00bbfull\u00bb onclick=\u00bblink_no\u00bb slides_per_view=\u00bb4&#8243; hide_pagination_control=\u00bbyes\u00bb hide_prev_next_buttons=\u00bbyes\u00bb][\/vc_column][\/vc_row][vc_row tm_bgimagefixed=\u00bb\u00bb][vc_column][vc_row_inner][vc_column_inner width=\u00bb1\/2&#8243;]<div class=\"tm-element-heading-wrapper tm-heading-inner tm-element-align-left tm-seperator-solid tm-heading-style-vertical \"><section class=\"tm-vc_cta3-container\"><div class=\"tm-vc_general tm-vc_cta3 tm-cta3-only tm-vc_cta3-style-classic tm-vc_cta3-shape-rounded tm-vc_cta3-align-left tm-vc_cta3-color-transparent tm-vc_cta3-icon-size-md tm-vc_cta3-actions-no tm-cta3-with-desc\"><div class=\"tm-vc_cta3_content-container\"><div class=\"tm-vc_cta3-content\"><header class=\"tm-vc_cta3-content-header tm-wrap\"><div class=\"tm-vc_cta3-headers tm-wrap-cell\"><h2 class=\"tm-custom-heading \" >Production Line<\/h2>\n<\/div><\/header><div class=\"tm-cta3-content-wrapper\"><p>Ensuring quality and quantity, in compliance with international quality standards.<\/p><\/div><\/div><\/div><\/div><\/section><\/div> <!-- .tm-element-heading-wrapper container --> [vc_column_text]Nuestra f\u00e1brica cuenta con m\u00e1s de 20 a\u00f1os de historia de fabricaci\u00f3n, garantizando calidad y cantidad. Contamos con productos profesionales de alta calidad, as\u00ed como l\u00edneas de productos y equipos avanzados. Todos los productos cumplen con los est\u00e1ndares de calidad internacionales y son muy apreciados en una variedad de mercados diferentes en todo el mundo. Junto con las crecientes demandas del mercado, satisfacemos continuamente a los clientes actualizando productos para mejorar los sistemas de producci\u00f3n y mejorar la calidad.[\/vc_column_text][\/vc_column_inner][vc_column_inner width=\u00bb1\/2&#8243;][vc_video link=\u00bbhttps:\/\/youtu.be\/qUziIXj-9Pk\u00bb][\/vc_column_inner][\/vc_row_inner][\/vc_column][\/vc_row]<\/p>\n","protected":false},"excerpt":{"rendered":"<p>[vc_row tm_bgimagefixed=\u00bb\u00bb full_width=\u00bbstretch_row\u00bb][vc_column][vc_row_inner][vc_column_inner width=\u00bb1\/2&#8243;][vc_single_image image=\u00bb4257&#8243; img_size=\u00bbfull\u00bb][\/vc_column_inner][vc_column_inner width=\u00bb1\/2&#8243;][vc_column_text]Shanghai Alumetal Decorative Material Co., Ltd., ha producido paneles compuestos de aluminio durante m\u00e1s de 20 a\u00f1os, ahora tenemos 12 l\u00edneas de producci\u00f3n de paneles compuestos de aluminio y pl\u00e1stico para la fabricaci\u00f3n de paneles compuestos de aluminio y 3 l\u00edneas de producci\u00f3n de revestimiento propias. Durante estos a\u00f1os, &hellip; <a href=\"https:\/\/www.cnalumetal.com\/es\/nuestro-taller\" class=\"more-link\">Continue reading <span class=\"screen-reader-text\">Nuestro taller<\/span><\/a><\/p>\n","protected":false},"author":1,"featured_media":0,"parent":0,"menu_order":0,"comment_status":"closed","ping_status":"closed","template":"","meta":{"footnotes":""},"class_list":["post-11296","page","type-page","status-publish","hentry"],"yoast_head":"<!-- This site is optimized with the Yoast SEO plugin v27.2 - https:\/\/yoast.com\/product\/yoast-seo-wordpress\/ -->\n<title>Nuestro taller - Alumetal<\/title>\n<meta name=\"robots\" content=\"index, follow, max-snippet:-1, max-image-preview:large, max-video-preview:-1\" \/>\n<link rel=\"canonical\" href=\"https:\/\/www.cnalumetal.com\/es\/nuestro-taller\" \/>\n<meta property=\"og:locale\" content=\"es_ES\" \/>\n<meta property=\"og:type\" content=\"article\" \/>\n<meta property=\"og:title\" content=\"Nuestro taller - Alumetal\" \/>\n<meta property=\"og:description\" content=\"[vc_row tm_bgimagefixed=\u00bb\u00bb full_width=\u00bbstretch_row\u00bb][vc_column][vc_row_inner][vc_column_inner width=\u00bb1\/2&#8243;][vc_single_image image=\u00bb4257&#8243; img_size=\u00bbfull\u00bb][\/vc_column_inner][vc_column_inner width=\u00bb1\/2&#8243;][vc_column_text]Shanghai Alumetal Decorative Material Co., Ltd., ha producido paneles compuestos de aluminio durante m\u00e1s de 20 a\u00f1os, ahora tenemos 12 l\u00edneas de producci\u00f3n de paneles compuestos de aluminio y pl\u00e1stico para la fabricaci\u00f3n de paneles compuestos de aluminio y 3 l\u00edneas de producci\u00f3n de revestimiento propias. Durante estos a\u00f1os, &hellip; Continue reading Nuestro taller\" \/>\n<meta property=\"og:url\" content=\"https:\/\/www.cnalumetal.com\/es\/nuestro-taller\" \/>\n<meta property=\"og:site_name\" content=\"Alumetal\" \/>\n<meta property=\"article:modified_time\" content=\"2023-09-12T07:08:56+00:00\" \/>\n<meta name=\"twitter:card\" content=\"summary_large_image\" \/>\n<meta name=\"twitter:label1\" content=\"Tiempo de lectura\" \/>\n\t<meta name=\"twitter:data1\" content=\"2 minutos\" \/>\n<script type=\"application\/ld+json\" class=\"yoast-schema-graph\">{\"@context\":\"https:\/\/schema.org\",\"@graph\":[{\"@type\":\"WebPage\",\"@id\":\"https:\/\/www.cnalumetal.com\/es\/nuestro-taller\",\"url\":\"https:\/\/www.cnalumetal.com\/es\/nuestro-taller\",\"name\":\"Nuestro taller - Alumetal\",\"isPartOf\":{\"@id\":\"https:\/\/www.cnalumetal.com\/#website\"},\"datePublished\":\"2023-04-24T09:12:41+00:00\",\"dateModified\":\"2023-09-12T07:08:56+00:00\",\"breadcrumb\":{\"@id\":\"https:\/\/www.cnalumetal.com\/es\/nuestro-taller#breadcrumb\"},\"inLanguage\":\"es\",\"potentialAction\":[{\"@type\":\"ReadAction\",\"target\":[\"https:\/\/www.cnalumetal.com\/es\/nuestro-taller\"]}]},{\"@type\":\"BreadcrumbList\",\"@id\":\"https:\/\/www.cnalumetal.com\/es\/nuestro-taller#breadcrumb\",\"itemListElement\":[{\"@type\":\"ListItem\",\"position\":1,\"name\":\"Home\",\"item\":\"https:\/\/www.cnalumetal.com\/es\/fabricante-de-paneles-compuestos-de-aluminio\"},{\"@type\":\"ListItem\",\"position\":2,\"name\":\"Nuestro taller\"}]},{\"@type\":\"WebSite\",\"@id\":\"https:\/\/www.cnalumetal.com\/#website\",\"url\":\"https:\/\/www.cnalumetal.com\/\",\"name\":\"Alumetal\",\"description\":\"\",\"publisher\":{\"@id\":\"https:\/\/www.cnalumetal.com\/#organization\"},\"potentialAction\":[{\"@type\":\"SearchAction\",\"target\":{\"@type\":\"EntryPoint\",\"urlTemplate\":\"https:\/\/www.cnalumetal.com\/?s={search_term_string}\"},\"query-input\":{\"@type\":\"PropertyValueSpecification\",\"valueRequired\":true,\"valueName\":\"search_term_string\"}}],\"inLanguage\":\"es\"},{\"@type\":\"Organization\",\"@id\":\"https:\/\/www.cnalumetal.com\/#organization\",\"name\":\"Alumetal\",\"url\":\"https:\/\/www.cnalumetal.com\/\",\"logo\":{\"@type\":\"ImageObject\",\"inLanguage\":\"es\",\"@id\":\"https:\/\/www.cnalumetal.com\/#\/schema\/logo\/image\/\",\"url\":\"https:\/\/www.cnalumetal.com\/wp-content\/uploads\/2023\/05\/cropped-favicon.png\",\"contentUrl\":\"https:\/\/www.cnalumetal.com\/wp-content\/uploads\/2023\/05\/cropped-favicon.png\",\"width\":512,\"height\":512,\"caption\":\"Alumetal\"},\"image\":{\"@id\":\"https:\/\/www.cnalumetal.com\/#\/schema\/logo\/image\/\"}}]}<\/script>\n<!-- \/ Yoast SEO plugin. -->","yoast_head_json":{"title":"Nuestro taller - Alumetal","robots":{"index":"index","follow":"follow","max-snippet":"max-snippet:-1","max-image-preview":"max-image-preview:large","max-video-preview":"max-video-preview:-1"},"canonical":"https:\/\/www.cnalumetal.com\/es\/nuestro-taller","og_locale":"es_ES","og_type":"article","og_title":"Nuestro taller - Alumetal","og_description":"[vc_row tm_bgimagefixed=\u00bb\u00bb full_width=\u00bbstretch_row\u00bb][vc_column][vc_row_inner][vc_column_inner width=\u00bb1\/2&#8243;][vc_single_image image=\u00bb4257&#8243; img_size=\u00bbfull\u00bb][\/vc_column_inner][vc_column_inner width=\u00bb1\/2&#8243;][vc_column_text]Shanghai Alumetal Decorative Material Co., Ltd., ha producido paneles compuestos de aluminio durante m\u00e1s de 20 a\u00f1os, ahora tenemos 12 l\u00edneas de producci\u00f3n de paneles compuestos de aluminio y pl\u00e1stico para la fabricaci\u00f3n de paneles compuestos de aluminio y 3 l\u00edneas de producci\u00f3n de revestimiento propias. Durante estos a\u00f1os, &hellip; Continue reading Nuestro taller","og_url":"https:\/\/www.cnalumetal.com\/es\/nuestro-taller","og_site_name":"Alumetal","article_modified_time":"2023-09-12T07:08:56+00:00","twitter_card":"summary_large_image","twitter_misc":{"Tiempo de lectura":"2 minutos"},"schema":{"@context":"https:\/\/schema.org","@graph":[{"@type":"WebPage","@id":"https:\/\/www.cnalumetal.com\/es\/nuestro-taller","url":"https:\/\/www.cnalumetal.com\/es\/nuestro-taller","name":"Nuestro taller - Alumetal","isPartOf":{"@id":"https:\/\/www.cnalumetal.com\/#website"},"datePublished":"2023-04-24T09:12:41+00:00","dateModified":"2023-09-12T07:08:56+00:00","breadcrumb":{"@id":"https:\/\/www.cnalumetal.com\/es\/nuestro-taller#breadcrumb"},"inLanguage":"es","potentialAction":[{"@type":"ReadAction","target":["https:\/\/www.cnalumetal.com\/es\/nuestro-taller"]}]},{"@type":"BreadcrumbList","@id":"https:\/\/www.cnalumetal.com\/es\/nuestro-taller#breadcrumb","itemListElement":[{"@type":"ListItem","position":1,"name":"Home","item":"https:\/\/www.cnalumetal.com\/es\/fabricante-de-paneles-compuestos-de-aluminio"},{"@type":"ListItem","position":2,"name":"Nuestro taller"}]},{"@type":"WebSite","@id":"https:\/\/www.cnalumetal.com\/#website","url":"https:\/\/www.cnalumetal.com\/","name":"Alumetal","description":"","publisher":{"@id":"https:\/\/www.cnalumetal.com\/#organization"},"potentialAction":[{"@type":"SearchAction","target":{"@type":"EntryPoint","urlTemplate":"https:\/\/www.cnalumetal.com\/?s={search_term_string}"},"query-input":{"@type":"PropertyValueSpecification","valueRequired":true,"valueName":"search_term_string"}}],"inLanguage":"es"},{"@type":"Organization","@id":"https:\/\/www.cnalumetal.com\/#organization","name":"Alumetal","url":"https:\/\/www.cnalumetal.com\/","logo":{"@type":"ImageObject","inLanguage":"es","@id":"https:\/\/www.cnalumetal.com\/#\/schema\/logo\/image\/","url":"https:\/\/www.cnalumetal.com\/wp-content\/uploads\/2023\/05\/cropped-favicon.png","contentUrl":"https:\/\/www.cnalumetal.com\/wp-content\/uploads\/2023\/05\/cropped-favicon.png","width":512,"height":512,"caption":"Alumetal"},"image":{"@id":"https:\/\/www.cnalumetal.com\/#\/schema\/logo\/image\/"}}]}},"_links":{"self":[{"href":"https:\/\/www.cnalumetal.com\/es\/wp-json\/wp\/v2\/pages\/11296","targetHints":{"allow":["GET"]}}],"collection":[{"href":"https:\/\/www.cnalumetal.com\/es\/wp-json\/wp\/v2\/pages"}],"about":[{"href":"https:\/\/www.cnalumetal.com\/es\/wp-json\/wp\/v2\/types\/page"}],"author":[{"embeddable":true,"href":"https:\/\/www.cnalumetal.com\/es\/wp-json\/wp\/v2\/users\/1"}],"replies":[{"embeddable":true,"href":"https:\/\/www.cnalumetal.com\/es\/wp-json\/wp\/v2\/comments?post=11296"}],"version-history":[{"count":2,"href":"https:\/\/www.cnalumetal.com\/es\/wp-json\/wp\/v2\/pages\/11296\/revisions"}],"predecessor-version":[{"id":11298,"href":"https:\/\/www.cnalumetal.com\/es\/wp-json\/wp\/v2\/pages\/11296\/revisions\/11298"}],"wp:attachment":[{"href":"https:\/\/www.cnalumetal.com\/es\/wp-json\/wp\/v2\/media?parent=11296"}],"curies":[{"name":"wp","href":"https:\/\/api.w.org\/{rel}","templated":true}]}}