{"id":11103,"date":"2023-04-23T09:28:31","date_gmt":"2023-04-23T09:28:31","guid":{"rendered":"https:\/\/www.cnalumetal.com\/certificados"},"modified":"2023-09-12T07:05:01","modified_gmt":"2023-09-12T07:05:01","slug":"certificados","status":"publish","type":"page","link":"https:\/\/www.cnalumetal.com\/es\/certificados","title":{"rendered":"Certificados"},"content":{"rendered":"<p>[vc_row][vc_column]<div class=\"tm-element-heading-wrapper tm-heading-inner tm-element-align-center tm-seperator-solid tm-heading-style-vertical \"><section class=\"tm-vc_cta3-container\"><div class=\"tm-vc_general tm-vc_cta3 tm-cta3-only tm-vc_cta3-style-classic tm-vc_cta3-shape-rounded tm-vc_cta3-align-center tm-vc_cta3-color-transparent tm-vc_cta3-icon-size-md tm-vc_cta3-actions-no tm-cta3-without-desc\"><div class=\"tm-vc_cta3_content-container\"><div class=\"tm-vc_cta3-content\"><header class=\"tm-vc_cta3-content-header tm-wrap\"><div class=\"tm-vc_cta3-headers tm-wrap-cell\"><h2 class=\"tm-custom-heading \" >Certificates<\/h2>\n<\/div><\/header><\/div><\/div><\/div><\/section><\/div> <!-- .tm-element-heading-wrapper container --> [vc_row_inner][vc_column_inner width=\u00bb1\/2&#8243;][vc_images_carousel images=\u00bb4115,4116,4117,4118,4119,4137,4138,4139,4140,4141,4142,4143,4144,4145,4146&#8243; img_size=\u00bbfull\u00bb slides_per_view=\u00bb3&#8243; hide_pagination_control=\u00bbyes\u00bb][\/vc_column_inner][vc_column_inner width=\u00bb1\/2&#8243;][vc_column_text]<\/p>\n<h4>Probado por laboratorios internacionales<\/h4>\n<p>Nuestro sistema de calidad cubre todos los detalles que necesita un gran producto y est\u00e1 completamente integrado con nuestros sistemas generales de gesti\u00f3n empresarial. Con estos principios adquirimos varias certificaciones: <\/p>\n<ul>\n<li><i class=\"fas fa-square-full\"><\/i>Nos anticipamos a las necesidades y expectativas de los clientes.<\/li>\n<li><i class=\"fas fa-square-full\"><\/i>Protegemos a nuestros clientes mediante el cumplimiento normativo.<\/li>\n<li><i class=\"fas fa-square-full\"><\/i>Proporcionamos informaci\u00f3n de marketing, t\u00e9cnica y de soporte que es f\u00e1cilmente accesible y f\u00e1cil de entender.<\/li>\n<\/ul>\n<p>[\/vc_column_text][\/vc_column_inner][\/vc_row_inner][\/vc_column][\/vc_row][vc_row tm_bgimagefixed=\u00bb\u00bb full_width=\u00bbstretch_row\u00bb css=\u00bb.vc_custom_1682238388456{background-color: #0080d7 !important;}\u00bb][vc_column tm_textcolor=\u00bbwhite\u00bb]<div class=\"tm-element-heading-wrapper tm-heading-inner tm-element-align-center tm-seperator-solid tm-heading-style-vertical \"><section class=\"tm-vc_cta3-container\"><div class=\"tm-vc_general tm-vc_cta3 tm-cta3-only tm-vc_cta3-style-classic tm-vc_cta3-shape-rounded tm-vc_cta3-align-center tm-vc_cta3-color-transparent tm-vc_cta3-icon-size-md tm-vc_cta3-actions-no tm-cta3-without-desc\"><div class=\"tm-vc_cta3_content-container\"><div class=\"tm-vc_cta3-content\"><header class=\"tm-vc_cta3-content-header tm-wrap\"><div class=\"tm-vc_cta3-headers tm-wrap-cell\"><h2 class=\"tm-custom-heading \" >Quality Control System<\/h2>\n<\/div><\/header><\/div><\/div><\/div><\/section><\/div> <!-- .tm-element-heading-wrapper container --> [vc_row_inner][vc_column_inner tm_textcolor=\u00bbdark\u00bb width=\u00bb1\/3&#8243;]<section class=\"tm-vc_cta3-container\"><div class=\"tm-vc_general tm-vc_cta3 tm-cta3-only tm-vc_cta3-style-classic tm-vc_cta3-shape-rounded tm-vc_cta3-align-left tm-vc_cta3-color-grey tm-vc_cta3-icon-size-md tm-cta3-with-desc\"><div class=\"tm-vc_cta3_content-container\"><div class=\"tm-vc_cta3-content\"><header class=\"tm-vc_cta3-content-header tm-wrap\"><div class=\"tm-vc_cta3-headers tm-wrap-cell\"><\/div><\/header><div class=\"tm-cta3-content-wrapper\"><p>Inspecci\u00f3n exhaustiva en l\u00ednea de todo el proceso de producci\u00f3n.<\/p><\/div><\/div><\/div><\/div><\/section><section class=\"tm-vc_cta3-container\"><div class=\"tm-vc_general tm-vc_cta3 tm-cta3-only tm-vc_cta3-style-classic tm-vc_cta3-shape-rounded tm-vc_cta3-align-left tm-vc_cta3-color-white tm-vc_cta3-icon-size-md tm-cta3-with-desc\"><div class=\"tm-vc_cta3_content-container\"><div class=\"tm-vc_cta3-content\"><header class=\"tm-vc_cta3-content-header tm-wrap\"><div class=\"tm-vc_cta3-headers tm-wrap-cell\"><\/div><\/header><div class=\"tm-cta3-content-wrapper\"><p>Pruebas t\u00e9rmicas y de impacto continuas de productos de muestras aleatorias.<\/p><\/div><\/div><\/div><\/div><\/section>[\/vc_column_inner][vc_column_inner tm_textcolor=\u00bbdark\u00bb width=\u00bb1\/3&#8243;]<section class=\"tm-vc_cta3-container\"><div class=\"tm-vc_general tm-vc_cta3 tm-cta3-only tm-vc_cta3-style-classic tm-vc_cta3-shape-rounded tm-vc_cta3-align-left tm-vc_cta3-color-white tm-vc_cta3-icon-size-md tm-cta3-with-desc\"><div class=\"tm-vc_cta3_content-container\"><div class=\"tm-vc_cta3-content\"><header class=\"tm-vc_cta3-content-header tm-wrap\"><div class=\"tm-vc_cta3-headers tm-wrap-cell\"><\/div><\/header><div class=\"tm-cta3-content-wrapper\"><p>Inspecci\u00f3n final del producto terminado antes del env\u00edo al cliente.<\/p><\/div><\/div><\/div><\/div><\/section><section class=\"tm-vc_cta3-container\"><div class=\"tm-vc_general tm-vc_cta3 tm-cta3-only tm-vc_cta3-style-classic tm-vc_cta3-shape-rounded tm-vc_cta3-align-left tm-vc_cta3-color-white tm-vc_cta3-icon-size-md tm-cta3-with-desc\"><div class=\"tm-vc_cta3_content-container\"><div class=\"tm-vc_cta3-content\"><header class=\"tm-vc_cta3-content-header tm-wrap\"><div class=\"tm-vc_cta3-headers tm-wrap-cell\"><\/div><\/header><div class=\"tm-cta3-content-wrapper\"><p>Circuito cerrado de calidad para permitir ajustes efectivos en el proceso y el dise\u00f1o.<\/p><\/div><\/div><\/div><\/div><\/section>[\/vc_column_inner][vc_column_inner tm_textcolor=\u00bbdark\u00bb width=\u00bb1\/3&#8243;]<section class=\"tm-vc_cta3-container\"><div class=\"tm-vc_general tm-vc_cta3 tm-cta3-only tm-vc_cta3-style-classic tm-vc_cta3-shape-rounded tm-vc_cta3-align-left tm-vc_cta3-color-white tm-vc_cta3-icon-size-md tm-cta3-with-desc\"><div class=\"tm-vc_cta3_content-container\"><div class=\"tm-vc_cta3-content\"><header class=\"tm-vc_cta3-content-header tm-wrap\"><div class=\"tm-vc_cta3-headers tm-wrap-cell\"><\/div><\/header><div class=\"tm-cta3-content-wrapper\"><p>Informes y seguimiento consistentes de deficiencias y correcciones.<\/p><\/div><\/div><\/div><\/div><\/section><section class=\"tm-vc_cta3-container\"><div class=\"tm-vc_general tm-vc_cta3 tm-cta3-only tm-vc_cta3-style-classic tm-vc_cta3-shape-rounded tm-vc_cta3-align-left tm-vc_cta3-color-white tm-vc_cta3-icon-size-md tm-cta3-with-desc\"><div class=\"tm-vc_cta3_content-container\"><div class=\"tm-vc_cta3-content\"><header class=\"tm-vc_cta3-content-header tm-wrap\"><div class=\"tm-vc_cta3-headers tm-wrap-cell\"><\/div><\/header><div class=\"tm-cta3-content-wrapper\"><p>El supervisor de producci\u00f3n brinda comentarios peri\u00f3dicamente en las reuniones de actualizaci\u00f3n de calidad.<\/p><\/div><\/div><\/div><\/div><\/section>[\/vc_column_inner][\/vc_row_inner][\/vc_column][\/vc_row][vc_row][vc_column]<div class=\"tm-element-heading-wrapper tm-heading-inner tm-element-align-center tm-seperator-solid tm-heading-style-vertical \"><section class=\"tm-vc_cta3-container\"><div class=\"tm-vc_general tm-vc_cta3 tm-cta3-only tm-vc_cta3-style-classic tm-vc_cta3-shape-rounded tm-vc_cta3-align-center tm-vc_cta3-color-transparent tm-vc_cta3-icon-size-md tm-vc_cta3-actions-no tm-cta3-without-desc\"><div class=\"tm-vc_cta3_content-container\"><div class=\"tm-vc_cta3-content\"><header class=\"tm-vc_cta3-content-header tm-wrap\"><div class=\"tm-vc_cta3-headers tm-wrap-cell\"><h2 class=\"tm-custom-heading \" >Inspection Center<\/h2>\n<\/div><\/header><\/div><\/div><\/div><\/section><\/div> <!-- .tm-element-heading-wrapper container --> [vc_row_inner][vc_column_inner width=\u00bb1\/2&#8243;][vc_column_text]Nuestra empresa ha establecido un centro de inspecci\u00f3n de primer nivel en China y ha desarrollado subsistemas de gesti\u00f3n basados en informaci\u00f3n, como gesti\u00f3n de calidad, gesti\u00f3n de pruebas, inspecci\u00f3n de calidad, control de medici\u00f3n y gesti\u00f3n de an\u00e1lisis f\u00edsicos y qu\u00edmicos para cumplir con nuestros requisitos de nivel de gesti\u00f3n de alta calidad.[\/vc_column_text][\/vc_column_inner][vc_column_inner width=\u00bb1\/2&#8243;][vc_single_image image=\u00bb4171&#8243; img_size=\u00bbfull\u00bb][\/vc_column_inner][\/vc_row_inner][vc_row_inner][vc_column_inner width=\u00bb1\/2&#8243;][vc_images_carousel images=\u00bb4178,4180,4181,4182,4183,4184,4185&#8243; img_size=\u00bbfull\u00bb onclick=\u00bblink_no\u00bb slides_per_view=\u00bb2&#8243; autoplay=\u00bbyes\u00bb hide_pagination_control=\u00bbyes\u00bb wrap=\u00bbyes\u00bb][\/vc_column_inner][vc_column_inner width=\u00bb1\/2&#8243;][vc_column_text]<span class=\"text11pxheight140\">Nuestro centro de inspecci\u00f3n proporciona funciones como pruebas, investigaci\u00f3n y desarrollo para diversos productos. Est\u00e1 equipado con un medidor de brillo con pantalla de espejo, un probador de dureza de rayado con l\u00e1piz de recubrimiento de pel\u00edcula, un probador de tensi\u00f3n electr\u00f3nico con pantalla digital, un comparador visual de color, una balanza anal\u00edtica, un instrumento de impacto de recubrimiento, un instrumento para untar resistente a solventes, un adher\u00f3metro, una c\u00e1mara de prueba de envejecimiento acelerado por rayos UV, una c\u00e1mara de prueba de niebla salina y pronto. Todos nosotros, desde cada l\u00edder de alto nivel hasta cada <\/span><span class=\"text11pxheight140\">Empleado, otorga importancia al concepto de mejora continua de la calidad para desarrollar la cultura de \u00abn\u00facleo de calidad\u00bb de nuestra empresa.<\/span>[\/vc_column_text][\/vc_column_inner][\/vc_row_inner][\/vc_column][\/vc_row]<\/p>\n","protected":false},"excerpt":{"rendered":"<p>[vc_row][vc_column][vc_row_inner][vc_column_inner width=\u00bb1\/2&#8243;][vc_images_carousel images=\u00bb4115,4116,4117,4118,4119,4137,4138,4139,4140,4141,4142,4143,4144,4145,4146&#8243; img_size=\u00bbfull\u00bb slides_per_view=\u00bb3&#8243; hide_pagination_control=\u00bbyes\u00bb][\/vc_column_inner][vc_column_inner width=\u00bb1\/2&#8243;][vc_column_text] Probado por laboratorios internacionales Nuestro sistema de calidad cubre todos los detalles que necesita un gran producto y est\u00e1 completamente integrado con nuestros sistemas generales de gesti\u00f3n empresarial. Con estos principios adquirimos varias certificaciones: Nos anticipamos a las necesidades y expectativas de los clientes. Protegemos a nuestros clientes &hellip; <a href=\"https:\/\/www.cnalumetal.com\/es\/certificados\" class=\"more-link\">Continue reading <span class=\"screen-reader-text\">Certificados<\/span><\/a><\/p>\n","protected":false},"author":1,"featured_media":0,"parent":0,"menu_order":0,"comment_status":"closed","ping_status":"closed","template":"","meta":{"footnotes":""},"class_list":["post-11103","page","type-page","status-publish","hentry"],"yoast_head":"<!-- This site is optimized with the Yoast SEO plugin v27.2 - https:\/\/yoast.com\/product\/yoast-seo-wordpress\/ -->\n<title>Certificados - Alumetal<\/title>\n<meta name=\"robots\" content=\"index, follow, max-snippet:-1, max-image-preview:large, max-video-preview:-1\" \/>\n<link rel=\"canonical\" href=\"https:\/\/www.cnalumetal.com\/es\/certificados\" \/>\n<meta property=\"og:locale\" content=\"es_ES\" \/>\n<meta property=\"og:type\" content=\"article\" \/>\n<meta property=\"og:title\" content=\"Certificados - Alumetal\" \/>\n<meta property=\"og:description\" content=\"[vc_row][vc_column][vc_row_inner][vc_column_inner width=\u00bb1\/2&#8243;][vc_images_carousel images=\u00bb4115,4116,4117,4118,4119,4137,4138,4139,4140,4141,4142,4143,4144,4145,4146&#8243; img_size=\u00bbfull\u00bb slides_per_view=\u00bb3&#8243; hide_pagination_control=\u00bbyes\u00bb][\/vc_column_inner][vc_column_inner width=\u00bb1\/2&#8243;][vc_column_text] Probado por laboratorios internacionales Nuestro sistema de calidad cubre todos los detalles que necesita un gran producto y est\u00e1 completamente integrado con nuestros sistemas generales de gesti\u00f3n empresarial. Con estos principios adquirimos varias certificaciones: Nos anticipamos a las necesidades y expectativas de los clientes. Protegemos a nuestros clientes &hellip; Continue reading Certificados\" \/>\n<meta property=\"og:url\" content=\"https:\/\/www.cnalumetal.com\/es\/certificados\" \/>\n<meta property=\"og:site_name\" content=\"Alumetal\" \/>\n<meta property=\"article:modified_time\" content=\"2023-09-12T07:05:01+00:00\" \/>\n<meta name=\"twitter:card\" content=\"summary_large_image\" \/>\n<meta name=\"twitter:label1\" content=\"Tiempo de lectura\" \/>\n\t<meta name=\"twitter:data1\" content=\"3 minutos\" \/>\n<script type=\"application\/ld+json\" class=\"yoast-schema-graph\">{\"@context\":\"https:\/\/schema.org\",\"@graph\":[{\"@type\":\"WebPage\",\"@id\":\"https:\/\/www.cnalumetal.com\/es\/certificados\",\"url\":\"https:\/\/www.cnalumetal.com\/es\/certificados\",\"name\":\"Certificados - Alumetal\",\"isPartOf\":{\"@id\":\"https:\/\/www.cnalumetal.com\/#website\"},\"datePublished\":\"2023-04-23T09:28:31+00:00\",\"dateModified\":\"2023-09-12T07:05:01+00:00\",\"breadcrumb\":{\"@id\":\"https:\/\/www.cnalumetal.com\/es\/certificados#breadcrumb\"},\"inLanguage\":\"es\",\"potentialAction\":[{\"@type\":\"ReadAction\",\"target\":[\"https:\/\/www.cnalumetal.com\/es\/certificados\"]}]},{\"@type\":\"BreadcrumbList\",\"@id\":\"https:\/\/www.cnalumetal.com\/es\/certificados#breadcrumb\",\"itemListElement\":[{\"@type\":\"ListItem\",\"position\":1,\"name\":\"Home\",\"item\":\"https:\/\/www.cnalumetal.com\/es\/fabricante-de-paneles-compuestos-de-aluminio\"},{\"@type\":\"ListItem\",\"position\":2,\"name\":\"Certificados\"}]},{\"@type\":\"WebSite\",\"@id\":\"https:\/\/www.cnalumetal.com\/#website\",\"url\":\"https:\/\/www.cnalumetal.com\/\",\"name\":\"Alumetal\",\"description\":\"\",\"publisher\":{\"@id\":\"https:\/\/www.cnalumetal.com\/#organization\"},\"potentialAction\":[{\"@type\":\"SearchAction\",\"target\":{\"@type\":\"EntryPoint\",\"urlTemplate\":\"https:\/\/www.cnalumetal.com\/?s={search_term_string}\"},\"query-input\":{\"@type\":\"PropertyValueSpecification\",\"valueRequired\":true,\"valueName\":\"search_term_string\"}}],\"inLanguage\":\"es\"},{\"@type\":\"Organization\",\"@id\":\"https:\/\/www.cnalumetal.com\/#organization\",\"name\":\"Alumetal\",\"url\":\"https:\/\/www.cnalumetal.com\/\",\"logo\":{\"@type\":\"ImageObject\",\"inLanguage\":\"es\",\"@id\":\"https:\/\/www.cnalumetal.com\/#\/schema\/logo\/image\/\",\"url\":\"https:\/\/www.cnalumetal.com\/wp-content\/uploads\/2023\/05\/cropped-favicon.png\",\"contentUrl\":\"https:\/\/www.cnalumetal.com\/wp-content\/uploads\/2023\/05\/cropped-favicon.png\",\"width\":512,\"height\":512,\"caption\":\"Alumetal\"},\"image\":{\"@id\":\"https:\/\/www.cnalumetal.com\/#\/schema\/logo\/image\/\"}}]}<\/script>\n<!-- \/ Yoast SEO plugin. -->","yoast_head_json":{"title":"Certificados - Alumetal","robots":{"index":"index","follow":"follow","max-snippet":"max-snippet:-1","max-image-preview":"max-image-preview:large","max-video-preview":"max-video-preview:-1"},"canonical":"https:\/\/www.cnalumetal.com\/es\/certificados","og_locale":"es_ES","og_type":"article","og_title":"Certificados - Alumetal","og_description":"[vc_row][vc_column][vc_row_inner][vc_column_inner width=\u00bb1\/2&#8243;][vc_images_carousel images=\u00bb4115,4116,4117,4118,4119,4137,4138,4139,4140,4141,4142,4143,4144,4145,4146&#8243; img_size=\u00bbfull\u00bb slides_per_view=\u00bb3&#8243; hide_pagination_control=\u00bbyes\u00bb][\/vc_column_inner][vc_column_inner width=\u00bb1\/2&#8243;][vc_column_text] Probado por laboratorios internacionales Nuestro sistema de calidad cubre todos los detalles que necesita un gran producto y est\u00e1 completamente integrado con nuestros sistemas generales de gesti\u00f3n empresarial. Con estos principios adquirimos varias certificaciones: Nos anticipamos a las necesidades y expectativas de los clientes. Protegemos a nuestros clientes &hellip; Continue reading Certificados","og_url":"https:\/\/www.cnalumetal.com\/es\/certificados","og_site_name":"Alumetal","article_modified_time":"2023-09-12T07:05:01+00:00","twitter_card":"summary_large_image","twitter_misc":{"Tiempo de lectura":"3 minutos"},"schema":{"@context":"https:\/\/schema.org","@graph":[{"@type":"WebPage","@id":"https:\/\/www.cnalumetal.com\/es\/certificados","url":"https:\/\/www.cnalumetal.com\/es\/certificados","name":"Certificados - Alumetal","isPartOf":{"@id":"https:\/\/www.cnalumetal.com\/#website"},"datePublished":"2023-04-23T09:28:31+00:00","dateModified":"2023-09-12T07:05:01+00:00","breadcrumb":{"@id":"https:\/\/www.cnalumetal.com\/es\/certificados#breadcrumb"},"inLanguage":"es","potentialAction":[{"@type":"ReadAction","target":["https:\/\/www.cnalumetal.com\/es\/certificados"]}]},{"@type":"BreadcrumbList","@id":"https:\/\/www.cnalumetal.com\/es\/certificados#breadcrumb","itemListElement":[{"@type":"ListItem","position":1,"name":"Home","item":"https:\/\/www.cnalumetal.com\/es\/fabricante-de-paneles-compuestos-de-aluminio"},{"@type":"ListItem","position":2,"name":"Certificados"}]},{"@type":"WebSite","@id":"https:\/\/www.cnalumetal.com\/#website","url":"https:\/\/www.cnalumetal.com\/","name":"Alumetal","description":"","publisher":{"@id":"https:\/\/www.cnalumetal.com\/#organization"},"potentialAction":[{"@type":"SearchAction","target":{"@type":"EntryPoint","urlTemplate":"https:\/\/www.cnalumetal.com\/?s={search_term_string}"},"query-input":{"@type":"PropertyValueSpecification","valueRequired":true,"valueName":"search_term_string"}}],"inLanguage":"es"},{"@type":"Organization","@id":"https:\/\/www.cnalumetal.com\/#organization","name":"Alumetal","url":"https:\/\/www.cnalumetal.com\/","logo":{"@type":"ImageObject","inLanguage":"es","@id":"https:\/\/www.cnalumetal.com\/#\/schema\/logo\/image\/","url":"https:\/\/www.cnalumetal.com\/wp-content\/uploads\/2023\/05\/cropped-favicon.png","contentUrl":"https:\/\/www.cnalumetal.com\/wp-content\/uploads\/2023\/05\/cropped-favicon.png","width":512,"height":512,"caption":"Alumetal"},"image":{"@id":"https:\/\/www.cnalumetal.com\/#\/schema\/logo\/image\/"}}]}},"_links":{"self":[{"href":"https:\/\/www.cnalumetal.com\/es\/wp-json\/wp\/v2\/pages\/11103","targetHints":{"allow":["GET"]}}],"collection":[{"href":"https:\/\/www.cnalumetal.com\/es\/wp-json\/wp\/v2\/pages"}],"about":[{"href":"https:\/\/www.cnalumetal.com\/es\/wp-json\/wp\/v2\/types\/page"}],"author":[{"embeddable":true,"href":"https:\/\/www.cnalumetal.com\/es\/wp-json\/wp\/v2\/users\/1"}],"replies":[{"embeddable":true,"href":"https:\/\/www.cnalumetal.com\/es\/wp-json\/wp\/v2\/comments?post=11103"}],"version-history":[{"count":2,"href":"https:\/\/www.cnalumetal.com\/es\/wp-json\/wp\/v2\/pages\/11103\/revisions"}],"predecessor-version":[{"id":11277,"href":"https:\/\/www.cnalumetal.com\/es\/wp-json\/wp\/v2\/pages\/11103\/revisions\/11277"}],"wp:attachment":[{"href":"https:\/\/www.cnalumetal.com\/es\/wp-json\/wp\/v2\/media?parent=11103"}],"curies":[{"name":"wp","href":"https:\/\/api.w.org\/{rel}","templated":true}]}}