{"id":10868,"date":"2019-02-04T12:55:48","date_gmt":"2019-02-04T12:55:48","guid":{"rendered":"https:\/\/www.cnalumetal.com\/faq"},"modified":"2023-09-11T02:16:04","modified_gmt":"2023-09-11T02:16:04","slug":"faq","status":"publish","type":"page","link":"https:\/\/www.cnalumetal.com\/de\/faq","title":{"rendered":"FAQ"},"content":{"rendered":"<p>[vc_row tm_bgimagefixed=&#8220;&#8220; full_width=&#8220;stretch_row&#8220; css=&#8220;.vc_custom_1550138683203{padding-bottom: 15px !important;}&#8220; tm_responsive_css=&#8220;41477175|colbreak_no|||||||||colbreak_no|||||60px||||colbreak_no||||||||||colbreak_no|||||||||&#8220;][vc_column]<div class=\"tm-element-heading-wrapper tm-heading-inner tm-element-align-center tm-seperator-solid tm-heading-style-vertical \"><section class=\"tm-vc_cta3-container\"><div class=\"tm-vc_general tm-vc_cta3 tm-cta3-only tm-vc_cta3-style-classic tm-vc_cta3-shape-rounded tm-vc_cta3-align-center tm-vc_cta3-color-transparent tm-vc_cta3-icon-size-md tm-vc_cta3-actions-no tm-cta3-with-desc\"><div class=\"tm-vc_cta3_content-container\"><div class=\"tm-vc_cta3-content\"><header class=\"tm-vc_cta3-content-header tm-wrap\"><div class=\"tm-vc_cta3-headers tm-wrap-cell\"><h2 class=\"tm-custom-heading \" >Do you have Questions?<\/h2>\n<\/div><\/header><div class=\"tm-cta3-content-wrapper\"><p>Bei Fragen oder Interesse an unseren Produkten k\u00f6nnen Sie sich gerne an uns wenden!<\/p><\/div><\/div><\/div><\/div><\/section><\/div> <!-- .tm-element-heading-wrapper container --> [\/vc_column][\/vc_row][vc_row tm_bgimagefixed=&#8220;&#8220; full_width=&#8220;stretch_row&#8220; css=&#8220;.vc_custom_1550138834634{padding-top: 0px !important;padding-bottom: 60px !important;}&#8220; tm_responsive_css=&#8220;10979502|colbreak_no|||||||||colbreak_no|||||||40px||colbreak_no|||||||20px|||colbreak_no|||||||||&#8220;][vc_column width=&#8220;1\/2&#8243;][vc_single_image image=&#8220;4463&#8243; img_size=&#8220;full&#8220; style=&#8220;vc_box_rounded&#8220;][vc_row_inner][vc_column_inner css=&#8220;.vc_custom_1549016098192{margin-top: -270px !important;}&#8220;]<div class=\"tm-vc_icon_element tm-vc_icon_element-outer tm-vc_icon_element-align-center  tm-vc_icon_element-have-style tm_prettyphoto\"><div class=\"tm-vc_icon_element-inner  tm-vc_icon_element-have-style-inner tm-vc_icon_element-color-white tm-vc_icon_element-size-md tm-vc_icon_element-style-rounded tm-vc_icon_element-background tm-vc_icon_element-background-color-skincolor\" ><span class=\"tm-vc_icon_element-icon themifyicon ti-control-play\" ><\/span><a class=\"tm-vc_icon_element-link\" href=\"https:\/\/youtu.be\/qhMgiN7wQik\" title=\"\" target=\"_self\"><\/a><\/div><\/div>[\/vc_column_inner][\/vc_row_inner][\/vc_column][vc_column width=&#8220;1\/2&#8243;][vc_tta_accordion style=&#8220;outline&#8220; color=&#8220;grey&#8220; gap=&#8220;15&#8243; c_position=&#8220;right&#8220; active_section=&#8220;1&#8243;][vc_tta_section title=&#8220;Bieten Sie Muster an?&#8220; tab_id=&#8220;1549004535827-b3afa67a-3a5e&#8220;][vc_column_text]Ja, Muster sind verf\u00fcgbar, wenn Sie an unserem Produkt interessiert sind[\/vc_column_text][\/vc_tta_section][vc_tta_section title=&#8220;Was ist Ihr Hauptprodukt?&#8220; tab_id=&#8220;1682328609383-cbc612f4-c6b4&#8243;][vc_column_text]Zu unseren Produkten geh\u00f6ren: Aluminium-Verbundplatten aus Polyester (PE), Aluminium-Verbundplatten aus Fluorkohlenstoff (PVDF), feuerbest\u00e4ndige Aluminium-Verbundplatten, selbstreinigende Nano-Aluminium-Verbundplatten, Spectrum-Aluminium-Verbundplatten, Spiegel-Aluminium-Verbundplatten und geb\u00fcrstete Aluminium-Verbundplatten , Holzmaserungsplatten, Granitmaserungsplatten, Aluminium-Verbundplatten f\u00fcr Beschilderungen, gepr\u00e4gte Aluminium-Verbundplatten und beschichtete Aluminiumspulen, Aluminiumbleche.[\/vc_column_text][\/vc_tta_section][vc_tta_section title=&#8220;Welche Plattengr\u00f6\u00dfe und -dicke gibt es?&#8220; tab_id=&#8220;1549005508759-77cb3376-8b04&#8243;][vc_column_text]1. Breite: 1000\u20131575 mm; 1220 mm, 1250 mm, 1500 mm werden empfohlen.<br \/>\n2. L\u00e4nge: Akzeptieren Sie benutzerdefinierte L\u00e4ngen, empfehlen Sie 2440 mm, 3050 mm, 4050 mm, 5000 mm<br \/>\n3. Plattenst\u00e4rke: 2 mm-6 mm; empfehlen 3,4mm<br \/>\n4.Aluminiumdicke: 0,05\u20130,5 mm[\/vc_column_text][\/vc_tta_section][vc_tta_section title=&#8220;Betreuen Sie OEM?&#8220; tab_id=&#8220;1549005507765-5cdb0b8d-161b&#8220;][vc_column_text]Ja, OEM akzeptiert. Sie m\u00fcssen uns nur Ihr Logo mitteilen, wir senden Ihnen dann ein Schutzfoliendesign Ihrer Wahl.[\/vc_column_text][\/vc_tta_section][vc_tta_section title=&#8220;Gibt es Pr\u00fcfzeugnisse?&#8220; tab_id=&#8220;1549005502002-bb6438ce-15a8&#8243;][vc_column_text]Ja, eine stabile, gute Qualit\u00e4t ist der Schl\u00fcssel f\u00fcr eine langfristige gesch\u00e4ftliche Zusammenarbeit.<br \/>\nDie Fabrik hat ISO9001:CE SGS usw. bestanden.[\/vc_column_text][\/vc_tta_section][vc_tta_section title=&#8220;Was ist Ihr MOQ, Lieferzeit, Zahlung?&#8220; tab_id=&#8220;1549005500042-c476fcc6-1db8&#8243;][vc_column_text]1. MOQ (Mindestbestellmenge): 500 m\u00b2, kann aber auch geringer sein, wenn wir Lagerbest\u00e4nde haben<br \/>\n2. Lieferzeit: innerhalb von 15 Tagen nach Erhalt der Anzahlung<br \/>\n3. Zahlung: 30 % TT im Voraus, 70 % gegen BL der Kopie oder LC[\/vc_column_text][\/vc_tta_section][\/vc_tta_accordion][\/vc_column][\/vc_row][vc_row tm_bgimagefixed=&#8220;&#8220; full_width=&#8220;stretch_row&#8220; css=&#8220;.vc_custom_1550138816892{padding-top: 0px !important;padding-bottom: 95px !important;}&#8220; tm_responsive_css=&#8220;71539727|colbreak_no|||||||||colbreak_no|||||||65px||colbreak_no|||||||40px|||colbreak_no|||||||||&#8220;][vc_column width=&#8220;1\/3&#8243;]<div class=\"tm-sbox tm-sbox-iconalign-left-spacing none tm-sbox-bgcolor-white tm-bgcolor-white tm-sbox-textcolor- tm-textcolor- tm-sbox-isize-lg tm-sbox-isize-lg tm-sbox-istyle-none vc_custom_1682675139528 tm-bgcolor-yes tm-sbox-heading-only\"><section class=\"tm-vc_cta3-container\"><div class=\"tm-vc_general tm-vc_cta3 tm-vc_cta3-align-left tm-vc_cta3-icon-size-lg tm-vc_cta3-icons-left tm-vc_cta3-actions-no\"><div class=\"tm-vc_cta3-icons tm-wrap-cell\"><div class=\"tm-vc_icon_element tm-vc_icon_element-outer tm-vc_icon_element-align-left \"><div class=\"tm-vc_icon_element-inner  tm-vc_icon_element-color-skincolor tm-vc_icon_element-size-lg tm-vc_icon_element-style-none tm-vc_icon_element-background-color-grey\" ><span class=\"tm-vc_icon_element-icon themifyicon ti-user\" ><\/span><\/div><\/div><\/div><div class=\"tm-vc_cta3_content-container\"><div class=\"tm-vc_cta3-content\"><div class=\"tm-vc_cta3-content-header tm-wrap\"><div class=\"tm-vc_cta3-headers tm-wrap-cell\"><h2 class=\"tm-custom-heading \" >Alumetal Customers<\/h2>\n<\/div><\/div><\/div><div class=\"tm-cta3-desc-btn-wrapper\"><div class=\"tm-cta3-description\"><div class=\"tm-cta3-content-wrapper\"><p>Wir haben Gro\u00dfkunden in Europa, Australien, S\u00fcdostasien, dem Nahen Osten, S\u00fcdamerika und Afrika.<\/p><\/div><\/div><\/div><\/div><\/div><\/section><\/div>[\/vc_column][vc_column width=&#8220;1\/3&#8243;]<div class=\"tm-sbox tm-sbox-iconalign-left-spacing none tm-sbox-bgcolor-white tm-bgcolor-white tm-sbox-textcolor- tm-textcolor- tm-sbox-isize-lg tm-sbox-isize-lg tm-sbox-istyle-none vc_custom_1682674593211 tm-bgcolor-yes tm-sbox-heading-only\"><section class=\"tm-vc_cta3-container\"><div class=\"tm-vc_general tm-vc_cta3 tm-vc_cta3-align-left tm-vc_cta3-icon-size-lg tm-vc_cta3-icons-left tm-vc_cta3-actions-no\"><div class=\"tm-vc_cta3-icons tm-wrap-cell\"><div class=\"tm-vc_icon_element tm-vc_icon_element-outer tm-vc_icon_element-align-left \"><div class=\"tm-vc_icon_element-inner  tm-vc_icon_element-color-skincolor tm-vc_icon_element-size-lg tm-vc_icon_element-style-none tm-vc_icon_element-background-color-grey\" ><span class=\"tm-vc_icon_element-icon vc_li vc_li-world\" ><\/span><\/div><\/div><\/div><div class=\"tm-vc_cta3_content-container\"><div class=\"tm-vc_cta3-content\"><div class=\"tm-vc_cta3-content-header tm-wrap\"><div class=\"tm-vc_cta3-headers tm-wrap-cell\"><h2 class=\"tm-custom-heading \" >Alumetal Service<\/h2>\n<\/div><\/div><\/div><div class=\"tm-cta3-desc-btn-wrapper\"><div class=\"tm-cta3-description\"><div class=\"tm-cta3-content-wrapper\"><p>Wir haben ein Vertriebsnetz und eine Serviceorganisation in China und vielen anderen L\u00e4ndern aufgebaut<\/p><\/div><\/div><\/div><\/div><\/div><\/section><\/div>[\/vc_column][vc_column width=&#8220;1\/3&#8243;]<div class=\"tm-sbox tm-sbox-iconalign-left-spacing none tm-sbox-bgcolor-white tm-bgcolor-white tm-sbox-textcolor- tm-textcolor- tm-sbox-isize-lg tm-sbox-isize-lg tm-sbox-istyle-none vc_custom_1682674927317 tm-bgcolor-yes tm-sbox-heading-only\"><section class=\"tm-vc_cta3-container\"><div class=\"tm-vc_general tm-vc_cta3 tm-vc_cta3-align-left tm-vc_cta3-icon-size-lg tm-vc_cta3-icons-left tm-vc_cta3-actions-no\"><div class=\"tm-vc_cta3-icons tm-wrap-cell\"><div class=\"tm-vc_icon_element tm-vc_icon_element-outer tm-vc_icon_element-align-left \"><div class=\"tm-vc_icon_element-inner  tm-vc_icon_element-color-skincolor tm-vc_icon_element-size-lg tm-vc_icon_element-style-none tm-vc_icon_element-background-color-grey\" ><span class=\"tm-vc_icon_element-icon fa fa-thumbs-o-up\" ><\/span><\/div><\/div><\/div><div class=\"tm-vc_cta3_content-container\"><div class=\"tm-vc_cta3-content\"><div class=\"tm-vc_cta3-content-header tm-wrap\"><div class=\"tm-vc_cta3-headers tm-wrap-cell\"><h2 class=\"tm-custom-heading \" >Alumetal Quality<\/h2>\n<\/div><\/div><\/div><div class=\"tm-cta3-desc-btn-wrapper\"><div class=\"tm-cta3-description\"><div class=\"tm-cta3-content-wrapper\"><p>Wir haben die Qualit\u00e4ts- und Umweltzertifizierungen ISO 9001:2000 und ISO 14001:2004 bestanden.<\/p><\/div><\/div><\/div><\/div><\/div><\/section><\/div>[\/vc_column][\/vc_row][vc_row tm_bgcolor=&#8220;skincolor&#8220; tm_bgimagefixed=&#8220;&#8220; break_in_responsive=&#8220;991&#8243; full_width=&#8220;stretch_row&#8220; css=&#8220;.vc_custom_1550059090456{padding-top: 35px !important;padding-bottom: 65px !important;}&#8220; el_class=&#8220;tm-reset-content-center-991&#8243; tm_responsive_css=&#8220;82034059|colbreak_no|||||||||colbreak_no|||||||83px||colbreak_no||||||||||colbreak_no|||||||||&#8220;][vc_column width=&#8220;2\/3&#8243; css=&#8220;.vc_custom_1550138617472{padding-top: 7px !important;padding-right: 22px !important;}&#8220; tm_responsive_css=&#8220;96228052|colbreak_no|||||||||colbreak_no||||||15px|||colbreak_no||||||||||colbreak_no|||||||||&#8220;]<h2 style=\"text-align:right;font-size:25px;line-height:38px;font-family:'Abril Fatface',Arial,Helvetica;font-weight:400;\" class=\"tm-custom-heading \" >St\u00e4rken Sie noch heute Ihr Aluminium-Verbundplattenprojekt<\/h2>\n[\/vc_column][vc_column width=&#8220;1\/3&#8243; css=&#8220;.vc_custom_1550138602616{padding-left: 23px !important;}&#8220; tm_responsive_css=&#8220;13898235|colbreak_no|||||||||colbreak_no||||||||15px|colbreak_no||||||||||colbreak_no|||||||||&#8220;]\n\t\t<div class=\"tm-vc_btn3-container tm-vc_btn3-left\"><a class=\"tm-vc_general tm-vc_btn3 tm-vc_btn3-size-md tm-vc_btn3-shape-square tm-vc_btn3-style-outline tm-vc_btn3-weight-no tm-vc_btn3-color-white\" href=\"https:\/\/www.cnalumetal.com\/contact-us\/\" title=\"\">Kontaktiere uns<\/a><\/div>[\/vc_column][\/vc_row]<\/p>\n","protected":false},"excerpt":{"rendered":"<p>[vc_row tm_bgimagefixed=&#8220;&#8220; full_width=&#8220;stretch_row&#8220; css=&#8220;.vc_custom_1550138683203{padding-bottom: 15px !important;}&#8220; tm_responsive_css=&#8220;41477175|colbreak_no|||||||||colbreak_no|||||60px||||colbreak_no||||||||||colbreak_no|||||||||&#8220;][vc_column][\/vc_column][\/vc_row][vc_row tm_bgimagefixed=&#8220;&#8220; full_width=&#8220;stretch_row&#8220; css=&#8220;.vc_custom_1550138834634{padding-top: 0px !important;padding-bottom: 60px !important;}&#8220; tm_responsive_css=&#8220;10979502|colbreak_no|||||||||colbreak_no|||||||40px||colbreak_no|||||||20px|||colbreak_no|||||||||&#8220;][vc_column width=&#8220;1\/2&#8243;][vc_single_image image=&#8220;4463&#8243; img_size=&#8220;full&#8220; style=&#8220;vc_box_rounded&#8220;][vc_row_inner][vc_column_inner css=&#8220;.vc_custom_1549016098192{margin-top: -270px !important;}&#8220;][\/vc_column_inner][\/vc_row_inner][\/vc_column][vc_column width=&#8220;1\/2&#8243;][vc_tta_accordion style=&#8220;outline&#8220; color=&#8220;grey&#8220; gap=&#8220;15&#8243; c_position=&#8220;right&#8220; active_section=&#8220;1&#8243;][vc_tta_section title=&#8220;Bieten Sie Muster an?&#8220; tab_id=&#8220;1549004535827-b3afa67a-3a5e&#8220;][vc_column_text]Ja, Muster sind verf\u00fcgbar, wenn Sie an unserem Produkt interessiert sind[\/vc_column_text][\/vc_tta_section][vc_tta_section title=&#8220;Was ist Ihr Hauptprodukt?&#8220; tab_id=&#8220;1682328609383-cbc612f4-c6b4&#8243;][vc_column_text]Zu unseren Produkten geh\u00f6ren: Aluminium-Verbundplatten aus Polyester (PE), &hellip; <a href=\"https:\/\/www.cnalumetal.com\/de\/faq\" class=\"more-link\">Continue reading <span class=\"screen-reader-text\">FAQ<\/span><\/a><\/p>\n","protected":false},"author":1,"featured_media":0,"parent":0,"menu_order":16,"comment_status":"closed","ping_status":"closed","template":"","meta":{"footnotes":""},"class_list":["post-10868","page","type-page","status-publish","hentry"],"yoast_head":"<!-- This site is optimized with the Yoast SEO plugin v27.2 - https:\/\/yoast.com\/product\/yoast-seo-wordpress\/ -->\n<title>FAQ - Alumetal<\/title>\n<meta name=\"robots\" content=\"index, follow, max-snippet:-1, max-image-preview:large, max-video-preview:-1\" \/>\n<link rel=\"canonical\" href=\"https:\/\/www.cnalumetal.com\/de\/faq\" \/>\n<meta property=\"og:locale\" content=\"de_DE\" \/>\n<meta property=\"og:type\" content=\"article\" \/>\n<meta property=\"og:title\" content=\"FAQ - Alumetal\" \/>\n<meta property=\"og:description\" content=\"[vc_row tm_bgimagefixed=&#8220;&#8220; full_width=&#8220;stretch_row&#8220; css=&#8220;.vc_custom_1550138683203{padding-bottom: 15px !important;}&#8220; tm_responsive_css=&#8220;41477175|colbreak_no|||||||||colbreak_no|||||60px||||colbreak_no||||||||||colbreak_no|||||||||&#8220;][vc_column][\/vc_column][\/vc_row][vc_row tm_bgimagefixed=&#8220;&#8220; full_width=&#8220;stretch_row&#8220; css=&#8220;.vc_custom_1550138834634{padding-top: 0px !important;padding-bottom: 60px !important;}&#8220; tm_responsive_css=&#8220;10979502|colbreak_no|||||||||colbreak_no|||||||40px||colbreak_no|||||||20px|||colbreak_no|||||||||&#8220;][vc_column width=&#8220;1\/2&#8243;][vc_single_image image=&#8220;4463&#8243; img_size=&#8220;full&#8220; style=&#8220;vc_box_rounded&#8220;][vc_row_inner][vc_column_inner css=&#8220;.vc_custom_1549016098192{margin-top: -270px !important;}&#8220;][\/vc_column_inner][\/vc_row_inner][\/vc_column][vc_column width=&#8220;1\/2&#8243;][vc_tta_accordion style=&#8220;outline&#8220; color=&#8220;grey&#8220; gap=&#8220;15&#8243; c_position=&#8220;right&#8220; active_section=&#8220;1&#8243;][vc_tta_section title=&#8220;Bieten Sie Muster an?&#8220; tab_id=&#8220;1549004535827-b3afa67a-3a5e&#8220;][vc_column_text]Ja, Muster sind verf\u00fcgbar, wenn Sie an unserem Produkt interessiert sind[\/vc_column_text][\/vc_tta_section][vc_tta_section title=&#8220;Was ist Ihr Hauptprodukt?&#8220; tab_id=&#8220;1682328609383-cbc612f4-c6b4&#8243;][vc_column_text]Zu unseren Produkten geh\u00f6ren: Aluminium-Verbundplatten aus Polyester (PE), &hellip; Continue reading FAQ\" \/>\n<meta property=\"og:url\" content=\"https:\/\/www.cnalumetal.com\/de\/faq\" \/>\n<meta property=\"og:site_name\" content=\"Alumetal\" \/>\n<meta property=\"article:modified_time\" content=\"2023-09-11T02:16:04+00:00\" \/>\n<meta name=\"twitter:card\" content=\"summary_large_image\" \/>\n<meta name=\"twitter:label1\" content=\"Gesch\u00e4tzte Lesezeit\" \/>\n\t<meta name=\"twitter:data1\" content=\"4\u00a0Minuten\" \/>\n<script type=\"application\/ld+json\" class=\"yoast-schema-graph\">{\"@context\":\"https:\/\/schema.org\",\"@graph\":[{\"@type\":\"WebPage\",\"@id\":\"https:\/\/www.cnalumetal.com\/de\/faq\",\"url\":\"https:\/\/www.cnalumetal.com\/de\/faq\",\"name\":\"FAQ - Alumetal\",\"isPartOf\":{\"@id\":\"https:\/\/www.cnalumetal.com\/#website\"},\"datePublished\":\"2019-02-04T12:55:48+00:00\",\"dateModified\":\"2023-09-11T02:16:04+00:00\",\"breadcrumb\":{\"@id\":\"https:\/\/www.cnalumetal.com\/de\/faq#breadcrumb\"},\"inLanguage\":\"de\",\"potentialAction\":[{\"@type\":\"ReadAction\",\"target\":[\"https:\/\/www.cnalumetal.com\/de\/faq\"]}]},{\"@type\":\"BreadcrumbList\",\"@id\":\"https:\/\/www.cnalumetal.com\/de\/faq#breadcrumb\",\"itemListElement\":[{\"@type\":\"ListItem\",\"position\":1,\"name\":\"Home\",\"item\":\"https:\/\/www.cnalumetal.com\/de\/hersteller-von-aluminium-verbundplatten\"},{\"@type\":\"ListItem\",\"position\":2,\"name\":\"FAQ\"}]},{\"@type\":\"WebSite\",\"@id\":\"https:\/\/www.cnalumetal.com\/#website\",\"url\":\"https:\/\/www.cnalumetal.com\/\",\"name\":\"Alumetal\",\"description\":\"\",\"publisher\":{\"@id\":\"https:\/\/www.cnalumetal.com\/#organization\"},\"potentialAction\":[{\"@type\":\"SearchAction\",\"target\":{\"@type\":\"EntryPoint\",\"urlTemplate\":\"https:\/\/www.cnalumetal.com\/?s={search_term_string}\"},\"query-input\":{\"@type\":\"PropertyValueSpecification\",\"valueRequired\":true,\"valueName\":\"search_term_string\"}}],\"inLanguage\":\"de\"},{\"@type\":\"Organization\",\"@id\":\"https:\/\/www.cnalumetal.com\/#organization\",\"name\":\"Alumetal\",\"url\":\"https:\/\/www.cnalumetal.com\/\",\"logo\":{\"@type\":\"ImageObject\",\"inLanguage\":\"de\",\"@id\":\"https:\/\/www.cnalumetal.com\/#\/schema\/logo\/image\/\",\"url\":\"https:\/\/www.cnalumetal.com\/wp-content\/uploads\/2023\/05\/cropped-favicon.png\",\"contentUrl\":\"https:\/\/www.cnalumetal.com\/wp-content\/uploads\/2023\/05\/cropped-favicon.png\",\"width\":512,\"height\":512,\"caption\":\"Alumetal\"},\"image\":{\"@id\":\"https:\/\/www.cnalumetal.com\/#\/schema\/logo\/image\/\"}}]}<\/script>\n<!-- \/ Yoast SEO plugin. -->","yoast_head_json":{"title":"FAQ - Alumetal","robots":{"index":"index","follow":"follow","max-snippet":"max-snippet:-1","max-image-preview":"max-image-preview:large","max-video-preview":"max-video-preview:-1"},"canonical":"https:\/\/www.cnalumetal.com\/de\/faq","og_locale":"de_DE","og_type":"article","og_title":"FAQ - Alumetal","og_description":"[vc_row tm_bgimagefixed=&#8220;&#8220; full_width=&#8220;stretch_row&#8220; css=&#8220;.vc_custom_1550138683203{padding-bottom: 15px !important;}&#8220; tm_responsive_css=&#8220;41477175|colbreak_no|||||||||colbreak_no|||||60px||||colbreak_no||||||||||colbreak_no|||||||||&#8220;][vc_column][\/vc_column][\/vc_row][vc_row tm_bgimagefixed=&#8220;&#8220; full_width=&#8220;stretch_row&#8220; css=&#8220;.vc_custom_1550138834634{padding-top: 0px !important;padding-bottom: 60px !important;}&#8220; tm_responsive_css=&#8220;10979502|colbreak_no|||||||||colbreak_no|||||||40px||colbreak_no|||||||20px|||colbreak_no|||||||||&#8220;][vc_column width=&#8220;1\/2&#8243;][vc_single_image image=&#8220;4463&#8243; img_size=&#8220;full&#8220; style=&#8220;vc_box_rounded&#8220;][vc_row_inner][vc_column_inner css=&#8220;.vc_custom_1549016098192{margin-top: -270px !important;}&#8220;][\/vc_column_inner][\/vc_row_inner][\/vc_column][vc_column width=&#8220;1\/2&#8243;][vc_tta_accordion style=&#8220;outline&#8220; color=&#8220;grey&#8220; gap=&#8220;15&#8243; c_position=&#8220;right&#8220; active_section=&#8220;1&#8243;][vc_tta_section title=&#8220;Bieten Sie Muster an?&#8220; tab_id=&#8220;1549004535827-b3afa67a-3a5e&#8220;][vc_column_text]Ja, Muster sind verf\u00fcgbar, wenn Sie an unserem Produkt interessiert sind[\/vc_column_text][\/vc_tta_section][vc_tta_section title=&#8220;Was ist Ihr Hauptprodukt?&#8220; tab_id=&#8220;1682328609383-cbc612f4-c6b4&#8243;][vc_column_text]Zu unseren Produkten geh\u00f6ren: Aluminium-Verbundplatten aus Polyester (PE), &hellip; Continue reading FAQ","og_url":"https:\/\/www.cnalumetal.com\/de\/faq","og_site_name":"Alumetal","article_modified_time":"2023-09-11T02:16:04+00:00","twitter_card":"summary_large_image","twitter_misc":{"Gesch\u00e4tzte Lesezeit":"4\u00a0Minuten"},"schema":{"@context":"https:\/\/schema.org","@graph":[{"@type":"WebPage","@id":"https:\/\/www.cnalumetal.com\/de\/faq","url":"https:\/\/www.cnalumetal.com\/de\/faq","name":"FAQ - Alumetal","isPartOf":{"@id":"https:\/\/www.cnalumetal.com\/#website"},"datePublished":"2019-02-04T12:55:48+00:00","dateModified":"2023-09-11T02:16:04+00:00","breadcrumb":{"@id":"https:\/\/www.cnalumetal.com\/de\/faq#breadcrumb"},"inLanguage":"de","potentialAction":[{"@type":"ReadAction","target":["https:\/\/www.cnalumetal.com\/de\/faq"]}]},{"@type":"BreadcrumbList","@id":"https:\/\/www.cnalumetal.com\/de\/faq#breadcrumb","itemListElement":[{"@type":"ListItem","position":1,"name":"Home","item":"https:\/\/www.cnalumetal.com\/de\/hersteller-von-aluminium-verbundplatten"},{"@type":"ListItem","position":2,"name":"FAQ"}]},{"@type":"WebSite","@id":"https:\/\/www.cnalumetal.com\/#website","url":"https:\/\/www.cnalumetal.com\/","name":"Alumetal","description":"","publisher":{"@id":"https:\/\/www.cnalumetal.com\/#organization"},"potentialAction":[{"@type":"SearchAction","target":{"@type":"EntryPoint","urlTemplate":"https:\/\/www.cnalumetal.com\/?s={search_term_string}"},"query-input":{"@type":"PropertyValueSpecification","valueRequired":true,"valueName":"search_term_string"}}],"inLanguage":"de"},{"@type":"Organization","@id":"https:\/\/www.cnalumetal.com\/#organization","name":"Alumetal","url":"https:\/\/www.cnalumetal.com\/","logo":{"@type":"ImageObject","inLanguage":"de","@id":"https:\/\/www.cnalumetal.com\/#\/schema\/logo\/image\/","url":"https:\/\/www.cnalumetal.com\/wp-content\/uploads\/2023\/05\/cropped-favicon.png","contentUrl":"https:\/\/www.cnalumetal.com\/wp-content\/uploads\/2023\/05\/cropped-favicon.png","width":512,"height":512,"caption":"Alumetal"},"image":{"@id":"https:\/\/www.cnalumetal.com\/#\/schema\/logo\/image\/"}}]}},"_links":{"self":[{"href":"https:\/\/www.cnalumetal.com\/de\/wp-json\/wp\/v2\/pages\/10868","targetHints":{"allow":["GET"]}}],"collection":[{"href":"https:\/\/www.cnalumetal.com\/de\/wp-json\/wp\/v2\/pages"}],"about":[{"href":"https:\/\/www.cnalumetal.com\/de\/wp-json\/wp\/v2\/types\/page"}],"author":[{"embeddable":true,"href":"https:\/\/www.cnalumetal.com\/de\/wp-json\/wp\/v2\/users\/1"}],"replies":[{"embeddable":true,"href":"https:\/\/www.cnalumetal.com\/de\/wp-json\/wp\/v2\/comments?post=10868"}],"version-history":[{"count":2,"href":"https:\/\/www.cnalumetal.com\/de\/wp-json\/wp\/v2\/pages\/10868\/revisions"}],"predecessor-version":[{"id":10870,"href":"https:\/\/www.cnalumetal.com\/de\/wp-json\/wp\/v2\/pages\/10868\/revisions\/10870"}],"wp:attachment":[{"href":"https:\/\/www.cnalumetal.com\/de\/wp-json\/wp\/v2\/media?parent=10868"}],"curies":[{"name":"wp","href":"https:\/\/api.w.org\/{rel}","templated":true}]}}