{"id":10863,"date":"2019-02-04T08:25:14","date_gmt":"2019-02-04T08:25:14","guid":{"rendered":"https:\/\/www.cnalumetal.com\/kontaktiere-uns"},"modified":"2024-06-18T01:51:15","modified_gmt":"2024-06-18T01:51:15","slug":"kontaktiere-uns","status":"publish","type":"page","link":"https:\/\/www.cnalumetal.com\/de\/kontaktiere-uns","title":{"rendered":"Kontaktiere uns"},"content":{"rendered":"<p>[vc_row tm_bgimagefixed=&#8220;&#8220; full_width=&#8220;stretch_row&#8220; css=&#8220;.vc_custom_1550063964251{padding-top: 65px !important;padding-bottom: 155px !important;}&#8220; tm_responsive_css=&#8220;55639100|colbreak_no|||||||||colbreak_no|||||25px||115px||colbreak_no||||||||||colbreak_no|||||||||&#8220;][vc_column width=&#8220;7\/12&#8243; css=&#8220;.vc_custom_1550064056914{padding-right: 60px !important;}&#8220; tm_responsive_css=&#8220;63016091|colbreak_no|||||||||colbreak_no|||||||||colbreak_no||||||15px|40px|||colbreak_no|||||||||&#8220;]<div class=\"tm-element-heading-wrapper tm-heading-inner tm-element-align-left tm-seperator-solid tm-heading-style-vertical \"><section class=\"tm-vc_cta3-container\"><div class=\"tm-vc_general tm-vc_cta3 tm-cta3-only tm-vc_cta3-style-classic tm-vc_cta3-shape-rounded tm-vc_cta3-align-left tm-vc_cta3-color-transparent tm-vc_cta3-icon-size-md tm-vc_cta3-actions-no tm-cta3-with-desc\"><div class=\"tm-vc_cta3_content-container\"><div class=\"tm-vc_cta3-content\"><header class=\"tm-vc_cta3-content-header tm-wrap\"><div class=\"tm-vc_cta3-headers tm-wrap-cell\"><h4 class=\"tm-custom-heading \" >Get In Touch<\/h4>\n<h2 class=\"tm-custom-heading \" >Contact Form<\/h2>\n<\/div><\/header><div class=\"tm-cta3-content-wrapper\"><p>We have a professional R&amp;D team in the field to provide products with the best quality and high stability.<\/p><\/div><\/div><\/div><\/div><\/section><\/div> <!-- .tm-element-heading-wrapper container --> [vc_row_inner][vc_column_inner]\n<div class=\"wpcf7 no-js\" id=\"wpcf7-f577-o1\" lang=\"en-US\" dir=\"ltr\" data-wpcf7-id=\"577\">\n<div class=\"screen-reader-response\"><p role=\"status\" aria-live=\"polite\" aria-atomic=\"true\"><\/p> <ul><\/ul><\/div>\n<form action=\"\/de\/wp-json\/wp\/v2\/pages\/10863#wpcf7-f577-o1\" method=\"post\" class=\"wpcf7-form init\" aria-label=\"Contact form\" enctype=\"multipart\/form-data\" novalidate=\"novalidate\" data-status=\"init\">\n<fieldset class=\"hidden-fields-container\"><input type=\"hidden\" name=\"_wpcf7\" value=\"577\" \/><input type=\"hidden\" name=\"_wpcf7_version\" value=\"6.1.5\" \/><input type=\"hidden\" name=\"_wpcf7_locale\" value=\"en_US\" \/><input type=\"hidden\" name=\"_wpcf7_unit_tag\" value=\"wpcf7-f577-o1\" \/><input type=\"hidden\" name=\"_wpcf7_container_post\" value=\"0\" \/><input type=\"hidden\" name=\"_wpcf7_posted_data_hash\" value=\"\" \/><input type=\"hidden\" name=\"_wpcf7_recaptcha_response\" value=\"\" \/>\n<\/fieldset>\n<div class=\"tm-commonform contactform-1\">\n\t<div class=\"row\">\n\t\t<div class=\"col-md-6\">\n\t\t\t<div class=\"field-group\">\n\t\t\t\t<p><i class=\"tm-skincolor ti-user\"><\/i><span class=\"wpcf7-form-control-wrap\" data-name=\"your-name\"><input size=\"40\" maxlength=\"400\" class=\"wpcf7-form-control wpcf7-text wpcf7-validates-as-required\" aria-required=\"true\" aria-invalid=\"false\" placeholder=\"Your Name*\" value=\"\" type=\"text\" name=\"your-name\" \/><\/span>\n\t\t\t\t<\/p>\n\t\t\t<\/div>\n\t\t<\/div>\n\t\t<div class=\"col-md-6\">\n\t\t\t<div class=\"field-group\">\n\t\t\t\t<p><i class=\"tm-skincolor ti-mobile\"><\/i><span class=\"wpcf7-form-control-wrap\" data-name=\"your-phone\"><input size=\"40\" maxlength=\"400\" class=\"wpcf7-form-control wpcf7-text\" aria-invalid=\"false\" placeholder=\"Phone Number\" value=\"\" type=\"text\" name=\"your-phone\" \/><\/span>\n\t\t\t\t<\/p>\n\t\t\t<\/div>\n\t\t<\/div>\n\t<\/div>\n\t<div class=\"row\">\n\t\t<div class=\"col-md-6\">\n\t\t\t<div class=\"field-group\">\n\t\t\t\t<p><i class=\"tm-skincolor ti-email\"><\/i><span class=\"wpcf7-form-control-wrap\" data-name=\"your-email\"><input size=\"40\" maxlength=\"400\" class=\"wpcf7-form-control wpcf7-email wpcf7-validates-as-required wpcf7-text wpcf7-validates-as-email\" aria-required=\"true\" aria-invalid=\"false\" placeholder=\"Email*\" value=\"\" type=\"email\" name=\"your-email\" \/><\/span>\n\t\t\t\t<\/p>\n\t\t\t<\/div>\n\t\t<\/div>\n\t\t<div class=\"col-md-6\">\n\t\t\t<div class=\"field-group\">\n\t\t\t\t<p><i class=\"tm-skincolor ti-location-pin\"><\/i><span class=\"wpcf7-form-control-wrap\" data-name=\"your-venue\"><input size=\"40\" maxlength=\"400\" class=\"wpcf7-form-control wpcf7-text wpcf7-validates-as-required\" aria-required=\"true\" aria-invalid=\"false\" placeholder=\"Country*\" value=\"\" type=\"text\" name=\"your-venue\" \/><\/span>\n\t\t\t\t<\/p>\n\t\t\t<\/div>\n\t\t<\/div>\n\t<\/div>\n\t<div class=\"row\">\n\t\t<div class=\"col-md-12\">\n\t\t\t<div class=\"field-group\">\n\t\t\t\t<p><i class=\"tm-skincolor ti-comment\"><\/i><span class=\"wpcf7-form-control-wrap\" data-name=\"your-message\"><textarea cols=\"40\" rows=\"1\" maxlength=\"2000\" class=\"wpcf7-form-control wpcf7-textarea wpcf7-validates-as-required\" aria-required=\"true\" aria-invalid=\"false\" placeholder=\"Message*\" name=\"your-message\"><\/textarea><\/span>\n\t\t\t\t<\/p>\n\t\t\t<\/div>\n\t\t<\/div>\n\t<\/div>\n\t<div class=\"row\">\n\t\t<div class=\"col-md-12\">\n\t\t\t<div class=\"field-group\">\n\t\t\t\t<p><span class=\"wpcf7-form-control-wrap\" data-name=\"ChooseFile\"><input size=\"40\" class=\"wpcf7-form-control wpcf7-file\" accept=\".dwg,.jpg,.jpeg,.png,.gif,.pdf,.doc,.docx,.ppt,.pptx,.odt,.avi,.ogg,.m4a,.mov,.mp3,.mp4,.mpg,.wav,.wmv,.txt,.zip,.rar\" aria-invalid=\"false\" type=\"file\" name=\"ChooseFile\" \/><\/span>\n\t\t\t\t<\/p>\n\t\t\t<\/div>\n\t\t<\/div>\n\t<\/div>\n\t<div>\n\t\t<p><input class=\"wpcf7-form-control wpcf7-submit has-spinner tm-vc_general tm-vc_btn3 tm-vc_btn3-shape-square tm-vc_btn3-color-black tm-vc_btn3-style-outline\" type=\"submit\" value=\"SUBMIT\" \/>\n\t\t<div class=\"wpcf7-response-output\" aria-hidden=\"true\"><\/div>\n\t<\/div>\n<\/div>\n<\/form>\n<\/div>\n[\/vc_column_inner][\/vc_row_inner][\/vc_column][vc_column tm_bgcolor=&#8220;white&#8220; tm_shadow=&#8220;yes&#8220; width=&#8220;5\/12&#8243; el_class=&#8220;tm-rounded-shadow-box&#8220;][vc_row_inner css=&#8220;.vc_custom_1550064129482{padding-top: 40px !important;padding-right: 50px !important;padding-bottom: 20px !important;padding-left: 50px !important;}&#8220; tm_responsive_css=&#8220;77368950|colbreak_no|||||||||colbreak_no|||||||||colbreak_no|||||25px|20px|5px|20px||colbreak_no|||||||||&#8220;][vc_column_inner]<h4 style=\"text-align:left;\" class=\"tm-custom-heading \" >Contact Info<\/h4>\n<ul class=\"boldman_contact_widget_wrapper themetechmount_vc_contact_wrapper\"><li class=\"themetechmount-contact-address  tm-boldman-icon-location-pin\">Address : Room 1307\/1308,No.458 Fushan Road,Pudong,Shanghai,China<\/p>\n<p>Factory Address : 18 Mile Industrial Park, Nanhu District, Jiaxing City, Zhejiang, China<\/li><li class=\"themetechmount-contact-phonenumber tm-boldman-icon-mobile\">0086-21-68406009<\/li><li class=\"themetechmount-contact-email tm-boldman-icon-comment-1\"><a href=\"mailto:info@cnalumetal.com\">info@cnalumetal.com<\/a><\/li><li class=\"themetechmount-contact-website tm-boldman-icon-world\"><a href=\"https:\/\/www.cnalumetal.com\/\">https:\/\/www.cnalumetal.com\/<\/a><\/li><\/ul>[vc_column_text css=&#8220;.vc_custom_1550057559191{padding-top: 7px !important;}&#8220;]<div class=\"themetechmount-social-links-wrapper\"><ul class=\"social-icons\"><li class=\"tm-social-facebook\"><a class=\" tooltip-top\" target=\"_blank\" href=\"https:\/\/www.facebook.com\/alumetalofficial\" data-tooltip=\"Facebook\"><i class=\"tm-boldman-icon-facebook\"><\/i><\/a><\/li>\n<li class=\"tm-social-youtube\"><a class=\" tooltip-top\" target=\"_blank\" href=\"https:\/\/www.youtube.com\/@AlumetalAluminumCompositePanel\" data-tooltip=\"YouTube\"><i class=\"tm-boldman-icon-youtube\"><\/i><\/a><\/li>\n<li class=\"tm-social-twitter\"><a class=\" tooltip-top\" target=\"_blank\" href=\"\" data-tooltip=\"Twitter\"><i class=\"tm-boldman-icon-twitter\"><\/i><\/a><\/li>\n<li class=\"tm-social-linkedin\"><a class=\" tooltip-top\" target=\"_blank\" href=\"\" data-tooltip=\"LinkedIn\"><i class=\"tm-boldman-icon-linkedin\"><\/i><\/a><\/li>\n<li class=\"tm-social-gplus\"><a class=\" tooltip-top\" target=\"_blank\" href=\"\" data-tooltip=\"Google+\"><i class=\"tm-boldman-icon-gplus\"><\/i><\/a><\/li>\n<\/ul><\/div>[\/vc_column_text][\/vc_column_inner][\/vc_row_inner][\/vc_column][\/vc_row]<\/p>\n","protected":false},"excerpt":{"rendered":"<p>[vc_row tm_bgimagefixed=&#8220;&#8220; full_width=&#8220;stretch_row&#8220; css=&#8220;.vc_custom_1550063964251{padding-top: 65px !important;padding-bottom: 155px !important;}&#8220; tm_responsive_css=&#8220;55639100|colbreak_no|||||||||colbreak_no|||||25px||115px||colbreak_no||||||||||colbreak_no|||||||||&#8220;][vc_column width=&#8220;7\/12&#8243; css=&#8220;.vc_custom_1550064056914{padding-right: 60px !important;}&#8220; tm_responsive_css=&#8220;63016091|colbreak_no|||||||||colbreak_no|||||||||colbreak_no||||||15px|40px|||colbreak_no|||||||||&#8220;][vc_row_inner][vc_column_inner][\/vc_column_inner][\/vc_row_inner][\/vc_column][vc_column tm_bgcolor=&#8220;white&#8220; tm_shadow=&#8220;yes&#8220; width=&#8220;5\/12&#8243; el_class=&#8220;tm-rounded-shadow-box&#8220;][vc_row_inner css=&#8220;.vc_custom_1550064129482{padding-top: 40px !important;padding-right: 50px !important;padding-bottom: 20px !important;padding-left: 50px !important;}&#8220; tm_responsive_css=&#8220;77368950|colbreak_no|||||||||colbreak_no|||||||||colbreak_no|||||25px|20px|5px|20px||colbreak_no|||||||||&#8220;][vc_column_inner][vc_column_text css=&#8220;.vc_custom_1550057559191{padding-top: 7px !important;}&#8220;][\/vc_column_text][\/vc_column_inner][\/vc_row_inner][\/vc_column][\/vc_row]<\/p>\n","protected":false},"author":1,"featured_media":0,"parent":0,"menu_order":13,"comment_status":"closed","ping_status":"closed","template":"","meta":{"footnotes":""},"class_list":["post-10863","page","type-page","status-publish","hentry"],"yoast_head":"<!-- This site is optimized with the Yoast SEO plugin v27.2 - https:\/\/yoast.com\/product\/yoast-seo-wordpress\/ -->\n<title>Kontaktiere uns - Lieferant von Aluminium-Verbundplatten - Alumetal<\/title>\n<meta name=\"description\" content=\"Kontaktieren Sie uns f\u00fcr Anfragen zu Aluminium-Verbundplatten. Sie k\u00f6nnen uns per Telefon, E-Mail oder durch einen Besuch unserer Fabrik und unseres B\u00fcros in China erreichen.\" \/>\n<meta name=\"robots\" content=\"index, follow, max-snippet:-1, max-image-preview:large, max-video-preview:-1\" \/>\n<link rel=\"canonical\" href=\"https:\/\/www.cnalumetal.com\/de\/kontaktiere-uns\" \/>\n<meta property=\"og:locale\" content=\"de_DE\" \/>\n<meta property=\"og:type\" content=\"article\" \/>\n<meta property=\"og:title\" content=\"Kontaktiere uns - Lieferant von Aluminium-Verbundplatten - Alumetal\" \/>\n<meta property=\"og:description\" content=\"Kontaktieren Sie uns f\u00fcr Anfragen zu Aluminium-Verbundplatten. Sie k\u00f6nnen uns per Telefon, E-Mail oder durch einen Besuch unserer Fabrik und unseres B\u00fcros in China erreichen.\" \/>\n<meta property=\"og:url\" content=\"https:\/\/www.cnalumetal.com\/de\/kontaktiere-uns\" \/>\n<meta property=\"og:site_name\" content=\"Alumetal\" \/>\n<meta property=\"article:modified_time\" content=\"2024-06-18T01:51:15+00:00\" \/>\n<meta name=\"twitter:card\" content=\"summary_large_image\" \/>\n<meta name=\"twitter:label1\" content=\"Gesch\u00e4tzte Lesezeit\" \/>\n\t<meta name=\"twitter:data1\" content=\"1\u00a0Minute\" \/>\n<script type=\"application\/ld+json\" class=\"yoast-schema-graph\">{\"@context\":\"https:\/\/schema.org\",\"@graph\":[{\"@type\":\"WebPage\",\"@id\":\"https:\/\/www.cnalumetal.com\/de\/kontaktiere-uns\",\"url\":\"https:\/\/www.cnalumetal.com\/de\/kontaktiere-uns\",\"name\":\"Kontaktiere uns - Lieferant von Aluminium-Verbundplatten - Alumetal\",\"isPartOf\":{\"@id\":\"https:\/\/www.cnalumetal.com\/#website\"},\"datePublished\":\"2019-02-04T08:25:14+00:00\",\"dateModified\":\"2024-06-18T01:51:15+00:00\",\"description\":\"Kontaktieren Sie uns f\u00fcr Anfragen zu Aluminium-Verbundplatten. Sie k\u00f6nnen uns per Telefon, E-Mail oder durch einen Besuch unserer Fabrik und unseres B\u00fcros in China erreichen.\",\"breadcrumb\":{\"@id\":\"https:\/\/www.cnalumetal.com\/de\/kontaktiere-uns#breadcrumb\"},\"inLanguage\":\"de\",\"potentialAction\":[{\"@type\":\"ReadAction\",\"target\":[\"https:\/\/www.cnalumetal.com\/de\/kontaktiere-uns\"]}]},{\"@type\":\"BreadcrumbList\",\"@id\":\"https:\/\/www.cnalumetal.com\/de\/kontaktiere-uns#breadcrumb\",\"itemListElement\":[{\"@type\":\"ListItem\",\"position\":1,\"name\":\"Home\",\"item\":\"https:\/\/www.cnalumetal.com\/de\/hersteller-von-aluminium-verbundplatten\"},{\"@type\":\"ListItem\",\"position\":2,\"name\":\"Kontaktiere uns\"}]},{\"@type\":\"WebSite\",\"@id\":\"https:\/\/www.cnalumetal.com\/#website\",\"url\":\"https:\/\/www.cnalumetal.com\/\",\"name\":\"Alumetal\",\"description\":\"\",\"publisher\":{\"@id\":\"https:\/\/www.cnalumetal.com\/#organization\"},\"potentialAction\":[{\"@type\":\"SearchAction\",\"target\":{\"@type\":\"EntryPoint\",\"urlTemplate\":\"https:\/\/www.cnalumetal.com\/?s={search_term_string}\"},\"query-input\":{\"@type\":\"PropertyValueSpecification\",\"valueRequired\":true,\"valueName\":\"search_term_string\"}}],\"inLanguage\":\"de\"},{\"@type\":\"Organization\",\"@id\":\"https:\/\/www.cnalumetal.com\/#organization\",\"name\":\"Alumetal\",\"url\":\"https:\/\/www.cnalumetal.com\/\",\"logo\":{\"@type\":\"ImageObject\",\"inLanguage\":\"de\",\"@id\":\"https:\/\/www.cnalumetal.com\/#\/schema\/logo\/image\/\",\"url\":\"https:\/\/www.cnalumetal.com\/wp-content\/uploads\/2023\/05\/cropped-favicon.png\",\"contentUrl\":\"https:\/\/www.cnalumetal.com\/wp-content\/uploads\/2023\/05\/cropped-favicon.png\",\"width\":512,\"height\":512,\"caption\":\"Alumetal\"},\"image\":{\"@id\":\"https:\/\/www.cnalumetal.com\/#\/schema\/logo\/image\/\"}}]}<\/script>\n<!-- \/ Yoast SEO plugin. -->","yoast_head_json":{"title":"Kontaktiere uns - Lieferant von Aluminium-Verbundplatten - Alumetal","description":"Kontaktieren Sie uns f\u00fcr Anfragen zu Aluminium-Verbundplatten. Sie k\u00f6nnen uns per Telefon, E-Mail oder durch einen Besuch unserer Fabrik und unseres B\u00fcros in China erreichen.","robots":{"index":"index","follow":"follow","max-snippet":"max-snippet:-1","max-image-preview":"max-image-preview:large","max-video-preview":"max-video-preview:-1"},"canonical":"https:\/\/www.cnalumetal.com\/de\/kontaktiere-uns","og_locale":"de_DE","og_type":"article","og_title":"Kontaktiere uns - Lieferant von Aluminium-Verbundplatten - Alumetal","og_description":"Kontaktieren Sie uns f\u00fcr Anfragen zu Aluminium-Verbundplatten. Sie k\u00f6nnen uns per Telefon, E-Mail oder durch einen Besuch unserer Fabrik und unseres B\u00fcros in China erreichen.","og_url":"https:\/\/www.cnalumetal.com\/de\/kontaktiere-uns","og_site_name":"Alumetal","article_modified_time":"2024-06-18T01:51:15+00:00","twitter_card":"summary_large_image","twitter_misc":{"Gesch\u00e4tzte Lesezeit":"1\u00a0Minute"},"schema":{"@context":"https:\/\/schema.org","@graph":[{"@type":"WebPage","@id":"https:\/\/www.cnalumetal.com\/de\/kontaktiere-uns","url":"https:\/\/www.cnalumetal.com\/de\/kontaktiere-uns","name":"Kontaktiere uns - Lieferant von Aluminium-Verbundplatten - Alumetal","isPartOf":{"@id":"https:\/\/www.cnalumetal.com\/#website"},"datePublished":"2019-02-04T08:25:14+00:00","dateModified":"2024-06-18T01:51:15+00:00","description":"Kontaktieren Sie uns f\u00fcr Anfragen zu Aluminium-Verbundplatten. Sie k\u00f6nnen uns per Telefon, E-Mail oder durch einen Besuch unserer Fabrik und unseres B\u00fcros in China erreichen.","breadcrumb":{"@id":"https:\/\/www.cnalumetal.com\/de\/kontaktiere-uns#breadcrumb"},"inLanguage":"de","potentialAction":[{"@type":"ReadAction","target":["https:\/\/www.cnalumetal.com\/de\/kontaktiere-uns"]}]},{"@type":"BreadcrumbList","@id":"https:\/\/www.cnalumetal.com\/de\/kontaktiere-uns#breadcrumb","itemListElement":[{"@type":"ListItem","position":1,"name":"Home","item":"https:\/\/www.cnalumetal.com\/de\/hersteller-von-aluminium-verbundplatten"},{"@type":"ListItem","position":2,"name":"Kontaktiere uns"}]},{"@type":"WebSite","@id":"https:\/\/www.cnalumetal.com\/#website","url":"https:\/\/www.cnalumetal.com\/","name":"Alumetal","description":"","publisher":{"@id":"https:\/\/www.cnalumetal.com\/#organization"},"potentialAction":[{"@type":"SearchAction","target":{"@type":"EntryPoint","urlTemplate":"https:\/\/www.cnalumetal.com\/?s={search_term_string}"},"query-input":{"@type":"PropertyValueSpecification","valueRequired":true,"valueName":"search_term_string"}}],"inLanguage":"de"},{"@type":"Organization","@id":"https:\/\/www.cnalumetal.com\/#organization","name":"Alumetal","url":"https:\/\/www.cnalumetal.com\/","logo":{"@type":"ImageObject","inLanguage":"de","@id":"https:\/\/www.cnalumetal.com\/#\/schema\/logo\/image\/","url":"https:\/\/www.cnalumetal.com\/wp-content\/uploads\/2023\/05\/cropped-favicon.png","contentUrl":"https:\/\/www.cnalumetal.com\/wp-content\/uploads\/2023\/05\/cropped-favicon.png","width":512,"height":512,"caption":"Alumetal"},"image":{"@id":"https:\/\/www.cnalumetal.com\/#\/schema\/logo\/image\/"}}]}},"_links":{"self":[{"href":"https:\/\/www.cnalumetal.com\/de\/wp-json\/wp\/v2\/pages\/10863","targetHints":{"allow":["GET"]}}],"collection":[{"href":"https:\/\/www.cnalumetal.com\/de\/wp-json\/wp\/v2\/pages"}],"about":[{"href":"https:\/\/www.cnalumetal.com\/de\/wp-json\/wp\/v2\/types\/page"}],"author":[{"embeddable":true,"href":"https:\/\/www.cnalumetal.com\/de\/wp-json\/wp\/v2\/users\/1"}],"replies":[{"embeddable":true,"href":"https:\/\/www.cnalumetal.com\/de\/wp-json\/wp\/v2\/comments?post=10863"}],"version-history":[{"count":4,"href":"https:\/\/www.cnalumetal.com\/de\/wp-json\/wp\/v2\/pages\/10863\/revisions"}],"predecessor-version":[{"id":12594,"href":"https:\/\/www.cnalumetal.com\/de\/wp-json\/wp\/v2\/pages\/10863\/revisions\/12594"}],"wp:attachment":[{"href":"https:\/\/www.cnalumetal.com\/de\/wp-json\/wp\/v2\/media?parent=10863"}],"curies":[{"name":"wp","href":"https:\/\/api.w.org\/{rel}","templated":true}]}}