{"id":10861,"date":"2019-02-02T04:30:18","date_gmt":"2019-02-02T04:30:18","guid":{"rendered":"https:\/\/www.cnalumetal.com\/produkte"},"modified":"2023-09-11T02:07:32","modified_gmt":"2023-09-11T02:07:32","slug":"produkte","status":"publish","type":"page","link":"https:\/\/www.cnalumetal.com\/de\/produkte","title":{"rendered":"Produkte"},"content":{"rendered":"<p>[vc_row][vc_column]<div class=\"themetechmount-boxes themetechmount-boxes-service themetechmount-boxes-view-default themetechmount-boxes-col-three themetechmount-boxes-sortable-no themetechmount-boxes-textalign-center tm-cta3-rev-heading\">\n\t\t<div class=\"themetechmount-boxes-inner themetechmount-boxes-service-inner \"><div class=\"themetechmount-box-heading-wrapper tm-element-align-center\"><div class=\"tm-element-heading-wrapper tm-heading-inner tm-element-align-center tm-seperator-solid tm-heading-style-vertical \"><section class=\"tm-vc_cta3-container\"><div class=\"tm-vc_general tm-vc_cta3 tm-cta3-only tm-vc_cta3-style-classic tm-vc_cta3-shape-rounded tm-vc_cta3-align-center tm-vc_cta3-color-transparent tm-vc_cta3-icon-size-md tm-vc_cta3-actions-no tm-cta3-without-desc\"><div class=\"tm-vc_cta3_content-container\"><div class=\"tm-vc_cta3-content\"><header class=\"tm-vc_cta3-content-header tm-wrap\"><div class=\"tm-vc_cta3-headers tm-wrap-cell\"><h4 class=\"tm-custom-heading \" >Alumetal<\/h4>\n<h2 class=\"tm-custom-heading \" >Our Products<\/h2>\n<\/div><\/header><\/div><\/div><\/div><\/section><\/div> <!-- .tm-element-heading-wrapper container --> <\/div> <!-- .tm-element-heading-wrapper container --> \n\t\t\t\n\t\t\t<div class=\"row multi-columns-row themetechmount-boxes-row-wrapper\">\n\t\t\t\t<div class=\"tm-box-col-wrapper col-lg-4 col-sm-6 col-md-4 col-xs-12 aluminium-verbundplatte\"><article class=\"themetechmount-box themetechmount-box-service themetechmount-box-view-top-image themetechmount-service-box-view-top-image \">\r\n\t<div class=\"themetechmount-post-item\">\t\r\n\t\t<div class=\"themetechmount-post-item-inner\">\r\n\t\t\t<div class=\"tm-featured-wrapper tm-tm_service-featured-wrapper\"><a href=\"https:\/\/www.cnalumetal.com\/de\/products\/pvdf-aluminium-verbundplatte\"><img loading=\"lazy\" decoding=\"async\" width=\"654\" height=\"494\" src=\"https:\/\/www.cnalumetal.com\/wp-content\/uploads\/2023\/04\/pvdf-aluminum-composite-panel-654x494.jpg\" class=\"attachment-themetechmount-img-blog-top size-themetechmount-img-blog-top wp-post-image\" alt=\"\" data-id=\"10579\" \/><\/a><\/div>\t\t<\/div>\t\t\r\n\t\t<div class=\"themetechmount-box-bottom-content\">\t\t\r\n\t\t\t<div class=\"themetechmount-box-title\"><h4><a href=\"https:\/\/www.cnalumetal.com\/de\/products\/pvdf-aluminium-verbundplatte\">PVDF-Aluminium-Verbundplatte<\/a><\/h4><\/div>\t\t\t<div class=\"themetechmount-box-desc\">\r\n\t\t\t\t\t\t\t\t<div class=\"tm-short-desc\">\r\n\t\t\t\t\tAlumetal 2\u20136 mm dicke ACM-Aluminium-Verbundplatte\t\t\t\t<\/div>\r\n\t\t\t\t\t\t<\/div> \r\n\t\t\t<div class=\"themetechmount-serviceboxbox-readmore\">\r\n\t\t\t\t<a href=\"https:\/\/www.cnalumetal.com\/de\/products\/pvdf-aluminium-verbundplatte\">LEARN MORE<\/a>\t\t\t<\/div>\r\n\t\t<\/div>\r\n\t<\/div>\r\n<\/article><\/div><div class=\"tm-box-col-wrapper col-lg-4 col-sm-6 col-md-4 col-xs-12 wabenplatte\"><article class=\"themetechmount-box themetechmount-box-service themetechmount-box-view-top-image themetechmount-service-box-view-top-image \">\r\n\t<div class=\"themetechmount-post-item\">\t\r\n\t\t<div class=\"themetechmount-post-item-inner\">\r\n\t\t\t<div class=\"tm-featured-wrapper tm-tm_service-featured-wrapper\"><a href=\"https:\/\/www.cnalumetal.com\/de\/products\/aluminium-wabenplatte\"><img loading=\"lazy\" decoding=\"async\" width=\"654\" height=\"494\" src=\"https:\/\/www.cnalumetal.com\/wp-content\/uploads\/2019\/02\/01-2-654x494.jpg\" class=\"attachment-themetechmount-img-blog-top size-themetechmount-img-blog-top wp-post-image\" alt=\"\" data-id=\"10593\" \/><\/a><\/div>\t\t<\/div>\t\t\r\n\t\t<div class=\"themetechmount-box-bottom-content\">\t\t\r\n\t\t\t<div class=\"themetechmount-box-title\"><h4><a href=\"https:\/\/www.cnalumetal.com\/de\/products\/aluminium-wabenplatte\">Aluminium-Wabenplatte<\/a><\/h4><\/div>\t\t\t<div class=\"themetechmount-box-desc\">\r\n\t\t\t\t\t\t\t\t<div class=\"tm-short-desc\">\r\n\t\t\t\t\tAnwendungen wie Au\u00dfen- und Innenwandverkleidungen, Decken, D\u00e4cher, Trennw\u00e4nde, T\u00fcren und M\u00f6bel.\t\t\t\t<\/div>\r\n\t\t\t\t\t\t<\/div> \r\n\t\t\t<div class=\"themetechmount-serviceboxbox-readmore\">\r\n\t\t\t\t<a href=\"https:\/\/www.cnalumetal.com\/de\/products\/aluminium-wabenplatte\">LEARN MORE<\/a>\t\t\t<\/div>\r\n\t\t<\/div>\r\n\t<\/div>\r\n<\/article><\/div><div class=\"tm-box-col-wrapper col-lg-4 col-sm-6 col-md-4 col-xs-12 metallverbundplatte\"><article class=\"themetechmount-box themetechmount-box-service themetechmount-box-view-top-image themetechmount-service-box-view-top-image \">\r\n\t<div class=\"themetechmount-post-item\">\t\r\n\t\t<div class=\"themetechmount-post-item-inner\">\r\n\t\t\t<div class=\"tm-featured-wrapper tm-tm_service-featured-wrapper\"><a href=\"https:\/\/www.cnalumetal.com\/de\/products\/metallverbundplatte\"><img loading=\"lazy\" decoding=\"async\" width=\"654\" height=\"494\" src=\"https:\/\/www.cnalumetal.com\/wp-content\/uploads\/2023\/04\/01-4-654x494.jpg\" class=\"attachment-themetechmount-img-blog-top size-themetechmount-img-blog-top wp-post-image\" alt=\"\" data-id=\"10708\" \/><\/a><\/div>\t\t<\/div>\t\t\r\n\t\t<div class=\"themetechmount-box-bottom-content\">\t\t\r\n\t\t\t<div class=\"themetechmount-box-title\"><h4><a href=\"https:\/\/www.cnalumetal.com\/de\/products\/metallverbundplatte\">Metallverbundplatte<\/a><\/h4><\/div>\t\t\t<div class=\"themetechmount-box-desc\">\r\n\t\t\t\t\t\t\t\t<div class=\"tm-short-desc\">\r\n\t\t\t\t\tdie aus einer Vielzahl von Materialien bestehen k\u00f6nnen, darunter Polyethylen, feuerhemmender Mineralkern oder andere Materialien.\t\t\t\t<\/div>\r\n\t\t\t\t\t\t<\/div> \r\n\t\t\t<div class=\"themetechmount-serviceboxbox-readmore\">\r\n\t\t\t\t<a href=\"https:\/\/www.cnalumetal.com\/de\/products\/metallverbundplatte\">LEARN MORE<\/a>\t\t\t<\/div>\r\n\t\t<\/div>\r\n\t<\/div>\r\n<\/article><\/div><div class=\"tm-box-col-wrapper col-lg-4 col-sm-6 col-md-4 col-xs-12 aluminium-verbundplatte\"><article class=\"themetechmount-box themetechmount-box-service themetechmount-box-view-top-image themetechmount-service-box-view-top-image \">\r\n\t<div class=\"themetechmount-post-item\">\t\r\n\t\t<div class=\"themetechmount-post-item-inner\">\r\n\t\t\t<div class=\"tm-featured-wrapper tm-tm_service-featured-wrapper\"><a href=\"https:\/\/www.cnalumetal.com\/de\/products\/verspiegelte-aluminium-verbundplatte\"><img loading=\"lazy\" decoding=\"async\" width=\"654\" height=\"494\" src=\"https:\/\/www.cnalumetal.com\/wp-content\/uploads\/2023\/04\/01-2-654x494.jpg\" class=\"attachment-themetechmount-img-blog-top size-themetechmount-img-blog-top wp-post-image\" alt=\"\" data-id=\"10689\" \/><\/a><\/div>\t\t<\/div>\t\t\r\n\t\t<div class=\"themetechmount-box-bottom-content\">\t\t\r\n\t\t\t<div class=\"themetechmount-box-title\"><h4><a href=\"https:\/\/www.cnalumetal.com\/de\/products\/verspiegelte-aluminium-verbundplatte\">Verspiegelte Aluminium-Verbundplatte<\/a><\/h4><\/div>\t\t\t<div class=\"themetechmount-box-desc\">\r\n\t\t\t\t\t\t\t\t<div class=\"tm-short-desc\">\r\n\t\t\t\t\tFeuerfeste, hochreflektierende Spiegel-Aluminium-Verbundplatte\t\t\t\t<\/div>\r\n\t\t\t\t\t\t<\/div> \r\n\t\t\t<div class=\"themetechmount-serviceboxbox-readmore\">\r\n\t\t\t\t<a href=\"https:\/\/www.cnalumetal.com\/de\/products\/verspiegelte-aluminium-verbundplatte\">LEARN MORE<\/a>\t\t\t<\/div>\r\n\t\t<\/div>\r\n\t<\/div>\r\n<\/article><\/div><div class=\"tm-box-col-wrapper col-lg-4 col-sm-6 col-md-4 col-xs-12 aluminium-verbundplatte\"><article class=\"themetechmount-box themetechmount-box-service themetechmount-box-view-top-image themetechmount-service-box-view-top-image \">\r\n\t<div class=\"themetechmount-post-item\">\t\r\n\t\t<div class=\"themetechmount-post-item-inner\">\r\n\t\t\t<div class=\"tm-featured-wrapper tm-tm_service-featured-wrapper\"><a href=\"https:\/\/www.cnalumetal.com\/de\/products\/gebuerstete-aluminium-verbundplatte\"><img loading=\"lazy\" decoding=\"async\" width=\"654\" height=\"494\" src=\"https:\/\/www.cnalumetal.com\/wp-content\/uploads\/2023\/04\/1-5-654x494.jpg\" class=\"attachment-themetechmount-img-blog-top size-themetechmount-img-blog-top wp-post-image\" alt=\"\" data-id=\"10674\" \/><\/a><\/div>\t\t<\/div>\t\t\r\n\t\t<div class=\"themetechmount-box-bottom-content\">\t\t\r\n\t\t\t<div class=\"themetechmount-box-title\"><h4><a href=\"https:\/\/www.cnalumetal.com\/de\/products\/gebuerstete-aluminium-verbundplatte\">Geb\u00fcrstete Aluminium-Verbundplatte<\/a><\/h4><\/div>\t\t\t<div class=\"themetechmount-box-desc\">\r\n\t\t\t\t\t\t\t\t<div class=\"tm-short-desc\">\r\n\t\t\t\t\t0,15 mm 6 mm geb\u00fcrstete Aluminium-Verbundplatte, PVC-PE-Kern\t\t\t\t<\/div>\r\n\t\t\t\t\t\t<\/div> \r\n\t\t\t<div class=\"themetechmount-serviceboxbox-readmore\">\r\n\t\t\t\t<a href=\"https:\/\/www.cnalumetal.com\/de\/products\/gebuerstete-aluminium-verbundplatte\">LEARN MORE<\/a>\t\t\t<\/div>\r\n\t\t<\/div>\r\n\t<\/div>\r\n<\/article><\/div><div class=\"tm-box-col-wrapper col-lg-4 col-sm-6 col-md-4 col-xs-12 aluminium-wellplatte\"><article class=\"themetechmount-box themetechmount-box-service themetechmount-box-view-top-image themetechmount-service-box-view-top-image \">\r\n\t<div class=\"themetechmount-post-item\">\t\r\n\t\t<div class=\"themetechmount-post-item-inner\">\r\n\t\t\t<div class=\"tm-featured-wrapper tm-tm_service-featured-wrapper\"><a href=\"https:\/\/www.cnalumetal.com\/de\/products\/aluminium-wellplatte\"><img loading=\"lazy\" decoding=\"async\" width=\"654\" height=\"494\" src=\"https:\/\/www.cnalumetal.com\/wp-content\/uploads\/2023\/05\/1-1-654x494.jpg\" class=\"attachment-themetechmount-img-blog-top size-themetechmount-img-blog-top wp-post-image\" alt=\"\" data-id=\"10929\" \/><\/a><\/div>\t\t<\/div>\t\t\r\n\t\t<div class=\"themetechmount-box-bottom-content\">\t\t\r\n\t\t\t<div class=\"themetechmount-box-title\"><h4><a href=\"https:\/\/www.cnalumetal.com\/de\/products\/aluminium-wellplatte\">Aluminium-Wellplatte<\/a><\/h4><\/div>\t\t\t<div class=\"themetechmount-box-desc\">\r\n\t\t\t\t\t\t\t\t<div class=\"tm-short-desc\">\r\n\t\t\t\t\tAluminium-Wellplatten-Acp-Verkleidung, PVDF-Beschichtung, B1, A2, feuerfest\t\t\t\t<\/div>\r\n\t\t\t\t\t\t<\/div> \r\n\t\t\t<div class=\"themetechmount-serviceboxbox-readmore\">\r\n\t\t\t\t<a href=\"https:\/\/www.cnalumetal.com\/de\/products\/aluminium-wellplatte\">LEARN MORE<\/a>\t\t\t<\/div>\r\n\t\t<\/div>\r\n\t<\/div>\r\n<\/article><\/div><div class=\"tm-box-col-wrapper col-lg-4 col-sm-6 col-md-4 col-xs-12 aluminiumblech\"><article class=\"themetechmount-box themetechmount-box-service themetechmount-box-view-top-image themetechmount-service-box-view-top-image \">\r\n\t<div class=\"themetechmount-post-item\">\t\r\n\t\t<div class=\"themetechmount-post-item-inner\">\r\n\t\t\t<div class=\"tm-featured-wrapper tm-tm_service-featured-wrapper\"><a href=\"https:\/\/www.cnalumetal.com\/de\/products\/lackiertes-aluminiumblech\"><img loading=\"lazy\" decoding=\"async\" width=\"654\" height=\"494\" src=\"https:\/\/www.cnalumetal.com\/wp-content\/uploads\/2023\/05\/01-2-654x494.jpg\" class=\"attachment-themetechmount-img-blog-top size-themetechmount-img-blog-top wp-post-image\" alt=\"\" data-id=\"10937\" \/><\/a><\/div>\t\t<\/div>\t\t\r\n\t\t<div class=\"themetechmount-box-bottom-content\">\t\t\r\n\t\t\t<div class=\"themetechmount-box-title\"><h4><a href=\"https:\/\/www.cnalumetal.com\/de\/products\/lackiertes-aluminiumblech\">Lackiertes Aluminiumblech<\/a><\/h4><\/div>\t\t\t<div class=\"themetechmount-box-desc\">\r\n\t\t\t\t\t\t\t\t<div class=\"tm-short-desc\">\r\n\t\t\t\t\tSublimationsaluminiumblech, perforierte Aluminiumplatte, beschichtetes Aluminiumblech\t\t\t\t<\/div>\r\n\t\t\t\t\t\t<\/div> \r\n\t\t\t<div class=\"themetechmount-serviceboxbox-readmore\">\r\n\t\t\t\t<a href=\"https:\/\/www.cnalumetal.com\/de\/products\/lackiertes-aluminiumblech\">LEARN MORE<\/a>\t\t\t<\/div>\r\n\t\t<\/div>\r\n\t<\/div>\r\n<\/article><\/div><div class=\"tm-box-col-wrapper col-lg-4 col-sm-6 col-md-4 col-xs-12 beschichtete-aluminiumspule\"><article class=\"themetechmount-box themetechmount-box-service themetechmount-box-view-top-image themetechmount-service-box-view-top-image \">\r\n\t<div class=\"themetechmount-post-item\">\t\r\n\t\t<div class=\"themetechmount-post-item-inner\">\r\n\t\t\t<div class=\"tm-featured-wrapper tm-tm_service-featured-wrapper\"><a href=\"https:\/\/www.cnalumetal.com\/de\/products\/beschichtete-aluminiumspule\"><img loading=\"lazy\" decoding=\"async\" width=\"654\" height=\"494\" src=\"https:\/\/www.cnalumetal.com\/wp-content\/uploads\/2023\/05\/01-654x494.jpg\" class=\"attachment-themetechmount-img-blog-top size-themetechmount-img-blog-top wp-post-image\" alt=\"\" data-id=\"10735\" \/><\/a><\/div>\t\t<\/div>\t\t\r\n\t\t<div class=\"themetechmount-box-bottom-content\">\t\t\r\n\t\t\t<div class=\"themetechmount-box-title\"><h4><a href=\"https:\/\/www.cnalumetal.com\/de\/products\/beschichtete-aluminiumspule\">Beschichtete Aluminiumspule<\/a><\/h4><\/div>\t\t\t<div class=\"themetechmount-box-desc\">\r\n\t\t\t\t\t\t\t\t<div class=\"tm-short-desc\">\r\n\t\t\t\t\tHochwertige beschichtete Aluminiumprodukte werden h\u00e4ufig in der Innen- und Au\u00dfendekoration verwendet\t\t\t\t<\/div>\r\n\t\t\t\t\t\t<\/div> \r\n\t\t\t<div class=\"themetechmount-serviceboxbox-readmore\">\r\n\t\t\t\t<a href=\"https:\/\/www.cnalumetal.com\/de\/products\/beschichtete-aluminiumspule\">LEARN MORE<\/a>\t\t\t<\/div>\r\n\t\t<\/div>\r\n\t<\/div>\r\n<\/article><\/div><div class=\"tm-box-col-wrapper col-lg-4 col-sm-6 col-md-4 col-xs-12 aluminium-verbundplatte\"><article class=\"themetechmount-box themetechmount-box-service themetechmount-box-view-top-image themetechmount-service-box-view-top-image \">\r\n\t<div class=\"themetechmount-post-item\">\t\r\n\t\t<div class=\"themetechmount-post-item-inner\">\r\n\t\t\t<div class=\"tm-featured-wrapper tm-tm_service-featured-wrapper\"><a href=\"https:\/\/www.cnalumetal.com\/de\/products\/pe-aluminium-verbundplatte\"><img loading=\"lazy\" decoding=\"async\" width=\"654\" height=\"494\" src=\"https:\/\/www.cnalumetal.com\/wp-content\/uploads\/2019\/02\/01-654x494.jpg\" class=\"attachment-themetechmount-img-blog-top size-themetechmount-img-blog-top wp-post-image\" alt=\"\" data-id=\"10580\" \/><\/a><\/div>\t\t<\/div>\t\t\r\n\t\t<div class=\"themetechmount-box-bottom-content\">\t\t\r\n\t\t\t<div class=\"themetechmount-box-title\"><h4><a href=\"https:\/\/www.cnalumetal.com\/de\/products\/pe-aluminium-verbundplatte\">PE-Aluminium-Verbundplatte<\/a><\/h4><\/div>\t\t\t<div class=\"themetechmount-box-desc\">\r\n\t\t\t\t\t\t\t\t<div class=\"tm-short-desc\">\r\n\t\t\t\t\tPE-Aluminium-Verbundplatte, Sandwichplatte, nano-feuerfest\t\t\t\t<\/div>\r\n\t\t\t\t\t\t<\/div> \r\n\t\t\t<div class=\"themetechmount-serviceboxbox-readmore\">\r\n\t\t\t\t<a href=\"https:\/\/www.cnalumetal.com\/de\/products\/pe-aluminium-verbundplatte\">LEARN MORE<\/a>\t\t\t<\/div>\r\n\t\t<\/div>\r\n\t<\/div>\r\n<\/article><\/div><div class=\"tm-box-col-wrapper col-lg-4 col-sm-6 col-md-4 col-xs-12 aluminium-verbundplatte\"><article class=\"themetechmount-box themetechmount-box-service themetechmount-box-view-top-image themetechmount-service-box-view-top-image \">\r\n\t<div class=\"themetechmount-post-item\">\t\r\n\t\t<div class=\"themetechmount-post-item-inner\">\r\n\t\t\t<div class=\"tm-featured-wrapper tm-tm_service-featured-wrapper\"><a href=\"https:\/\/www.cnalumetal.com\/de\/products\/feuerfeste-aluminium-verbundplatte\"><img loading=\"lazy\" decoding=\"async\" width=\"654\" height=\"494\" src=\"https:\/\/www.cnalumetal.com\/wp-content\/uploads\/2019\/02\/01-3-654x494.jpg\" class=\"attachment-themetechmount-img-blog-top size-themetechmount-img-blog-top wp-post-image\" alt=\"\" data-id=\"10603\" \/><\/a><\/div>\t\t<\/div>\t\t\r\n\t\t<div class=\"themetechmount-box-bottom-content\">\t\t\r\n\t\t\t<div class=\"themetechmount-box-title\"><h4><a href=\"https:\/\/www.cnalumetal.com\/de\/products\/feuerfeste-aluminium-verbundplatte\">Feuerfeste Aluminium-Verbundplatte<\/a><\/h4><\/div>\t\t\t<div class=\"themetechmount-box-desc\">\r\n\t\t\t\t\t\t\t\t<div class=\"tm-short-desc\">\r\n\t\t\t\t\tAlumetal B1 A2 Feuerfeste Aluminium-Verbundplatte\t\t\t\t<\/div>\r\n\t\t\t\t\t\t<\/div> \r\n\t\t\t<div class=\"themetechmount-serviceboxbox-readmore\">\r\n\t\t\t\t<a href=\"https:\/\/www.cnalumetal.com\/de\/products\/feuerfeste-aluminium-verbundplatte\">LEARN MORE<\/a>\t\t\t<\/div>\r\n\t\t<\/div>\r\n\t<\/div>\r\n<\/article><\/div><div class=\"tm-box-col-wrapper col-lg-4 col-sm-6 col-md-4 col-xs-12 aluminium-verbundplatte\"><article class=\"themetechmount-box themetechmount-box-service themetechmount-box-view-top-image themetechmount-service-box-view-top-image \">\r\n\t<div class=\"themetechmount-post-item\">\t\r\n\t\t<div class=\"themetechmount-post-item-inner\">\r\n\t\t\t<div class=\"tm-featured-wrapper tm-tm_service-featured-wrapper\"><a href=\"https:\/\/www.cnalumetal.com\/de\/products\/holz-aluminium-verbundplatte\"><img loading=\"lazy\" decoding=\"async\" width=\"654\" height=\"494\" src=\"https:\/\/www.cnalumetal.com\/wp-content\/uploads\/2024\/05\/wooden-aluminum-composite-panel0001-654x494.webp\" class=\"attachment-themetechmount-img-blog-top size-themetechmount-img-blog-top wp-post-image\" alt=\"wooden-aluminum-composite-panel\" data-id=\"12060\" \/><\/a><\/div>\t\t<\/div>\t\t\r\n\t\t<div class=\"themetechmount-box-bottom-content\">\t\t\r\n\t\t\t<div class=\"themetechmount-box-title\"><h4><a href=\"https:\/\/www.cnalumetal.com\/de\/products\/holz-aluminium-verbundplatte\">Holz-Aluminium-Verbundplatte<\/a><\/h4><\/div>\t\t\t<div class=\"themetechmount-box-desc\">\r\n\t\t\t\t\t\t\t\t<div class=\"tm-short-desc\">\r\n\t\t\t\t\t3\u20136 mm ACP\/ACM-Aluminium-Verbundplatte aus Holz\t\t\t\t<\/div>\r\n\t\t\t\t\t\t<\/div> \r\n\t\t\t<div class=\"themetechmount-serviceboxbox-readmore\">\r\n\t\t\t\t<a href=\"https:\/\/www.cnalumetal.com\/de\/products\/holz-aluminium-verbundplatte\">LEARN MORE<\/a>\t\t\t<\/div>\r\n\t\t<\/div>\r\n\t<\/div>\r\n<\/article><\/div><div class=\"tm-box-col-wrapper col-lg-4 col-sm-6 col-md-4 col-xs-12 aluminium-verbundplatte\"><article class=\"themetechmount-box themetechmount-box-service themetechmount-box-view-top-image themetechmount-service-box-view-top-image \">\r\n\t<div class=\"themetechmount-post-item\">\t\r\n\t\t<div class=\"themetechmount-post-item-inner\">\r\n\t\t\t<div class=\"tm-featured-wrapper tm-tm_service-featured-wrapper\"><a href=\"https:\/\/www.cnalumetal.com\/de\/products\/marmor-aluminium-verbundplatte\"><img loading=\"lazy\" decoding=\"async\" width=\"654\" height=\"494\" src=\"https:\/\/www.cnalumetal.com\/wp-content\/uploads\/2023\/04\/01-3-654x494.jpg\" class=\"attachment-themetechmount-img-blog-top size-themetechmount-img-blog-top wp-post-image\" alt=\"\" data-id=\"10700\" \/><\/a><\/div>\t\t<\/div>\t\t\r\n\t\t<div class=\"themetechmount-box-bottom-content\">\t\t\r\n\t\t\t<div class=\"themetechmount-box-title\"><h4><a href=\"https:\/\/www.cnalumetal.com\/de\/products\/marmor-aluminium-verbundplatte\">Marmor-Aluminium-Verbundplatte<\/a><\/h4><\/div>\t\t\t<div class=\"themetechmount-box-desc\">\r\n\t\t\t\t\t\t\t\t<div class=\"tm-short-desc\">\r\n\t\t\t\t\tDekorative Marmor-Verbundplatte, antistatisch\t\t\t\t<\/div>\r\n\t\t\t\t\t\t<\/div> \r\n\t\t\t<div class=\"themetechmount-serviceboxbox-readmore\">\r\n\t\t\t\t<a href=\"https:\/\/www.cnalumetal.com\/de\/products\/marmor-aluminium-verbundplatte\">LEARN MORE<\/a>\t\t\t<\/div>\r\n\t\t<\/div>\r\n\t<\/div>\r\n<\/article><\/div>\n\t\t\t<\/div>\n\t\t<div class=\"clearfix\"><\/div><\/div><!-- .themetechmount-boxes-inner -->   <\/div><!-- .themetechmount-boxes -->  [\/vc_column][\/vc_row]<\/p>\n","protected":false},"excerpt":{"rendered":"<p>[vc_row][vc_column][\/vc_column][\/vc_row]<\/p>\n","protected":false},"author":1,"featured_media":0,"parent":0,"menu_order":12,"comment_status":"closed","ping_status":"closed","template":"","meta":{"footnotes":""},"class_list":["post-10861","page","type-page","status-publish","hentry"],"yoast_head":"<!-- This site is optimized with the Yoast SEO plugin v27.2 - https:\/\/yoast.com\/product\/yoast-seo-wordpress\/ -->\n<title>Produkte - Alumetal<\/title>\n<meta name=\"robots\" content=\"index, follow, max-snippet:-1, max-image-preview:large, max-video-preview:-1\" \/>\n<link rel=\"canonical\" href=\"https:\/\/www.cnalumetal.com\/de\/produkte\" \/>\n<meta property=\"og:locale\" content=\"de_DE\" \/>\n<meta property=\"og:type\" content=\"article\" \/>\n<meta property=\"og:title\" content=\"Produkte - Alumetal\" \/>\n<meta property=\"og:description\" content=\"[vc_row][vc_column][\/vc_column][\/vc_row]\" \/>\n<meta property=\"og:url\" content=\"https:\/\/www.cnalumetal.com\/de\/produkte\" \/>\n<meta property=\"og:site_name\" content=\"Alumetal\" \/>\n<meta property=\"article:modified_time\" content=\"2023-09-11T02:07:32+00:00\" \/>\n<meta name=\"twitter:card\" content=\"summary_large_image\" \/>\n<script type=\"application\/ld+json\" class=\"yoast-schema-graph\">{\"@context\":\"https:\/\/schema.org\",\"@graph\":[{\"@type\":\"WebPage\",\"@id\":\"https:\/\/www.cnalumetal.com\/de\/produkte\",\"url\":\"https:\/\/www.cnalumetal.com\/de\/produkte\",\"name\":\"Produkte - Alumetal\",\"isPartOf\":{\"@id\":\"https:\/\/www.cnalumetal.com\/#website\"},\"datePublished\":\"2019-02-02T04:30:18+00:00\",\"dateModified\":\"2023-09-11T02:07:32+00:00\",\"breadcrumb\":{\"@id\":\"https:\/\/www.cnalumetal.com\/de\/produkte#breadcrumb\"},\"inLanguage\":\"de\",\"potentialAction\":[{\"@type\":\"ReadAction\",\"target\":[\"https:\/\/www.cnalumetal.com\/de\/produkte\"]}]},{\"@type\":\"BreadcrumbList\",\"@id\":\"https:\/\/www.cnalumetal.com\/de\/produkte#breadcrumb\",\"itemListElement\":[{\"@type\":\"ListItem\",\"position\":1,\"name\":\"Home\",\"item\":\"https:\/\/www.cnalumetal.com\/de\/hersteller-von-aluminium-verbundplatten\"},{\"@type\":\"ListItem\",\"position\":2,\"name\":\"Produkte\"}]},{\"@type\":\"WebSite\",\"@id\":\"https:\/\/www.cnalumetal.com\/#website\",\"url\":\"https:\/\/www.cnalumetal.com\/\",\"name\":\"Alumetal\",\"description\":\"\",\"publisher\":{\"@id\":\"https:\/\/www.cnalumetal.com\/#organization\"},\"potentialAction\":[{\"@type\":\"SearchAction\",\"target\":{\"@type\":\"EntryPoint\",\"urlTemplate\":\"https:\/\/www.cnalumetal.com\/?s={search_term_string}\"},\"query-input\":{\"@type\":\"PropertyValueSpecification\",\"valueRequired\":true,\"valueName\":\"search_term_string\"}}],\"inLanguage\":\"de\"},{\"@type\":\"Organization\",\"@id\":\"https:\/\/www.cnalumetal.com\/#organization\",\"name\":\"Alumetal\",\"url\":\"https:\/\/www.cnalumetal.com\/\",\"logo\":{\"@type\":\"ImageObject\",\"inLanguage\":\"de\",\"@id\":\"https:\/\/www.cnalumetal.com\/#\/schema\/logo\/image\/\",\"url\":\"https:\/\/www.cnalumetal.com\/wp-content\/uploads\/2023\/05\/cropped-favicon.png\",\"contentUrl\":\"https:\/\/www.cnalumetal.com\/wp-content\/uploads\/2023\/05\/cropped-favicon.png\",\"width\":512,\"height\":512,\"caption\":\"Alumetal\"},\"image\":{\"@id\":\"https:\/\/www.cnalumetal.com\/#\/schema\/logo\/image\/\"}}]}<\/script>\n<!-- \/ Yoast SEO plugin. -->","yoast_head_json":{"title":"Produkte - Alumetal","robots":{"index":"index","follow":"follow","max-snippet":"max-snippet:-1","max-image-preview":"max-image-preview:large","max-video-preview":"max-video-preview:-1"},"canonical":"https:\/\/www.cnalumetal.com\/de\/produkte","og_locale":"de_DE","og_type":"article","og_title":"Produkte - Alumetal","og_description":"[vc_row][vc_column][\/vc_column][\/vc_row]","og_url":"https:\/\/www.cnalumetal.com\/de\/produkte","og_site_name":"Alumetal","article_modified_time":"2023-09-11T02:07:32+00:00","twitter_card":"summary_large_image","schema":{"@context":"https:\/\/schema.org","@graph":[{"@type":"WebPage","@id":"https:\/\/www.cnalumetal.com\/de\/produkte","url":"https:\/\/www.cnalumetal.com\/de\/produkte","name":"Produkte - Alumetal","isPartOf":{"@id":"https:\/\/www.cnalumetal.com\/#website"},"datePublished":"2019-02-02T04:30:18+00:00","dateModified":"2023-09-11T02:07:32+00:00","breadcrumb":{"@id":"https:\/\/www.cnalumetal.com\/de\/produkte#breadcrumb"},"inLanguage":"de","potentialAction":[{"@type":"ReadAction","target":["https:\/\/www.cnalumetal.com\/de\/produkte"]}]},{"@type":"BreadcrumbList","@id":"https:\/\/www.cnalumetal.com\/de\/produkte#breadcrumb","itemListElement":[{"@type":"ListItem","position":1,"name":"Home","item":"https:\/\/www.cnalumetal.com\/de\/hersteller-von-aluminium-verbundplatten"},{"@type":"ListItem","position":2,"name":"Produkte"}]},{"@type":"WebSite","@id":"https:\/\/www.cnalumetal.com\/#website","url":"https:\/\/www.cnalumetal.com\/","name":"Alumetal","description":"","publisher":{"@id":"https:\/\/www.cnalumetal.com\/#organization"},"potentialAction":[{"@type":"SearchAction","target":{"@type":"EntryPoint","urlTemplate":"https:\/\/www.cnalumetal.com\/?s={search_term_string}"},"query-input":{"@type":"PropertyValueSpecification","valueRequired":true,"valueName":"search_term_string"}}],"inLanguage":"de"},{"@type":"Organization","@id":"https:\/\/www.cnalumetal.com\/#organization","name":"Alumetal","url":"https:\/\/www.cnalumetal.com\/","logo":{"@type":"ImageObject","inLanguage":"de","@id":"https:\/\/www.cnalumetal.com\/#\/schema\/logo\/image\/","url":"https:\/\/www.cnalumetal.com\/wp-content\/uploads\/2023\/05\/cropped-favicon.png","contentUrl":"https:\/\/www.cnalumetal.com\/wp-content\/uploads\/2023\/05\/cropped-favicon.png","width":512,"height":512,"caption":"Alumetal"},"image":{"@id":"https:\/\/www.cnalumetal.com\/#\/schema\/logo\/image\/"}}]}},"_links":{"self":[{"href":"https:\/\/www.cnalumetal.com\/de\/wp-json\/wp\/v2\/pages\/10861","targetHints":{"allow":["GET"]}}],"collection":[{"href":"https:\/\/www.cnalumetal.com\/de\/wp-json\/wp\/v2\/pages"}],"about":[{"href":"https:\/\/www.cnalumetal.com\/de\/wp-json\/wp\/v2\/types\/page"}],"author":[{"embeddable":true,"href":"https:\/\/www.cnalumetal.com\/de\/wp-json\/wp\/v2\/users\/1"}],"replies":[{"embeddable":true,"href":"https:\/\/www.cnalumetal.com\/de\/wp-json\/wp\/v2\/comments?post=10861"}],"version-history":[{"count":1,"href":"https:\/\/www.cnalumetal.com\/de\/wp-json\/wp\/v2\/pages\/10861\/revisions"}],"predecessor-version":[{"id":10862,"href":"https:\/\/www.cnalumetal.com\/de\/wp-json\/wp\/v2\/pages\/10861\/revisions\/10862"}],"wp:attachment":[{"href":"https:\/\/www.cnalumetal.com\/de\/wp-json\/wp\/v2\/media?parent=10861"}],"curies":[{"name":"wp","href":"https:\/\/api.w.org\/{rel}","templated":true}]}}