{"id":10852,"date":"2023-06-27T06:52:58","date_gmt":"2023-06-27T06:52:58","guid":{"rendered":"https:\/\/www.cnalumetal.com\/video"},"modified":"2023-09-11T01:43:18","modified_gmt":"2023-09-11T01:43:18","slug":"video","status":"publish","type":"page","link":"https:\/\/www.cnalumetal.com\/de\/video","title":{"rendered":"Video"},"content":{"rendered":"<p>[vc_row tm_bgimagefixed=&#8220;&#8220; full_width=&#8220;stretch_row_content&#8220;][vc_column][vc_tta_tabs style=&#8220;modern&#8220; spacing=&#8220;10&#8243; alignment=&#8220;center&#8220; active_section=&#8220;1&#8243;][vc_tta_section title=&#8220;Produkte&#8220; tab_id=&#8220;1687836006362-5d492962-615f&#8220;][vc_row_inner css=&#8220;.vc_custom_1687853120939{padding-top: 30px !important;}&#8220; tm_responsive_css=&#8220;41109036|colbreak_no|||||||||colbreak_no|||||||||colbreak_no||||||||||colbreak_no|||||||||&#8220;][vc_column_inner width=&#8220;1\/4&#8243;][vc_video link=&#8220;https:\/\/youtu.be\/8-OQLJ1U6TI&#8220;][vc_video link=&#8220;https:\/\/youtu.be\/9Yu-R-lv8O8&#8243;][vc_video link=&#8220;https:\/\/youtu.be\/iLDshVf8Ocw&#8220;][\/vc_column_inner][vc_column_inner width=&#8220;1\/4&#8243;][vc_video link=&#8220;https:\/\/youtu.be\/7n3H80M4rSw&#8220;][vc_video link=&#8220;https:\/\/youtu.be\/pLq-gCU18vQ&#8220;][vc_video link=&#8220;https:\/\/youtu.be\/dICy31zGBX8&#8243;][\/vc_column_inner][vc_column_inner width=&#8220;1\/4&#8243;][vc_video link=&#8220;https:\/\/youtu.be\/SBYvCqWtwAQ&#8220;][vc_video link=&#8220;https:\/\/youtu.be\/GHb_yDDwsVU&#8220;][vc_video link=&#8220;https:\/\/youtu.be\/8V_SAWnJsQA&#8220;][\/vc_column_inner][vc_column_inner width=&#8220;1\/4&#8243;][vc_video link=&#8220;https:\/\/youtu.be\/vU9I0KNxQeU&#8220;][vc_video link=&#8220;https:\/\/youtu.be\/F2OjTB4vBWw&#8220;][vc_video link=&#8220;https:\/\/youtu.be\/z_9VXDyuzrg&#8220;][\/vc_column_inner][\/vc_row_inner][\/vc_tta_section][vc_tta_section title=&#8220;Technologie&#8220; tab_id=&#8220;1687836056002-e0e6d570-b12f&#8220;][vc_row_inner css=&#8220;.vc_custom_1687853736957{padding-top: 30px !important;}&#8220; tm_responsive_css=&#8220;73912485|colbreak_no|||||||||colbreak_no|||||||||colbreak_no||||||||||colbreak_no|||||||||&#8220;][vc_column_inner width=&#8220;1\/4&#8243;][vc_video link=&#8220;https:\/\/youtu.be\/KP_JMvmJPFA&#8220;][vc_video link=&#8220;https:\/\/youtu.be\/-KwXNgnCQJw&#8220;][vc_video link=&#8220;https:\/\/youtu.be\/3d9KiyZoqbw&#8220;][\/vc_column_inner][vc_column_inner width=&#8220;1\/4&#8243;][vc_video link=&#8220;https:\/\/youtu.be\/2pJTPZolvBQ&#8220;][vc_video link=&#8220;https:\/\/youtu.be\/q6xQTQAHAHE&#8220;][vc_video link=&#8220;https:\/\/youtu.be\/Z5c6daEjUr8&#8243;][\/vc_column_inner][vc_column_inner width=&#8220;1\/4&#8243;][vc_video link=&#8220;https:\/\/youtu.be\/6Fm5RDy86J0&#8243;][vc_video link=&#8220;https:\/\/youtu.be\/mm1s5-4ZjB0&#8243;][vc_video link=&#8220;https:\/\/youtu.be\/LT33PPNSbpo&#8220;][\/vc_column_inner][vc_column_inner width=&#8220;1\/4&#8243;][vc_video link=&#8220;https:\/\/youtu.be\/-wZ1f4HJamQ&#8220;][vc_video link=&#8220;https:\/\/youtu.be\/78QKdfTq-fY&#8220;][vc_video link=&#8220;https:\/\/youtu.be\/buVdwpees8o&#8220;][\/vc_column_inner][\/vc_row_inner][\/vc_tta_section][vc_tta_section title=&#8220;F\u00e4lle &amp; Anwendung&#8220; tab_id=&#8220;1687836089599-65f8d9c3-b575&#8243;][vc_row_inner css=&#8220;.vc_custom_1687853817244{padding-top: 30px !important;}&#8220; tm_responsive_css=&#8220;60869732|colbreak_no|||||||||colbreak_no|||||||||colbreak_no||||||||||colbreak_no|||||||||&#8220;][vc_column_inner width=&#8220;1\/4&#8243;][vc_video link=&#8220;https:\/\/youtu.be\/KJlhgxg9lFY&#8220;][vc_video link=&#8220;https:\/\/youtu.be\/3sNr0d0Co6Q&#8220;][\/vc_column_inner][vc_column_inner width=&#8220;1\/4&#8243;][vc_video link=&#8220;https:\/\/youtu.be\/6c5HUdvUKjQ&#8220;][vc_video link=&#8220;https:\/\/youtu.be\/buVdwpees8o&#8220;][\/vc_column_inner][vc_column_inner width=&#8220;1\/4&#8243;][vc_video link=&#8220;https:\/\/youtu.be\/F2OjTB4vBWw&#8220;][vc_video link=&#8220;https:\/\/youtu.be\/uZq5g6Di1EI&#8220;][\/vc_column_inner][vc_column_inner width=&#8220;1\/4&#8243;][vc_video link=&#8220;https:\/\/youtu.be\/pLq-gCU18vQ&#8220;][vc_video link=&#8220;https:\/\/youtu.be\/-KwXNgnCQJw&#8220;][\/vc_column_inner][\/vc_row_inner][\/vc_tta_section][vc_tta_section title=&#8220;Testen&#8220; tab_id=&#8220;1687843322530-9b0834d2-81eb&#8220;][vc_row_inner css=&#8220;.vc_custom_1687853831211{padding-top: 30px !important;}&#8220; tm_responsive_css=&#8220;63679532|colbreak_no|||||||||colbreak_no|||||||||colbreak_no||||||||||colbreak_no|||||||||&#8220;][vc_column_inner width=&#8220;1\/4&#8243;][vc_video link=&#8220;https:\/\/youtu.be\/nCtpn9JZ1sU&#8220;][vc_video link=&#8220;https:\/\/youtu.be\/yXRwZ2LxAnM&#8220;][\/vc_column_inner][vc_column_inner width=&#8220;1\/4&#8243;][vc_video link=&#8220;https:\/\/youtu.be\/fA6zvcJ9A58&#8243;][vc_video link=&#8220;https:\/\/youtu.be\/pLq-gCU18vQ&#8220;][\/vc_column_inner][vc_column_inner width=&#8220;1\/4&#8243;][vc_video link=&#8220;https:\/\/youtu.be\/V4Z10G463RI&#8220;][vc_video link=&#8220;https:\/\/youtu.be\/GHb_yDDwsVU&#8220;][\/vc_column_inner][vc_column_inner width=&#8220;1\/4&#8243;][vc_video link=&#8220;https:\/\/youtu.be\/kLscPJrYbYY&#8220;][\/vc_column_inner][\/vc_row_inner][\/vc_tta_section][vc_tta_section title=&#8220;Unternehmen &amp; Fabrik&#8220; tab_id=&#8220;1687836072447-646a20f2-9e1d&#8220;][vc_row_inner css=&#8220;.vc_custom_1687853848291{padding-top: 30px !important;}&#8220; tm_responsive_css=&#8220;11391879|colbreak_no|||||||||colbreak_no|||||||||colbreak_no||||||||||colbreak_no|||||||||&#8220;][vc_column_inner width=&#8220;1\/4&#8243;][vc_video link=&#8220;https:\/\/youtu.be\/qhMgiN7wQik&#8220;][vc_video link=&#8220;https:\/\/youtu.be\/mm1s5-4ZjB0&#8243;][\/vc_column_inner][vc_column_inner width=&#8220;1\/4&#8243;][vc_video link=&#8220;https:\/\/youtu.be\/p2fqfmXJvlM&#8220;][vc_video link=&#8220;https:\/\/youtu.be\/q6zAbEw4Tj4&#8243;][\/vc_column_inner][vc_column_inner width=&#8220;1\/4&#8243;][vc_video link=&#8220;https:\/\/youtu.be\/WRg-FMfRQvY&#8220;][vc_video link=&#8220;https:\/\/youtu.be\/qUziIXj-9Pk&#8220;][\/vc_column_inner][vc_column_inner width=&#8220;1\/4&#8243;][vc_video link=&#8220;https:\/\/youtu.be\/KP_JMvmJPFA&#8220;][vc_video link=&#8220;https:\/\/youtu.be\/KP_JMvmJPFA&#8220;][\/vc_column_inner][\/vc_row_inner][\/vc_tta_section][\/vc_tta_tabs][vc_row_inner][vc_column_inner width=&#8220;1\/2&#8243;]<h2 style=\"text-align:left;\" class=\"tm-custom-heading \" >Alumetal\u00ae | Factory Journey<\/h2>\n[vc_column_text]Die Alumetal-Fabrik f\u00fcr Aluminium-Verbundplatten verf\u00fcgt \u00fcber mehr als 20 Jahre Erfahrung. Willkommen in unserer Fabrik f\u00fcr Aluminium-Verbundplatten.<\/p>\n<p>Zu unseren Produkten geh\u00f6ren: Aluminium-Verbundplatten aus Polyester (PE), Aluminium-Verbundplatten aus Fluorkohlenstoff (PVDF), feuerbest\u00e4ndige Aluminium-Verbundplatten, selbstreinigende Nano-Aluminium-Verbundplatten, Spectrum-Aluminium-Verbundplatten, Spiegel-Aluminium-Verbundplatten und geb\u00fcrstete Aluminium-Verbundplatten , Holzmaserungsplatten, Granitmaserungsplatten, Aluminium-Verbundplatten f\u00fcr Beschilderungen, gepr\u00e4gte Aluminium-Verbundplatten und beschichtete Aluminiumspulen, Aluminiumbleche mit einer j\u00e4hrlichen Produktionskapazit\u00e4t von mehr als 10 Millionen Quadratmetern.<\/p>\n<p><strong>Email: <\/strong><a href=\"mailto:info@cnalumetal.com\">info@cnalumetal.com<\/a>[\/vc_column_text][vc_btn title=&#8220;Kontaktiere uns&#8220; color=&#8220;primary&#8220; i_icon_fontawesome=&#8220;fas fa-envelope&#8220; add_icon=&#8220;true&#8220; link=&#8220;url:https%3A%2F%2Fwww.cnalumetal.com%2Fcontact-us|rel:nofollow|&#8220;][\/vc_column_inner][vc_column_inner width=&#8220;1\/2&#8243;][vc_video link=&#8220;https:\/\/youtu.be\/qhMgiN7wQik&#8220;][\/vc_column_inner][\/vc_row_inner][\/vc_column][\/vc_row][vc_row tm_bgimagefixed=&#8220;&#8220; full_width=&#8220;stretch_row_content&#8220; css=&#8220;.vc_custom_1687853197230{background-color: #e5e5e5 !important;}&#8220;][vc_column width=&#8220;1\/2&#8243;][vc_video link=&#8220;https:\/\/youtu.be\/ZPhD_NpRPPg&#8220;][\/vc_column][vc_column width=&#8220;1\/2&#8243;]<h2 style=\"text-align:left;\" class=\"tm-custom-heading \" >Alumetal\u00ae\ufe0f | Alumetal composite panel showroom<\/h2>\n[vc_column_text]Die Alumetal-Fabrik f\u00fcr Aluminium-Verbundplatten verf\u00fcgt \u00fcber mehr als 20 Jahre Erfahrung. Willkommen in unserem acp-Showroom.<\/p>\n<p><strong>Email: <\/strong><a href=\"mailto:info@cnalumetal.com\">info@cnalumetal.com<\/a><br \/>\n<strong>Whatsapp:<\/strong> +86 13167203909[\/vc_column_text][vc_btn title=&#8220;Kontaktiere uns&#8220; color=&#8220;primary&#8220; i_icon_fontawesome=&#8220;fas fa-envelope&#8220; add_icon=&#8220;true&#8220; link=&#8220;url:https%3A%2F%2Fwww.cnalumetal.com%2Fcontact-us|rel:nofollow|&#8220;][\/vc_column][\/vc_row]<\/p>\n","protected":false},"excerpt":{"rendered":"<p>[vc_row tm_bgimagefixed=&#8220;&#8220; full_width=&#8220;stretch_row_content&#8220;][vc_column][vc_tta_tabs style=&#8220;modern&#8220; spacing=&#8220;10&#8243; alignment=&#8220;center&#8220; active_section=&#8220;1&#8243;][vc_tta_section title=&#8220;Produkte&#8220; tab_id=&#8220;1687836006362-5d492962-615f&#8220;][vc_row_inner css=&#8220;.vc_custom_1687853120939{padding-top: 30px !important;}&#8220; tm_responsive_css=&#8220;41109036|colbreak_no|||||||||colbreak_no|||||||||colbreak_no||||||||||colbreak_no|||||||||&#8220;][vc_column_inner width=&#8220;1\/4&#8243;][vc_video link=&#8220;https:\/\/youtu.be\/8-OQLJ1U6TI&#8220;][vc_video link=&#8220;https:\/\/youtu.be\/9Yu-R-lv8O8&#8243;][vc_video link=&#8220;https:\/\/youtu.be\/iLDshVf8Ocw&#8220;][\/vc_column_inner][vc_column_inner width=&#8220;1\/4&#8243;][vc_video link=&#8220;https:\/\/youtu.be\/7n3H80M4rSw&#8220;][vc_video link=&#8220;https:\/\/youtu.be\/pLq-gCU18vQ&#8220;][vc_video link=&#8220;https:\/\/youtu.be\/dICy31zGBX8&#8243;][\/vc_column_inner][vc_column_inner width=&#8220;1\/4&#8243;][vc_video link=&#8220;https:\/\/youtu.be\/SBYvCqWtwAQ&#8220;][vc_video link=&#8220;https:\/\/youtu.be\/GHb_yDDwsVU&#8220;][vc_video link=&#8220;https:\/\/youtu.be\/8V_SAWnJsQA&#8220;][\/vc_column_inner][vc_column_inner width=&#8220;1\/4&#8243;][vc_video link=&#8220;https:\/\/youtu.be\/vU9I0KNxQeU&#8220;][vc_video link=&#8220;https:\/\/youtu.be\/F2OjTB4vBWw&#8220;][vc_video link=&#8220;https:\/\/youtu.be\/z_9VXDyuzrg&#8220;][\/vc_column_inner][\/vc_row_inner][\/vc_tta_section][vc_tta_section title=&#8220;Technologie&#8220; tab_id=&#8220;1687836056002-e0e6d570-b12f&#8220;][vc_row_inner css=&#8220;.vc_custom_1687853736957{padding-top: 30px !important;}&#8220; tm_responsive_css=&#8220;73912485|colbreak_no|||||||||colbreak_no|||||||||colbreak_no||||||||||colbreak_no|||||||||&#8220;][vc_column_inner width=&#8220;1\/4&#8243;][vc_video link=&#8220;https:\/\/youtu.be\/KP_JMvmJPFA&#8220;][vc_video link=&#8220;https:\/\/youtu.be\/-KwXNgnCQJw&#8220;][vc_video link=&#8220;https:\/\/youtu.be\/3d9KiyZoqbw&#8220;][\/vc_column_inner][vc_column_inner width=&#8220;1\/4&#8243;][vc_video link=&#8220;https:\/\/youtu.be\/2pJTPZolvBQ&#8220;][vc_video link=&#8220;https:\/\/youtu.be\/q6xQTQAHAHE&#8220;][vc_video link=&#8220;https:\/\/youtu.be\/Z5c6daEjUr8&#8243;][\/vc_column_inner][vc_column_inner width=&#8220;1\/4&#8243;][vc_video link=&#8220;https:\/\/youtu.be\/6Fm5RDy86J0&#8243;][vc_video link=&#8220;https:\/\/youtu.be\/mm1s5-4ZjB0&#8243;][vc_video link=&#8220;https:\/\/youtu.be\/LT33PPNSbpo&#8220;][\/vc_column_inner][vc_column_inner width=&#8220;1\/4&#8243;][vc_video link=&#8220;https:\/\/youtu.be\/-wZ1f4HJamQ&#8220;][vc_video link=&#8220;https:\/\/youtu.be\/78QKdfTq-fY&#8220;][vc_video link=&#8220;https:\/\/youtu.be\/buVdwpees8o&#8220;][\/vc_column_inner][\/vc_row_inner][\/vc_tta_section][vc_tta_section title=&#8220;F\u00e4lle &amp; Anwendung&#8220; tab_id=&#8220;1687836089599-65f8d9c3-b575&#8243;][vc_row_inner &hellip; <a href=\"https:\/\/www.cnalumetal.com\/de\/video\" class=\"more-link\">Continue reading <span class=\"screen-reader-text\">Video<\/span><\/a><\/p>\n","protected":false},"author":1,"featured_media":0,"parent":0,"menu_order":0,"comment_status":"closed","ping_status":"closed","template":"","meta":{"footnotes":""},"class_list":["post-10852","page","type-page","status-publish","hentry"],"yoast_head":"<!-- This site is optimized with the Yoast SEO plugin v27.2 - https:\/\/yoast.com\/product\/yoast-seo-wordpress\/ -->\n<title>Aluminium-Verbundplatte Video - Alumetal<\/title>\n<meta name=\"robots\" content=\"index, follow, max-snippet:-1, max-image-preview:large, max-video-preview:-1\" \/>\n<link rel=\"canonical\" href=\"https:\/\/www.cnalumetal.com\/de\/video\" \/>\n<meta property=\"og:locale\" content=\"de_DE\" \/>\n<meta property=\"og:type\" content=\"article\" \/>\n<meta property=\"og:title\" content=\"Aluminium-Verbundplatte Video - Alumetal\" \/>\n<meta property=\"og:description\" content=\"[vc_row tm_bgimagefixed=&#8220;&#8220; full_width=&#8220;stretch_row_content&#8220;][vc_column][vc_tta_tabs style=&#8220;modern&#8220; spacing=&#8220;10&#8243; alignment=&#8220;center&#8220; active_section=&#8220;1&#8243;][vc_tta_section title=&#8220;Produkte&#8220; tab_id=&#8220;1687836006362-5d492962-615f&#8220;][vc_row_inner css=&#8220;.vc_custom_1687853120939{padding-top: 30px !important;}&#8220; tm_responsive_css=&#8220;41109036|colbreak_no|||||||||colbreak_no|||||||||colbreak_no||||||||||colbreak_no|||||||||&#8220;][vc_column_inner width=&#8220;1\/4&#8243;][vc_video link=&#8220;https:\/\/youtu.be\/8-OQLJ1U6TI&#8220;][vc_video link=&#8220;https:\/\/youtu.be\/9Yu-R-lv8O8&#8243;][vc_video link=&#8220;https:\/\/youtu.be\/iLDshVf8Ocw&#8220;][\/vc_column_inner][vc_column_inner width=&#8220;1\/4&#8243;][vc_video link=&#8220;https:\/\/youtu.be\/7n3H80M4rSw&#8220;][vc_video link=&#8220;https:\/\/youtu.be\/pLq-gCU18vQ&#8220;][vc_video link=&#8220;https:\/\/youtu.be\/dICy31zGBX8&#8243;][\/vc_column_inner][vc_column_inner width=&#8220;1\/4&#8243;][vc_video link=&#8220;https:\/\/youtu.be\/SBYvCqWtwAQ&#8220;][vc_video link=&#8220;https:\/\/youtu.be\/GHb_yDDwsVU&#8220;][vc_video link=&#8220;https:\/\/youtu.be\/8V_SAWnJsQA&#8220;][\/vc_column_inner][vc_column_inner width=&#8220;1\/4&#8243;][vc_video link=&#8220;https:\/\/youtu.be\/vU9I0KNxQeU&#8220;][vc_video link=&#8220;https:\/\/youtu.be\/F2OjTB4vBWw&#8220;][vc_video link=&#8220;https:\/\/youtu.be\/z_9VXDyuzrg&#8220;][\/vc_column_inner][\/vc_row_inner][\/vc_tta_section][vc_tta_section title=&#8220;Technologie&#8220; tab_id=&#8220;1687836056002-e0e6d570-b12f&#8220;][vc_row_inner css=&#8220;.vc_custom_1687853736957{padding-top: 30px !important;}&#8220; tm_responsive_css=&#8220;73912485|colbreak_no|||||||||colbreak_no|||||||||colbreak_no||||||||||colbreak_no|||||||||&#8220;][vc_column_inner width=&#8220;1\/4&#8243;][vc_video link=&#8220;https:\/\/youtu.be\/KP_JMvmJPFA&#8220;][vc_video link=&#8220;https:\/\/youtu.be\/-KwXNgnCQJw&#8220;][vc_video link=&#8220;https:\/\/youtu.be\/3d9KiyZoqbw&#8220;][\/vc_column_inner][vc_column_inner width=&#8220;1\/4&#8243;][vc_video link=&#8220;https:\/\/youtu.be\/2pJTPZolvBQ&#8220;][vc_video link=&#8220;https:\/\/youtu.be\/q6xQTQAHAHE&#8220;][vc_video link=&#8220;https:\/\/youtu.be\/Z5c6daEjUr8&#8243;][\/vc_column_inner][vc_column_inner width=&#8220;1\/4&#8243;][vc_video link=&#8220;https:\/\/youtu.be\/6Fm5RDy86J0&#8243;][vc_video link=&#8220;https:\/\/youtu.be\/mm1s5-4ZjB0&#8243;][vc_video link=&#8220;https:\/\/youtu.be\/LT33PPNSbpo&#8220;][\/vc_column_inner][vc_column_inner width=&#8220;1\/4&#8243;][vc_video link=&#8220;https:\/\/youtu.be\/-wZ1f4HJamQ&#8220;][vc_video link=&#8220;https:\/\/youtu.be\/78QKdfTq-fY&#8220;][vc_video link=&#8220;https:\/\/youtu.be\/buVdwpees8o&#8220;][\/vc_column_inner][\/vc_row_inner][\/vc_tta_section][vc_tta_section title=&#8220;F\u00e4lle &amp; Anwendung&#8220; tab_id=&#8220;1687836089599-65f8d9c3-b575&#8243;][vc_row_inner &hellip; Continue reading Video\" \/>\n<meta property=\"og:url\" content=\"https:\/\/www.cnalumetal.com\/de\/video\" \/>\n<meta property=\"og:site_name\" content=\"Alumetal\" \/>\n<meta property=\"article:modified_time\" content=\"2023-09-11T01:43:18+00:00\" \/>\n<meta name=\"twitter:card\" content=\"summary_large_image\" \/>\n<meta name=\"twitter:label1\" content=\"Gesch\u00e4tzte Lesezeit\" \/>\n\t<meta name=\"twitter:data1\" content=\"5\u00a0Minuten\" \/>\n<script type=\"application\/ld+json\" class=\"yoast-schema-graph\">{\"@context\":\"https:\/\/schema.org\",\"@graph\":[{\"@type\":\"WebPage\",\"@id\":\"https:\/\/www.cnalumetal.com\/de\/video\",\"url\":\"https:\/\/www.cnalumetal.com\/de\/video\",\"name\":\"Aluminium-Verbundplatte Video - Alumetal\",\"isPartOf\":{\"@id\":\"https:\/\/www.cnalumetal.com\/#website\"},\"datePublished\":\"2023-06-27T06:52:58+00:00\",\"dateModified\":\"2023-09-11T01:43:18+00:00\",\"breadcrumb\":{\"@id\":\"https:\/\/www.cnalumetal.com\/de\/video#breadcrumb\"},\"inLanguage\":\"de\",\"potentialAction\":[{\"@type\":\"ReadAction\",\"target\":[\"https:\/\/www.cnalumetal.com\/de\/video\"]}]},{\"@type\":\"BreadcrumbList\",\"@id\":\"https:\/\/www.cnalumetal.com\/de\/video#breadcrumb\",\"itemListElement\":[{\"@type\":\"ListItem\",\"position\":1,\"name\":\"Home\",\"item\":\"https:\/\/www.cnalumetal.com\/de\/hersteller-von-aluminium-verbundplatten\"},{\"@type\":\"ListItem\",\"position\":2,\"name\":\"Video\"}]},{\"@type\":\"WebSite\",\"@id\":\"https:\/\/www.cnalumetal.com\/#website\",\"url\":\"https:\/\/www.cnalumetal.com\/\",\"name\":\"Alumetal\",\"description\":\"\",\"publisher\":{\"@id\":\"https:\/\/www.cnalumetal.com\/#organization\"},\"potentialAction\":[{\"@type\":\"SearchAction\",\"target\":{\"@type\":\"EntryPoint\",\"urlTemplate\":\"https:\/\/www.cnalumetal.com\/?s={search_term_string}\"},\"query-input\":{\"@type\":\"PropertyValueSpecification\",\"valueRequired\":true,\"valueName\":\"search_term_string\"}}],\"inLanguage\":\"de\"},{\"@type\":\"Organization\",\"@id\":\"https:\/\/www.cnalumetal.com\/#organization\",\"name\":\"Alumetal\",\"url\":\"https:\/\/www.cnalumetal.com\/\",\"logo\":{\"@type\":\"ImageObject\",\"inLanguage\":\"de\",\"@id\":\"https:\/\/www.cnalumetal.com\/#\/schema\/logo\/image\/\",\"url\":\"https:\/\/www.cnalumetal.com\/wp-content\/uploads\/2023\/05\/cropped-favicon.png\",\"contentUrl\":\"https:\/\/www.cnalumetal.com\/wp-content\/uploads\/2023\/05\/cropped-favicon.png\",\"width\":512,\"height\":512,\"caption\":\"Alumetal\"},\"image\":{\"@id\":\"https:\/\/www.cnalumetal.com\/#\/schema\/logo\/image\/\"}}]}<\/script>\n<!-- \/ Yoast SEO plugin. -->","yoast_head_json":{"title":"Aluminium-Verbundplatte Video - Alumetal","robots":{"index":"index","follow":"follow","max-snippet":"max-snippet:-1","max-image-preview":"max-image-preview:large","max-video-preview":"max-video-preview:-1"},"canonical":"https:\/\/www.cnalumetal.com\/de\/video","og_locale":"de_DE","og_type":"article","og_title":"Aluminium-Verbundplatte Video - Alumetal","og_description":"[vc_row tm_bgimagefixed=&#8220;&#8220; full_width=&#8220;stretch_row_content&#8220;][vc_column][vc_tta_tabs style=&#8220;modern&#8220; spacing=&#8220;10&#8243; alignment=&#8220;center&#8220; active_section=&#8220;1&#8243;][vc_tta_section title=&#8220;Produkte&#8220; tab_id=&#8220;1687836006362-5d492962-615f&#8220;][vc_row_inner css=&#8220;.vc_custom_1687853120939{padding-top: 30px !important;}&#8220; tm_responsive_css=&#8220;41109036|colbreak_no|||||||||colbreak_no|||||||||colbreak_no||||||||||colbreak_no|||||||||&#8220;][vc_column_inner width=&#8220;1\/4&#8243;][vc_video link=&#8220;https:\/\/youtu.be\/8-OQLJ1U6TI&#8220;][vc_video link=&#8220;https:\/\/youtu.be\/9Yu-R-lv8O8&#8243;][vc_video link=&#8220;https:\/\/youtu.be\/iLDshVf8Ocw&#8220;][\/vc_column_inner][vc_column_inner width=&#8220;1\/4&#8243;][vc_video link=&#8220;https:\/\/youtu.be\/7n3H80M4rSw&#8220;][vc_video link=&#8220;https:\/\/youtu.be\/pLq-gCU18vQ&#8220;][vc_video link=&#8220;https:\/\/youtu.be\/dICy31zGBX8&#8243;][\/vc_column_inner][vc_column_inner width=&#8220;1\/4&#8243;][vc_video link=&#8220;https:\/\/youtu.be\/SBYvCqWtwAQ&#8220;][vc_video link=&#8220;https:\/\/youtu.be\/GHb_yDDwsVU&#8220;][vc_video link=&#8220;https:\/\/youtu.be\/8V_SAWnJsQA&#8220;][\/vc_column_inner][vc_column_inner width=&#8220;1\/4&#8243;][vc_video link=&#8220;https:\/\/youtu.be\/vU9I0KNxQeU&#8220;][vc_video link=&#8220;https:\/\/youtu.be\/F2OjTB4vBWw&#8220;][vc_video link=&#8220;https:\/\/youtu.be\/z_9VXDyuzrg&#8220;][\/vc_column_inner][\/vc_row_inner][\/vc_tta_section][vc_tta_section title=&#8220;Technologie&#8220; tab_id=&#8220;1687836056002-e0e6d570-b12f&#8220;][vc_row_inner css=&#8220;.vc_custom_1687853736957{padding-top: 30px !important;}&#8220; tm_responsive_css=&#8220;73912485|colbreak_no|||||||||colbreak_no|||||||||colbreak_no||||||||||colbreak_no|||||||||&#8220;][vc_column_inner width=&#8220;1\/4&#8243;][vc_video link=&#8220;https:\/\/youtu.be\/KP_JMvmJPFA&#8220;][vc_video link=&#8220;https:\/\/youtu.be\/-KwXNgnCQJw&#8220;][vc_video link=&#8220;https:\/\/youtu.be\/3d9KiyZoqbw&#8220;][\/vc_column_inner][vc_column_inner width=&#8220;1\/4&#8243;][vc_video link=&#8220;https:\/\/youtu.be\/2pJTPZolvBQ&#8220;][vc_video link=&#8220;https:\/\/youtu.be\/q6xQTQAHAHE&#8220;][vc_video link=&#8220;https:\/\/youtu.be\/Z5c6daEjUr8&#8243;][\/vc_column_inner][vc_column_inner width=&#8220;1\/4&#8243;][vc_video link=&#8220;https:\/\/youtu.be\/6Fm5RDy86J0&#8243;][vc_video link=&#8220;https:\/\/youtu.be\/mm1s5-4ZjB0&#8243;][vc_video link=&#8220;https:\/\/youtu.be\/LT33PPNSbpo&#8220;][\/vc_column_inner][vc_column_inner width=&#8220;1\/4&#8243;][vc_video link=&#8220;https:\/\/youtu.be\/-wZ1f4HJamQ&#8220;][vc_video link=&#8220;https:\/\/youtu.be\/78QKdfTq-fY&#8220;][vc_video link=&#8220;https:\/\/youtu.be\/buVdwpees8o&#8220;][\/vc_column_inner][\/vc_row_inner][\/vc_tta_section][vc_tta_section title=&#8220;F\u00e4lle &amp; Anwendung&#8220; tab_id=&#8220;1687836089599-65f8d9c3-b575&#8243;][vc_row_inner &hellip; Continue reading Video","og_url":"https:\/\/www.cnalumetal.com\/de\/video","og_site_name":"Alumetal","article_modified_time":"2023-09-11T01:43:18+00:00","twitter_card":"summary_large_image","twitter_misc":{"Gesch\u00e4tzte Lesezeit":"5\u00a0Minuten"},"schema":{"@context":"https:\/\/schema.org","@graph":[{"@type":"WebPage","@id":"https:\/\/www.cnalumetal.com\/de\/video","url":"https:\/\/www.cnalumetal.com\/de\/video","name":"Aluminium-Verbundplatte Video - Alumetal","isPartOf":{"@id":"https:\/\/www.cnalumetal.com\/#website"},"datePublished":"2023-06-27T06:52:58+00:00","dateModified":"2023-09-11T01:43:18+00:00","breadcrumb":{"@id":"https:\/\/www.cnalumetal.com\/de\/video#breadcrumb"},"inLanguage":"de","potentialAction":[{"@type":"ReadAction","target":["https:\/\/www.cnalumetal.com\/de\/video"]}]},{"@type":"BreadcrumbList","@id":"https:\/\/www.cnalumetal.com\/de\/video#breadcrumb","itemListElement":[{"@type":"ListItem","position":1,"name":"Home","item":"https:\/\/www.cnalumetal.com\/de\/hersteller-von-aluminium-verbundplatten"},{"@type":"ListItem","position":2,"name":"Video"}]},{"@type":"WebSite","@id":"https:\/\/www.cnalumetal.com\/#website","url":"https:\/\/www.cnalumetal.com\/","name":"Alumetal","description":"","publisher":{"@id":"https:\/\/www.cnalumetal.com\/#organization"},"potentialAction":[{"@type":"SearchAction","target":{"@type":"EntryPoint","urlTemplate":"https:\/\/www.cnalumetal.com\/?s={search_term_string}"},"query-input":{"@type":"PropertyValueSpecification","valueRequired":true,"valueName":"search_term_string"}}],"inLanguage":"de"},{"@type":"Organization","@id":"https:\/\/www.cnalumetal.com\/#organization","name":"Alumetal","url":"https:\/\/www.cnalumetal.com\/","logo":{"@type":"ImageObject","inLanguage":"de","@id":"https:\/\/www.cnalumetal.com\/#\/schema\/logo\/image\/","url":"https:\/\/www.cnalumetal.com\/wp-content\/uploads\/2023\/05\/cropped-favicon.png","contentUrl":"https:\/\/www.cnalumetal.com\/wp-content\/uploads\/2023\/05\/cropped-favicon.png","width":512,"height":512,"caption":"Alumetal"},"image":{"@id":"https:\/\/www.cnalumetal.com\/#\/schema\/logo\/image\/"}}]}},"_links":{"self":[{"href":"https:\/\/www.cnalumetal.com\/de\/wp-json\/wp\/v2\/pages\/10852","targetHints":{"allow":["GET"]}}],"collection":[{"href":"https:\/\/www.cnalumetal.com\/de\/wp-json\/wp\/v2\/pages"}],"about":[{"href":"https:\/\/www.cnalumetal.com\/de\/wp-json\/wp\/v2\/types\/page"}],"author":[{"embeddable":true,"href":"https:\/\/www.cnalumetal.com\/de\/wp-json\/wp\/v2\/users\/1"}],"replies":[{"embeddable":true,"href":"https:\/\/www.cnalumetal.com\/de\/wp-json\/wp\/v2\/comments?post=10852"}],"version-history":[{"count":5,"href":"https:\/\/www.cnalumetal.com\/de\/wp-json\/wp\/v2\/pages\/10852\/revisions"}],"predecessor-version":[{"id":10857,"href":"https:\/\/www.cnalumetal.com\/de\/wp-json\/wp\/v2\/pages\/10852\/revisions\/10857"}],"wp:attachment":[{"href":"https:\/\/www.cnalumetal.com\/de\/wp-json\/wp\/v2\/media?parent=10852"}],"curies":[{"name":"wp","href":"https:\/\/api.w.org\/{rel}","templated":true}]}}