{"id":10850,"date":"2023-04-15T12:27:34","date_gmt":"2023-04-15T12:27:34","guid":{"rendered":"https:\/\/www.cnalumetal.com\/datenschutzrichtlinie"},"modified":"2023-09-11T01:39:12","modified_gmt":"2023-09-11T01:39:12","slug":"datenschutzrichtlinie","status":"publish","type":"page","link":"https:\/\/www.cnalumetal.com\/de\/datenschutzrichtlinie","title":{"rendered":"Datenschutzrichtlinie"},"content":{"rendered":"<p>[vc_row][vc_column][vc_column_text]<\/p>\n<h2>Datenschutzrichtlinie<\/h2>\n<p>Vielen Dank f\u00fcr Ihren Besuch auf cnalumetal.com. Wir nehmen Ihre Privatsph\u00e4re sehr ernst und sch\u00fctzen und respektieren Ihre Privatsph\u00e4re. Diese Datenschutzrichtlinie beschreibt unsere Richtlinien zur Erhebung, Nutzung, Offenlegung und zum Schutz Ihrer pers\u00f6nlichen Daten.<\/p>\n<h2>Erhebung und Nutzung von Informationen<\/h2>\n<p>Wenn Sie die Website besuchen, erfassen wir m\u00f6glicherweise einige Ihrer pers\u00f6nlichen Daten. Zu diesen Informationen k\u00f6nnen Ihr Name, Ihre E-Mail-Adresse, Ihre Telefonnummer, Ihr Firmenname und Ihre Adresse geh\u00f6ren. Wir verwenden diese Informationen nur, um auf Ihre Anfragen zu antworten, Produkte und Dienstleistungen bereitzustellen, Bestellungen zu bearbeiten, relevante Benachrichtigungen zu senden, Ihre Kontoinformationen zu aktualisieren und f\u00fcr andere legitime Zwecke. Wir werden Ihre pers\u00f6nlichen Daten nicht verkaufen, vermieten oder an Dritte weitergeben.<\/p>\n<p>Wir nutzen Ihre Daten im Rahmen der von Ihnen zur Verf\u00fcgung gestellten personenbezogenen Daten. Wir k\u00f6nnen mithilfe von Cookies und anderen Technologien Informationen \u00fcber Ihre Nutzung, Ihr Surfverhalten und andere Informationen sammeln und analysieren. Diese Informationen werden verwendet, um die Funktionalit\u00e4t und Dienste der Website zu verbessern und Ihnen einen besseren Service bieten zu k\u00f6nnen.<\/p>\n<h2>Schutz und Verarbeitung personenbezogener Daten<\/h2>\n<p>Wir werden angemessene Sicherheitsma\u00dfnahmen ergreifen, um Ihre pers\u00f6nlichen Daten vor unbefugtem Zugriff, unbefugter Nutzung, Offenlegung, \u00c4nderung, Besch\u00e4digung oder Verlust zu sch\u00fctzen. Wir begrenzen den Kreis der Mitarbeiter, die Zugriff auf Ihre personenbezogenen Daten haben, und stellen sicher, dass diese Mitarbeiter Ihre Daten vertraulich behandeln.<\/p>\n<p>Wir k\u00f6nnen Ihre personenbezogenen Daten offenlegen, wenn dies gesetzlich vorgeschrieben ist, beispielsweise wenn wir Vorladungen von Gerichten oder Anfragen von Regierungsbeh\u00f6rden erhalten. Wir k\u00f6nnen Ihre personenbezogenen Daten auch in den folgenden F\u00e4llen weitergeben:<\/p>\n<ul>\n<li>Um unsere Rechte oder unser Eigentum zu sch\u00fctzen;<\/li>\n<li>Zum Schutz \u00f6ffentlicher Interessen in Notsituationen;<\/li>\n<li>Um geltende Gesetze, Vorschriften oder Industriestandards einzuhalten.<\/li>\n<\/ul>\n<h2>Kontaktiere uns<\/h2>\n<p>Wenn Sie Fragen oder Kommentare zu unserer Datenschutzerkl\u00e4rung haben, kontaktieren Sie uns bitte. Wir beantworten Ihre Fragen und Anmerkungen umgehend und stehen Ihnen mit Rat und Tat zur Seite.<\/p>\n<h2>\u00c4nderungen dieser Datenschutzrichtlinie<\/h2>\n<p>Wir behalten uns das Recht vor, diese Datenschutzrichtlinie bei Bedarf zu \u00e4ndern. Wir empfehlen Ihnen, diese Seite regelm\u00e4\u00dfig auf Aktualisierungen unserer Datenschutzrichtlinie zu \u00fcberpr\u00fcfen. Wir k\u00f6nnen Sie \u00fcber solche \u00c4nderungen per E-Mail, internen Nachrichten, Website-Mitteilungen oder auf andere Weise benachrichtigen.<\/p>\n<p>[\/vc_column_text][\/vc_column][\/vc_row]<\/p>\n","protected":false},"excerpt":{"rendered":"<p>[vc_row][vc_column][vc_column_text] Datenschutzrichtlinie Vielen Dank f\u00fcr Ihren Besuch auf cnalumetal.com. Wir nehmen Ihre Privatsph\u00e4re sehr ernst und sch\u00fctzen und respektieren Ihre Privatsph\u00e4re. Diese Datenschutzrichtlinie beschreibt unsere Richtlinien zur Erhebung, Nutzung, Offenlegung und zum Schutz Ihrer pers\u00f6nlichen Daten. Erhebung und Nutzung von Informationen Wenn Sie die Website besuchen, erfassen wir m\u00f6glicherweise einige Ihrer pers\u00f6nlichen Daten. Zu diesen &hellip; <a href=\"https:\/\/www.cnalumetal.com\/de\/datenschutzrichtlinie\" class=\"more-link\">Continue reading <span class=\"screen-reader-text\">Datenschutzrichtlinie<\/span><\/a><\/p>\n","protected":false},"author":1,"featured_media":0,"parent":0,"menu_order":0,"comment_status":"closed","ping_status":"open","template":"","meta":{"footnotes":""},"class_list":["post-10850","page","type-page","status-publish","hentry"],"yoast_head":"<!-- This site is optimized with the Yoast SEO plugin v27.2 - https:\/\/yoast.com\/product\/yoast-seo-wordpress\/ -->\n<title>Datenschutzrichtlinie - Alumetal<\/title>\n<meta name=\"robots\" content=\"index, follow, max-snippet:-1, max-image-preview:large, max-video-preview:-1\" \/>\n<link rel=\"canonical\" href=\"https:\/\/www.cnalumetal.com\/de\/datenschutzrichtlinie\" \/>\n<meta property=\"og:locale\" content=\"de_DE\" \/>\n<meta property=\"og:type\" content=\"article\" \/>\n<meta property=\"og:title\" content=\"Datenschutzrichtlinie - Alumetal\" \/>\n<meta property=\"og:description\" content=\"[vc_row][vc_column][vc_column_text] Datenschutzrichtlinie Vielen Dank f\u00fcr Ihren Besuch auf cnalumetal.com. Wir nehmen Ihre Privatsph\u00e4re sehr ernst und sch\u00fctzen und respektieren Ihre Privatsph\u00e4re. Diese Datenschutzrichtlinie beschreibt unsere Richtlinien zur Erhebung, Nutzung, Offenlegung und zum Schutz Ihrer pers\u00f6nlichen Daten. Erhebung und Nutzung von Informationen Wenn Sie die Website besuchen, erfassen wir m\u00f6glicherweise einige Ihrer pers\u00f6nlichen Daten. Zu diesen &hellip; Continue reading Datenschutzrichtlinie\" \/>\n<meta property=\"og:url\" content=\"https:\/\/www.cnalumetal.com\/de\/datenschutzrichtlinie\" \/>\n<meta property=\"og:site_name\" content=\"Alumetal\" \/>\n<meta property=\"article:modified_time\" content=\"2023-09-11T01:39:12+00:00\" \/>\n<meta name=\"twitter:card\" content=\"summary_large_image\" \/>\n<meta name=\"twitter:label1\" content=\"Gesch\u00e4tzte Lesezeit\" \/>\n\t<meta name=\"twitter:data1\" content=\"2\u00a0Minuten\" \/>\n<script type=\"application\/ld+json\" class=\"yoast-schema-graph\">{\"@context\":\"https:\/\/schema.org\",\"@graph\":[{\"@type\":\"WebPage\",\"@id\":\"https:\/\/www.cnalumetal.com\/de\/datenschutzrichtlinie\",\"url\":\"https:\/\/www.cnalumetal.com\/de\/datenschutzrichtlinie\",\"name\":\"Datenschutzrichtlinie - Alumetal\",\"isPartOf\":{\"@id\":\"https:\/\/www.cnalumetal.com\/#website\"},\"datePublished\":\"2023-04-15T12:27:34+00:00\",\"dateModified\":\"2023-09-11T01:39:12+00:00\",\"breadcrumb\":{\"@id\":\"https:\/\/www.cnalumetal.com\/de\/datenschutzrichtlinie#breadcrumb\"},\"inLanguage\":\"de\",\"potentialAction\":[{\"@type\":\"ReadAction\",\"target\":[\"https:\/\/www.cnalumetal.com\/de\/datenschutzrichtlinie\"]}]},{\"@type\":\"BreadcrumbList\",\"@id\":\"https:\/\/www.cnalumetal.com\/de\/datenschutzrichtlinie#breadcrumb\",\"itemListElement\":[{\"@type\":\"ListItem\",\"position\":1,\"name\":\"Home\",\"item\":\"https:\/\/www.cnalumetal.com\/de\/hersteller-von-aluminium-verbundplatten\"},{\"@type\":\"ListItem\",\"position\":2,\"name\":\"Datenschutzrichtlinie\"}]},{\"@type\":\"WebSite\",\"@id\":\"https:\/\/www.cnalumetal.com\/#website\",\"url\":\"https:\/\/www.cnalumetal.com\/\",\"name\":\"Alumetal\",\"description\":\"\",\"publisher\":{\"@id\":\"https:\/\/www.cnalumetal.com\/#organization\"},\"potentialAction\":[{\"@type\":\"SearchAction\",\"target\":{\"@type\":\"EntryPoint\",\"urlTemplate\":\"https:\/\/www.cnalumetal.com\/?s={search_term_string}\"},\"query-input\":{\"@type\":\"PropertyValueSpecification\",\"valueRequired\":true,\"valueName\":\"search_term_string\"}}],\"inLanguage\":\"de\"},{\"@type\":\"Organization\",\"@id\":\"https:\/\/www.cnalumetal.com\/#organization\",\"name\":\"Alumetal\",\"url\":\"https:\/\/www.cnalumetal.com\/\",\"logo\":{\"@type\":\"ImageObject\",\"inLanguage\":\"de\",\"@id\":\"https:\/\/www.cnalumetal.com\/#\/schema\/logo\/image\/\",\"url\":\"https:\/\/www.cnalumetal.com\/wp-content\/uploads\/2023\/05\/cropped-favicon.png\",\"contentUrl\":\"https:\/\/www.cnalumetal.com\/wp-content\/uploads\/2023\/05\/cropped-favicon.png\",\"width\":512,\"height\":512,\"caption\":\"Alumetal\"},\"image\":{\"@id\":\"https:\/\/www.cnalumetal.com\/#\/schema\/logo\/image\/\"}}]}<\/script>\n<!-- \/ Yoast SEO plugin. -->","yoast_head_json":{"title":"Datenschutzrichtlinie - Alumetal","robots":{"index":"index","follow":"follow","max-snippet":"max-snippet:-1","max-image-preview":"max-image-preview:large","max-video-preview":"max-video-preview:-1"},"canonical":"https:\/\/www.cnalumetal.com\/de\/datenschutzrichtlinie","og_locale":"de_DE","og_type":"article","og_title":"Datenschutzrichtlinie - Alumetal","og_description":"[vc_row][vc_column][vc_column_text] Datenschutzrichtlinie Vielen Dank f\u00fcr Ihren Besuch auf cnalumetal.com. Wir nehmen Ihre Privatsph\u00e4re sehr ernst und sch\u00fctzen und respektieren Ihre Privatsph\u00e4re. Diese Datenschutzrichtlinie beschreibt unsere Richtlinien zur Erhebung, Nutzung, Offenlegung und zum Schutz Ihrer pers\u00f6nlichen Daten. Erhebung und Nutzung von Informationen Wenn Sie die Website besuchen, erfassen wir m\u00f6glicherweise einige Ihrer pers\u00f6nlichen Daten. Zu diesen &hellip; Continue reading Datenschutzrichtlinie","og_url":"https:\/\/www.cnalumetal.com\/de\/datenschutzrichtlinie","og_site_name":"Alumetal","article_modified_time":"2023-09-11T01:39:12+00:00","twitter_card":"summary_large_image","twitter_misc":{"Gesch\u00e4tzte Lesezeit":"2\u00a0Minuten"},"schema":{"@context":"https:\/\/schema.org","@graph":[{"@type":"WebPage","@id":"https:\/\/www.cnalumetal.com\/de\/datenschutzrichtlinie","url":"https:\/\/www.cnalumetal.com\/de\/datenschutzrichtlinie","name":"Datenschutzrichtlinie - Alumetal","isPartOf":{"@id":"https:\/\/www.cnalumetal.com\/#website"},"datePublished":"2023-04-15T12:27:34+00:00","dateModified":"2023-09-11T01:39:12+00:00","breadcrumb":{"@id":"https:\/\/www.cnalumetal.com\/de\/datenschutzrichtlinie#breadcrumb"},"inLanguage":"de","potentialAction":[{"@type":"ReadAction","target":["https:\/\/www.cnalumetal.com\/de\/datenschutzrichtlinie"]}]},{"@type":"BreadcrumbList","@id":"https:\/\/www.cnalumetal.com\/de\/datenschutzrichtlinie#breadcrumb","itemListElement":[{"@type":"ListItem","position":1,"name":"Home","item":"https:\/\/www.cnalumetal.com\/de\/hersteller-von-aluminium-verbundplatten"},{"@type":"ListItem","position":2,"name":"Datenschutzrichtlinie"}]},{"@type":"WebSite","@id":"https:\/\/www.cnalumetal.com\/#website","url":"https:\/\/www.cnalumetal.com\/","name":"Alumetal","description":"","publisher":{"@id":"https:\/\/www.cnalumetal.com\/#organization"},"potentialAction":[{"@type":"SearchAction","target":{"@type":"EntryPoint","urlTemplate":"https:\/\/www.cnalumetal.com\/?s={search_term_string}"},"query-input":{"@type":"PropertyValueSpecification","valueRequired":true,"valueName":"search_term_string"}}],"inLanguage":"de"},{"@type":"Organization","@id":"https:\/\/www.cnalumetal.com\/#organization","name":"Alumetal","url":"https:\/\/www.cnalumetal.com\/","logo":{"@type":"ImageObject","inLanguage":"de","@id":"https:\/\/www.cnalumetal.com\/#\/schema\/logo\/image\/","url":"https:\/\/www.cnalumetal.com\/wp-content\/uploads\/2023\/05\/cropped-favicon.png","contentUrl":"https:\/\/www.cnalumetal.com\/wp-content\/uploads\/2023\/05\/cropped-favicon.png","width":512,"height":512,"caption":"Alumetal"},"image":{"@id":"https:\/\/www.cnalumetal.com\/#\/schema\/logo\/image\/"}}]}},"_links":{"self":[{"href":"https:\/\/www.cnalumetal.com\/de\/wp-json\/wp\/v2\/pages\/10850","targetHints":{"allow":["GET"]}}],"collection":[{"href":"https:\/\/www.cnalumetal.com\/de\/wp-json\/wp\/v2\/pages"}],"about":[{"href":"https:\/\/www.cnalumetal.com\/de\/wp-json\/wp\/v2\/types\/page"}],"author":[{"embeddable":true,"href":"https:\/\/www.cnalumetal.com\/de\/wp-json\/wp\/v2\/users\/1"}],"replies":[{"embeddable":true,"href":"https:\/\/www.cnalumetal.com\/de\/wp-json\/wp\/v2\/comments?post=10850"}],"version-history":[{"count":1,"href":"https:\/\/www.cnalumetal.com\/de\/wp-json\/wp\/v2\/pages\/10850\/revisions"}],"predecessor-version":[{"id":10851,"href":"https:\/\/www.cnalumetal.com\/de\/wp-json\/wp\/v2\/pages\/10850\/revisions\/10851"}],"wp:attachment":[{"href":"https:\/\/www.cnalumetal.com\/de\/wp-json\/wp\/v2\/media?parent=10850"}],"curies":[{"name":"wp","href":"https:\/\/api.w.org\/{rel}","templated":true}]}}