{"id":10847,"date":"2023-04-24T09:12:41","date_gmt":"2023-04-24T09:12:41","guid":{"rendered":"https:\/\/www.cnalumetal.com\/unsere-werkstatt"},"modified":"2023-09-11T01:22:27","modified_gmt":"2023-09-11T01:22:27","slug":"unsere-werkstatt","status":"publish","type":"page","link":"https:\/\/www.cnalumetal.com\/de\/unsere-werkstatt","title":{"rendered":"Unsere Werkstatt"},"content":{"rendered":"<p>[vc_row tm_bgimagefixed=&#8220;&#8220; full_width=&#8220;stretch_row&#8220;][vc_column][vc_row_inner][vc_column_inner width=&#8220;1\/2&#8243;][vc_single_image image=&#8220;4257&#8243; img_size=&#8220;full&#8220;][\/vc_column_inner][vc_column_inner width=&#8220;1\/2&#8243;]<div class=\"tm-element-heading-wrapper tm-heading-inner tm-element-align-left tm-seperator-solid tm-heading-style-vertical \"><section class=\"tm-vc_cta3-container\"><div class=\"tm-vc_general tm-vc_cta3 tm-cta3-only tm-vc_cta3-style-classic tm-vc_cta3-shape-rounded tm-vc_cta3-align-left tm-vc_cta3-color-transparent tm-vc_cta3-icon-size-md tm-vc_cta3-actions-no tm-cta3-with-desc\"><div class=\"tm-vc_cta3_content-container\"><div class=\"tm-vc_cta3-content\"><header class=\"tm-vc_cta3-content-header tm-wrap\"><div class=\"tm-vc_cta3-headers tm-wrap-cell\"><h2 class=\"tm-custom-heading \" >Alumetal Workshop<\/h2>\n<\/div><\/header><div class=\"tm-cta3-content-wrapper\"><p>China Aluminum Composite Panel Manufacturer<\/p><\/div><\/div><\/div><\/div><\/section><\/div> <!-- .tm-element-heading-wrapper container --> [vc_column_text]Shanghai Alumetal Decorative Material Co., Ltd. produziert seit mehr als 20 Jahren Aluminium-Verbundplatten. Mittlerweile verf\u00fcgen wir \u00fcber 12 Produktionslinien f\u00fcr Aluminium-Kunststoff-Verbundplatten zur Herstellung von Aluminium-Verbundplatten und drei eigene Produktionslinien f\u00fcr Beschichtungen.<\/p>\n<p>In diesen Jahren legen wir Wert auf die Auswahl hochwertiger Rohstoffe, widmen uns der technologischen Innovation und Qualit\u00e4tskontrolle und bestehen auf den Grunds\u00e4tzen \u201eMode mit Praktikabilit\u00e4t, Umweltfreundlichkeit mit Technologie, Individualit\u00e4t mit Kultur\u201c, sodass wir nach ISO9001 zertifiziert sind: 2000 in Qualit\u00e4tsmanagementsystemen, IS014001:2004 in Umweltmanagementsystemen. Die Produkte haben au\u00dferdem die CTC-Zertifizierung (China Building Materials Certification) und die CE-Zertifizierung der Europ\u00e4ischen Union bestanden. Nach der Pr\u00fcfung und Zertifizierung durch SGS entspricht die Qualit\u00e4t den Standards ASTM-E84, EN13501-1 und BS-476.[\/vc_column_text][\/vc_column_inner][\/vc_row_inner][\/vc_column][\/vc_row][vc_row tm_bgimagefixed=&#8220;&#8220; full_width=&#8220;stretch_row&#8220; css=&#8220;.vc_custom_1682327557126{background-color: #e5e5e5 !important;}&#8220;][vc_column]<div class=\"tm-element-heading-wrapper tm-heading-inner tm-element-align-center tm-seperator-solid tm-heading-style-vertical \"><section class=\"tm-vc_cta3-container\"><div class=\"tm-vc_general tm-vc_cta3 tm-cta3-only tm-vc_cta3-style-classic tm-vc_cta3-shape-rounded tm-vc_cta3-align-center tm-vc_cta3-color-transparent tm-vc_cta3-icon-size-md tm-vc_cta3-actions-no tm-cta3-with-desc\"><div class=\"tm-vc_cta3_content-container\"><div class=\"tm-vc_cta3-content\"><header class=\"tm-vc_cta3-content-header tm-wrap\"><div class=\"tm-vc_cta3-headers tm-wrap-cell\"><h2 class=\"tm-custom-heading \" >Production Environment<\/h2>\n<\/div><\/header><div class=\"tm-cta3-content-wrapper\"><p>A highly efficient, reliable, and secure production space equipped with state-of-the-art manufacturing equipment.<\/p><\/div><\/div><\/div><\/div><\/section><\/div> <!-- .tm-element-heading-wrapper container --> [vc_images_carousel images=&#8220;4244,4245,4246,4247&#8243; img_size=&#8220;full&#8220; onclick=&#8220;link_no&#8220; slides_per_view=&#8220;4&#8243; hide_pagination_control=&#8220;yes&#8220; hide_prev_next_buttons=&#8220;yes&#8220;][vc_images_carousel images=&#8220;4238,4239,4240,4241&#8243; img_size=&#8220;full&#8220; onclick=&#8220;link_no&#8220; slides_per_view=&#8220;4&#8243; hide_pagination_control=&#8220;yes&#8220; hide_prev_next_buttons=&#8220;yes&#8220;][\/vc_column][\/vc_row][vc_row tm_bgimagefixed=&#8220;&#8220;][vc_column][vc_row_inner][vc_column_inner width=&#8220;1\/2&#8243;]<div class=\"tm-element-heading-wrapper tm-heading-inner tm-element-align-left tm-seperator-solid tm-heading-style-vertical \"><section class=\"tm-vc_cta3-container\"><div class=\"tm-vc_general tm-vc_cta3 tm-cta3-only tm-vc_cta3-style-classic tm-vc_cta3-shape-rounded tm-vc_cta3-align-left tm-vc_cta3-color-transparent tm-vc_cta3-icon-size-md tm-vc_cta3-actions-no tm-cta3-with-desc\"><div class=\"tm-vc_cta3_content-container\"><div class=\"tm-vc_cta3-content\"><header class=\"tm-vc_cta3-content-header tm-wrap\"><div class=\"tm-vc_cta3-headers tm-wrap-cell\"><h2 class=\"tm-custom-heading \" >Production Line<\/h2>\n<\/div><\/header><div class=\"tm-cta3-content-wrapper\"><p>Ensuring quality and quantity, in compliance with international quality standards.<\/p><\/div><\/div><\/div><\/div><\/section><\/div> <!-- .tm-element-heading-wrapper container --> [vc_column_text]Unsere Fabrik verf\u00fcgt \u00fcber eine mehr als 20-j\u00e4hrige Fertigungsgeschichte und garantiert Qualit\u00e4t und Quantit\u00e4t. Wir verf\u00fcgen \u00fcber hochwertige professionelle Produkte sowie fortschrittliche Produktlinien und Ausr\u00fcstungen. Alle Produkte entsprechen internationalen Qualit\u00e4tsstandards und werden in den unterschiedlichsten M\u00e4rkten auf der ganzen Welt sehr gesch\u00e4tzt. Aufgrund der steigenden Marktanforderungen stellen wir unsere Kunden kontinuierlich zufrieden, indem wir unsere Produkte aktualisieren, um Produktionssysteme zu verbessern und die Qualit\u00e4t zu verbessern.[\/vc_column_text][\/vc_column_inner][vc_column_inner width=&#8220;1\/2&#8243;][vc_video link=&#8220;https:\/\/youtu.be\/qUziIXj-9Pk&#8220;][\/vc_column_inner][\/vc_row_inner][\/vc_column][\/vc_row]<\/p>\n","protected":false},"excerpt":{"rendered":"<p>[vc_row tm_bgimagefixed=&#8220;&#8220; full_width=&#8220;stretch_row&#8220;][vc_column][vc_row_inner][vc_column_inner width=&#8220;1\/2&#8243;][vc_single_image image=&#8220;4257&#8243; img_size=&#8220;full&#8220;][\/vc_column_inner][vc_column_inner width=&#8220;1\/2&#8243;][vc_column_text]Shanghai Alumetal Decorative Material Co., Ltd. produziert seit mehr als 20 Jahren Aluminium-Verbundplatten. Mittlerweile verf\u00fcgen wir \u00fcber 12 Produktionslinien f\u00fcr Aluminium-Kunststoff-Verbundplatten zur Herstellung von Aluminium-Verbundplatten und drei eigene Produktionslinien f\u00fcr Beschichtungen. In diesen Jahren legen wir Wert auf die Auswahl hochwertiger Rohstoffe, widmen uns der technologischen Innovation und Qualit\u00e4tskontrolle &hellip; <a href=\"https:\/\/www.cnalumetal.com\/de\/unsere-werkstatt\" class=\"more-link\">Continue reading <span class=\"screen-reader-text\">Unsere Werkstatt<\/span><\/a><\/p>\n","protected":false},"author":1,"featured_media":0,"parent":0,"menu_order":0,"comment_status":"closed","ping_status":"closed","template":"","meta":{"footnotes":""},"class_list":["post-10847","page","type-page","status-publish","hentry"],"yoast_head":"<!-- This site is optimized with the Yoast SEO plugin v27.2 - https:\/\/yoast.com\/product\/yoast-seo-wordpress\/ -->\n<title>Unsere Werkstatt - Alumetal<\/title>\n<meta name=\"robots\" content=\"index, follow, max-snippet:-1, max-image-preview:large, max-video-preview:-1\" \/>\n<link rel=\"canonical\" href=\"https:\/\/www.cnalumetal.com\/de\/unsere-werkstatt\" \/>\n<meta property=\"og:locale\" content=\"de_DE\" \/>\n<meta property=\"og:type\" content=\"article\" \/>\n<meta property=\"og:title\" content=\"Unsere Werkstatt - Alumetal\" \/>\n<meta property=\"og:description\" content=\"[vc_row tm_bgimagefixed=&#8220;&#8220; full_width=&#8220;stretch_row&#8220;][vc_column][vc_row_inner][vc_column_inner width=&#8220;1\/2&#8243;][vc_single_image image=&#8220;4257&#8243; img_size=&#8220;full&#8220;][\/vc_column_inner][vc_column_inner width=&#8220;1\/2&#8243;][vc_column_text]Shanghai Alumetal Decorative Material Co., Ltd. produziert seit mehr als 20 Jahren Aluminium-Verbundplatten. Mittlerweile verf\u00fcgen wir \u00fcber 12 Produktionslinien f\u00fcr Aluminium-Kunststoff-Verbundplatten zur Herstellung von Aluminium-Verbundplatten und drei eigene Produktionslinien f\u00fcr Beschichtungen. In diesen Jahren legen wir Wert auf die Auswahl hochwertiger Rohstoffe, widmen uns der technologischen Innovation und Qualit\u00e4tskontrolle &hellip; Continue reading Unsere Werkstatt\" \/>\n<meta property=\"og:url\" content=\"https:\/\/www.cnalumetal.com\/de\/unsere-werkstatt\" \/>\n<meta property=\"og:site_name\" content=\"Alumetal\" \/>\n<meta property=\"article:modified_time\" content=\"2023-09-11T01:22:27+00:00\" \/>\n<meta name=\"twitter:card\" content=\"summary_large_image\" \/>\n<meta name=\"twitter:label1\" content=\"Gesch\u00e4tzte Lesezeit\" \/>\n\t<meta name=\"twitter:data1\" content=\"2\u00a0Minuten\" \/>\n<script type=\"application\/ld+json\" class=\"yoast-schema-graph\">{\"@context\":\"https:\/\/schema.org\",\"@graph\":[{\"@type\":\"WebPage\",\"@id\":\"https:\/\/www.cnalumetal.com\/de\/unsere-werkstatt\",\"url\":\"https:\/\/www.cnalumetal.com\/de\/unsere-werkstatt\",\"name\":\"Unsere Werkstatt - Alumetal\",\"isPartOf\":{\"@id\":\"https:\/\/www.cnalumetal.com\/#website\"},\"datePublished\":\"2023-04-24T09:12:41+00:00\",\"dateModified\":\"2023-09-11T01:22:27+00:00\",\"breadcrumb\":{\"@id\":\"https:\/\/www.cnalumetal.com\/de\/unsere-werkstatt#breadcrumb\"},\"inLanguage\":\"de\",\"potentialAction\":[{\"@type\":\"ReadAction\",\"target\":[\"https:\/\/www.cnalumetal.com\/de\/unsere-werkstatt\"]}]},{\"@type\":\"BreadcrumbList\",\"@id\":\"https:\/\/www.cnalumetal.com\/de\/unsere-werkstatt#breadcrumb\",\"itemListElement\":[{\"@type\":\"ListItem\",\"position\":1,\"name\":\"Home\",\"item\":\"https:\/\/www.cnalumetal.com\/de\/hersteller-von-aluminium-verbundplatten\"},{\"@type\":\"ListItem\",\"position\":2,\"name\":\"Unsere Werkstatt\"}]},{\"@type\":\"WebSite\",\"@id\":\"https:\/\/www.cnalumetal.com\/#website\",\"url\":\"https:\/\/www.cnalumetal.com\/\",\"name\":\"Alumetal\",\"description\":\"\",\"publisher\":{\"@id\":\"https:\/\/www.cnalumetal.com\/#organization\"},\"potentialAction\":[{\"@type\":\"SearchAction\",\"target\":{\"@type\":\"EntryPoint\",\"urlTemplate\":\"https:\/\/www.cnalumetal.com\/?s={search_term_string}\"},\"query-input\":{\"@type\":\"PropertyValueSpecification\",\"valueRequired\":true,\"valueName\":\"search_term_string\"}}],\"inLanguage\":\"de\"},{\"@type\":\"Organization\",\"@id\":\"https:\/\/www.cnalumetal.com\/#organization\",\"name\":\"Alumetal\",\"url\":\"https:\/\/www.cnalumetal.com\/\",\"logo\":{\"@type\":\"ImageObject\",\"inLanguage\":\"de\",\"@id\":\"https:\/\/www.cnalumetal.com\/#\/schema\/logo\/image\/\",\"url\":\"https:\/\/www.cnalumetal.com\/wp-content\/uploads\/2023\/05\/cropped-favicon.png\",\"contentUrl\":\"https:\/\/www.cnalumetal.com\/wp-content\/uploads\/2023\/05\/cropped-favicon.png\",\"width\":512,\"height\":512,\"caption\":\"Alumetal\"},\"image\":{\"@id\":\"https:\/\/www.cnalumetal.com\/#\/schema\/logo\/image\/\"}}]}<\/script>\n<!-- \/ Yoast SEO plugin. -->","yoast_head_json":{"title":"Unsere Werkstatt - Alumetal","robots":{"index":"index","follow":"follow","max-snippet":"max-snippet:-1","max-image-preview":"max-image-preview:large","max-video-preview":"max-video-preview:-1"},"canonical":"https:\/\/www.cnalumetal.com\/de\/unsere-werkstatt","og_locale":"de_DE","og_type":"article","og_title":"Unsere Werkstatt - Alumetal","og_description":"[vc_row tm_bgimagefixed=&#8220;&#8220; full_width=&#8220;stretch_row&#8220;][vc_column][vc_row_inner][vc_column_inner width=&#8220;1\/2&#8243;][vc_single_image image=&#8220;4257&#8243; img_size=&#8220;full&#8220;][\/vc_column_inner][vc_column_inner width=&#8220;1\/2&#8243;][vc_column_text]Shanghai Alumetal Decorative Material Co., Ltd. produziert seit mehr als 20 Jahren Aluminium-Verbundplatten. Mittlerweile verf\u00fcgen wir \u00fcber 12 Produktionslinien f\u00fcr Aluminium-Kunststoff-Verbundplatten zur Herstellung von Aluminium-Verbundplatten und drei eigene Produktionslinien f\u00fcr Beschichtungen. In diesen Jahren legen wir Wert auf die Auswahl hochwertiger Rohstoffe, widmen uns der technologischen Innovation und Qualit\u00e4tskontrolle &hellip; Continue reading Unsere Werkstatt","og_url":"https:\/\/www.cnalumetal.com\/de\/unsere-werkstatt","og_site_name":"Alumetal","article_modified_time":"2023-09-11T01:22:27+00:00","twitter_card":"summary_large_image","twitter_misc":{"Gesch\u00e4tzte Lesezeit":"2\u00a0Minuten"},"schema":{"@context":"https:\/\/schema.org","@graph":[{"@type":"WebPage","@id":"https:\/\/www.cnalumetal.com\/de\/unsere-werkstatt","url":"https:\/\/www.cnalumetal.com\/de\/unsere-werkstatt","name":"Unsere Werkstatt - Alumetal","isPartOf":{"@id":"https:\/\/www.cnalumetal.com\/#website"},"datePublished":"2023-04-24T09:12:41+00:00","dateModified":"2023-09-11T01:22:27+00:00","breadcrumb":{"@id":"https:\/\/www.cnalumetal.com\/de\/unsere-werkstatt#breadcrumb"},"inLanguage":"de","potentialAction":[{"@type":"ReadAction","target":["https:\/\/www.cnalumetal.com\/de\/unsere-werkstatt"]}]},{"@type":"BreadcrumbList","@id":"https:\/\/www.cnalumetal.com\/de\/unsere-werkstatt#breadcrumb","itemListElement":[{"@type":"ListItem","position":1,"name":"Home","item":"https:\/\/www.cnalumetal.com\/de\/hersteller-von-aluminium-verbundplatten"},{"@type":"ListItem","position":2,"name":"Unsere Werkstatt"}]},{"@type":"WebSite","@id":"https:\/\/www.cnalumetal.com\/#website","url":"https:\/\/www.cnalumetal.com\/","name":"Alumetal","description":"","publisher":{"@id":"https:\/\/www.cnalumetal.com\/#organization"},"potentialAction":[{"@type":"SearchAction","target":{"@type":"EntryPoint","urlTemplate":"https:\/\/www.cnalumetal.com\/?s={search_term_string}"},"query-input":{"@type":"PropertyValueSpecification","valueRequired":true,"valueName":"search_term_string"}}],"inLanguage":"de"},{"@type":"Organization","@id":"https:\/\/www.cnalumetal.com\/#organization","name":"Alumetal","url":"https:\/\/www.cnalumetal.com\/","logo":{"@type":"ImageObject","inLanguage":"de","@id":"https:\/\/www.cnalumetal.com\/#\/schema\/logo\/image\/","url":"https:\/\/www.cnalumetal.com\/wp-content\/uploads\/2023\/05\/cropped-favicon.png","contentUrl":"https:\/\/www.cnalumetal.com\/wp-content\/uploads\/2023\/05\/cropped-favicon.png","width":512,"height":512,"caption":"Alumetal"},"image":{"@id":"https:\/\/www.cnalumetal.com\/#\/schema\/logo\/image\/"}}]}},"_links":{"self":[{"href":"https:\/\/www.cnalumetal.com\/de\/wp-json\/wp\/v2\/pages\/10847","targetHints":{"allow":["GET"]}}],"collection":[{"href":"https:\/\/www.cnalumetal.com\/de\/wp-json\/wp\/v2\/pages"}],"about":[{"href":"https:\/\/www.cnalumetal.com\/de\/wp-json\/wp\/v2\/types\/page"}],"author":[{"embeddable":true,"href":"https:\/\/www.cnalumetal.com\/de\/wp-json\/wp\/v2\/users\/1"}],"replies":[{"embeddable":true,"href":"https:\/\/www.cnalumetal.com\/de\/wp-json\/wp\/v2\/comments?post=10847"}],"version-history":[{"count":2,"href":"https:\/\/www.cnalumetal.com\/de\/wp-json\/wp\/v2\/pages\/10847\/revisions"}],"predecessor-version":[{"id":10849,"href":"https:\/\/www.cnalumetal.com\/de\/wp-json\/wp\/v2\/pages\/10847\/revisions\/10849"}],"wp:attachment":[{"href":"https:\/\/www.cnalumetal.com\/de\/wp-json\/wp\/v2\/media?parent=10847"}],"curies":[{"name":"wp","href":"https:\/\/api.w.org\/{rel}","templated":true}]}}