{"id":10773,"date":"2023-04-23T09:28:31","date_gmt":"2023-04-23T09:28:31","guid":{"rendered":"https:\/\/www.cnalumetal.com\/zertifikate"},"modified":"2023-09-08T09:10:16","modified_gmt":"2023-09-08T09:10:16","slug":"zertifikate","status":"publish","type":"page","link":"https:\/\/www.cnalumetal.com\/de\/zertifikate","title":{"rendered":"Zertifikate"},"content":{"rendered":"<p>[vc_row][vc_column]<div class=\"tm-element-heading-wrapper tm-heading-inner tm-element-align-center tm-seperator-solid tm-heading-style-vertical \"><section class=\"tm-vc_cta3-container\"><div class=\"tm-vc_general tm-vc_cta3 tm-cta3-only tm-vc_cta3-style-classic tm-vc_cta3-shape-rounded tm-vc_cta3-align-center tm-vc_cta3-color-transparent tm-vc_cta3-icon-size-md tm-vc_cta3-actions-no tm-cta3-without-desc\"><div class=\"tm-vc_cta3_content-container\"><div class=\"tm-vc_cta3-content\"><header class=\"tm-vc_cta3-content-header tm-wrap\"><div class=\"tm-vc_cta3-headers tm-wrap-cell\"><h2 class=\"tm-custom-heading \" >Certificates<\/h2>\n<\/div><\/header><\/div><\/div><\/div><\/section><\/div> <!-- .tm-element-heading-wrapper container --> [vc_row_inner][vc_column_inner width=&#8220;1\/2&#8243;][vc_images_carousel images=&#8220;4115,4116,4117,4118,4119,4137,4138,4139,4140,4141,4142,4143,4144,4145,4146&#8243; img_size=&#8220;full&#8220; slides_per_view=&#8220;3&#8243; hide_pagination_control=&#8220;yes&#8220;][\/vc_column_inner][vc_column_inner width=&#8220;1\/2&#8243;][vc_column_text]<\/p>\n<h4>Von internationalen Labors getestet<\/h4>\n<p>Unser Qualit\u00e4tssystem deckt alle Details ab, die ein gro\u00dfartiges Produkt ben\u00f6tigt, und ist vollst\u00e4ndig in unsere gesamten Gesch\u00e4ftsverwaltungssysteme integriert. Mit diesen Grunds\u00e4tzen erwerben wir mehrere Zertifizierungen:<\/p>\n<ul>\n<li><i class=\"fas fa-square-full\"><\/i>Wir antizipieren die Bed\u00fcrfnisse und Erwartungen unserer Kunden.<\/li>\n<li><i class=\"fas fa-square-full\"><\/i>Wir sch\u00fctzen unsere Kunden durch die Einhaltung gesetzlicher Vorschriften.<\/li>\n<li><i class=\"fas fa-square-full\"><\/i>Wir stellen Marketing-, Technik- und Supportinformationen bereit, die leicht zug\u00e4nglich und leicht verst\u00e4ndlich sind.<\/li>\n<\/ul>\n<p>[\/vc_column_text][\/vc_column_inner][\/vc_row_inner][\/vc_column][\/vc_row][vc_row tm_bgimagefixed=&#8220;&#8220; full_width=&#8220;stretch_row&#8220; css=&#8220;.vc_custom_1682238388456{background-color: #0080d7 !important;}&#8220;][vc_column tm_textcolor=&#8220;white&#8220;]<div class=\"tm-element-heading-wrapper tm-heading-inner tm-element-align-center tm-seperator-solid tm-heading-style-vertical \"><section class=\"tm-vc_cta3-container\"><div class=\"tm-vc_general tm-vc_cta3 tm-cta3-only tm-vc_cta3-style-classic tm-vc_cta3-shape-rounded tm-vc_cta3-align-center tm-vc_cta3-color-transparent tm-vc_cta3-icon-size-md tm-vc_cta3-actions-no tm-cta3-without-desc\"><div class=\"tm-vc_cta3_content-container\"><div class=\"tm-vc_cta3-content\"><header class=\"tm-vc_cta3-content-header tm-wrap\"><div class=\"tm-vc_cta3-headers tm-wrap-cell\"><h2 class=\"tm-custom-heading \" >Quality Control System<\/h2>\n<\/div><\/header><\/div><\/div><\/div><\/section><\/div> <!-- .tm-element-heading-wrapper container --> [vc_row_inner][vc_column_inner tm_textcolor=&#8220;dark&#8220; width=&#8220;1\/3&#8243;]<section class=\"tm-vc_cta3-container\"><div class=\"tm-vc_general tm-vc_cta3 tm-cta3-only tm-vc_cta3-style-classic tm-vc_cta3-shape-rounded tm-vc_cta3-align-left tm-vc_cta3-color-grey tm-vc_cta3-icon-size-md tm-cta3-with-desc\"><div class=\"tm-vc_cta3_content-container\"><div class=\"tm-vc_cta3-content\"><header class=\"tm-vc_cta3-content-header tm-wrap\"><div class=\"tm-vc_cta3-headers tm-wrap-cell\"><\/div><\/header><div class=\"tm-cta3-content-wrapper\"><p>Gr\u00fcndliche Inline-Inspektion des gesamten Produktionsprozesses.<\/p><\/div><\/div><\/div><\/div><\/section><section class=\"tm-vc_cta3-container\"><div class=\"tm-vc_general tm-vc_cta3 tm-cta3-only tm-vc_cta3-style-classic tm-vc_cta3-shape-rounded tm-vc_cta3-align-left tm-vc_cta3-color-white tm-vc_cta3-icon-size-md tm-cta3-with-desc\"><div class=\"tm-vc_cta3_content-container\"><div class=\"tm-vc_cta3-content\"><header class=\"tm-vc_cta3-content-header tm-wrap\"><div class=\"tm-vc_cta3-headers tm-wrap-cell\"><\/div><\/header><div class=\"tm-cta3-content-wrapper\"><p>Kontinuierliche thermische Pr\u00fcfung und Schlagpr\u00fcfung von Stichprobenprodukten.<\/p><\/div><\/div><\/div><\/div><\/section>[\/vc_column_inner][vc_column_inner tm_textcolor=&#8220;dark&#8220; width=&#8220;1\/3&#8243;]<section class=\"tm-vc_cta3-container\"><div class=\"tm-vc_general tm-vc_cta3 tm-cta3-only tm-vc_cta3-style-classic tm-vc_cta3-shape-rounded tm-vc_cta3-align-left tm-vc_cta3-color-white tm-vc_cta3-icon-size-md tm-cta3-with-desc\"><div class=\"tm-vc_cta3_content-container\"><div class=\"tm-vc_cta3-content\"><header class=\"tm-vc_cta3-content-header tm-wrap\"><div class=\"tm-vc_cta3-headers tm-wrap-cell\"><\/div><\/header><div class=\"tm-cta3-content-wrapper\"><p>Endkontrolle des fertigen Produkts vor dem Versand an den Kunden.<\/p><\/div><\/div><\/div><\/div><\/section><section class=\"tm-vc_cta3-container\"><div class=\"tm-vc_general tm-vc_cta3 tm-cta3-only tm-vc_cta3-style-classic tm-vc_cta3-shape-rounded tm-vc_cta3-align-left tm-vc_cta3-color-white tm-vc_cta3-icon-size-md tm-cta3-with-desc\"><div class=\"tm-vc_cta3_content-container\"><div class=\"tm-vc_cta3-content\"><header class=\"tm-vc_cta3-content-header tm-wrap\"><div class=\"tm-vc_cta3-headers tm-wrap-cell\"><\/div><\/header><div class=\"tm-cta3-content-wrapper\"><p>Geschlossener Qualit\u00e4tskreislauf, der effektive Prozess- und Designanpassungen erm\u00f6glicht.<\/p><\/div><\/div><\/div><\/div><\/section>[\/vc_column_inner][vc_column_inner tm_textcolor=&#8220;dark&#8220; width=&#8220;1\/3&#8243;]<section class=\"tm-vc_cta3-container\"><div class=\"tm-vc_general tm-vc_cta3 tm-cta3-only tm-vc_cta3-style-classic tm-vc_cta3-shape-rounded tm-vc_cta3-align-left tm-vc_cta3-color-white tm-vc_cta3-icon-size-md tm-cta3-with-desc\"><div class=\"tm-vc_cta3_content-container\"><div class=\"tm-vc_cta3-content\"><header class=\"tm-vc_cta3-content-header tm-wrap\"><div class=\"tm-vc_cta3-headers tm-wrap-cell\"><\/div><\/header><div class=\"tm-cta3-content-wrapper\"><p>Kontinuierliche Meldung und Verfolgung von M\u00e4ngeln und Korrekturen.<\/p><\/div><\/div><\/div><\/div><\/section><section class=\"tm-vc_cta3-container\"><div class=\"tm-vc_general tm-vc_cta3 tm-cta3-only tm-vc_cta3-style-classic tm-vc_cta3-shape-rounded tm-vc_cta3-align-left tm-vc_cta3-color-white tm-vc_cta3-icon-size-md tm-cta3-with-desc\"><div class=\"tm-vc_cta3_content-container\"><div class=\"tm-vc_cta3-content\"><header class=\"tm-vc_cta3-content-header tm-wrap\"><div class=\"tm-vc_cta3-headers tm-wrap-cell\"><\/div><\/header><div class=\"tm-cta3-content-wrapper\"><p>Regelm\u00e4\u00dfige R\u00fcckmeldungen des Produktionsleiters bei Besprechungen zur Qualit\u00e4tsaktualisierung.<\/p><\/div><\/div><\/div><\/div><\/section>[\/vc_column_inner][\/vc_row_inner][\/vc_column][\/vc_row][vc_row][vc_column]<div class=\"tm-element-heading-wrapper tm-heading-inner tm-element-align-center tm-seperator-solid tm-heading-style-vertical \"><section class=\"tm-vc_cta3-container\"><div class=\"tm-vc_general tm-vc_cta3 tm-cta3-only tm-vc_cta3-style-classic tm-vc_cta3-shape-rounded tm-vc_cta3-align-center tm-vc_cta3-color-transparent tm-vc_cta3-icon-size-md tm-vc_cta3-actions-no tm-cta3-without-desc\"><div class=\"tm-vc_cta3_content-container\"><div class=\"tm-vc_cta3-content\"><header class=\"tm-vc_cta3-content-header tm-wrap\"><div class=\"tm-vc_cta3-headers tm-wrap-cell\"><h2 class=\"tm-custom-heading \" >Inspection Center<\/h2>\n<\/div><\/header><\/div><\/div><\/div><\/section><\/div> <!-- .tm-element-heading-wrapper container --> [vc_row_inner][vc_column_inner width=&#8220;1\/2&#8243;][vc_column_text]Unser Unternehmen hat in China ein erstklassiges Inspektionszentrum eingerichtet und informationsbasierte Management-Subsysteme wie Qualit\u00e4tsmanagement, Testmanagement, Qualit\u00e4tspr\u00fcfung, Messkontrolle und Management physikalischer und chemischer Analysen entwickelt, um unsere Anforderungen an das Qualit\u00e4tsmanagementniveau zu erf\u00fcllen.[\/vc_column_text][\/vc_column_inner][vc_column_inner width=&#8220;1\/2&#8243;][vc_single_image image=&#8220;4171&#8243; img_size=&#8220;full&#8220;][\/vc_column_inner][\/vc_row_inner][vc_row_inner][vc_column_inner width=&#8220;1\/2&#8243;][vc_images_carousel images=&#8220;4178,4180,4181,4182,4183,4184,4185&#8243; img_size=&#8220;full&#8220; onclick=&#8220;link_no&#8220; slides_per_view=&#8220;2&#8243; autoplay=&#8220;yes&#8220; hide_pagination_control=&#8220;yes&#8220; wrap=&#8220;yes&#8220;][\/vc_column_inner][vc_column_inner width=&#8220;1\/2&#8243;][vc_column_text]<span class=\"text11pxheight140\">Unser Inspektionszentrum bietet Funktionen wie Tests, Forschung und Entwicklung f\u00fcr verschiedene Produkte. Es ist mit einem Glanzmessger\u00e4t mit Spiegelanzeige, einem Kratzh\u00e4rtepr\u00fcfer f\u00fcr Filmbeschichtungsstifte, einem elektronischen Spannungspr\u00fcfer mit Digitalanzeige, einem visuellen Farbkomparator, einer Analysewaage, einem Beschichtungsschlaginstrument, einem l\u00f6sungsmittelbest\u00e4ndigen Schmierinstrument, einem Adherometer, einer UV-Testkammer f\u00fcr beschleunigte Alterung, einer Salzspr\u00fchtestkammer usw. ausgestattet bald. Wir alle, von jedem hochrangigen Leiter bis hin zu jedem <\/span><span class=\"text11pxheight140\">Mitarbeiter legen Wert auf das Konzept der kontinuierlichen Qualit\u00e4tsverbesserung, um die Kultur unseres Unternehmens als \u201eQualit\u00e4tskern\u201c aufzubauen.<\/span>[\/vc_column_text][\/vc_column_inner][\/vc_row_inner][\/vc_column][\/vc_row]<\/p>\n","protected":false},"excerpt":{"rendered":"<p>[vc_row][vc_column][vc_row_inner][vc_column_inner width=&#8220;1\/2&#8243;][vc_images_carousel images=&#8220;4115,4116,4117,4118,4119,4137,4138,4139,4140,4141,4142,4143,4144,4145,4146&#8243; img_size=&#8220;full&#8220; slides_per_view=&#8220;3&#8243; hide_pagination_control=&#8220;yes&#8220;][\/vc_column_inner][vc_column_inner width=&#8220;1\/2&#8243;][vc_column_text] Von internationalen Labors getestet Unser Qualit\u00e4tssystem deckt alle Details ab, die ein gro\u00dfartiges Produkt ben\u00f6tigt, und ist vollst\u00e4ndig in unsere gesamten Gesch\u00e4ftsverwaltungssysteme integriert. Mit diesen Grunds\u00e4tzen erwerben wir mehrere Zertifizierungen: Wir antizipieren die Bed\u00fcrfnisse und Erwartungen unserer Kunden. Wir sch\u00fctzen unsere Kunden durch die Einhaltung gesetzlicher Vorschriften. Wir &hellip; <a href=\"https:\/\/www.cnalumetal.com\/de\/zertifikate\" class=\"more-link\">Continue reading <span class=\"screen-reader-text\">Zertifikate<\/span><\/a><\/p>\n","protected":false},"author":1,"featured_media":0,"parent":0,"menu_order":0,"comment_status":"closed","ping_status":"closed","template":"","meta":{"footnotes":""},"class_list":["post-10773","page","type-page","status-publish","hentry"],"yoast_head":"<!-- This site is optimized with the Yoast SEO plugin v27.2 - https:\/\/yoast.com\/product\/yoast-seo-wordpress\/ -->\n<title>Zertifikate - Alumetal<\/title>\n<meta name=\"robots\" content=\"index, follow, max-snippet:-1, max-image-preview:large, max-video-preview:-1\" \/>\n<link rel=\"canonical\" href=\"https:\/\/www.cnalumetal.com\/de\/zertifikate\" \/>\n<meta property=\"og:locale\" content=\"de_DE\" \/>\n<meta property=\"og:type\" content=\"article\" \/>\n<meta property=\"og:title\" content=\"Zertifikate - Alumetal\" \/>\n<meta property=\"og:description\" content=\"[vc_row][vc_column][vc_row_inner][vc_column_inner width=&#8220;1\/2&#8243;][vc_images_carousel images=&#8220;4115,4116,4117,4118,4119,4137,4138,4139,4140,4141,4142,4143,4144,4145,4146&#8243; img_size=&#8220;full&#8220; slides_per_view=&#8220;3&#8243; hide_pagination_control=&#8220;yes&#8220;][\/vc_column_inner][vc_column_inner width=&#8220;1\/2&#8243;][vc_column_text] Von internationalen Labors getestet Unser Qualit\u00e4tssystem deckt alle Details ab, die ein gro\u00dfartiges Produkt ben\u00f6tigt, und ist vollst\u00e4ndig in unsere gesamten Gesch\u00e4ftsverwaltungssysteme integriert. Mit diesen Grunds\u00e4tzen erwerben wir mehrere Zertifizierungen: Wir antizipieren die Bed\u00fcrfnisse und Erwartungen unserer Kunden. Wir sch\u00fctzen unsere Kunden durch die Einhaltung gesetzlicher Vorschriften. Wir &hellip; Continue reading Zertifikate\" \/>\n<meta property=\"og:url\" content=\"https:\/\/www.cnalumetal.com\/de\/zertifikate\" \/>\n<meta property=\"og:site_name\" content=\"Alumetal\" \/>\n<meta property=\"article:modified_time\" content=\"2023-09-08T09:10:16+00:00\" \/>\n<meta name=\"twitter:card\" content=\"summary_large_image\" \/>\n<meta name=\"twitter:label1\" content=\"Gesch\u00e4tzte Lesezeit\" \/>\n\t<meta name=\"twitter:data1\" content=\"3\u00a0Minuten\" \/>\n<script type=\"application\/ld+json\" class=\"yoast-schema-graph\">{\"@context\":\"https:\/\/schema.org\",\"@graph\":[{\"@type\":\"WebPage\",\"@id\":\"https:\/\/www.cnalumetal.com\/de\/zertifikate\",\"url\":\"https:\/\/www.cnalumetal.com\/de\/zertifikate\",\"name\":\"Zertifikate - Alumetal\",\"isPartOf\":{\"@id\":\"https:\/\/www.cnalumetal.com\/#website\"},\"datePublished\":\"2023-04-23T09:28:31+00:00\",\"dateModified\":\"2023-09-08T09:10:16+00:00\",\"breadcrumb\":{\"@id\":\"https:\/\/www.cnalumetal.com\/de\/zertifikate#breadcrumb\"},\"inLanguage\":\"de\",\"potentialAction\":[{\"@type\":\"ReadAction\",\"target\":[\"https:\/\/www.cnalumetal.com\/de\/zertifikate\"]}]},{\"@type\":\"BreadcrumbList\",\"@id\":\"https:\/\/www.cnalumetal.com\/de\/zertifikate#breadcrumb\",\"itemListElement\":[{\"@type\":\"ListItem\",\"position\":1,\"name\":\"Home\",\"item\":\"https:\/\/www.cnalumetal.com\/de\/hersteller-von-aluminium-verbundplatten\"},{\"@type\":\"ListItem\",\"position\":2,\"name\":\"Zertifikate\"}]},{\"@type\":\"WebSite\",\"@id\":\"https:\/\/www.cnalumetal.com\/#website\",\"url\":\"https:\/\/www.cnalumetal.com\/\",\"name\":\"Alumetal\",\"description\":\"\",\"publisher\":{\"@id\":\"https:\/\/www.cnalumetal.com\/#organization\"},\"potentialAction\":[{\"@type\":\"SearchAction\",\"target\":{\"@type\":\"EntryPoint\",\"urlTemplate\":\"https:\/\/www.cnalumetal.com\/?s={search_term_string}\"},\"query-input\":{\"@type\":\"PropertyValueSpecification\",\"valueRequired\":true,\"valueName\":\"search_term_string\"}}],\"inLanguage\":\"de\"},{\"@type\":\"Organization\",\"@id\":\"https:\/\/www.cnalumetal.com\/#organization\",\"name\":\"Alumetal\",\"url\":\"https:\/\/www.cnalumetal.com\/\",\"logo\":{\"@type\":\"ImageObject\",\"inLanguage\":\"de\",\"@id\":\"https:\/\/www.cnalumetal.com\/#\/schema\/logo\/image\/\",\"url\":\"https:\/\/www.cnalumetal.com\/wp-content\/uploads\/2023\/05\/cropped-favicon.png\",\"contentUrl\":\"https:\/\/www.cnalumetal.com\/wp-content\/uploads\/2023\/05\/cropped-favicon.png\",\"width\":512,\"height\":512,\"caption\":\"Alumetal\"},\"image\":{\"@id\":\"https:\/\/www.cnalumetal.com\/#\/schema\/logo\/image\/\"}}]}<\/script>\n<!-- \/ Yoast SEO plugin. -->","yoast_head_json":{"title":"Zertifikate - Alumetal","robots":{"index":"index","follow":"follow","max-snippet":"max-snippet:-1","max-image-preview":"max-image-preview:large","max-video-preview":"max-video-preview:-1"},"canonical":"https:\/\/www.cnalumetal.com\/de\/zertifikate","og_locale":"de_DE","og_type":"article","og_title":"Zertifikate - Alumetal","og_description":"[vc_row][vc_column][vc_row_inner][vc_column_inner width=&#8220;1\/2&#8243;][vc_images_carousel images=&#8220;4115,4116,4117,4118,4119,4137,4138,4139,4140,4141,4142,4143,4144,4145,4146&#8243; img_size=&#8220;full&#8220; slides_per_view=&#8220;3&#8243; hide_pagination_control=&#8220;yes&#8220;][\/vc_column_inner][vc_column_inner width=&#8220;1\/2&#8243;][vc_column_text] Von internationalen Labors getestet Unser Qualit\u00e4tssystem deckt alle Details ab, die ein gro\u00dfartiges Produkt ben\u00f6tigt, und ist vollst\u00e4ndig in unsere gesamten Gesch\u00e4ftsverwaltungssysteme integriert. Mit diesen Grunds\u00e4tzen erwerben wir mehrere Zertifizierungen: Wir antizipieren die Bed\u00fcrfnisse und Erwartungen unserer Kunden. Wir sch\u00fctzen unsere Kunden durch die Einhaltung gesetzlicher Vorschriften. Wir &hellip; Continue reading Zertifikate","og_url":"https:\/\/www.cnalumetal.com\/de\/zertifikate","og_site_name":"Alumetal","article_modified_time":"2023-09-08T09:10:16+00:00","twitter_card":"summary_large_image","twitter_misc":{"Gesch\u00e4tzte Lesezeit":"3\u00a0Minuten"},"schema":{"@context":"https:\/\/schema.org","@graph":[{"@type":"WebPage","@id":"https:\/\/www.cnalumetal.com\/de\/zertifikate","url":"https:\/\/www.cnalumetal.com\/de\/zertifikate","name":"Zertifikate - Alumetal","isPartOf":{"@id":"https:\/\/www.cnalumetal.com\/#website"},"datePublished":"2023-04-23T09:28:31+00:00","dateModified":"2023-09-08T09:10:16+00:00","breadcrumb":{"@id":"https:\/\/www.cnalumetal.com\/de\/zertifikate#breadcrumb"},"inLanguage":"de","potentialAction":[{"@type":"ReadAction","target":["https:\/\/www.cnalumetal.com\/de\/zertifikate"]}]},{"@type":"BreadcrumbList","@id":"https:\/\/www.cnalumetal.com\/de\/zertifikate#breadcrumb","itemListElement":[{"@type":"ListItem","position":1,"name":"Home","item":"https:\/\/www.cnalumetal.com\/de\/hersteller-von-aluminium-verbundplatten"},{"@type":"ListItem","position":2,"name":"Zertifikate"}]},{"@type":"WebSite","@id":"https:\/\/www.cnalumetal.com\/#website","url":"https:\/\/www.cnalumetal.com\/","name":"Alumetal","description":"","publisher":{"@id":"https:\/\/www.cnalumetal.com\/#organization"},"potentialAction":[{"@type":"SearchAction","target":{"@type":"EntryPoint","urlTemplate":"https:\/\/www.cnalumetal.com\/?s={search_term_string}"},"query-input":{"@type":"PropertyValueSpecification","valueRequired":true,"valueName":"search_term_string"}}],"inLanguage":"de"},{"@type":"Organization","@id":"https:\/\/www.cnalumetal.com\/#organization","name":"Alumetal","url":"https:\/\/www.cnalumetal.com\/","logo":{"@type":"ImageObject","inLanguage":"de","@id":"https:\/\/www.cnalumetal.com\/#\/schema\/logo\/image\/","url":"https:\/\/www.cnalumetal.com\/wp-content\/uploads\/2023\/05\/cropped-favicon.png","contentUrl":"https:\/\/www.cnalumetal.com\/wp-content\/uploads\/2023\/05\/cropped-favicon.png","width":512,"height":512,"caption":"Alumetal"},"image":{"@id":"https:\/\/www.cnalumetal.com\/#\/schema\/logo\/image\/"}}]}},"_links":{"self":[{"href":"https:\/\/www.cnalumetal.com\/de\/wp-json\/wp\/v2\/pages\/10773","targetHints":{"allow":["GET"]}}],"collection":[{"href":"https:\/\/www.cnalumetal.com\/de\/wp-json\/wp\/v2\/pages"}],"about":[{"href":"https:\/\/www.cnalumetal.com\/de\/wp-json\/wp\/v2\/types\/page"}],"author":[{"embeddable":true,"href":"https:\/\/www.cnalumetal.com\/de\/wp-json\/wp\/v2\/users\/1"}],"replies":[{"embeddable":true,"href":"https:\/\/www.cnalumetal.com\/de\/wp-json\/wp\/v2\/comments?post=10773"}],"version-history":[{"count":2,"href":"https:\/\/www.cnalumetal.com\/de\/wp-json\/wp\/v2\/pages\/10773\/revisions"}],"predecessor-version":[{"id":10775,"href":"https:\/\/www.cnalumetal.com\/de\/wp-json\/wp\/v2\/pages\/10773\/revisions\/10775"}],"wp:attachment":[{"href":"https:\/\/www.cnalumetal.com\/de\/wp-json\/wp\/v2\/media?parent=10773"}],"curies":[{"name":"wp","href":"https:\/\/api.w.org\/{rel}","templated":true}]}}